{"id":290,"date":"2021-10-25T13:13:33","date_gmt":"2021-10-25T16:13:33","guid":{"rendered":"https:\/\/www.ufmg.br\/novembronegro\/2021\/?page_id=290"},"modified":"2021-11-07T18:50:49","modified_gmt":"2021-11-07T20:50:49","slug":"historia","status":"publish","type":"page","link":"https:\/\/www.ufmg.br\/novembronegro\/2021\/o-novembro-negro\/historia\/","title":{"rendered":"Hist\u00f3ria"},"content":{"rendered":"\n<p>Novembro \u00e9 o m\u00eas da consci\u00eancia negra, momento importante para se refletir sobre temas como racismo, inclus\u00e3o e pertencimento. Pensando nisso, desde 2018, as inst\u00e2ncias, entidades e coletividades da UFMG confluem esfor\u00e7os para constru\u00e7\u00e3o coletiva de uma agenda \u00fanica de eventos, propostos pela comunidade acad\u00eamica. O objetivo principal \u00e9 promover o senso de pertencimento \u00e0 Universidade, celebrando a negritude e impulsionando reflex\u00f5es acerca de nossas rela\u00e7\u00f5es raciais em intersec\u00e7\u00e3o com outras dimens\u00f5es identit\u00e1rias.<\/p>\n\n\n\n<p>O Novembro Negro de 2018 contou com o tema \u201c<strong>Reflex\u00f5es e pr\u00e1ticas sobre ser negro<\/strong>\u201d. Naquela ocasi\u00e3o fomos convidadas(os)(es) a refletir sobre a presen\u00e7a do negro na sociedade e na Universidade.<\/p>\n\n\n\n<p>Em 2019, o evento girou em torno do tema \u201c<strong>Aquilombar-se em tempos de luta<\/strong>\u201d. Durante o m\u00eas, a comunidade foi convidada a pensar sobre as intersec\u00e7\u00f5es e la\u00e7os que transpassam a popula\u00e7\u00e3o negra, e a necessidade de uni\u00e3o de for\u00e7as para o enfrentamento ao racismo.<\/p>\n\n\n\n<p>J\u00e1 em 2020, o mote do Novembro foi \u201c<strong>Orgulho de ser: enegrecer para renascer<\/strong>\u201d. Nesse per\u00edodo foram realizadas atividades que destacaram a autoestima e o fortalecimento da identidade racial negra; bem como a reafirma\u00e7\u00e3o de pertencimento em diversos espa\u00e7os, principalmente na Universidade.<\/p>\n\n\n\n<p>Com o tema \u201c<strong>Corpos e vozes que se afirmam<\/strong>\u201d, o Novembro Negro de 2021 convida todas(os)(es) a refletirem acerca da import\u00e2ncia de consolidar e ampliar a\u00e7\u00f5es afirmativas de acesso e perman\u00eancia, visibilizando a presen\u00e7a de pessoas negras na Universidade e a import\u00e2ncia de nossas vozes, corpos e identidades plurais.<\/p>\n","protected":false},"excerpt":{"rendered":"<p>Novembro \u00e9 o m\u00eas da consci\u00eancia negra, momento importante para [&hellip;]<\/p>\n","protected":false},"author":1,"featured_media":0,"parent":284,"menu_order":3,"comment_status":"closed","ping_status":"closed","template":"","meta":[],"_links":{"self":[{"href":"https:\/\/www.ufmg.br\/novembronegro\/2021\/wp-json\/wp\/v2\/pages\/290"}],"collection":[{"href":"https:\/\/www.ufmg.br\/novembronegro\/2021\/wp-json\/wp\/v2\/pages"}],"about":[{"href":"https:\/\/www.ufmg.br\/novembronegro\/2021\/wp-json\/wp\/v2\/types\/page"}],"author":[{"embeddable":true,"href":"https:\/\/www.ufmg.br\/novembronegro\/2021\/wp-json\/wp\/v2\/users\/1"}],"replies":[{"embeddable":true,"href":"https:\/\/www.ufmg.br\/novembronegro\/2021\/wp-json\/wp\/v2\/comments?post=290"}],"version-history":[{"count":3,"href":"https:\/\/www.ufmg.br\/novembronegro\/2021\/wp-json\/wp\/v2\/pages\/290\/revisions"}],"predecessor-version":[{"id":355,"href":"https:\/\/www.ufmg.br\/novembronegro\/2021\/wp-json\/wp\/v2\/pages\/290\/revisions\/355"}],"up":[{"embeddable":true,"href":"https:\/\/www.ufmg.br\/novembronegro\/2021\/wp-json\/wp\/v2\/pages\/284"}],"wp:attachment":[{"href":"https:\/\/www.ufmg.br\/novembronegro\/2021\/wp-json\/wp\/v2\/media?parent=290"}],"curies":[{"name":"wp","href":"https:\/\/api.w.org\/{rel}","templated":true}]}}