{"id":607,"date":"2021-11-10T15:01:26","date_gmt":"2021-11-10T17:01:26","guid":{"rendered":"https:\/\/www.ufmg.br\/novembronegro\/2021\/?page_id=607"},"modified":"2021-11-12T11:58:47","modified_gmt":"2021-11-12T14:58:47","slug":"mostra-saberes-tradicionais-ufmg","status":"publish","type":"page","link":"https:\/\/www.ufmg.br\/novembronegro\/2021\/mostra-saberes-tradicionais-ufmg\/","title":{"rendered":"Mostra Saberes Tradicionais UFMG &#8211; Especial Novembro Negro"},"content":{"rendered":"\n<div style=\"height:34px\" aria-hidden=\"true\" class=\"wp-block-spacer\"><\/div>\n\n\n\n<div class=\"wp-block-columns\">\n<div class=\"wp-block-column\" style=\"flex-basis:33.33%\"><\/div>\n\n\n\n<div class=\"wp-block-column\" style=\"flex-basis:66.66%\">\n<blockquote class=\"wp-block-quote has-text-align-right\"><p><em>&#8220;Quem sabe, se a academia abandonar os seus preconceitos e considerar as variadas vis\u00f5es de mundo dos povos e suas formas de interagir no mundo, n\u00e3o iremos encontrar chaves para abrir portas, como abriram muitas portas nossos antepassados para que a gente pudesse chegar onde chegamos? A gente pode abrir muitas portas para as gera\u00e7\u00f5es futuras para que elas possam entender mais do que entendemos hoje.&#8221;<\/em> <em>&nbsp;<\/em><\/p><cite><em><strong>Valdina Pinto. <\/strong>Meu caminhar, meu viver, p. 161.<\/em><\/cite><\/blockquote>\n<\/div>\n<\/div>\n\n\n\n<p>Resultante do\u00a0<em>Programa de Forma\u00e7\u00e3o Transversal em Saberes Tradicionais da UFMG<\/em>, a mostra audiovisual\u00a0<strong>Saberes Tradicionais<\/strong>\u00a0vai integrar a programa\u00e7\u00e3o do Novembro Negro at\u00e9 o fim do m\u00eas.<\/p>\n\n\n\n<p>Desde 2014, no esfor\u00e7o de criar pr\u00e1ticas pluri-epist\u00eamicas de ensino e pesquisa, dezenas de mestras e mestres das culturas afro-brasileiras, ind\u00edgenas e populares foram acolhidos para ministrar disciplinas oferecidas a todos os cursos de gradua\u00e7\u00e3o. Em conson\u00e2ncia com a atenta escuta que essas disciplinas exigem, criamos diferentes formatos audiovisuais&nbsp; \u2013&nbsp;<em>Videoaulas, Document\u00e1rios, Retratos<\/em>&nbsp;e&nbsp;<em>Cantos<\/em>&nbsp;\u2013 que buscam colocar em cena o encontro entre os saberes tradicionais e o conhecimento acad\u00eamico.<\/p>\n\n\n\n<p>Todo esse trabalho vem sendo desenvolvido de modo partilhado entre professores, alunos e mestres tradicionais, num esfor\u00e7o metodol\u00f3gico conjunto de aprendizado e realiza\u00e7\u00e3o audiovisual. O resultado desse trabalho, feito de registros diversos, pode ser acessado em nosso site: <a href=\"http:\/\/www.saberestradicionais.org\" data-type=\"URL\" data-id=\"www.saberestradicionais.org\" target=\"_blank\" rel=\"noreferrer noopener\">www.saberestradicionais.org<\/a><\/p>\n\n\n\n<p>Em seus diferentes formatos e com a peculiaridade de seus recursos expressivos, os v\u00eddeos documentam as complexas formas de sistematiza\u00e7\u00e3o e de transmiss\u00e3o \u2013 predominantemente orais \u2013 dos saberes produzidos pelas culturas tradicionais (ind\u00edgenas, afro-brasileiras e populares) e que nem sempre encontram formatos adequados no \u00e2mbito das publica\u00e7\u00f5es impressas. <\/p>\n\n\n\n<p><a href=\"#referencia-1\" data-type=\"internal\" data-id=\"#referencia-1\">Em contraste com a mono-episteme euroc\u00eantrica, eles trazem, sob o signo do m\u00faltiplo, a palavra viva e os modos singulares de enuncia\u00e7\u00e3o do discurso protagonizado pelas mestras e mestres dos saberes das comunidades tradicionais <sup>1<\/sup><\/a>. O Programa tamb\u00e9m contribui assim para o ensino da Hist\u00f3ria e da Cultura Afro-Brasileira, tornado obrigat\u00f3rio pela lei 10.639\/03. <\/p>\n\n\n\n<p>Estamos muito contentes de apresentar e comentar, em uma mostra especial, uma parcela significativa de nossa produ\u00e7\u00e3o audiovisual. Agradecemos vivamente \u00e0 curadoria do <strong>Novembro Negro<\/strong>, que nos proporcionou essa preciosa oportunidade.<\/p>\n\n\n\n<hr class=\"wp-block-separator has-text-color has-background is-style-wide\" style=\"background-color:#f5f5f5;color:#f5f5f5\"\/>\n\n\n\n<div class=\"wp-block-columns\">\n<div class=\"wp-block-column\">\n<figure class=\"wp-block-image size-full\"><a href=\"https:\/\/www.ufmg.br\/novembronegro\/2021\/mostra-saberes-tradicionais-ufmg\/retratos\/\"><img loading=\"lazy\" width=\"230\" height=\"150\" src=\"https:\/\/www.ufmg.br\/novembronegro\/2021\/wp-content\/uploads\/2021\/11\/img3.jpg\" alt=\"\" class=\"wp-image-672\"\/><\/a><figcaption>RETRATOS<\/figcaption><\/figure>\n<\/div>\n\n\n\n<div class=\"wp-block-column\">\n<figure class=\"wp-block-image size-full\"><a href=\"https:\/\/www.ufmg.br\/novembronegro\/2021\/mostra-saberes-tradicionais-ufmg\/documentarios\/\"><img loading=\"lazy\" width=\"230\" height=\"150\" src=\"https:\/\/www.ufmg.br\/novembronegro\/2021\/wp-content\/uploads\/2021\/11\/img1.jpg\" alt=\"\" class=\"wp-image-671\"\/><\/a><figcaption>DOCUMENT\u00c1RIOS<\/figcaption><\/figure>\n<\/div>\n\n\n\n<div class=\"wp-block-column\">\n<figure class=\"wp-block-image size-full\"><a href=\"https:\/\/www.ufmg.br\/novembronegro\/2021\/mostra-saberes-tradicionais-ufmg\/cantos\/\"><img loading=\"lazy\" width=\"230\" height=\"150\" src=\"https:\/\/www.ufmg.br\/novembronegro\/2021\/wp-content\/uploads\/2021\/11\/img2.jpg\" alt=\"\" class=\"wp-image-673\"\/><\/a><figcaption>CANTOS<\/figcaption><\/figure>\n<\/div>\n<\/div>\n\n\n\n<p class=\"has-small-font-size\" id=\"referencia-1\"><sup>1<\/sup> Para uma discuss\u00e3o mais detalhada conferir: GUIMAR\u00c3ES, C\u00e9sar. ASPAHAN, Pedro. <em>A experi\u00eancia audiovisual com os Saberes Tradicionais na UFMG. In: <\/em>SILVA, Rubens <em>et al <\/em>(org.). <strong>Patrim\u00f4nio, informa\u00e7\u00e3o e media\u00e7\u00f5es culturais na contemporaneidade<\/strong>. Belo Horizonte, SC: UFMG 2020, dispon\u00edvel em: <a href=\"https:\/\/neppamcs.eci.ufmg.br\/wp-content\/uploads\/2020\/11\/Livro_Neppamcs_5nov20-1.pdf\">https:\/\/neppamcs.eci.ufmg.br\/wp-content\/uploads\/2020\/11\/Livro_Neppamcs_5nov20-1.pdf<\/a> &#8211; acesso em 13\/11\/2020.<\/p>\n\n\n\n<p><\/p>\n","protected":false},"excerpt":{"rendered":"<p>&#8220;Quem sabe, se a academia abandonar os seus preconceitos e [&hellip;]<\/p>\n","protected":false},"author":1,"featured_media":0,"parent":0,"menu_order":0,"comment_status":"closed","ping_status":"closed","template":"","meta":[],"_links":{"self":[{"href":"https:\/\/www.ufmg.br\/novembronegro\/2021\/wp-json\/wp\/v2\/pages\/607"}],"collection":[{"href":"https:\/\/www.ufmg.br\/novembronegro\/2021\/wp-json\/wp\/v2\/pages"}],"about":[{"href":"https:\/\/www.ufmg.br\/novembronegro\/2021\/wp-json\/wp\/v2\/types\/page"}],"author":[{"embeddable":true,"href":"https:\/\/www.ufmg.br\/novembronegro\/2021\/wp-json\/wp\/v2\/users\/1"}],"replies":[{"embeddable":true,"href":"https:\/\/www.ufmg.br\/novembronegro\/2021\/wp-json\/wp\/v2\/comments?post=607"}],"version-history":[{"count":24,"href":"https:\/\/www.ufmg.br\/novembronegro\/2021\/wp-json\/wp\/v2\/pages\/607\/revisions"}],"predecessor-version":[{"id":777,"href":"https:\/\/www.ufmg.br\/novembronegro\/2021\/wp-json\/wp\/v2\/pages\/607\/revisions\/777"}],"wp:attachment":[{"href":"https:\/\/www.ufmg.br\/novembronegro\/2021\/wp-json\/wp\/v2\/media?parent=607"}],"curies":[{"name":"wp","href":"https:\/\/api.w.org\/{rel}","templated":true}]}}