{"id":616,"date":"2021-11-10T15:02:23","date_gmt":"2021-11-10T18:02:23","guid":{"rendered":"https:\/\/www.ufmg.br\/novembronegro\/2021\/?page_id=616"},"modified":"2021-11-11T12:56:00","modified_gmt":"2021-11-11T15:56:00","slug":"documentarios","status":"publish","type":"page","link":"https:\/\/www.ufmg.br\/novembronegro\/2021\/mostra-saberes-tradicionais-ufmg\/documentarios\/","title":{"rendered":"Mostra Saberes Tradicionais UFMG &#8211; DOCUMENT\u00c1RIOS"},"content":{"rendered":"\n<p>Os document\u00e1rios apresentam formas f\u00edlmicas que tra\u00e7am um arco narrativo mais definido, incluindo n\u00e3o apenas as conversas com os mestres, mas tamb\u00e9m performances e jogos constru\u00eddos especialmente para o filme, elaborados conjuntamente com os sujeitos filmados. <\/p>\n\n\n\n<p>Os document\u00e1rios surgem como resultado de um acontecimento experienciado em partilha com os mestres e com a presen\u00e7a da c\u00e2mera, produzindo um material f\u00edlmico que acaba por exigir de n\u00f3s&nbsp; outra elabora\u00e7\u00e3o audiovisual.&nbsp;<\/p>\n\n\n\n<hr class=\"wp-block-separator has-text-color has-background is-style-wide\" style=\"background-color:#f5f5f5;color:#f5f5f5\"\/>\n\n\n\n<h3><strong>O Boi de Oliveira<\/strong><\/h3>\n\n\n\n<p class=\"has-small-font-size\"><em>Saberes Tradicionais, 28&#8242;, 2018<\/em><\/p>\n\n\n\n<p>O filme acompanha o percurso do Boi que anuncia a festa de Nossa Senhora do Ros\u00e1rio de Oliveira, MG. Arrastando multid\u00f5es, entre a devo\u00e7\u00e3o e a vibra\u00e7\u00e3o das ruas, o boi \u00e9 senhor das encruzilhadas e abre os caminhos para o festejo. O filme foi realizado de modo coletivo entre professores e alunos do Programa de Forma\u00e7\u00e3o Transversal em Saberes Tradicionais da UFMG.<\/p>\n\n\n\n<figure class=\"wp-block-embed is-type-video is-provider-youtube wp-block-embed-youtube wp-embed-aspect-16-9 wp-has-aspect-ratio\"><div class=\"wp-block-embed__wrapper\">\n<div class=\"arve aligncenter\" data-mode=\"normal\" data-oembed=\"1\" data-provider=\"youtube\" id=\"arve-youtube-dqcsdf3gvmm69f655987e516147405211\" style=\"max-width:800px;\" itemscope itemtype=\"http:\/\/schema.org\/VideoObject\">\n<span class=\"arve-inner\">\n<span class=\"arve-embed arve-embed--has-aspect-ratio\">\n<span class=\"arve-ar\" style=\"padding-top:56.200000%\"><\/span>\n<meta itemprop=\"embedURL\" content=\"https:\/\/www.youtube.com\/embed\/dqcsdF3GvMM?feature=oembed&amp;iv_load_policy=3&amp;modestbranding=1&amp;rel=0&amp;autohide=1&amp;playsinline=0&amp;autoplay=0\">\n<iframe loading=\"lazy\" allow=\"accelerometer; autoplay; clipboard-write; encrypted-media; gyroscope; picture-in-picture\" allowfullscreen class=\"arve-iframe fitvidsignore\" data-arve=\"arve-youtube-dqcsdf3gvmm69f655987e516147405211\" data-src-no-ap=\"https:\/\/www.youtube.com\/embed\/dqcsdF3GvMM?feature=oembed&amp;iv_load_policy=3&amp;modestbranding=1&amp;rel=0&amp;autohide=1&amp;playsinline=0&amp;autoplay=0\" frameborder=\"0\" height=\"449.6\" sandbox=\"allow-scripts allow-same-origin allow-presentation allow-popups allow-popups-to-escape-sandbox\" scrolling=\"no\" src=\"https:\/\/www.youtube.com\/embed\/dqcsdF3GvMM?feature=oembed&#038;iv_load_policy=3&#038;modestbranding=1&#038;rel=0&#038;autohide=1&#038;playsinline=0&#038;autoplay=0\" width=\"800\"><\/iframe>\n\n<\/span>\n\n<\/span>\n\n<\/div>\n\n<\/div><\/figure>\n\n\n\n<hr class=\"wp-block-separator has-text-color has-background is-style-wide\" style=\"background-color:#f5f5f5;color:#f5f5f5\"\/>\n\n\n\n<h3><strong>Nas Giras do Vento<\/strong><\/h3>\n\n\n\n<p class=\"has-small-font-size\"><em>C\u00e9sar Guimar\u00e3es, Pedro Aspahan, Saberes Tradicionais, 25&#8242;, 2020, estreia<\/em><\/p>\n\n\n\n<p>Mestra dos pontos cantados da umbanda, lideran\u00e7a quilombola e zeladora do Centro Esp\u00edrita Caboclo Pena Branca, em Ub\u00e1, Maria Luiza Marcelino vai ao encontro de seus ancestrais que jazem pr\u00f3ximos aos escombros de uma antiga fazenda escravocrata. L\u00e1, ela cria, de improviso, um ritual, entre cantos e dan\u00e7as, numa gira entre as gera\u00e7\u00f5es e as diferentes temporalidades. Ela abre os caminhos e Ians\u00e3 vem nos saudar.<\/p>\n\n\n\n<figure class=\"wp-block-embed is-type-video is-provider-youtube wp-block-embed-youtube wp-embed-aspect-16-9 wp-has-aspect-ratio\"><div class=\"wp-block-embed__wrapper\">\n<div class=\"arve aligncenter\" data-mode=\"normal\" data-oembed=\"1\" data-provider=\"youtube\" id=\"arve-youtube-xdp6jsbichi69f655987ec5f055126125\" style=\"max-width:800px;\" itemscope itemtype=\"http:\/\/schema.org\/VideoObject\">\n<span class=\"arve-inner\">\n<span class=\"arve-embed arve-embed--has-aspect-ratio\">\n<span class=\"arve-ar\" style=\"padding-top:56.200000%\"><\/span>\n<meta itemprop=\"embedURL\" content=\"https:\/\/www.youtube.com\/embed\/Xdp6jSBIChI?feature=oembed&amp;iv_load_policy=3&amp;modestbranding=1&amp;rel=0&amp;autohide=1&amp;playsinline=0&amp;autoplay=0\">\n<iframe loading=\"lazy\" allow=\"accelerometer; autoplay; clipboard-write; encrypted-media; gyroscope; picture-in-picture\" allowfullscreen class=\"arve-iframe fitvidsignore\" data-arve=\"arve-youtube-xdp6jsbichi69f655987ec5f055126125\" data-src-no-ap=\"https:\/\/www.youtube.com\/embed\/Xdp6jSBIChI?feature=oembed&amp;iv_load_policy=3&amp;modestbranding=1&amp;rel=0&amp;autohide=1&amp;playsinline=0&amp;autoplay=0\" frameborder=\"0\" height=\"449.6\" sandbox=\"allow-scripts allow-same-origin allow-presentation allow-popups allow-popups-to-escape-sandbox\" scrolling=\"no\" src=\"https:\/\/www.youtube.com\/embed\/Xdp6jSBIChI?feature=oembed&#038;iv_load_policy=3&#038;modestbranding=1&#038;rel=0&#038;autohide=1&#038;playsinline=0&#038;autoplay=0\" width=\"800\"><\/iframe>\n\n<\/span>\n\n<\/span>\n\n<\/div>\n\n<\/div><\/figure>\n\n\n\n<hr class=\"wp-block-separator has-text-color has-background is-style-wide\" style=\"background-color:#f5f5f5;color:#f5f5f5\"\/>\n\n\n\n<h3><strong>Makota Valdina<\/strong><\/h3>\n\n\n\n<p class=\"has-small-font-size\"><em>C\u00e9sar Guimar\u00e3es, Pedro Aspahan, Saberes Tradicionais, 52&#8242;, 2019<\/em><\/p>\n\n\n\n<p>Makota Valdina, lideran\u00e7a do Terreiro Nzo Onimboya, em Salvador, foi figura central na hist\u00f3ria brasileira das lutas em defesa das religi\u00f5es de matriz africana, dos direitos das mulheres e das popula\u00e7\u00f5es negras desde a d\u00e9cada de 1970. Ela esteve conosco no curso \u201cPol\u00edticas da terra\u201d, em 2018. Nesse filme,&nbsp; ela conta um pouco da sua hist\u00f3ria de vida e fala da rela\u00e7\u00e3o entre a natureza, os inquices e a cura.&nbsp; Ela adentra a mata&nbsp; em busca de uma planta chamada de pinda\u00edba ou quebra-feiti\u00e7o, cujo nome popular liga-se \u00e0 dijina de Valdina \u2013 Zimewanga \u2013 aquela que&nbsp; \u201ctira o sofrimento\u201d e \u201cdesfaz o feiti\u00e7o que se abate sobre algu\u00e9m\u201d.&nbsp; Ao final, os Caboclos chegam para nos ajudar a tratar da saudade que ela nos deixou.&nbsp;<\/p>\n\n\n\n<figure class=\"wp-block-embed is-type-video is-provider-youtube wp-block-embed-youtube wp-embed-aspect-16-9 wp-has-aspect-ratio\"><div class=\"wp-block-embed__wrapper\">\n<div class=\"arve aligncenter\" data-mode=\"normal\" data-oembed=\"1\" data-provider=\"youtube\" id=\"arve-youtube-oy_f24qapsi69f655988070d292480737\" style=\"max-width:800px;\" itemscope itemtype=\"http:\/\/schema.org\/VideoObject\">\n<span class=\"arve-inner\">\n<span class=\"arve-embed arve-embed--has-aspect-ratio\">\n<span class=\"arve-ar\" style=\"padding-top:56.200000%\"><\/span>\n<meta itemprop=\"embedURL\" content=\"https:\/\/www.youtube.com\/embed\/oY_F24QAPsI?feature=oembed&amp;iv_load_policy=3&amp;modestbranding=1&amp;rel=0&amp;autohide=1&amp;playsinline=0&amp;autoplay=0\">\n<iframe loading=\"lazy\" allow=\"accelerometer; autoplay; clipboard-write; encrypted-media; gyroscope; picture-in-picture\" allowfullscreen class=\"arve-iframe fitvidsignore\" data-arve=\"arve-youtube-oy_f24qapsi69f655988070d292480737\" data-src-no-ap=\"https:\/\/www.youtube.com\/embed\/oY_F24QAPsI?feature=oembed&amp;iv_load_policy=3&amp;modestbranding=1&amp;rel=0&amp;autohide=1&amp;playsinline=0&amp;autoplay=0\" frameborder=\"0\" height=\"449.6\" sandbox=\"allow-scripts allow-same-origin allow-presentation allow-popups allow-popups-to-escape-sandbox\" scrolling=\"no\" src=\"https:\/\/www.youtube.com\/embed\/oY_F24QAPsI?feature=oembed&#038;iv_load_policy=3&#038;modestbranding=1&#038;rel=0&#038;autohide=1&#038;playsinline=0&#038;autoplay=0\" width=\"800\"><\/iframe>\n\n<\/span>\n\n<\/span>\n\n<\/div>\n\n<\/div><\/figure>\n\n\n\n<div class=\"wp-block-columns\">\n<div class=\"wp-block-column\">\n<figure class=\"wp-block-image size-full\"><a href=\"https:\/\/www.ufmg.br\/novembronegro\/2021\/mostra-saberes-tradicionais-ufmg\/retratos\/\"><img loading=\"lazy\" width=\"230\" height=\"150\" src=\"https:\/\/www.ufmg.br\/novembronegro\/2021\/wp-content\/uploads\/2021\/11\/img3.jpg\" alt=\"\" class=\"wp-image-672\"\/><\/a><figcaption>RETRATOS<\/figcaption><\/figure>\n<\/div>\n\n\n\n<div class=\"wp-block-column\">\n<figure class=\"wp-block-image size-full\"><a href=\"https:\/\/www.ufmg.br\/novembronegro\/2021\/mostra-saberes-tradicionais-ufmg\/documentarios\/\"><img loading=\"lazy\" width=\"230\" height=\"150\" src=\"https:\/\/www.ufmg.br\/novembronegro\/2021\/wp-content\/uploads\/2021\/11\/img1.jpg\" alt=\"\" class=\"wp-image-671\"\/><\/a><figcaption>DOCUMENT\u00c1RIOS<\/figcaption><\/figure>\n<\/div>\n\n\n\n<div class=\"wp-block-column\">\n<figure class=\"wp-block-image size-full\"><a href=\"https:\/\/www.ufmg.br\/novembronegro\/2021\/mostra-saberes-tradicionais-ufmg\/cantos\/\"><img loading=\"lazy\" width=\"230\" height=\"150\" src=\"https:\/\/www.ufmg.br\/novembronegro\/2021\/wp-content\/uploads\/2021\/11\/img2.jpg\" alt=\"\" class=\"wp-image-673\"\/><\/a><figcaption>CANTOS<\/figcaption><\/figure>\n<\/div>\n<\/div>\n","protected":false},"excerpt":{"rendered":"<p>Os document\u00e1rios apresentam formas f\u00edlmicas que tra\u00e7am um arco narrativo [&hellip;]<\/p>\n","protected":false},"author":1,"featured_media":0,"parent":607,"menu_order":0,"comment_status":"closed","ping_status":"closed","template":"","meta":[],"_links":{"self":[{"href":"https:\/\/www.ufmg.br\/novembronegro\/2021\/wp-json\/wp\/v2\/pages\/616"}],"collection":[{"href":"https:\/\/www.ufmg.br\/novembronegro\/2021\/wp-json\/wp\/v2\/pages"}],"about":[{"href":"https:\/\/www.ufmg.br\/novembronegro\/2021\/wp-json\/wp\/v2\/types\/page"}],"author":[{"embeddable":true,"href":"https:\/\/www.ufmg.br\/novembronegro\/2021\/wp-json\/wp\/v2\/users\/1"}],"replies":[{"embeddable":true,"href":"https:\/\/www.ufmg.br\/novembronegro\/2021\/wp-json\/wp\/v2\/comments?post=616"}],"version-history":[{"count":17,"href":"https:\/\/www.ufmg.br\/novembronegro\/2021\/wp-json\/wp\/v2\/pages\/616\/revisions"}],"predecessor-version":[{"id":735,"href":"https:\/\/www.ufmg.br\/novembronegro\/2021\/wp-json\/wp\/v2\/pages\/616\/revisions\/735"}],"up":[{"embeddable":true,"href":"https:\/\/www.ufmg.br\/novembronegro\/2021\/wp-json\/wp\/v2\/pages\/607"}],"wp:attachment":[{"href":"https:\/\/www.ufmg.br\/novembronegro\/2021\/wp-json\/wp\/v2\/media?parent=616"}],"curies":[{"name":"wp","href":"https:\/\/api.w.org\/{rel}","templated":true}]}}