{"id":1700,"date":"2024-09-11T09:33:00","date_gmt":"2024-09-11T12:33:00","guid":{"rendered":"https:\/\/www.ufmg.br\/novembronegro\/?page_id=1700"},"modified":"2024-09-12T15:34:17","modified_gmt":"2024-09-12T18:34:17","slug":"novembro-negro-edicao-2023","status":"publish","type":"page","link":"https:\/\/www.ufmg.br\/novembronegro\/novembro-negro-edicao-2023\/","title":{"rendered":"Novembro Negro &#8211; Edi\u00e7\u00e3o 2023"},"content":{"rendered":"\r\n<p>Chegamos \u00e0 nossa 6\u00aa edi\u00e7\u00e3o do Novembro Negro com o tema Ancestralidade e coletividade: Aquilombar para permanecer.<br \/><br \/>Nesse ano reverenciamos o processo de aquilombamento acad\u00eamico e pol\u00edtico das pessoas negras que vieram antes de n\u00f3s resistiram ao racismo estrutural possibilitando reinven\u00e7\u00f5es ressignifica\u00e7\u00f5es da nossa exist\u00eancia. Saudando aquelas e aqueles que constru\u00edram esse caminho por onde passamos na academia e na vida, precisamos reconhecer e lembrar de quem n\u00e3o est\u00e1 mais entre n\u00f3s materialmente, mas cujo legado marca nosso presente.<br \/><br \/>Foi cultivada no passado a possibilidade de narrativas afirmativas, potencializadoras e emancipat\u00f3rias sobre a negritude, cultivada no passado por m\u00e3os negras que nos possibilitaram a luta presente e o sonho futuro. Docentes, t\u00e9cnico-administrativos em educa\u00e7\u00e3o, trabalhadores terceirizados, pesquisadores, ser\u00e3o lembrados e reverenciados quanto a sua contribui\u00e7\u00e3o no ensino, pesquisa e extens\u00e3o e nas atividades necess\u00e1rias para que a UFMG seja reconhecida pela sua excel\u00eancia. Temos, portanto, a responsabilidade de continuar: adentrar os caminhos que foram abertos, reunir condi\u00e7\u00f5es para ocupar\/ampliar espa\u00e7os e horizontes, mirando sempre naqueles\/as que ainda vir\u00e3o.<br \/><br \/>Vem construir conosco esse momento de aquilombamento e rever\u00eancia aquelas e aqueles que vieram antes de n\u00f3s.<\/p>\r\n<p><a href=\"https:\/\/www.ufmg.br\/novembronegro\/wp-content\/uploads\/2024\/09\/Programacao-\u2013-Novembro-Negro-2023.pdf\">Programa\u00e7\u00e3o \u2013 Novembro Negro 2023<\/a><\/p>\r\n","protected":false},"excerpt":{"rendered":"<p>Chegamos \u00e0 nossa 6\u00aa edi\u00e7\u00e3o do Novembro Negro com o [&hellip;]<\/p>\n","protected":false},"author":2,"featured_media":0,"parent":0,"menu_order":0,"comment_status":"closed","ping_status":"closed","template":"","meta":[],"_links":{"self":[{"href":"https:\/\/www.ufmg.br\/novembronegro\/wp-json\/wp\/v2\/pages\/1700"}],"collection":[{"href":"https:\/\/www.ufmg.br\/novembronegro\/wp-json\/wp\/v2\/pages"}],"about":[{"href":"https:\/\/www.ufmg.br\/novembronegro\/wp-json\/wp\/v2\/types\/page"}],"author":[{"embeddable":true,"href":"https:\/\/www.ufmg.br\/novembronegro\/wp-json\/wp\/v2\/users\/2"}],"replies":[{"embeddable":true,"href":"https:\/\/www.ufmg.br\/novembronegro\/wp-json\/wp\/v2\/comments?post=1700"}],"version-history":[{"count":2,"href":"https:\/\/www.ufmg.br\/novembronegro\/wp-json\/wp\/v2\/pages\/1700\/revisions"}],"predecessor-version":[{"id":1735,"href":"https:\/\/www.ufmg.br\/novembronegro\/wp-json\/wp\/v2\/pages\/1700\/revisions\/1735"}],"wp:attachment":[{"href":"https:\/\/www.ufmg.br\/novembronegro\/wp-json\/wp\/v2\/media?parent=1700"}],"curies":[{"name":"wp","href":"https:\/\/api.w.org\/{rel}","templated":true}]}}