{"id":2134,"date":"2024-11-01T15:34:41","date_gmt":"2024-11-01T18:34:41","guid":{"rendered":"https:\/\/www.ufmg.br\/novembronegro\/?page_id=2134"},"modified":"2024-11-01T16:08:45","modified_gmt":"2024-11-01T19:08:45","slug":"novembro-negro-nas-midias-ufmg","status":"publish","type":"page","link":"https:\/\/www.ufmg.br\/novembronegro\/novembro-negro-nas-midias-ufmg\/","title":{"rendered":"Novembro Negro nas m\u00eddias UFMG"},"content":{"rendered":"<p>Durante todo o m\u00eas de novembro, a <a href=\"https:\/\/ufmg.br\/comunicacao\/radio-ufmg-educativa\" target=\"_blank\" rel=\"noopener\">R\u00e1dio UFMG Educativa<\/a> (104,5 FM) vai veicular uma programa\u00e7\u00e3o especial abordando tem\u00e1ticas raciais.<\/p>\n<p>J\u00e1 a <a href=\"https:\/\/www.youtube.com\/user\/tvufmg\" target=\"_blank\" rel=\"noopener\">TV UFMG<\/a> preparou uma s\u00e9rie de v\u00eddeos para a Semana da Consci\u00eancia Negra (18 a 22\/11). Acompanhe!<\/p>\n<p><img loading=\"lazy\" class=\"aligncenter wp-image-2136 size-full\" src=\"https:\/\/www.ufmg.br\/novembronegro\/wp-content\/uploads\/2024\/11\/radio-apresentacao.jpeg\" alt=\"Conte\u00fado especial para o Novembro Negro UFMG\" width=\"712\" height=\"474\" srcset=\"https:\/\/www.ufmg.br\/novembronegro\/wp-content\/uploads\/2024\/11\/radio-apresentacao.jpeg 712w, https:\/\/www.ufmg.br\/novembronegro\/wp-content\/uploads\/2024\/11\/radio-apresentacao-300x200.jpeg 300w\" sizes=\"(max-width: 712px) 100vw, 712px\" \/><\/p>\n","protected":false},"excerpt":{"rendered":"<p>Durante todo o m\u00eas de novembro, a R\u00e1dio UFMG Educativa [&hellip;]<\/p>\n","protected":false},"author":3,"featured_media":0,"parent":0,"menu_order":0,"comment_status":"closed","ping_status":"closed","template":"","meta":[],"_links":{"self":[{"href":"https:\/\/www.ufmg.br\/novembronegro\/wp-json\/wp\/v2\/pages\/2134"}],"collection":[{"href":"https:\/\/www.ufmg.br\/novembronegro\/wp-json\/wp\/v2\/pages"}],"about":[{"href":"https:\/\/www.ufmg.br\/novembronegro\/wp-json\/wp\/v2\/types\/page"}],"author":[{"embeddable":true,"href":"https:\/\/www.ufmg.br\/novembronegro\/wp-json\/wp\/v2\/users\/3"}],"replies":[{"embeddable":true,"href":"https:\/\/www.ufmg.br\/novembronegro\/wp-json\/wp\/v2\/comments?post=2134"}],"version-history":[{"count":10,"href":"https:\/\/www.ufmg.br\/novembronegro\/wp-json\/wp\/v2\/pages\/2134\/revisions"}],"predecessor-version":[{"id":2145,"href":"https:\/\/www.ufmg.br\/novembronegro\/wp-json\/wp\/v2\/pages\/2134\/revisions\/2145"}],"wp:attachment":[{"href":"https:\/\/www.ufmg.br\/novembronegro\/wp-json\/wp\/v2\/media?parent=2134"}],"curies":[{"name":"wp","href":"https:\/\/api.w.org\/{rel}","templated":true}]}}