{"id":396,"date":"2021-11-07T20:44:45","date_gmt":"2021-11-07T22:44:45","guid":{"rendered":"https:\/\/www.ufmg.br\/novembronegro\/?page_id=396"},"modified":"2021-11-07T20:56:54","modified_gmt":"2021-11-07T22:56:54","slug":"desfile-novembro-negro","status":"publish","type":"page","link":"https:\/\/www.ufmg.br\/novembronegro\/edicoes-anteriores\/fotos-da-edicao-2019\/desfile-novembro-negro\/","title":{"rendered":"Desfile Novembro Negro"},"content":{"rendered":"<div id=\"sp-ea-360\" class=\"sp-ea-one sp-easy-accordion\" data-ex-icon=\"fa-minus\" data-col-icon=\"fa-plus\"  data-ea-active=\"ea-click\"  data-ea-mode=\"vertical\" data-preloader=\"\"><div class=\"ea-card ea-expand sp-ea-single\"><h3 class=\"ea-header\"><a class=\"collapsed\" data-sptoggle=\"spcollapse\" data-sptarget=#collapse3600 href=\"javascript:void(0)\" aria-expanded=\"true\"><i class=\"ea-expand-icon fa fa-minus\"><\/i> Novembro Negro 2019<\/a><\/h3><div class=\"sp-collapse spcollapse collapsed show\" id=\"collapse3600\" data-parent=#sp-ea-360><div class=\"ea-body\"><ul>\n<li><a href=\"https:\/\/www.ufmg.br\/novembronegro\/o-novembro-negro\/edicoes-anteriores\/fotos-da-edicao-2019\/desfile-novembro-negro\/\">Desfile Novembro Negro<\/a><\/li>\n<li><a href=\"https:\/\/www.ufmg.br\/novembronegro\/o-novembro-negro\/edicoes-anteriores\/fotos-da-edicao-2019\/racismo-no-meio-academico-e-profissional\/\">Racismo no Meio Acad\u00eamico e Profissional<\/a><\/li>\n<li><a href=\"https:\/\/www.ufmg.br\/novembronegro\/o-novembro-negro\/edicoes-anteriores\/fotos-da-edicao-2019\/etinicidade-e-raca\/\">Etinicidade e Ra\u00e7a<\/a><\/li>\n<li><a href=\"https:\/\/www.ufmg.br\/novembronegro\/o-novembro-negro\/edicoes-anteriores\/fotos-da-edicao-2019\/feira-de-afro-empreendedores\/\">Feira de Afro Empreendedores<\/a><\/li>\n<li><a href=\"https:\/\/www.ufmg.br\/novembronegro\/o-novembro-negro\/edicoes-anteriores\/fotos-da-edicao-2019\/show-dois-lados\/\">Show Dois Lados<\/a><\/li>\n<li><a href=\"https:\/\/www.ufmg.br\/novembronegro\/o-novembro-negro\/edicoes-anteriores\/fotos-da-edicao-2019\/apresentacao-julia-bertolino\/\">Apresenta\u00e7\u00e3o J\u00falia Bertolino<\/a><\/li>\n<li><a href=\"https:\/\/www.ufmg.br\/novembronegro\/o-novembro-negro\/edicoes-anteriores\/fotos-da-edicao-2019\/visita-ao-muquifu\/\">Visita ao Muquifu<\/a><\/li>\n<li><a href=\"https:\/\/www.ufmg.br\/novembronegro\/o-novembro-negro\/edicoes-anteriores\/fotos-da-edicao-2019\/roda-ancestral\/\">Roda Ancestral<\/a><\/li>\n<li><a href=\"https:\/\/www.ufmg.br\/novembronegro\/o-novembro-negro\/edicoes-anteriores\/fotos-da-edicao-2019\/galeria-de-videos\/\">Galeria de Videos<\/a><\/li>\n<\/ul>\n<\/div><\/div><\/div><\/div>\n","protected":false},"excerpt":{"rendered":"","protected":false},"author":1,"featured_media":0,"parent":312,"menu_order":0,"comment_status":"closed","ping_status":"closed","template":"","meta":[],"_links":{"self":[{"href":"https:\/\/www.ufmg.br\/novembronegro\/wp-json\/wp\/v2\/pages\/396"}],"collection":[{"href":"https:\/\/www.ufmg.br\/novembronegro\/wp-json\/wp\/v2\/pages"}],"about":[{"href":"https:\/\/www.ufmg.br\/novembronegro\/wp-json\/wp\/v2\/types\/page"}],"author":[{"embeddable":true,"href":"https:\/\/www.ufmg.br\/novembronegro\/wp-json\/wp\/v2\/users\/1"}],"replies":[{"embeddable":true,"href":"https:\/\/www.ufmg.br\/novembronegro\/wp-json\/wp\/v2\/comments?post=396"}],"version-history":[{"count":1,"href":"https:\/\/www.ufmg.br\/novembronegro\/wp-json\/wp\/v2\/pages\/396\/revisions"}],"predecessor-version":[{"id":412,"href":"https:\/\/www.ufmg.br\/novembronegro\/wp-json\/wp\/v2\/pages\/396\/revisions\/412"}],"up":[{"embeddable":true,"href":"https:\/\/www.ufmg.br\/novembronegro\/wp-json\/wp\/v2\/pages\/312"}],"wp:attachment":[{"href":"https:\/\/www.ufmg.br\/novembronegro\/wp-json\/wp\/v2\/media?parent=396"}],"curies":[{"name":"wp","href":"https:\/\/api.w.org\/{rel}","templated":true}]}}