{"id":160,"date":"2023-04-10T11:24:19","date_gmt":"2023-04-10T14:24:19","guid":{"rendered":"https:\/\/www.ufmg.br\/pdi\/2024-2029\/?page_id=160"},"modified":"2024-07-22T16:46:45","modified_gmt":"2024-07-22T19:46:45","slug":"apresentacao","status":"publish","type":"page","link":"https:\/\/www.ufmg.br\/pdi\/2024-2029\/apresentacao\/","title":{"rendered":"PDI do Centen\u00e1rio: vamos construir a UFMG que queremos"},"content":{"rendered":"<p>Em junho de 2024, o Conselho Universit\u00e1rio aprovou o <a href=\"https:\/\/www.ufmg.br\/pdi\/2024-2029\/wp-content\/uploads\/2024\/07\/PDI-2024-2029_V7.pdf\" target=\"_blank\" rel=\"noopener\">Plano de Desenvolvimento Institucional (PDI) da UFMG<\/a> para o per\u00edodo de 2024 a 2029. Al\u00e9m de afirmar o compromisso com o desenvolvimento da institui\u00e7\u00e3o, o documento serve de refer\u00eancia para o processo de recredenciamento institucional da UFMG pelo Minist\u00e9rio da Educa\u00e7\u00e3o, previsto para 2029.<\/p>\n<p>O documento foi estruturado e apresentado por comiss\u00e3o institu\u00edda em mar\u00e7o de 2023 pela Reitoria e aprovada pelo Conselho de Ensino, Pesquisa e Extens\u00e3o (Cepe), composta por representantes dos docentes, dos servidores t\u00e9cnico-administrativos e dos estudantes da institui\u00e7\u00e3o.<\/p>\n<p>Em um processo dial\u00f3gico, o PDI recebeu ainda sugest\u00f5es da comunidade universit\u00e1ria enviadas por meio de mensagens eletr\u00f4nicas ou apresentadas em audi\u00eancias p\u00fablicas realizadas em 2023 nos campi Pampulha, Sa\u00fade e Montes Claros, al\u00e9m das propostas discutidas internamente nas unidades e aquelas encaminhadas pelos \u00f3rg\u00e3os da administra\u00e7\u00e3o central da Universidade.<\/p>\n<p>Em nove de maio de 2006, o Executivo Federal promulgou o Decreto n\u00ba 5.773 que estabeleceu ser o Plano de Desenvolvimento Institucional (PDI) um documento obrigat\u00f3rio para fins de credenciamento e recredenciamento das Institui\u00e7\u00f5es de Ensino Superior (IES) junto ao Minist\u00e9rio da Educa\u00e7\u00e3o (MEC). Esse decreto foi revogado e substitu\u00eddo pelo Decreto 9.235, de 15 de dezembro de 2017, que manteve estrutura semelhante para o PDI.<\/p>\n<p>A obrigatoriedade de tal instrumento foi estabelecida com o duplo objetivo de, por um lado, aumentar a transpar\u00eancia no relacionamento com outras institui\u00e7\u00f5es e com a sociedade em geral, e, por outro lado, consolidar as bases em que se fundamentam o planejamento e a gest\u00e3o interna da institui\u00e7\u00e3o.<\/p>\n<p>Al\u00e9m de cumprir a exig\u00eancia legal, o plano &#8211; tamb\u00e9m chamado de\u00a0<em>PDI do Centen\u00e1rio<\/em> por contemplar o anivers\u00e1rio de 100 anos da Universidade, em 2027 &#8211; atua como importante instrumento de planejamento estrat\u00e9gico e se desdobra em a\u00e7\u00f5es relacionadas a pol\u00edticas acad\u00eamicas, de gest\u00e3o e de infraestrutura.<\/p>\n<p>Desde a Lei do Sistema Nacional de Avalia\u00e7\u00e3o da Educa\u00e7\u00e3o Superior (SINAES), de 2004, a UFMG produziu tr\u00eas PDIs: <a href=\"https:\/\/ufmg.br\/storage\/3\/f\/4\/3\/3f4306093ba5f66b7633a5167a49f047_15347223650757_335331363.pdf\">PDI 2008-2012<\/a>;\u00a0<a href=\"https:\/\/ufmg.br\/storage\/7\/e\/f\/d\/7efdc27d6d46eaf954bca25fc423931e_153472246341_1967195189.pdf\">PDI 2013-2017<\/a>\u00a0e\u00a0<a href=\"https:\/\/ufmg.br\/storage\/c\/e\/c\/9\/cec964e64ae9ba1b073e4c169c50165f_15525812888029_1368629454.pdf\">PDI 2018-2023<\/a>.<\/p>\n","protected":false},"excerpt":{"rendered":"<p>Em junho de 2024, o Conselho Universit\u00e1rio aprovou o Plano [&hellip;]<\/p>\n","protected":false},"author":1,"featured_media":0,"parent":0,"menu_order":0,"comment_status":"closed","ping_status":"closed","template":"","meta":[],"acf":[],"_links":{"self":[{"href":"https:\/\/www.ufmg.br\/pdi\/2024-2029\/wp-json\/wp\/v2\/pages\/160"}],"collection":[{"href":"https:\/\/www.ufmg.br\/pdi\/2024-2029\/wp-json\/wp\/v2\/pages"}],"about":[{"href":"https:\/\/www.ufmg.br\/pdi\/2024-2029\/wp-json\/wp\/v2\/types\/page"}],"author":[{"embeddable":true,"href":"https:\/\/www.ufmg.br\/pdi\/2024-2029\/wp-json\/wp\/v2\/users\/1"}],"replies":[{"embeddable":true,"href":"https:\/\/www.ufmg.br\/pdi\/2024-2029\/wp-json\/wp\/v2\/comments?post=160"}],"version-history":[{"count":12,"href":"https:\/\/www.ufmg.br\/pdi\/2024-2029\/wp-json\/wp\/v2\/pages\/160\/revisions"}],"predecessor-version":[{"id":361,"href":"https:\/\/www.ufmg.br\/pdi\/2024-2029\/wp-json\/wp\/v2\/pages\/160\/revisions\/361"}],"wp:attachment":[{"href":"https:\/\/www.ufmg.br\/pdi\/2024-2029\/wp-json\/wp\/v2\/media?parent=160"}],"curies":[{"name":"wp","href":"https:\/\/api.w.org\/{rel}","templated":true}]}}