{"id":171,"date":"2023-04-10T11:27:25","date_gmt":"2023-04-10T14:27:25","guid":{"rendered":"https:\/\/www.ufmg.br\/pdi\/2024-2029\/?page_id=171"},"modified":"2023-09-13T11:12:39","modified_gmt":"2023-09-13T14:12:39","slug":"documentos","status":"publish","type":"page","link":"https:\/\/www.ufmg.br\/pdi\/2024-2029\/documentos\/","title":{"rendered":"Documentos"},"content":{"rendered":"<p><a href=\"https:\/\/www.ufmg.br\/pdi\/2024-2029\/wp-content\/uploads\/2023\/04\/Portaria_2189741.pdf\">Portaria_2189741<\/a>\u00a0\u2013 Institui Comiss\u00e3o respons\u00e1vel pela sistematiza\u00e7\u00e3o do PDI UFMG 2024-2029<\/p>\n<p><a href=\"https:\/\/ufmg.br\/storage\/e\/a\/c\/7\/eac79204be89c903cad332348caa7e44_16946111871697_930392856.pdf\" target=\"_blank\" rel=\"noopener\">Portaria 2617764<\/a> \u2013 Designa novos membros para a Comiss\u00e3o<\/p>\n<p><a href=\"https:\/\/www.ufmg.br\/pdi\/2024-2029\/wp-content\/uploads\/2023\/04\/Decreto-9235-2017.pdf\">Decreto 9235 2017<\/a>\u00a0\u2013 Disp\u00f5e sobre o exerc\u00edcio das fun\u00e7\u00f5es de regula\u00e7\u00e3o, supervis\u00e3o e avalia\u00e7\u00e3o das institui\u00e7\u00f5es de educa\u00e7\u00e3o superior e dos cursos superiores de gradua\u00e7\u00e3o e de p\u00f3s-gradua\u00e7\u00e3o no sistema federal de ensino<\/p>\n<p><a href=\"https:\/\/www.ufmg.br\/pdi\/2024-2029\/wp-content\/uploads\/2023\/04\/PDI-2008-2012.pdf\">PDI 2008-2012<\/a><\/p>\n<p><a href=\"https:\/\/www.ufmg.br\/pdi\/2024-2029\/wp-content\/uploads\/2023\/04\/PDI-2013-2017.pdf\">PDI 2013-2017<\/a><\/p>\n<p><a href=\"https:\/\/www.ufmg.br\/pdi\/2024-2029\/wp-content\/uploads\/2023\/04\/PDI-2018-2023.pdf\">PDI 2018-2023<\/a><\/p>\n<p><a href=\"https:\/\/www.ufmg.br\/cultura\/attachments\/article\/2220\/CONTRIBUI%C3%87%C3%95ES%20DOS%20CICLOS%20DE%20F%C3%93RUNS%20UFMG%20DE%20CULTURA%20PARA%20O%20PDI%20UFMG%202024-2029.pdf\" target=\"_blank\" rel=\"noopener\">Contribui\u00e7\u00f5es dos Ciclos de F\u00f3runs UFMG de Cultura para o PDI 2024-2029<\/a><\/p>\n","protected":false},"excerpt":{"rendered":"<p>Portaria_2189741\u00a0\u2013 Institui Comiss\u00e3o respons\u00e1vel pela sistematiza\u00e7\u00e3o do PDI UFMG 2024-2029 [&hellip;]<\/p>\n","protected":false},"author":1,"featured_media":0,"parent":0,"menu_order":0,"comment_status":"closed","ping_status":"closed","template":"","meta":[],"acf":[],"_links":{"self":[{"href":"https:\/\/www.ufmg.br\/pdi\/2024-2029\/wp-json\/wp\/v2\/pages\/171"}],"collection":[{"href":"https:\/\/www.ufmg.br\/pdi\/2024-2029\/wp-json\/wp\/v2\/pages"}],"about":[{"href":"https:\/\/www.ufmg.br\/pdi\/2024-2029\/wp-json\/wp\/v2\/types\/page"}],"author":[{"embeddable":true,"href":"https:\/\/www.ufmg.br\/pdi\/2024-2029\/wp-json\/wp\/v2\/users\/1"}],"replies":[{"embeddable":true,"href":"https:\/\/www.ufmg.br\/pdi\/2024-2029\/wp-json\/wp\/v2\/comments?post=171"}],"version-history":[{"count":8,"href":"https:\/\/www.ufmg.br\/pdi\/2024-2029\/wp-json\/wp\/v2\/pages\/171\/revisions"}],"predecessor-version":[{"id":343,"href":"https:\/\/www.ufmg.br\/pdi\/2024-2029\/wp-json\/wp\/v2\/pages\/171\/revisions\/343"}],"wp:attachment":[{"href":"https:\/\/www.ufmg.br\/pdi\/2024-2029\/wp-json\/wp\/v2\/media?parent=171"}],"curies":[{"name":"wp","href":"https:\/\/api.w.org\/{rel}","templated":true}]}}