{"id":173,"date":"2023-04-10T11:27:46","date_gmt":"2023-04-10T14:27:46","guid":{"rendered":"https:\/\/www.ufmg.br\/pdi\/2024-2029\/?page_id=173"},"modified":"2023-06-20T17:34:12","modified_gmt":"2023-06-20T20:34:12","slug":"textos-preliminares","status":"publish","type":"page","link":"https:\/\/www.ufmg.br\/pdi\/2024-2029\/textos-preliminares\/","title":{"rendered":"Textos preliminares"},"content":{"rendered":"<p><em>Fonte dos textos:<\/em> <a href=\"https:\/\/ufmg.br\/storage\/c\/e\/c\/9\/cec964e64ae9ba1b073e4c169c50165f_15525812888029_1368629454.pdf\" target=\"_blank\" rel=\"noopener\">PDI 2018-2023<\/a><\/p>\n<div id=\"sp-ea-175\" class=\"sp-ea-one sp-easy-accordion\" data-ex-icon=\"fa-minus\" data-col-icon=\"fa-plus\"  data-ea-active=\"ea-click\"  data-ea-mode=\"vertical\" data-preloader=\"\"><div class=\"ea-card  sp-ea-single\"><h3 class=\"ea-header\"><a class=\"collapsed\" data-sptoggle=\"spcollapse\" data-sptarget=#collapse1750 href=\"javascript:void(0)\" aria-expanded=\"false\"><i class=\"ea-expand-icon fa fa-plus\"><\/i> Perfil Institucional<\/a><\/h3><div class=\"sp-collapse spcollapse spcollapse\" id=\"collapse1750\" data-parent=#sp-ea-175><div class=\"ea-body\"><p><a href=\"https:\/\/www.ufmg.br\/pdi\/2024-2029\/wp-content\/uploads\/2023\/04\/Perfil-Institucional.pdf\" target=\"_blank\" rel=\"noopener\">Clique aqui<\/a>.<\/p>\n<\/div><\/div><\/div><div class=\"ea-card  sp-ea-single\"><h3 class=\"ea-header\"><a class=\"collapsed\" data-sptoggle=\"spcollapse\" data-sptarget=#collapse1751 href=\"javascript:void(0)\" aria-expanded=\"false\"><i class=\"ea-expand-icon fa fa-plus\"><\/i> Projeto Pedag\u00f3gico Institucional<\/a><\/h3><div class=\"sp-collapse spcollapse spcollapse\" id=\"collapse1751\" data-parent=#sp-ea-175><div class=\"ea-body\"><p><a href=\"https:\/\/www.ufmg.br\/pdi\/2024-2029\/wp-content\/uploads\/2023\/04\/Projeto-Pedagogico-Institucional.pdf\" target=\"_blank\" rel=\"noopener\">Clique aqui<\/a>.<\/p>\n<\/div><\/div><\/div><div class=\"ea-card  sp-ea-single\"><h3 class=\"ea-header\"><a class=\"collapsed\" data-sptoggle=\"spcollapse\" data-sptarget=#collapse1752 href=\"javascript:void(0)\" aria-expanded=\"false\"><i class=\"ea-expand-icon fa fa-plus\"><\/i> Ensino de Gradua\u00e7\u00e3o<\/a><\/h3><div class=\"sp-collapse spcollapse spcollapse\" id=\"collapse1752\" data-parent=#sp-ea-175><div class=\"ea-body\"><p><a href=\"https:\/\/www.ufmg.br\/pdi\/2024-2029\/wp-content\/uploads\/2023\/04\/Ensino-de-Graduacao.pdf\" target=\"_blank\" rel=\"noopener\">Clique aqui<\/a>.<\/p>\n<\/div><\/div><\/div><div class=\"ea-card  sp-ea-single\"><h3 class=\"ea-header\"><a class=\"collapsed\" data-sptoggle=\"spcollapse\" data-sptarget=#collapse1753 href=\"javascript:void(0)\" aria-expanded=\"false\"><i class=\"ea-expand-icon fa fa-plus\"><\/i> Ensino de P\u00f3s-Gradua\u00e7\u00e3o<\/a><\/h3><div class=\"sp-collapse spcollapse spcollapse\" id=\"collapse1753\" data-parent=#sp-ea-175><div class=\"ea-body\"><p><a href=\"https:\/\/www.ufmg.br\/pdi\/2024-2029\/wp-content\/uploads\/2023\/04\/Ensino-de-Pos-Graduacao.pdf\" target=\"_blank\" rel=\"noopener\">Clique aqui<\/a>.<\/p>\n<\/div><\/div><\/div><div class=\"ea-card  sp-ea-single\"><h3 class=\"ea-header\"><a class=\"collapsed\" data-sptoggle=\"spcollapse\" data-sptarget=#collapse1754 href=\"javascript:void(0)\" aria-expanded=\"false\"><i class=\"ea-expand-icon fa fa-plus\"><\/i> Pesquisa<\/a><\/h3><div class=\"sp-collapse spcollapse spcollapse\" id=\"collapse1754\" data-parent=#sp-ea-175><div class=\"ea-body\"><p><a href=\"https:\/\/www.ufmg.br\/pdi\/2024-2029\/wp-content\/uploads\/2023\/04\/Pesquisa-1.pdf\" target=\"_blank\" rel=\"noopener\">Clique aqui<\/a>.<\/p>\n<\/div><\/div><\/div><div class=\"ea-card  sp-ea-single\"><h3 class=\"ea-header\"><a class=\"collapsed\" data-sptoggle=\"spcollapse\" data-sptarget=#collapse1755 href=\"javascript:void(0)\" aria-expanded=\"false\"><i class=\"ea-expand-icon fa fa-plus\"><\/i> Extens\u00e3o<\/a><\/h3><div class=\"sp-collapse spcollapse spcollapse\" id=\"collapse1755\" data-parent=#sp-ea-175><div class=\"ea-body\"><p><a href=\"https:\/\/www.ufmg.br\/pdi\/2024-2029\/wp-content\/uploads\/2023\/04\/Extensao.pdf\" target=\"_blank\" rel=\"noopener\">Clique aqui<\/a>.<\/p>\n<\/div><\/div><\/div><div class=\"ea-card  sp-ea-single\"><h3 class=\"ea-header\"><a class=\"collapsed\" data-sptoggle=\"spcollapse\" data-sptarget=#collapse1756 href=\"javascript:void(0)\" aria-expanded=\"false\"><i class=\"ea-expand-icon fa fa-plus\"><\/i> Cultura<\/a><\/h3><div class=\"sp-collapse spcollapse spcollapse\" id=\"collapse1756\" data-parent=#sp-ea-175><div class=\"ea-body\"><p><a href=\"https:\/\/www.ufmg.br\/pdi\/2024-2029\/wp-content\/uploads\/2023\/04\/Cultura.pdf\" target=\"_blank\" rel=\"noopener\">Clique aqui<\/a>.<\/p>\n<\/div><\/div><\/div><div class=\"ea-card  sp-ea-single\"><h3 class=\"ea-header\"><a class=\"collapsed\" data-sptoggle=\"spcollapse\" data-sptarget=#collapse1757 href=\"javascript:void(0)\" aria-expanded=\"false\"><i class=\"ea-expand-icon fa fa-plus\"><\/i> Ensino B\u00e1sico e Profissional<\/a><\/h3><div class=\"sp-collapse spcollapse spcollapse\" id=\"collapse1757\" data-parent=#sp-ea-175><div class=\"ea-body\"><p><a href=\"https:\/\/www.ufmg.br\/pdi\/2024-2029\/wp-content\/uploads\/2023\/04\/Ensino-Basico-e-Profissional.pdf\" target=\"_blank\" rel=\"noopener\">Clique aqui<\/a>.<\/p>\n<\/div><\/div><\/div><div class=\"ea-card  sp-ea-single\"><h3 class=\"ea-header\"><a class=\"collapsed\" data-sptoggle=\"spcollapse\" data-sptarget=#collapse1758 href=\"javascript:void(0)\" aria-expanded=\"false\"><i class=\"ea-expand-icon fa fa-plus\"><\/i> Educa\u00e7\u00e3o a Dist\u00e2ncia<\/a><\/h3><div class=\"sp-collapse spcollapse spcollapse\" id=\"collapse1758\" data-parent=#sp-ea-175><div class=\"ea-body\"><p><a href=\"https:\/\/www.ufmg.br\/pdi\/2024-2029\/wp-content\/uploads\/2023\/04\/Educacao-A-Distancia.pdf\" target=\"_blank\" rel=\"noopener\">Clique aqui<\/a>.<\/p>\n<\/div><\/div><\/div><div class=\"ea-card  sp-ea-single\"><h3 class=\"ea-header\"><a class=\"collapsed\" data-sptoggle=\"spcollapse\" data-sptarget=#collapse1759 href=\"javascript:void(0)\" aria-expanded=\"false\"><i class=\"ea-expand-icon fa fa-plus\"><\/i> Pol\u00edticas para Estudantes<\/a><\/h3><div class=\"sp-collapse spcollapse spcollapse\" id=\"collapse1759\" data-parent=#sp-ea-175><div class=\"ea-body\"><p><a href=\"https:\/\/www.ufmg.br\/pdi\/2024-2029\/wp-content\/uploads\/2023\/04\/Politicas-para-Estudantes.pdf\" target=\"_blank\" rel=\"noopener\">Clique aqui<\/a>.<\/p>\n<\/div><\/div><\/div><div class=\"ea-card  sp-ea-single\"><h3 class=\"ea-header\"><a class=\"collapsed\" data-sptoggle=\"spcollapse\" data-sptarget=#collapse17510 href=\"javascript:void(0)\" aria-expanded=\"false\"><i class=\"ea-expand-icon fa fa-plus\"><\/i> Inova\u00e7\u00e3o e Empreendedorismo<\/a><\/h3><div class=\"sp-collapse spcollapse spcollapse\" id=\"collapse17510\" data-parent=#sp-ea-175><div class=\"ea-body\"><p><a href=\"https:\/\/www.ufmg.br\/pdi\/2024-2029\/wp-content\/uploads\/2023\/04\/Inovacao-e-Empreendedorismo.pdf\" target=\"_blank\" rel=\"noopener\">Clique aqui<\/a>.<\/p>\n<\/div><\/div><\/div><div class=\"ea-card  sp-ea-single\"><h3 class=\"ea-header\"><a class=\"collapsed\" data-sptoggle=\"spcollapse\" data-sptarget=#collapse17511 href=\"javascript:void(0)\" aria-expanded=\"false\"><i class=\"ea-expand-icon fa fa-plus\"><\/i> Esporte e Lazer<\/a><\/h3><div class=\"sp-collapse spcollapse spcollapse\" id=\"collapse17511\" data-parent=#sp-ea-175><div class=\"ea-body\"><p><a href=\"https:\/\/www.ufmg.br\/pdi\/2024-2029\/wp-content\/uploads\/2023\/04\/Esporte-e-Lazer.pdf\" target=\"_blank\" rel=\"noopener\">Clique aqui<\/a>.<\/p>\n<\/div><\/div><\/div><div class=\"ea-card  sp-ea-single\"><h3 class=\"ea-header\"><a class=\"collapsed\" data-sptoggle=\"spcollapse\" data-sptarget=#collapse17512 href=\"javascript:void(0)\" aria-expanded=\"false\"><i class=\"ea-expand-icon fa fa-plus\"><\/i> Cidadania: Direitos Humanos, Sa\u00fade Mental, Acessibilidade e Inclus\u00e3o<\/a><\/h3><div class=\"sp-collapse spcollapse spcollapse\" id=\"collapse17512\" data-parent=#sp-ea-175><div class=\"ea-body\"><p><a href=\"https:\/\/www.ufmg.br\/pdi\/2024-2029\/wp-content\/uploads\/2023\/04\/Cidadania-Direitos-Humanos-Saude-Mental-Acessibilidade-e-Inclusao.pdf\" target=\"_blank\" rel=\"noopener\">Clique aqui<\/a>.<\/p>\n<\/div><\/div><\/div><div class=\"ea-card  sp-ea-single\"><h3 class=\"ea-header\"><a class=\"collapsed\" data-sptoggle=\"spcollapse\" data-sptarget=#collapse17513 href=\"javascript:void(0)\" aria-expanded=\"false\"><i class=\"ea-expand-icon fa fa-plus\"><\/i> Autonomia e Rela\u00e7\u00f5es Institucionais<\/a><\/h3><div class=\"sp-collapse spcollapse spcollapse\" id=\"collapse17513\" data-parent=#sp-ea-175><div class=\"ea-body\"><p><a href=\"https:\/\/www.ufmg.br\/pdi\/2024-2029\/wp-content\/uploads\/2023\/04\/Autonomia-e-Relacoes-Institucionais.pdf\" target=\"_blank\" rel=\"noopener\">Clique aqui<\/a>.<\/p>\n<\/div><\/div><\/div><div class=\"ea-card  sp-ea-single\"><h3 class=\"ea-header\"><a class=\"collapsed\" data-sptoggle=\"spcollapse\" data-sptarget=#collapse17514 href=\"javascript:void(0)\" aria-expanded=\"false\"><i class=\"ea-expand-icon fa fa-plus\"><\/i> Internacionaliza\u00e7\u00e3o<\/a><\/h3><div class=\"sp-collapse spcollapse spcollapse\" id=\"collapse17514\" data-parent=#sp-ea-175><div class=\"ea-body\"><p><a href=\"https:\/\/www.ufmg.br\/pdi\/2024-2029\/wp-content\/uploads\/2023\/04\/Internacionalizacao-1.pdf\" target=\"_blank\" rel=\"noopener\">Clique aqui<\/a>.<\/p>\n<\/div><\/div><\/div><div class=\"ea-card  sp-ea-single\"><h3 class=\"ea-header\"><a class=\"collapsed\" data-sptoggle=\"spcollapse\" data-sptarget=#collapse17515 href=\"javascript:void(0)\" aria-expanded=\"false\"><i class=\"ea-expand-icon fa fa-plus\"><\/i> Ambiente e Sustentabilidade<\/a><\/h3><div class=\"sp-collapse spcollapse spcollapse\" id=\"collapse17515\" data-parent=#sp-ea-175><div class=\"ea-body\"><p><a href=\"https:\/\/www.ufmg.br\/pdi\/2024-2029\/wp-content\/uploads\/2023\/04\/Ambiente-e-Sustentabilidade.pdf\" target=\"_blank\" rel=\"noopener\">Clique aqui<\/a>.<\/p>\n<\/div><\/div><\/div><div class=\"ea-card  sp-ea-single\"><h3 class=\"ea-header\"><a class=\"collapsed\" data-sptoggle=\"spcollapse\" data-sptarget=#collapse17516 href=\"javascript:void(0)\" aria-expanded=\"false\"><i class=\"ea-expand-icon fa fa-plus\"><\/i> Gest\u00e3o de Pessoas<\/a><\/h3><div class=\"sp-collapse spcollapse spcollapse\" id=\"collapse17516\" data-parent=#sp-ea-175><div class=\"ea-body\"><p><a href=\"https:\/\/www.ufmg.br\/pdi\/2024-2029\/wp-content\/uploads\/2023\/04\/Gestao-de-Pessoas.pdf\" target=\"_blank\" rel=\"noopener\">Clique aqui<\/a>.<\/p>\n<\/div><\/div><\/div><div class=\"ea-card  sp-ea-single\"><h3 class=\"ea-header\"><a class=\"collapsed\" data-sptoggle=\"spcollapse\" data-sptarget=#collapse17517 href=\"javascript:void(0)\" aria-expanded=\"false\"><i class=\"ea-expand-icon fa fa-plus\"><\/i> Gest\u00e3o Administrativa<\/a><\/h3><div class=\"sp-collapse spcollapse spcollapse\" id=\"collapse17517\" data-parent=#sp-ea-175><div class=\"ea-body\"><p><a href=\"https:\/\/www.ufmg.br\/pdi\/2024-2029\/wp-content\/uploads\/2023\/04\/Gestao-Administrativa.pdf\" target=\"_blank\" rel=\"noopener\">Clique aqui<\/a>.<\/p>\n<\/div><\/div><\/div><div class=\"ea-card  sp-ea-single\"><h3 class=\"ea-header\"><a class=\"collapsed\" data-sptoggle=\"spcollapse\" data-sptarget=#collapse17518 href=\"javascript:void(0)\" aria-expanded=\"false\"><i class=\"ea-expand-icon fa fa-plus\"><\/i> Planejamento, Or\u00e7amento e Sustentabilidade Financeira<\/a><\/h3><div class=\"sp-collapse spcollapse spcollapse\" id=\"collapse17518\" data-parent=#sp-ea-175><div class=\"ea-body\"><p><a href=\"https:\/\/www.ufmg.br\/pdi\/2024-2029\/wp-content\/uploads\/2023\/04\/Planejamento-Orcamento-e-Sustentabilidade-Financeira.pdf\" target=\"_blank\" rel=\"noopener\">Clique aqui<\/a>.<\/p>\n<\/div><\/div><\/div><div class=\"ea-card  sp-ea-single\"><h3 class=\"ea-header\"><a class=\"collapsed\" data-sptoggle=\"spcollapse\" data-sptarget=#collapse17519 href=\"javascript:void(0)\" aria-expanded=\"false\"><i class=\"ea-expand-icon fa fa-plus\"><\/i> Comunica\u00e7\u00e3o e Informa\u00e7\u00e3o<\/a><\/h3><div class=\"sp-collapse spcollapse spcollapse\" id=\"collapse17519\" data-parent=#sp-ea-175><div class=\"ea-body\"><p><a href=\"https:\/\/www.ufmg.br\/pdi\/2024-2029\/wp-content\/uploads\/2023\/04\/Comunicacao-e-Informacao.pdf\" target=\"_blank\" rel=\"noopener\">Clique aqui<\/a>.<\/p>\n<\/div><\/div><\/div><div class=\"ea-card  sp-ea-single\"><h3 class=\"ea-header\"><a class=\"collapsed\" data-sptoggle=\"spcollapse\" data-sptarget=#collapse17520 href=\"javascript:void(0)\" aria-expanded=\"false\"><i class=\"ea-expand-icon fa fa-plus\"><\/i> Infraestrutura F\u00edsica<\/a><\/h3><div class=\"sp-collapse spcollapse spcollapse\" id=\"collapse17520\" data-parent=#sp-ea-175><div class=\"ea-body\"><p><a href=\"https:\/\/www.ufmg.br\/pdi\/2024-2029\/wp-content\/uploads\/2023\/04\/Infraestrutura-Fisica.pdf\" target=\"_blank\" rel=\"noopener\">Clique aqui<\/a>.<\/p>\n<\/div><\/div><\/div><div class=\"ea-card  sp-ea-single\"><h3 class=\"ea-header\"><a class=\"collapsed\" data-sptoggle=\"spcollapse\" data-sptarget=#collapse17521 href=\"javascript:void(0)\" aria-expanded=\"false\"><i class=\"ea-expand-icon fa fa-plus\"><\/i> Bibliotecas<\/a><\/h3><div class=\"sp-collapse spcollapse spcollapse\" id=\"collapse17521\" data-parent=#sp-ea-175><div class=\"ea-body\"><p><a href=\"https:\/\/www.ufmg.br\/pdi\/2024-2029\/wp-content\/uploads\/2023\/04\/Bibliotecas.pdf\" target=\"_blank\" rel=\"noopener\">Clique aqui<\/a>.<\/p>\n<\/div><\/div><\/div><div class=\"ea-card  sp-ea-single\"><h3 class=\"ea-header\"><a class=\"collapsed\" data-sptoggle=\"spcollapse\" data-sptarget=#collapse17522 href=\"javascript:void(0)\" aria-expanded=\"false\"><i class=\"ea-expand-icon fa fa-plus\"><\/i> Imprensa Universit\u00e1ria<\/a><\/h3><div class=\"sp-collapse spcollapse spcollapse\" id=\"collapse17522\" data-parent=#sp-ea-175><div class=\"ea-body\"><p><a href=\"https:\/\/www.ufmg.br\/pdi\/2024-2029\/wp-content\/uploads\/2023\/04\/Imprensa-Universitaria.pdf\" target=\"_blank\" rel=\"noopener\">Clique aqui<\/a>.<\/p>\n<\/div><\/div><\/div><div class=\"ea-card  sp-ea-single\"><h3 class=\"ea-header\"><a class=\"collapsed\" data-sptoggle=\"spcollapse\" data-sptarget=#collapse17523 href=\"javascript:void(0)\" aria-expanded=\"false\"><i class=\"ea-expand-icon fa fa-plus\"><\/i> Editora UFMG<\/a><\/h3><div class=\"sp-collapse spcollapse spcollapse\" id=\"collapse17523\" data-parent=#sp-ea-175><div class=\"ea-body\"><p><a href=\"https:\/\/www.ufmg.br\/pdi\/2024-2029\/wp-content\/uploads\/2023\/04\/Editora-UFMG.pdf\" target=\"_blank\" rel=\"noopener\">Clique aqui<\/a>.<\/p>\n<\/div><\/div><\/div><div class=\"ea-card  sp-ea-single\"><h3 class=\"ea-header\"><a class=\"collapsed\" data-sptoggle=\"spcollapse\" data-sptarget=#collapse17524 href=\"javascript:void(0)\" aria-expanded=\"false\"><i class=\"ea-expand-icon fa fa-plus\"><\/i> Funda\u00e7\u00f5es de Apoio<\/a><\/h3><div class=\"sp-collapse spcollapse spcollapse\" id=\"collapse17524\" data-parent=#sp-ea-175><div class=\"ea-body\"><p><a href=\"https:\/\/www.ufmg.br\/pdi\/2024-2029\/wp-content\/uploads\/2023\/04\/Fundacoes-de-Apoio.pdf\" target=\"_blank\" rel=\"noopener\">Clique aqui<\/a>.<\/p>\n<\/div><\/div><\/div><div class=\"ea-card  sp-ea-single\"><h3 class=\"ea-header\"><a class=\"collapsed\" data-sptoggle=\"spcollapse\" data-sptarget=#collapse17525 href=\"javascript:void(0)\" aria-expanded=\"false\"><i class=\"ea-expand-icon fa fa-plus\"><\/i> Outras Estruturas de Apoio<\/a><\/h3><div class=\"sp-collapse spcollapse spcollapse\" id=\"collapse17525\" data-parent=#sp-ea-175><div class=\"ea-body\"><p><a href=\"https:\/\/www.ufmg.br\/pdi\/2024-2029\/wp-content\/uploads\/2023\/04\/Outras-Estruturas-de-Apoio.pdf\" target=\"_blank\" rel=\"noopener\">Clique aqui<\/a>.<\/p>\n<\/div><\/div><\/div><div class=\"ea-card  sp-ea-single\"><h3 class=\"ea-header\"><a class=\"collapsed\" data-sptoggle=\"spcollapse\" data-sptarget=#collapse17526 href=\"javascript:void(0)\" aria-expanded=\"false\"><i class=\"ea-expand-icon fa fa-plus\"><\/i> Avalia\u00e7\u00e3o e Acompanhamento do Desenvolvimento Institucional<\/a><\/h3><div class=\"sp-collapse spcollapse spcollapse\" id=\"collapse17526\" data-parent=#sp-ea-175><div class=\"ea-body\"><p><a href=\"https:\/\/www.ufmg.br\/pdi\/2024-2029\/wp-content\/uploads\/2023\/04\/Avaliacao-e-acompanhamento-do-desenvolvimento-institucional.pdf\" target=\"_blank\" rel=\"noopener\">Clique aqui<\/a>.<\/p>\n<\/div><\/div><\/div><\/div>\n","protected":false},"excerpt":{"rendered":"<p>Fonte dos textos: PDI 2018-2023<\/p>\n","protected":false},"author":1,"featured_media":0,"parent":0,"menu_order":0,"comment_status":"closed","ping_status":"closed","template":"","meta":[],"acf":[],"_links":{"self":[{"href":"https:\/\/www.ufmg.br\/pdi\/2024-2029\/wp-json\/wp\/v2\/pages\/173"}],"collection":[{"href":"https:\/\/www.ufmg.br\/pdi\/2024-2029\/wp-json\/wp\/v2\/pages"}],"about":[{"href":"https:\/\/www.ufmg.br\/pdi\/2024-2029\/wp-json\/wp\/v2\/types\/page"}],"author":[{"embeddable":true,"href":"https:\/\/www.ufmg.br\/pdi\/2024-2029\/wp-json\/wp\/v2\/users\/1"}],"replies":[{"embeddable":true,"href":"https:\/\/www.ufmg.br\/pdi\/2024-2029\/wp-json\/wp\/v2\/comments?post=173"}],"version-history":[{"count":7,"href":"https:\/\/www.ufmg.br\/pdi\/2024-2029\/wp-json\/wp\/v2\/pages\/173\/revisions"}],"predecessor-version":[{"id":315,"href":"https:\/\/www.ufmg.br\/pdi\/2024-2029\/wp-json\/wp\/v2\/pages\/173\/revisions\/315"}],"wp:attachment":[{"href":"https:\/\/www.ufmg.br\/pdi\/2024-2029\/wp-json\/wp\/v2\/media?parent=173"}],"curies":[{"name":"wp","href":"https:\/\/api.w.org\/{rel}","templated":true}]}}