{"id":184,"date":"2023-04-12T10:31:37","date_gmt":"2023-04-12T13:31:37","guid":{"rendered":"https:\/\/www.ufmg.br\/pdi\/2024-2029\/?page_id=184"},"modified":"2023-06-30T12:42:33","modified_gmt":"2023-06-30T15:42:33","slug":"cronograma","status":"publish","type":"page","link":"https:\/\/www.ufmg.br\/pdi\/2024-2029\/cronograma\/","title":{"rendered":"Cronograma"},"content":{"rendered":"<div id=\"sp-ea-278\" class=\"sp-ea-one sp-easy-accordion\" data-ex-icon=\"fa-minus\" data-col-icon=\"fa-plus\"  data-ea-active=\"ea-click\"  data-ea-mode=\"vertical\" data-preloader=\"\"><div class=\"ea-card  sp-ea-single\"><h3 class=\"ea-header\"><a class=\"collapsed\" data-sptoggle=\"spcollapse\" data-sptarget=#collapse2780 href=\"javascript:void(0)\" aria-expanded=\"false\"><i class=\"ea-expand-icon fa fa-plus\"><\/i> Apresenta\u00e7\u00e3o do texto preliminar (3 de julho)<\/a><\/h3><div class=\"sp-collapse spcollapse spcollapse\" id=\"collapse2780\" data-parent=#sp-ea-278><div class=\"ea-body\"><p>A comunidade acad\u00eamica pode elaborar suas contribui\u00e7\u00f5es a partir do <a href=\"https:\/\/www.ufmg.br\/pdi\/2024-2029\/textos-preliminares\/\" target=\"_blank\" rel=\"noopener\">texto preliminar<\/a>.<\/p>\n<\/div><\/div><\/div><div class=\"ea-card  sp-ea-single\"><h3 class=\"ea-header\"><a class=\"collapsed\" data-sptoggle=\"spcollapse\" data-sptarget=#collapse2781 href=\"javascript:void(0)\" aria-expanded=\"false\"><i class=\"ea-expand-icon fa fa-plus\"><\/i> Audi\u00eancias P\u00fablicas<\/a><\/h3><div class=\"sp-collapse spcollapse spcollapse\" id=\"collapse2781\" data-parent=#sp-ea-278><div class=\"ea-body\"><p><strong>Campus Pampulha<\/strong><\/p>\n<p>30 de agosto, \u00e0s <span style=\"font-weight: 400;\">9h<\/span><\/p>\n<p><span style=\"font-weight: 400;\">Audit\u00f3rio da reitoria<\/span><\/p>\n<p>Transmiss\u00e3o <a href=\"https:\/\/www.youtube.com\/watch?v=vndFOMfR8wc\" target=\"_blank\" rel=\"noopener\">aqui.<\/a><\/p>\n<p>&nbsp;<\/p>\n<p><strong>Campus Sa\u00fade<\/strong><\/p>\n<p>30 de agosto, \u00e0s 14h<\/p>\n<p>Audit\u00f3rio do Centro de Tecnologia em Sa\u00fade (Cetes) - 6\u00ba andar<\/p>\n<p>Transmiss\u00e3o <a href=\"https:\/\/www.youtube.com\/watch?v=a6J8KxU_jO0\" target=\"_blank\" rel=\"noopener\">aqui.<\/a><\/p>\n<p>&nbsp;<\/p>\n<p><strong>Campus Montes Claros<\/strong><\/p>\n<p>1\u00ba de setembro, \u00e0s 10h<\/p>\n<p>Audit\u00f3rio do Bloco C<\/p>\n<\/div><\/div><\/div><div class=\"ea-card  sp-ea-single\"><h3 class=\"ea-header\"><a class=\"collapsed\" data-sptoggle=\"spcollapse\" data-sptarget=#collapse2782 href=\"javascript:void(0)\" aria-expanded=\"false\"><i class=\"ea-expand-icon fa fa-plus\"><\/i> Recebimento de propostas da comunidade (at\u00e9 4 de setembro)<\/a><\/h3><div class=\"sp-collapse spcollapse spcollapse\" id=\"collapse2782\" data-parent=#sp-ea-278><div class=\"ea-body\"><p>As contribui\u00e7\u00f5es devem ser enviadas para <strong>pdi2024-2029@ufmg.br <\/strong>at\u00e9 o dia 4 de setembro de 2023.<\/p>\n<p>Para garantir a diversidade na representa\u00e7\u00e3o de pontos de vistas, culturas e sujeitos, estimula-se fortemente que, al\u00e9m de contribui\u00e7\u00f5es de car\u00e1ter estritamente individual, tamb\u00e9m sejam feitas discuss\u00f5es coletivas pelos grupos dos mais diversos recortes que comp\u00f5em a comunidade.<\/p>\n<p>\u00a0<\/p>\n<p>\u00a0<\/p>\n<p>\u00a0<\/p>\n<\/div><\/div><\/div><div class=\"ea-card  sp-ea-single\"><h3 class=\"ea-header\"><a class=\"collapsed\" data-sptoggle=\"spcollapse\" data-sptarget=#collapse2783 href=\"javascript:void(0)\" aria-expanded=\"false\"><i class=\"ea-expand-icon fa fa-plus\"><\/i> Recebimento de propostas das unidades (at\u00e9 4 de setembro)<\/a><\/h3><div class=\"sp-collapse spcollapse spcollapse\" id=\"collapse2783\" data-parent=#sp-ea-278><div class=\"ea-body\"><p>Cada unidade acad\u00eamica ou\u00a0administrativas\u00a0dever\u00e1 fomentar uma discuss\u00e3o interna sobre o PDI, de forma a contribuir com sua perspectiva na formula\u00e7\u00e3o do documento final. \u00c9 recomend\u00e1vel que a estrutura formal pela qual se organiza a UFMG, incluindo cursos, departamentos, Congrega\u00e7\u00f5es, seja mobilizada na discuss\u00e3o. Espera-se assim garantir que o PDI venha a contemplar toda a diversidade de \u00e1reas abrigadas na UFMG.<\/p>\n<p>As sugest\u00f5es devem ser enviadas para <strong>pdi2024-2029@ufmg.br <\/strong>at\u00e9 o dia 4 de setembro de 2023.<\/p>\n<\/div><\/div><\/div><div class=\"ea-card  sp-ea-single\"><h3 class=\"ea-header\"><a class=\"collapsed\" data-sptoggle=\"spcollapse\" data-sptarget=#collapse2784 href=\"javascript:void(0)\" aria-expanded=\"false\"><i class=\"ea-expand-icon fa fa-plus\"><\/i> Entrega da vers\u00e3o final (outubro)<\/a><\/h3><div class=\"sp-collapse spcollapse spcollapse\" id=\"collapse2784\" data-parent=#sp-ea-278><div class=\"ea-body\"><p>Entrega do texto final, ap\u00f3s as contribui\u00e7\u00f5es da comunidade.<\/p>\n<\/div><\/div><\/div><div class=\"ea-card  sp-ea-single\"><h3 class=\"ea-header\"><a class=\"collapsed\" data-sptoggle=\"spcollapse\" data-sptarget=#collapse2785 href=\"javascript:void(0)\" aria-expanded=\"false\"><i class=\"ea-expand-icon fa fa-plus\"><\/i> Tramita\u00e7\u00e3o da proposta nos Conselhos (novembro)<\/a><\/h3><div class=\"sp-collapse spcollapse spcollapse\" id=\"collapse2785\" data-parent=#sp-ea-278><div class=\"ea-body\"><p>Tramita\u00e7\u00e3o do texto final no Conselho de Ensino, Pesquisa e Extens\u00e3o e no Conselho de\u00a0Universit\u00e1rio.<\/p>\n<\/div><\/div><\/div><\/div>\n","protected":false},"excerpt":{"rendered":"","protected":false},"author":1,"featured_media":0,"parent":0,"menu_order":0,"comment_status":"closed","ping_status":"closed","template":"","meta":[],"acf":[],"_links":{"self":[{"href":"https:\/\/www.ufmg.br\/pdi\/2024-2029\/wp-json\/wp\/v2\/pages\/184"}],"collection":[{"href":"https:\/\/www.ufmg.br\/pdi\/2024-2029\/wp-json\/wp\/v2\/pages"}],"about":[{"href":"https:\/\/www.ufmg.br\/pdi\/2024-2029\/wp-json\/wp\/v2\/types\/page"}],"author":[{"embeddable":true,"href":"https:\/\/www.ufmg.br\/pdi\/2024-2029\/wp-json\/wp\/v2\/users\/1"}],"replies":[{"embeddable":true,"href":"https:\/\/www.ufmg.br\/pdi\/2024-2029\/wp-json\/wp\/v2\/comments?post=184"}],"version-history":[{"count":8,"href":"https:\/\/www.ufmg.br\/pdi\/2024-2029\/wp-json\/wp\/v2\/pages\/184\/revisions"}],"predecessor-version":[{"id":317,"href":"https:\/\/www.ufmg.br\/pdi\/2024-2029\/wp-json\/wp\/v2\/pages\/184\/revisions\/317"}],"wp:attachment":[{"href":"https:\/\/www.ufmg.br\/pdi\/2024-2029\/wp-json\/wp\/v2\/media?parent=184"}],"curies":[{"name":"wp","href":"https:\/\/api.w.org\/{rel}","templated":true}]}}