{"id":186,"date":"2023-04-12T10:31:54","date_gmt":"2023-04-12T13:31:54","guid":{"rendered":"https:\/\/www.ufmg.br\/pdi\/2024-2029\/?page_id=186"},"modified":"2023-09-15T09:49:49","modified_gmt":"2023-09-15T12:49:49","slug":"audiencias-publicas","status":"publish","type":"page","link":"https:\/\/www.ufmg.br\/pdi\/2024-2029\/audiencias-publicas\/","title":{"rendered":"Audi\u00eancias p\u00fablicas"},"content":{"rendered":"<p>As audi\u00eancias p\u00fablicas ocorreram com a participa\u00e7\u00e3o da comunidade UFMG para discuss\u00e3o das propostas enviadas para o PDI 2024-2029.<\/p>\n<p>&nbsp;<\/p>\n<p><strong>Campus Pampulha<\/strong><\/p>\n<p>30 de agosto, \u00e0s\u00a09h<\/p>\n<p>Audit\u00f3rio da reitoria<\/p>\n<p>Transmiss\u00e3o <a href=\"https:\/\/www.youtube.com\/watch?v=vndFOMfR8wc\" target=\"_blank\" rel=\"noopener\">aqui.<\/a><\/p>\n<p>&nbsp;<\/p>\n<p><strong>Campus Sa\u00fade<\/strong><\/p>\n<p>30 de agosto, \u00e0s 14h<\/p>\n<p>Audit\u00f3rio do Centro de Tecnologia em Sa\u00fade (Cetes) &#8211; 6\u00ba andar<\/p>\n<p>Transmiss\u00e3o <a href=\"https:\/\/www.youtube.com\/watch?v=a6J8KxU_jO0\" target=\"_blank\" rel=\"noopener\">aqui.<\/a><\/p>\n<p>&nbsp;<\/p>\n<p><strong>Campus Montes Claros<\/strong><\/p>\n<p>1\u00ba de setembro, \u00e0s 10h<\/p>\n<p>Audit\u00f3rio do Bloco C<\/p>\n","protected":false},"excerpt":{"rendered":"<p>As audi\u00eancias p\u00fablicas ocorreram com a participa\u00e7\u00e3o da comunidade UFMG [&hellip;]<\/p>\n","protected":false},"author":1,"featured_media":0,"parent":0,"menu_order":0,"comment_status":"closed","ping_status":"closed","template":"","meta":[],"acf":[],"_links":{"self":[{"href":"https:\/\/www.ufmg.br\/pdi\/2024-2029\/wp-json\/wp\/v2\/pages\/186"}],"collection":[{"href":"https:\/\/www.ufmg.br\/pdi\/2024-2029\/wp-json\/wp\/v2\/pages"}],"about":[{"href":"https:\/\/www.ufmg.br\/pdi\/2024-2029\/wp-json\/wp\/v2\/types\/page"}],"author":[{"embeddable":true,"href":"https:\/\/www.ufmg.br\/pdi\/2024-2029\/wp-json\/wp\/v2\/users\/1"}],"replies":[{"embeddable":true,"href":"https:\/\/www.ufmg.br\/pdi\/2024-2029\/wp-json\/wp\/v2\/comments?post=186"}],"version-history":[{"count":13,"href":"https:\/\/www.ufmg.br\/pdi\/2024-2029\/wp-json\/wp\/v2\/pages\/186\/revisions"}],"predecessor-version":[{"id":347,"href":"https:\/\/www.ufmg.br\/pdi\/2024-2029\/wp-json\/wp\/v2\/pages\/186\/revisions\/347"}],"wp:attachment":[{"href":"https:\/\/www.ufmg.br\/pdi\/2024-2029\/wp-json\/wp\/v2\/media?parent=186"}],"curies":[{"name":"wp","href":"https:\/\/api.w.org\/{rel}","templated":true}]}}