{"id":349,"date":"2024-07-22T14:48:27","date_gmt":"2024-07-22T17:48:27","guid":{"rendered":"https:\/\/www.ufmg.br\/pdi\/2024-2029\/?page_id=349"},"modified":"2024-07-30T12:35:15","modified_gmt":"2024-07-30T15:35:15","slug":"versao-final-2","status":"publish","type":"page","link":"https:\/\/www.ufmg.br\/pdi\/2024-2029\/versao-final-2\/","title":{"rendered":"Vers\u00e3o final"},"content":{"rendered":"<p>Conhe\u00e7a a vers\u00e3o completa do <a href=\"https:\/\/www.ufmg.br\/pdi\/2024-2029\/wp-content\/uploads\/2024\/07\/PDI-2024-2029_V7.pdf\" target=\"_blank\" rel=\"noopener\">Plano de Desenvolvimento Institucional 2024-2029<\/a>.<\/p>\n","protected":false},"excerpt":{"rendered":"<p>Conhe\u00e7a a vers\u00e3o completa do Plano de Desenvolvimento Institucional 2024-2029.<\/p>\n","protected":false},"author":3,"featured_media":0,"parent":0,"menu_order":0,"comment_status":"closed","ping_status":"closed","template":"","meta":[],"acf":[],"_links":{"self":[{"href":"https:\/\/www.ufmg.br\/pdi\/2024-2029\/wp-json\/wp\/v2\/pages\/349"}],"collection":[{"href":"https:\/\/www.ufmg.br\/pdi\/2024-2029\/wp-json\/wp\/v2\/pages"}],"about":[{"href":"https:\/\/www.ufmg.br\/pdi\/2024-2029\/wp-json\/wp\/v2\/types\/page"}],"author":[{"embeddable":true,"href":"https:\/\/www.ufmg.br\/pdi\/2024-2029\/wp-json\/wp\/v2\/users\/3"}],"replies":[{"embeddable":true,"href":"https:\/\/www.ufmg.br\/pdi\/2024-2029\/wp-json\/wp\/v2\/comments?post=349"}],"version-history":[{"count":5,"href":"https:\/\/www.ufmg.br\/pdi\/2024-2029\/wp-json\/wp\/v2\/pages\/349\/revisions"}],"predecessor-version":[{"id":365,"href":"https:\/\/www.ufmg.br\/pdi\/2024-2029\/wp-json\/wp\/v2\/pages\/349\/revisions\/365"}],"wp:attachment":[{"href":"https:\/\/www.ufmg.br\/pdi\/2024-2029\/wp-json\/wp\/v2\/media?parent=349"}],"curies":[{"name":"wp","href":"https:\/\/api.w.org\/{rel}","templated":true}]}}