{"id":1093,"date":"2016-06-27T14:49:54","date_gmt":"2016-06-27T17:49:54","guid":{"rendered":"https:\/\/www.ufmg.br\/periodicos\/?page_id=1093"},"modified":"2025-05-08T09:07:55","modified_gmt":"2025-05-08T12:07:55","slug":"equipe","status":"publish","type":"page","link":"https:\/\/www.ufmg.br\/periodicos\/equipe\/","title":{"rendered":"Quem somos"},"content":{"rendered":"<p><\/p>\n<p style=\"text-align: center;\"><strong>Equipe Portal de Peri\u00f3dicos UFMG<\/strong><\/p>\n<p><strong>Bibliotec\u00e1rios<\/strong><\/p>\n<p>Alexandre de Medeiros Freire &#8211; Coordenador<\/p>\n<p><a href=\"http:\/\/lattes.cnpq.br\/3996984941043786\">Carla Cristina Vieira de Oliveira<\/a><\/p>\n<p>&nbsp;<\/p>\n<p><strong>Bolsistas<\/strong><\/p>\n<p><a href=\"http:\/\/lattes.cnpq.br\/7203499012030718\">Jo\u00e3o Paulo Mantini Veras<\/a><\/p>\n<p><a href=\"http:\/\/lattes.cnpq.br\/2461914772565449\">Leticia Vit\u00f3ria de Oliveira<\/a><\/p>\n<p>&nbsp;<\/p>\n<p><strong>Coordena\u00e7\u00e3o\u00a0 Administrativa &#8211; Biblioteca Universit\u00e1ria<\/strong><\/p>\n<p>Diretora &#8211; <a href=\"http:\/\/lattes.cnpq.br\/9338705446765393\">Izabel Antonina de Ara\u00fajo<\/a><\/p>\n<p>Vice-diretor &#8211; <a href=\"http:\/\/lattes.cnpq.br\/4640927799251393\">Wellington Mar\u00e7al de Carvalho<\/a><\/p>\n<p>&nbsp;<\/p>\n<p><strong>Coordena\u00e7\u00e3o\u00a0 T\u00e9cnica &#8211;<\/strong> <a href=\"https:\/\/www.ufmg.br\/prpq\/wp-content\/uploads\/2022\/03\/CEPE-Resoluc%CC%A7a%CC%83o-09-2019-Institui-o-COGEPPE-ComitE%CC%82-Gestor-do-Portal.pdf\">Comit\u00ea Gestor do Portal de Peri\u00f3dicos (COGEPPE)<\/a><\/p>\n<p>Coordenador &#8211; <a href=\"http:\/\/lattes.cnpq.br\/2866806723847425\">Andr\u00e9s Zarankin<\/a><\/p>\n<p>SubCoordenadora &#8211; <a href=\"http:\/\/lattes.cnpq.br\/1097162372087621\">Anna Christina de Almeida<\/a><\/p>\n<p>&nbsp;<\/p>\n<p><strong>Espa\u00e7o F\u00edsico<\/strong><\/p>\n<p>Sala 408 &#8211; Biblioteca Universit\u00e1ria<\/p>\n<p>&nbsp;<\/p>\n<p><\/p>","protected":false},"excerpt":{"rendered":"<p>Equipe Portal de Peri\u00f3dicos UFMG Bibliotec\u00e1rios Alexandre de Medeiros Freire &#8211; Coordenador Carla Cristina Vieira de Oliveira &nbsp; Bolsistas Jo\u00e3o Paulo Mantini Veras Leticia Vit\u00f3ria de Oliveira &nbsp; Coordena\u00e7\u00e3o\u00a0 Administrativa &#8211; Biblioteca Universit\u00e1ria Diretora &#8211; Izabel Antonina de Ara\u00fajo Vice-diretor &#8211; Wellington Mar\u00e7al de Carvalho &nbsp; Coordena\u00e7\u00e3o\u00a0 T\u00e9cnica &#8211; Comit\u00ea Gestor do Portal de Peri\u00f3dicos [&hellip;]<\/p>\n","protected":false},"author":7,"featured_media":0,"parent":0,"menu_order":0,"comment_status":"closed","ping_status":"closed","template":"","meta":{"footnotes":""},"class_list":["post-1093","page","type-page","status-publish","hentry"],"_links":{"self":[{"href":"https:\/\/www.ufmg.br\/periodicos\/wp-json\/wp\/v2\/pages\/1093","targetHints":{"allow":["GET"]}}],"collection":[{"href":"https:\/\/www.ufmg.br\/periodicos\/wp-json\/wp\/v2\/pages"}],"about":[{"href":"https:\/\/www.ufmg.br\/periodicos\/wp-json\/wp\/v2\/types\/page"}],"author":[{"embeddable":true,"href":"https:\/\/www.ufmg.br\/periodicos\/wp-json\/wp\/v2\/users\/7"}],"replies":[{"embeddable":true,"href":"https:\/\/www.ufmg.br\/periodicos\/wp-json\/wp\/v2\/comments?post=1093"}],"version-history":[{"count":56,"href":"https:\/\/www.ufmg.br\/periodicos\/wp-json\/wp\/v2\/pages\/1093\/revisions"}],"predecessor-version":[{"id":4535,"href":"https:\/\/www.ufmg.br\/periodicos\/wp-json\/wp\/v2\/pages\/1093\/revisions\/4535"}],"wp:attachment":[{"href":"https:\/\/www.ufmg.br\/periodicos\/wp-json\/wp\/v2\/media?parent=1093"}],"curies":[{"name":"wp","href":"https:\/\/api.w.org\/{rel}","templated":true}]}}