{"id":2047,"date":"2017-05-23T14:36:03","date_gmt":"2017-05-23T17:36:03","guid":{"rendered":"https:\/\/www.ufmg.br\/periodicos\/?page_id=2047"},"modified":"2025-01-28T16:18:41","modified_gmt":"2025-01-28T19:18:41","slug":"fale-conosco-2","status":"publish","type":"page","link":"https:\/\/www.ufmg.br\/periodicos\/fale-conosco-2\/","title":{"rendered":"Contato"},"content":{"rendered":"<p><span style=\"font-weight: 400;\">Cr\u00edticas, sugest\u00f5es, d\u00favidas, servi\u00e7os: <\/span><a href=\"mailto:portalperiodicos@bu.ufmg.br\"><span style=\"font-weight: 400;\">portalperiodicos@bu.ufmg.br<\/span><\/a><\/p>","protected":false},"excerpt":{"rendered":"<p>Cr\u00edticas, sugest\u00f5es, d\u00favidas, servi\u00e7os: portalperiodicos@bu.ufmg.br<\/p>\n","protected":false},"author":13,"featured_media":0,"parent":0,"menu_order":0,"comment_status":"closed","ping_status":"closed","template":"","meta":{"footnotes":""},"class_list":["post-2047","page","type-page","status-publish","hentry"],"_links":{"self":[{"href":"https:\/\/www.ufmg.br\/periodicos\/wp-json\/wp\/v2\/pages\/2047","targetHints":{"allow":["GET"]}}],"collection":[{"href":"https:\/\/www.ufmg.br\/periodicos\/wp-json\/wp\/v2\/pages"}],"about":[{"href":"https:\/\/www.ufmg.br\/periodicos\/wp-json\/wp\/v2\/types\/page"}],"author":[{"embeddable":true,"href":"https:\/\/www.ufmg.br\/periodicos\/wp-json\/wp\/v2\/users\/13"}],"replies":[{"embeddable":true,"href":"https:\/\/www.ufmg.br\/periodicos\/wp-json\/wp\/v2\/comments?post=2047"}],"version-history":[{"count":4,"href":"https:\/\/www.ufmg.br\/periodicos\/wp-json\/wp\/v2\/pages\/2047\/revisions"}],"predecessor-version":[{"id":4517,"href":"https:\/\/www.ufmg.br\/periodicos\/wp-json\/wp\/v2\/pages\/2047\/revisions\/4517"}],"wp:attachment":[{"href":"https:\/\/www.ufmg.br\/periodicos\/wp-json\/wp\/v2\/media?parent=2047"}],"curies":[{"name":"wp","href":"https:\/\/api.w.org\/{rel}","templated":true}]}}