{"id":22,"date":"2015-05-29T19:37:31","date_gmt":"2015-05-29T19:37:31","guid":{"rendered":"https:\/\/www.ufmg.br\/periodicos\/?page_id=22"},"modified":"2021-07-19T18:04:04","modified_gmt":"2021-07-19T21:04:04","slug":"cursos","status":"publish","type":"page","link":"https:\/\/www.ufmg.br\/periodicos\/eventos-e-cursos\/","title":{"rendered":"Eventos e Cursos"},"content":{"rendered":"<p><\/p>\n<p style=\"text-align: justify;\"><span style=\"font-size: 16.0pt;\">Este espa\u00e7o \u00e9 dedicado a divulga\u00e7\u00e3o e armazenamento de cursos e eventos promovidos pelo Portal de Peri\u00f3dicos UFMG.<\/span><\/p>\n<p>&nbsp;<\/p>","protected":false},"excerpt":{"rendered":"<p>Este espa\u00e7o \u00e9 dedicado a divulga\u00e7\u00e3o e armazenamento de cursos e eventos promovidos pelo Portal de Peri\u00f3dicos UFMG. &nbsp;<\/p>\n","protected":false},"author":2,"featured_media":0,"parent":0,"menu_order":0,"comment_status":"open","ping_status":"open","template":"page-cursos.php","meta":{"footnotes":""},"class_list":["post-22","page","type-page","status-publish","hentry"],"_links":{"self":[{"href":"https:\/\/www.ufmg.br\/periodicos\/wp-json\/wp\/v2\/pages\/22","targetHints":{"allow":["GET"]}}],"collection":[{"href":"https:\/\/www.ufmg.br\/periodicos\/wp-json\/wp\/v2\/pages"}],"about":[{"href":"https:\/\/www.ufmg.br\/periodicos\/wp-json\/wp\/v2\/types\/page"}],"author":[{"embeddable":true,"href":"https:\/\/www.ufmg.br\/periodicos\/wp-json\/wp\/v2\/users\/2"}],"replies":[{"embeddable":true,"href":"https:\/\/www.ufmg.br\/periodicos\/wp-json\/wp\/v2\/comments?post=22"}],"version-history":[{"count":37,"href":"https:\/\/www.ufmg.br\/periodicos\/wp-json\/wp\/v2\/pages\/22\/revisions"}],"predecessor-version":[{"id":3906,"href":"https:\/\/www.ufmg.br\/periodicos\/wp-json\/wp\/v2\/pages\/22\/revisions\/3906"}],"wp:attachment":[{"href":"https:\/\/www.ufmg.br\/periodicos\/wp-json\/wp\/v2\/media?parent=22"}],"curies":[{"name":"wp","href":"https:\/\/api.w.org\/{rel}","templated":true}]}}