{"id":3175,"date":"2020-01-22T22:44:12","date_gmt":"2020-01-23T00:44:12","guid":{"rendered":"https:\/\/www.ufmg.br\/periodicos\/?page_id=3175"},"modified":"2025-06-09T16:46:28","modified_gmt":"2025-06-09T19:46:28","slug":"links","status":"publish","type":"page","link":"https:\/\/www.ufmg.br\/periodicos\/links\/","title":{"rendered":"Tutoriais, guias, publica\u00e7\u00f5es"},"content":{"rendered":"<p>Esta p\u00e1gina disponibiliza tutoriais, guias e manuais, publica\u00e7\u00f5es de boas pr\u00e1ticas editoriais, documentos sobre direitos autorias, documentos SciELO, publica\u00e7\u00f5es e sites de tem\u00e1ticas de interesse e produ\u00e7\u00f5es da Equipe do Portal Peri\u00f3dicos UFMG<strong><br \/>\n<\/strong><\/p>\n<p>&nbsp;<\/p>\n<p><strong>Tutoriais<\/strong><\/p>\n<p><a href=\"https:\/\/drive.google.com\/file\/d\/0B7wgAR6hpge0MlYxdmNJUERiSGc\/view?usp=sharing\">10 Passos para acessar o Relat\u00f3rio de Cita\u00e7\u00f5es na\u00a0Web of Science &#8211; Peri\u00f3dicos UFMG<\/a><\/p>\n<p><a href=\"https:\/\/drive.google.com\/file\/d\/162HnexO3KQoG6VPonMERwaKdcHVzIBNH\/view?usp=drive_link\">Orienta\u00e7\u00f5es e recomenda\u00e7\u00f5es para o correto preenchimento dos metadados no OJS<\/a><\/p>\n<p>&nbsp;<\/p>\n<p><strong>Gloss\u00e1rio<\/strong><\/p>\n<p><a href=\"https:\/\/www.latindex.org\/lat\/documentos\/Glosario_Latindex_esp.pdf?fbclid=IwAR1sc81T8I3FA2D00dJ5nxcERLfx0goM9bH_N3SnuwMNlZ1VDb0ZpTZejG0\">Gloss\u00e1rio Latindex<\/a><\/p>\n<p>&nbsp;<\/p>\n<p><strong>Guias e manuais<\/strong><\/p>\n<p><a href=\"https:\/\/www.gov.br\/ibict\/pt-br\/assuntos\/tecnologias-para-a-informacao\/ojs\/curso-aprendendo-ojs-3.3\">Curso aprendendo OJS<\/a><\/p>\n<p><a href=\"https:\/\/bibliotecadigital.mdh.gov.br\/jspui\/handle\/192\/252\">Guia do usu\u00e1rio do OJS 3 \u2013 ABEC\/2018<\/a><\/p>\n<p><a href=\"https:\/\/www.abecbrasil.org.br\/arquivos\/Guia_usuario_DOI-online3.pdf\">Guia do usu\u00e1rio do DOI &#8211; ABEC\/2016<\/a><\/p>\n<p><a href=\"http:\/\/cariniana.ibict.br\/index.php\/publicacoes\/item\/72-guia-de-preservacao-digital-de-periodicos-eletronicos-na-rede-cariniana\">Guia de Preserva\u00e7\u00e3o Digital de Peri\u00f3dicos Eletr\u00f4nicos na Rede Cariniana<\/a><\/p>\n<p><a href=\"https:\/\/wp.scielo.org\/wp-content\/uploads\/guia_errata.pdf\">Guia para registro e publica\u00e7\u00e3o de Errata<\/a><\/p>\n<p><a href=\"https:\/\/wp.scielo.org\/wp-content\/uploads\/guia_AOP.pdf\">Guia para a publica\u00e7\u00e3o avan\u00e7ada de artigos Ahead of Print (AOP) no SciELO<\/a><\/p>\n<p>&nbsp;<\/p>\n<p>&nbsp;<\/p>\n<p><strong>\u00c9tica em publica\u00e7\u00f5es cient\u00edficas e boas pr\u00e1ticas editoriais<\/strong><\/p>\n<p><a href=\"https:\/\/publicationethics.org\/\">Committee on Publication Ethics &#8211; COPE<\/a><\/p>\n<p><a href=\"http:\/\/www.fapesp.br\/boaspraticas\/\">Boas pr\u00e1ticas cient\u00edficas &#8211; FAPESP<\/a><\/p>\n<p><a href=\"http:\/\/www.anpad.org.br\/diversos\/2017\/2017_Boas_Praticas.pdf\">Boas Pr\u00e1ticas da Publica\u00e7\u00e3o Cient\u00edfica &#8211; ANPAD<\/a><\/p>\n<p><a href=\"https:\/\/doaj.org\/pt\/boaspraticas\">Princ\u00edpios de Transpar\u00eancia e Boas Pr\u00e1ticas em Publica\u00e7\u00f5es Acad\u00eamicas &#8211; COPE, DOAJ, OASPA e WAME<\/a><\/p>\n<p><strong>\u00a0<\/strong><\/p>\n<p><strong>Direitos autorais e licenciamento<\/strong><\/p>\n<p><a href=\"https:\/\/doaj.org\/rights\">Ajuda DOAJ sobre direitos autorais e licenciamento<\/a><\/p>\n<p><a href=\"https:\/\/br.creativecommons.org\/\">Creative Commons BR<\/a><\/p>\n<p><a href=\"http:\/\/www.accesoabiertoalyc.org\/declaracion-mexico-pt\/\">Declara\u00e7\u00e3o do M\u00e9xico em Favor do Ecossistema Latino-Americano de Acesso Aberto N\u00e3o Comercial &#8211; 2017<\/a><\/p>\n<p><strong>\u00a0<\/strong><\/p>\n<p><strong>Documentos SciELO<\/strong><\/p>\n<p><a href=\"https:\/\/www.scielo.br\/media\/files\/20220900-criterios-scielo-brasil.pdf\">Crit\u00e9rios, pol\u00edtica e procedimentos para a admiss\u00e3o e a perman\u00eancia de peri\u00f3dicos na Cole\u00e7\u00e3o SciELO Brasil &#8211; Setembro\/2022<\/a><\/p>\n<p><a href=\"https:\/\/www.scielo.org\/pt\/sobre-o-scielo\">Rede SciELO<\/a><\/p>\n<p><a href=\"https:\/\/www.scielo.org\/pt\/sobre-o-scielo\/metodologias-e-tecnologias\/\">Metodologias e Tecnologias: pol\u00edticas, guias e ferramentas<\/a><\/p>\n<p><a href=\"https:\/\/www.scielo.org\/pt\/sobre-o-scielo\/indicadores-bibliometricos\/\">Indicadores bibliom\u00e9tricos<\/a><\/p>\n<p><a href=\"https:\/\/www.scielo.org\/pt\/sobre-o-scielo\/bibliografia-scielo\/\">Bibliografia<\/a><\/p>\n<p><a href=\"http:\/\/eventos.scielo.org\/\">Eventos: SciELO 10, SciELO 15, SciELO 20 Anos e outros<\/a><\/p>\n<p><a href=\"https:\/\/www.scielo.org\/pt\/sobre-o-scielo\/comunicados-oficiais\/\">Comunicados oficiais<\/a><\/p>\n<p><a href=\"https:\/\/wp.scielo.org\/wp-content\/uploads\/Modelo_SciELO.pdf\">Modelo de publica\u00e7\u00e3o eletr\u00f4nica para pa\u00edses em desenvolvimento<\/a><\/p>\n<p><a href=\"https:\/\/www.scielo.org\/pt\/sobre-o-scielo\/declaracao-de-acesso-aberto\/\">Declara\u00e7\u00e3o de Acesso Aberto<\/a><\/p>\n<p>&nbsp;<\/p>\n<p><strong>\u00a0<\/strong><strong>Publica\u00e7\u00f5es e sites de tem\u00e1ticas de interesse<\/strong><\/p>\n<p><a href=\"https:\/\/bibliotecadigital.fgv.br\/dspace\/bitstream\/handle\/10438\/11461\/O%20que%20%c3%a9%20Creative%20Commons.pdf?sequence=1&amp;isAllowed=y\">O que \u00e9 Creative Commons?<\/a><\/p>\n<p><a href=\"https:\/\/www.abecbrasil.org.br\/arquivos\/Ciencia_aberta_editores_cientificos_Ebook.pdf\">Ci\u00eancia aberta para editores cient\u00edficos \u2013 ABEC\/2019<\/a><\/p>\n<p><a href=\"https:\/\/www.abecbrasil.org.br\/novo\/\">Associa\u00e7\u00e3o Brasileira de Editores Cient\u00edficos &#8211; ABEC<\/a><\/p>\n<p><a href=\"https:\/\/blog.scielo.org\/\">Blog SciELO em Perspectiva<\/a><\/p>\n<p><a href=\"https:\/\/sucupira.capes.gov.br\/sucupira\/public\/consultas\/coleta\/veiculoPublicacaoQualis\/listaConsultaGeralPeriodicos.jsf\">Plataforma Sucupira &#8211; Qualis<\/a><\/p>\n<p>&nbsp;<\/p>\n<p><strong>Produ\u00e7\u00f5es Equipe Portal de Peri\u00f3dicos<\/strong><\/p>\n<p>OLIVEIRA, Carla Cristina Vieira de. <a href=\"https:\/\/edicic2016.eci.ufmg.br\/anais\/index.html#modal\">Portal de peri\u00f3dicos da UFMG:<\/a> aspectos de visibilidade dos peri\u00f3dicos cient\u00edficos. In: EDICIC, 2016. Anais&#8230; Belo Horizonte: ECI, 2016. Dispon\u00edvel em: https:\/\/edicic2016.eci.ufmg.br\/anais\/index.html#modal<\/p>\n<p>CIRINO, S\u00e9rgio Dias et al. <a href=\"http:\/\/ocs.abecbrasil.org.br\/index.php\/WEC\/ixwec\/paper\/viewFile\/124\/129\">Capacita\u00e7\u00e3o de Editores e Equipe Editorial na UFMG<\/a> . In: WORKSHOP<br \/>\nDE EDITORA\u00c7\u00c3O CIENT\u00cdFICA, 9., 2016, S\u00e3o Paulo. <strong>Anais&#8230;<\/strong> S\u00e3o Paulo: Associa\u00e7\u00e3o Brasileira de Editores Cient\u00edficos, 2016. p. 49-53. DOI: http:\/\/dx.doi.org\/10.21452\/wec.IXwec.2016.0010<\/p>\n<p>OLIVEIRA, Carla; PASTORINI, Vanessa. <a href=\"https:\/\/www.youtube.com\/watch?v=Crpr-od_Tmg\">Portais de Peri\u00f3dicos cient\u00edficos:<\/a> aspectos de visibilidade e institucionalidade. In:\u00a0 A Ci\u00eancia Aberta: o contributo da Ci\u00eancia da Informa\u00e7\u00e3o, 7,\u00a0 2017. <strong>Anais&#8230;<\/strong> Coimbra: Encontro Ib\u00e9rico EDICIC, 2017. p. 156. Dispon\u00edvel em: https:\/\/dialnet.unirioja.es\/servlet\/articulo?codigo=6598970<\/p>\n<p>ARAUJO, Ronaldo Ferreira de et al.<a href=\"http:\/\/www.seer.ufal.br\/index.php\/cir\/article\/view\/4256\">Aten\u00e7\u00e3o Online de Artigos do Portal Peri\u00f3dicos UFMG: <\/a>an\u00e1lise dos dados do Facebook. <strong>Ciencia da Informa\u00e7\u00e3o em revista<\/strong>, v. 5, n.esp., Abecmeeting.2018. DOI: https:\/\/doi.org\/10.21452\/23580763.2018.5ne.25-36<\/p>\n<p>OLIVEIRA, Carla Cristina Vieira de, OLIVEIRA, Bruno Fernandes Magalh\u00e3es de, SOUZA,<br \/>\nTerezinha de F\u00e1tima Carvalho de.<a href=\"http:\/\/ocs.abecbrasil.org.br\/index.php\/abec-meeting\/abecmeeting2020\/paper\/viewFile\/235\/275\"> A an\u00e1lise dos metadados dos artigos dos peri\u00f3dicos vinculados<\/a><br \/>\nao Portal de Peri\u00f3dicos UFMG. In: ABEC Meeting Live, 2020. <strong>Anais&#8230;<\/strong> S\u00e3o Paulo: Associa\u00e7\u00e3o<br \/>\nBrasileira de Editores Cient\u00edficos, 2020. DOI: http:\/\/dx.doi.org\/10.21452\/abecmeeting2020.08<\/p>\n<p>&nbsp;<\/p>\n<p><a href=\"https:\/\/pt.slideshare.net\/PeriodicosUFMG2015\/1ciclo-de-formao-de-editores-critrios-para-indexao-em-bases-de-dados\">Slides do I Ciclo de Forma\u00e7\u00e3o dos Editores<\/a><\/p>\n<p><a href=\"https:\/\/drive.google.com\/file\/d\/1k2upifokc_EUv1lJ0qdoVJga2pBILHfA\/view?usp=sharing\">Slide da Reuni\u00e3o de Editores sobre os Crit\u00e9rios de Relev\u00e2ncia &#8211; 17 de Agosto de 2021<\/a><\/p>","protected":false},"excerpt":{"rendered":"<p>Esta p\u00e1gina disponibiliza tutoriais, guias e manuais, publica\u00e7\u00f5es de boas pr\u00e1ticas editoriais, documentos sobre direitos autorias, documentos SciELO, publica\u00e7\u00f5es e sites de tem\u00e1ticas de interesse e produ\u00e7\u00f5es da Equipe do Portal Peri\u00f3dicos UFMG &nbsp; Tutoriais 10 Passos para acessar o Relat\u00f3rio de Cita\u00e7\u00f5es na\u00a0Web of Science &#8211; Peri\u00f3dicos UFMG Orienta\u00e7\u00f5es e recomenda\u00e7\u00f5es para o correto [&hellip;]<\/p>\n","protected":false},"author":40,"featured_media":0,"parent":0,"menu_order":0,"comment_status":"closed","ping_status":"closed","template":"","meta":{"footnotes":""},"class_list":["post-3175","page","type-page","status-publish","hentry"],"_links":{"self":[{"href":"https:\/\/www.ufmg.br\/periodicos\/wp-json\/wp\/v2\/pages\/3175","targetHints":{"allow":["GET"]}}],"collection":[{"href":"https:\/\/www.ufmg.br\/periodicos\/wp-json\/wp\/v2\/pages"}],"about":[{"href":"https:\/\/www.ufmg.br\/periodicos\/wp-json\/wp\/v2\/types\/page"}],"author":[{"embeddable":true,"href":"https:\/\/www.ufmg.br\/periodicos\/wp-json\/wp\/v2\/users\/40"}],"replies":[{"embeddable":true,"href":"https:\/\/www.ufmg.br\/periodicos\/wp-json\/wp\/v2\/comments?post=3175"}],"version-history":[{"count":37,"href":"https:\/\/www.ufmg.br\/periodicos\/wp-json\/wp\/v2\/pages\/3175\/revisions"}],"predecessor-version":[{"id":4565,"href":"https:\/\/www.ufmg.br\/periodicos\/wp-json\/wp\/v2\/pages\/3175\/revisions\/4565"}],"wp:attachment":[{"href":"https:\/\/www.ufmg.br\/periodicos\/wp-json\/wp\/v2\/media?parent=3175"}],"curies":[{"name":"wp","href":"https:\/\/api.w.org\/{rel}","templated":true}]}}