{"id":4214,"date":"2022-07-11T17:33:08","date_gmt":"2022-07-11T20:33:08","guid":{"rendered":"https:\/\/www.ufmg.br\/periodicos\/?page_id=4214"},"modified":"2022-07-11T20:28:43","modified_gmt":"2022-07-11T23:28:43","slug":"nao-correntes","status":"publish","type":"page","link":"https:\/\/www.ufmg.br\/periodicos\/nao-correntes\/","title":{"rendered":"N\u00e3o-Correntes"},"content":{"rendered":"<p><strong><a href=\"https:\/\/periodicos.ufmg.br\/index.php\/revele\">Revele: Revista Virtual dos Estudantes de Letras<\/a><\/strong>\u00a0(ano da \u00faltima publica\u00e7\u00e3o: 2015)<\/p>\n<p>Objetivo de contribuir com a divulga\u00e7\u00e3o dos trabalhos de pesquisa lingu\u00edstica e liter\u00e1ria que vem sendo realizados por alunos de p\u00f3s-gradua\u00e7\u00e3o (doutorado e mestrado) e de gradua\u00e7\u00e3o de cursos de Letras.<\/p>\n<p style=\"padding-left: 30px;\"><a href=\"https:\/\/www.ufmg.br\/periodicos\/wp-content\/files\/2022\/07\/Revele2.png\"><img loading=\"lazy\" decoding=\"async\" class=\"alignnone size-medium wp-image-4249\" src=\"https:\/\/www.ufmg.br\/periodicos\/wp-content\/files\/2022\/07\/Revele2-300x120.png\" alt=\"\" width=\"300\" height=\"120\" srcset=\"https:\/\/www.ufmg.br\/periodicos\/wp-content\/files\/2022\/07\/Revele2-300x120.png 300w, https:\/\/www.ufmg.br\/periodicos\/wp-content\/files\/2022\/07\/Revele2.png 463w\" sizes=\"auto, (max-width: 300px) 100vw, 300px\" \/><\/a><\/p>\n<p>&nbsp;<\/p>\n<p><a href=\"https:\/\/periodicos.ufmg.br\/index.php\/tabebuia\"><strong>Tabebuia<\/strong><\/a>\u00a0(ano da \u00faltima publica\u00e7\u00e3o: 2012)<\/p>\n<p>Peri\u00f3dico do Curso de Forma\u00e7\u00e3o Intercultural de Educadores Ind\u00edgenas da Universidade Federal de Minas Gerais.<\/p>\n<p style=\"padding-left: 30px;\"><a href=\"https:\/\/www.ufmg.br\/periodicos\/wp-content\/files\/2022\/07\/tebebuia.jpg\"><img loading=\"lazy\" decoding=\"async\" class=\"alignnone size-full wp-image-4230\" src=\"https:\/\/www.ufmg.br\/periodicos\/wp-content\/files\/2022\/07\/tebebuia.jpg\" alt=\"\" width=\"280\" height=\"58\" \/><\/a><\/p>\n<p>&nbsp;<\/p>\n<p><a href=\"https:\/\/periodicos.ufmg.br\/index.php\/teia\"><strong>Teia: Revista Liter\u00e1ria dos Estudantes de Letras<\/strong><\/a>\u00a0(ano da \u00faltima publica\u00e7\u00e3o: 2012)<\/p>\n<p>Revista destinada \u00e0 divulga\u00e7\u00e3o de textos liter\u00e1rios do corpo discente da Faculdade de Letras da Universidade Federal de Minas Gerais (Brasil), publicada entre 2011 e 2012.<\/p>\n<p style=\"padding-left: 30px;\"><a href=\"https:\/\/www.ufmg.br\/periodicos\/wp-content\/files\/2022\/07\/Teia.jpg\"><img loading=\"lazy\" decoding=\"async\" class=\"alignnone size-medium wp-image-4232\" src=\"https:\/\/www.ufmg.br\/periodicos\/wp-content\/files\/2022\/07\/Teia-300x89.jpg\" alt=\"\" width=\"300\" height=\"89\" srcset=\"https:\/\/www.ufmg.br\/periodicos\/wp-content\/files\/2022\/07\/Teia-300x89.jpg 300w, https:\/\/www.ufmg.br\/periodicos\/wp-content\/files\/2022\/07\/Teia.jpg 446w\" sizes=\"auto, (max-width: 300px) 100vw, 300px\" \/><\/a><\/p>\n<p>&nbsp;<\/p>\n<p><strong><a href=\"https:\/\/periodicos.ufmg.br\/index.php\/txt\">Revista Txt: Leituras Transdisciplinares de Telas e Textos<\/a><\/strong>\u00a0(ano da \u00faltima publica\u00e7\u00e3o: 2010)<\/p>\n<p>Revista semestral vinculada ao Programa de Ensino, Pesquisa e Extens\u00e3o A tela e o texto da Faculdade de Letras da Universidade Federal de Minas Gerais (Brasil), publicada entre 2005 e 2010.<\/p>\n<p style=\"padding-left: 30px;\"><a href=\"https:\/\/www.ufmg.br\/periodicos\/wp-content\/files\/2022\/07\/txt.png\"><img loading=\"lazy\" decoding=\"async\" class=\"alignnone size-medium wp-image-4228\" src=\"https:\/\/www.ufmg.br\/periodicos\/wp-content\/files\/2022\/07\/txt-212x300.png\" alt=\"\" width=\"212\" height=\"300\" srcset=\"https:\/\/www.ufmg.br\/periodicos\/wp-content\/files\/2022\/07\/txt-212x300.png 212w, https:\/\/www.ufmg.br\/periodicos\/wp-content\/files\/2022\/07\/txt.png 476w\" sizes=\"auto, (max-width: 212px) 100vw, 212px\" \/><\/a><\/p>\n<p>&nbsp;<\/p>\n<p><a href=\"https:\/\/periodicos.ufmg.br\/index.php\/margens_margenes\"><strong>Margens \/ M\u00e1rgenes: Revista de Cultura<\/strong><\/a>\u00a0(ano da \u00faltima publica\u00e7\u00e3o: 2007)<\/p>\n<p style=\"padding-left: 30px;\"><a href=\"https:\/\/www.ufmg.br\/periodicos\/wp-content\/files\/2022\/07\/Margens.png\"><img loading=\"lazy\" decoding=\"async\" class=\"alignnone size-medium wp-image-4227\" src=\"https:\/\/www.ufmg.br\/periodicos\/wp-content\/files\/2022\/07\/Margens-205x300.png\" alt=\"\" width=\"205\" height=\"300\" srcset=\"https:\/\/www.ufmg.br\/periodicos\/wp-content\/files\/2022\/07\/Margens-205x300.png 205w, https:\/\/www.ufmg.br\/periodicos\/wp-content\/files\/2022\/07\/Margens.png 465w\" sizes=\"auto, (max-width: 205px) 100vw, 205px\" \/><\/a><\/p>\n<p>&nbsp;<\/p>\n<p><strong><a href=\"https:\/\/periodicos.ufmg.br\/index.php\/cadernos_pesquisa\">Cadernos de Pesquisa<\/a><\/strong>\u00a0(ano da \u00faltima publica\u00e7\u00e3o: 1996)<\/p>\n<p style=\"padding-left: 30px;\"><a href=\"https:\/\/www.ufmg.br\/periodicos\/wp-content\/files\/2022\/07\/Cadernos1.png\"><img loading=\"lazy\" decoding=\"async\" class=\"alignnone size-medium wp-image-4250\" src=\"https:\/\/www.ufmg.br\/periodicos\/wp-content\/files\/2022\/07\/Cadernos1-300x120.png\" alt=\"\" width=\"300\" height=\"120\" srcset=\"https:\/\/www.ufmg.br\/periodicos\/wp-content\/files\/2022\/07\/Cadernos1-300x120.png 300w, https:\/\/www.ufmg.br\/periodicos\/wp-content\/files\/2022\/07\/Cadernos1.png 463w\" sizes=\"auto, (max-width: 300px) 100vw, 300px\" \/><\/a><\/p>\n<p>&nbsp;<\/p>\n<p><a href=\"https:\/\/periodicos.ufmg.br\/index.php\/reb\"><strong>Revista da Escola de Biblioteconomia da UFMG<\/strong><\/a>\u00a0(ano da \u00faltima publica\u00e7\u00e3o: 1995)<\/p>\n<p style=\"padding-left: 30px;\"><a href=\"https:\/\/www.ufmg.br\/periodicos\/wp-content\/files\/2022\/07\/REBCapa.png\"><img loading=\"lazy\" decoding=\"async\" class=\"alignnone size-medium wp-image-4243\" src=\"https:\/\/www.ufmg.br\/periodicos\/wp-content\/files\/2022\/07\/REBCapa-300x72.png\" alt=\"\" width=\"300\" height=\"72\" srcset=\"https:\/\/www.ufmg.br\/periodicos\/wp-content\/files\/2022\/07\/REBCapa-300x72.png 300w, https:\/\/www.ufmg.br\/periodicos\/wp-content\/files\/2022\/07\/REBCapa.png 742w\" sizes=\"auto, (max-width: 300px) 100vw, 300px\" \/><\/a><\/p>\n<p>&nbsp;<\/p>\n<p><a href=\"https:\/\/periodicos.ufmg.br\/index.php\/literaria_corpo_discente\"><strong>Revista Liter\u00e1ria do Corpo Discente da Universidade Federal de Minas Gerais<\/strong><\/a>\u00a0(ano da \u00faltima publica\u00e7\u00e3o: 1995)<\/p>\n<p style=\"padding-left: 30px;\"><a href=\"https:\/\/www.ufmg.br\/periodicos\/wp-content\/files\/2022\/07\/RL.jpg\"><img loading=\"lazy\" decoding=\"async\" class=\"alignnone size-medium wp-image-4218\" src=\"https:\/\/www.ufmg.br\/periodicos\/wp-content\/files\/2022\/07\/RL-245x300.jpg\" alt=\"\" width=\"245\" height=\"300\" srcset=\"https:\/\/www.ufmg.br\/periodicos\/wp-content\/files\/2022\/07\/RL-245x300.jpg 245w, https:\/\/www.ufmg.br\/periodicos\/wp-content\/files\/2022\/07\/RL.jpg 360w\" sizes=\"auto, (max-width: 245px) 100vw, 245px\" \/><\/a><\/p>\n<p>&nbsp;<\/p>\n<p><strong><a href=\"https:\/\/periodicos.ufmg.br\/index.php\/cltl\">Cadernos de Lingu\u00edstica e Teoria da Literatura<\/a><\/strong>\u00a0(ano da \u00faltima publica\u00e7\u00e3o: 1994)<\/p>\n<p>Revista do antigo Departamento de Lingu\u00edstica e Teoria da Literatura da Faculdade de Letras da Universidade Federal de Minas Gerais, publicada entre 1978 e 1994.<\/p>\n<p style=\"padding-left: 30px;\"><a href=\"https:\/\/www.ufmg.br\/periodicos\/wp-content\/files\/2022\/07\/CLTL1.png\"><img loading=\"lazy\" decoding=\"async\" class=\"alignnone size-medium wp-image-4237\" src=\"https:\/\/www.ufmg.br\/periodicos\/wp-content\/files\/2022\/07\/CLTL1-210x300.png\" alt=\"\" width=\"210\" height=\"300\" srcset=\"https:\/\/www.ufmg.br\/periodicos\/wp-content\/files\/2022\/07\/CLTL1-210x300.png 210w, https:\/\/www.ufmg.br\/periodicos\/wp-content\/files\/2022\/07\/CLTL1.png 431w\" sizes=\"auto, (max-width: 210px) 100vw, 210px\" \/><\/a><\/p>\n<p>&nbsp;<\/p>\n<p><strong><a href=\"https:\/\/periodicos.ufmg.br\/index.php\/germanicos\">Estudos Germ\u00e2nicos<\/a><\/strong>\u00a0(ano da \u00faltima publica\u00e7\u00e3o: 1989)<\/p>\n<p>Revista do antigo Departamento de Letras Germ\u00e2nicas da Faculdade de Letras da Universidade Federal de Minas Gerais(Brasil), publicada entre 1980 e 1989.<\/p>\n<p style=\"padding-left: 30px;\"><a href=\"https:\/\/www.ufmg.br\/periodicos\/wp-content\/files\/2022\/07\/EG.png\"><img loading=\"lazy\" decoding=\"async\" class=\"alignnone size-medium wp-image-4225\" src=\"https:\/\/www.ufmg.br\/periodicos\/wp-content\/files\/2022\/07\/EG-196x300.png\" alt=\"\" width=\"196\" height=\"300\" srcset=\"https:\/\/www.ufmg.br\/periodicos\/wp-content\/files\/2022\/07\/EG-196x300.png 196w, https:\/\/www.ufmg.br\/periodicos\/wp-content\/files\/2022\/07\/EG.png 449w\" sizes=\"auto, (max-width: 196px) 100vw, 196px\" \/><\/a><\/p>\n<p>&nbsp;<\/p>\n<p><strong><a href=\"https:\/\/periodicos.ufmg.br\/index.php\/literatura_filologia\">Ensaios de Literatura e Filologia<\/a><\/strong>\u00a0(ano da \u00faltima publica\u00e7\u00e3o: 1987)<\/p>\n<p>Revista do antigo Departamento de Letras Cl\u00e1ssicas da Faculdade de Letras da Universidade Federal de Minas Gerais (Brasil), publicada entre 1978 e 1987.<\/p>\n<p style=\"padding-left: 30px;\"><a href=\"https:\/\/www.ufmg.br\/periodicos\/wp-content\/files\/2022\/07\/ELF1.png\"><img loading=\"lazy\" decoding=\"async\" class=\"alignnone size-medium wp-image-4238\" src=\"https:\/\/www.ufmg.br\/periodicos\/wp-content\/files\/2022\/07\/ELF1-200x300.png\" alt=\"\" width=\"200\" height=\"300\" srcset=\"https:\/\/www.ufmg.br\/periodicos\/wp-content\/files\/2022\/07\/ELF1-200x300.png 200w, https:\/\/www.ufmg.br\/periodicos\/wp-content\/files\/2022\/07\/ELF1.png 423w\" sizes=\"auto, (max-width: 200px) 100vw, 200px\" \/><\/a><\/p>\n<p>&nbsp;<\/p>\n<p><a href=\"https:\/\/periodicos.ufmg.br\/index.php\/lingua_portuguesa\"><strong>Revista de Estudos de L\u00edngua Portuguesa<\/strong><\/a>\u00a0(ano da \u00faltima publica\u00e7\u00e3o: 1987)<\/p>\n<p>Revista do antigo Departamento de Letras Vern\u00e1culas da Faculdade de Letras da Universidade Federal de Minas Gerais\u00a0(Brasil), publicada entre 1982 e 1987.<\/p>\n<p style=\"padding-left: 30px;\"><a href=\"https:\/\/www.ufmg.br\/periodicos\/wp-content\/files\/2022\/07\/RELP.png\"><img loading=\"lazy\" decoding=\"async\" class=\"alignnone size-medium wp-image-4226\" src=\"https:\/\/www.ufmg.br\/periodicos\/wp-content\/files\/2022\/07\/RELP-241x300.png\" alt=\"\" width=\"241\" height=\"300\" srcset=\"https:\/\/www.ufmg.br\/periodicos\/wp-content\/files\/2022\/07\/RELP-241x300.png 241w, https:\/\/www.ufmg.br\/periodicos\/wp-content\/files\/2022\/07\/RELP.png 528w\" sizes=\"auto, (max-width: 241px) 100vw, 241px\" \/><\/a><\/p>\n<p>&nbsp;<\/p>\n<p><strong><a href=\"https:\/\/periodicos.ufmg.br\/index.php\/phasis\">Phasis<\/a><\/strong>\u00a0(ano da \u00faltima publica\u00e7\u00e3o: 1979)<\/p>\n<p>Estudos camonianos das comemora\u00e7\u00f5es do IV Centen\u00e1rio da publica\u00e7\u00e3o de Os Lus\u00edadas, publicados em 1973.<\/p>\n<p style=\"padding-left: 30px;\"><a href=\"https:\/\/www.ufmg.br\/periodicos\/wp-content\/files\/2022\/07\/Phasis1.png\"><img loading=\"lazy\" decoding=\"async\" class=\"alignnone size-medium wp-image-4236\" src=\"https:\/\/www.ufmg.br\/periodicos\/wp-content\/files\/2022\/07\/Phasis1-184x300.png\" alt=\"\" width=\"184\" height=\"300\" srcset=\"https:\/\/www.ufmg.br\/periodicos\/wp-content\/files\/2022\/07\/Phasis1-184x300.png 184w, https:\/\/www.ufmg.br\/periodicos\/wp-content\/files\/2022\/07\/Phasis1.png 378w\" sizes=\"auto, (max-width: 184px) 100vw, 184px\" \/><\/a><\/p>\n<p><\/p>","protected":false},"excerpt":{"rendered":"<p>Revele: Revista Virtual dos Estudantes de Letras\u00a0(ano da \u00faltima publica\u00e7\u00e3o: 2015) Objetivo de contribuir com a divulga\u00e7\u00e3o dos trabalhos de pesquisa lingu\u00edstica e liter\u00e1ria que vem sendo realizados por alunos de p\u00f3s-gradua\u00e7\u00e3o (doutorado e mestrado) e de gradua\u00e7\u00e3o de cursos de Letras. &nbsp; Tabebuia\u00a0(ano da \u00faltima publica\u00e7\u00e3o: 2012) Peri\u00f3dico do Curso de Forma\u00e7\u00e3o Intercultural de [&hellip;]<\/p>\n","protected":false},"author":40,"featured_media":0,"parent":0,"menu_order":0,"comment_status":"closed","ping_status":"closed","template":"","meta":{"footnotes":""},"class_list":["post-4214","page","type-page","status-publish","hentry"],"_links":{"self":[{"href":"https:\/\/www.ufmg.br\/periodicos\/wp-json\/wp\/v2\/pages\/4214","targetHints":{"allow":["GET"]}}],"collection":[{"href":"https:\/\/www.ufmg.br\/periodicos\/wp-json\/wp\/v2\/pages"}],"about":[{"href":"https:\/\/www.ufmg.br\/periodicos\/wp-json\/wp\/v2\/types\/page"}],"author":[{"embeddable":true,"href":"https:\/\/www.ufmg.br\/periodicos\/wp-json\/wp\/v2\/users\/40"}],"replies":[{"embeddable":true,"href":"https:\/\/www.ufmg.br\/periodicos\/wp-json\/wp\/v2\/comments?post=4214"}],"version-history":[{"count":19,"href":"https:\/\/www.ufmg.br\/periodicos\/wp-json\/wp\/v2\/pages\/4214\/revisions"}],"predecessor-version":[{"id":4255,"href":"https:\/\/www.ufmg.br\/periodicos\/wp-json\/wp\/v2\/pages\/4214\/revisions\/4255"}],"wp:attachment":[{"href":"https:\/\/www.ufmg.br\/periodicos\/wp-json\/wp\/v2\/media?parent=4214"}],"curies":[{"name":"wp","href":"https:\/\/api.w.org\/{rel}","templated":true}]}}