{"id":49,"date":"2015-08-26T12:31:11","date_gmt":"2015-08-26T15:31:11","guid":{"rendered":"https:\/\/www.ufmg.br\/periodicos\/?page_id=49"},"modified":"2025-05-30T10:04:14","modified_gmt":"2025-05-30T13:04:14","slug":"sobre","status":"publish","type":"page","link":"https:\/\/www.ufmg.br\/periodicos\/sobre\/","title":{"rendered":"Hist\u00f3rico"},"content":{"rendered":"<p><span style=\"font-weight: 400;\">O Portal de Peri\u00f3dicos UFMG, fruto de uma das a\u00e7\u00f5es previstas na Pol\u00edtica de Peri\u00f3dicos lan\u00e7ada em 2015, tem por objetivo\u00a0<\/span>aprimorar a qualidade e a visibilidade das publica\u00e7\u00f5es cient\u00edficas da UFMG, bem como garantir o armazenamento e a seguran\u00e7a dos dados, a preserva\u00e7\u00e3o digital e a recupera\u00e7\u00e3o da informa\u00e7\u00e3o. Sua cria\u00e7\u00e3o foi uma<span style=\"text-align: justify;\">\u00a0parceria entre a Diretoria de Produ\u00e7\u00e3o Cient\u00edfica da Pr\u00f3-Reitoria de Pesquisa (DPC-PRPq) e a Diretoria de Tecnologia da Informa\u00e7\u00e3o do Centro de Computa\u00e7\u00e3o (DTI-CECOM), o Centro de Comunica\u00e7\u00e3o (CEDECOM), a Escola de Ci\u00eancia da Informa\u00e7\u00e3o (ECI) e a Biblioteca Universit\u00e1ria (BU).<\/span><\/p>\n<p><span style=\"font-weight: 400;\">Em 2014, levantamento diagn\u00f3stico sobre os peri\u00f3dicos editados na Universidade identificou 88 deles. No entanto, no ano seguinte, foram elaborados os \u201c<a href=\"https:\/\/drive.google.com\/file\/d\/0B7wgAR6hpge0dHA2S1VsVW5nNVE\/view\">Crit\u00e9rios de Entrada e Perman\u00eancia do Portal de Peri\u00f3dicos da UFMG<\/a>\u201d, a partir dos quais foram definidos os peri\u00f3dicos que entrariam no Portal. Com estes primeiros Crit\u00e9rios, o Portal foi inaugurado com 62 peri\u00f3dicos, os quais podem ser identificados no <a href=\"https:\/\/www.ufmg.br\/periodicos\/wp-content\/files\/2015\/08\/Diret%C3%B3rio-peri%C3%B3dicos-UFMG-2.pdf\">Diret\u00f3rio<\/a>\u00a0publicado em 2016.<\/span><\/p>\n<p>Em 19 de setembro de 2019, a Pol\u00edtica de Peri\u00f3dicos da UFMG foi institu\u00edda pela\u00a0<a href=\"https:\/\/www2.ufmg.br\/sods\/content\/download\/2417\/16348\/version\/1\/file\/08+rescepe2019+-+Poli%CC%81tica+de+Perio%CC%81dicos+Cienti%CC%81ficos.pdf\" target=\"_blank\" rel=\"noopener\">Resolu\u00e7\u00e3o 08\/2019<\/a>, a qual passou a ser monitorada pelo Comit\u00ea Gestor do Portal de Peri\u00f3dicos (COGEPPE), criado pela\u00a0<a href=\"https:\/\/www2.ufmg.br\/sods\/content\/download\/2418\/16352\/version\/1\/file\/09+rescepe2019-+Comite%CC%82+Gestor+do+Portal+de+Perio%CC%81dicos.pdf\" target=\"_blank\" rel=\"noopener\">Resolu\u00e7\u00e3o 09\/2019<\/a>.<\/p>\n<p style=\"text-align: justify;\"><span style=\"font-weight: 400;\">Este Portal abriga links para os peri\u00f3dicos, bem como informa\u00e7\u00f5es sobre eles. Tamb\u00e9m funciona como uma esp\u00e9cie de blog, pois anunciamos semanalmente <a href=\"https:\/\/www.ufmg.br\/periodicos\/noticias\/\">not\u00edcias<\/a> relacionadas ao universo dos peri\u00f3dicos cient\u00edficos.\u00a0<\/span><\/p>\n<p style=\"text-align: justify;\"><span style=\"font-weight: 400;\">Al\u00e9m desta plataforma n\u00f3s estamos presentes tamb\u00e9m nas redes sociais como o\u00a0<\/span><a href=\"https:\/\/www.facebook.com\/periodicosufmg\/\"><span style=\"font-weight: 400;\">Facebook<\/span><\/a><span style=\"font-weight: 400;\"> e\u00a0<\/span><a href=\"https:\/\/twitter.com\/periodicosufmg\"><span style=\"font-weight: 400;\">Twitter<\/span><\/a><span style=\"font-weight: 400;\">.<\/span><\/p>\n<p>&nbsp;<\/p>\n<p><strong>Equipe de trabalho do Portal de Peri\u00f3dicos (2024 &#8211; &#8230;)<\/strong><\/p>\n<p>Alexandre de Medeiros Freire (Bibliotec\u00e1rio-Documentalista)<\/p>\n<p>Carla Cristina Vieira de Oliveira (Bibliotec\u00e1ria-Documentalista)<\/p>\n<p>Jo\u00e3o Paulo Mantini Veras &#8211; bolsista<\/p>\n<p>Let\u00edcia Vit\u00f3ria de Oliveira &#8211; bolsista<\/p>\n<p>&nbsp;<\/p>\n<p><strong>Equipe de trabalho do Portal de Peri\u00f3dicos (2018 &#8211; 2023 )<\/strong><\/p>\n<p>Bruno Fernandes Magalh\u00e3es de Oliveira (Bibliotec\u00e1rio-Documentalista)<\/p>\n<p>Carla Cristina Vieira de Oliveira (Bibliotec\u00e1ria-Documentalista)<\/p>\n<p>&nbsp;<\/p>\n<p><strong>Equipe de trabalho do Portal de Peri\u00f3dicos (2\/ 2017)<\/strong><\/p>\n<p>Carla Cristina Vieira de Oliveira (Bibliotec\u00e1ria-Documentalista)<\/p>\n<p>&nbsp;<\/p>\n<p><strong>Equipe de trabalho do Portal de Peri\u00f3dicos (1\/ 2017)<br \/>\n<\/strong><\/p>\n<p style=\"margin: 0cm; margin-bottom: .0001pt;\">Prof. S\u00e9rgio Dias Cirino (Diretor da Pol\u00edtica de Peri\u00f3dicos da UFMG)<\/p>\n<p style=\"margin: 0cm; margin-bottom: .0001pt;\">Carla Cristina Vieira de Oliveira (Bibliotec\u00e1ria-Documentalista)<\/p>\n<p style=\"margin: 0cm; margin-bottom: .0001pt;\">Karla Rodrigues (bolsista)<\/p>\n<p style=\"margin: 0cm; margin-bottom: .0001pt;\">Teresa Cristina Silva Pereira (bolsista)<\/p>\n<p style=\"margin: 0cm; margin-bottom: .0001pt;\">Jonas Alves dos Santos (bolsista PicJr)<\/p>\n<p style=\"margin: 0cm; margin-bottom: .0001pt;\">Vanessa Pastorini Felisberto (bolsista)<\/p>\n<p><strong>Equipe de trabalho do Portal de Peri\u00f3dicos (2\/2016)<\/strong><\/p>\n<p style=\"margin: 0cm; margin-bottom: .0001pt;\">Carla Cristina Vieira de Oliveira (Bibliotec\u00e1ria-Documentalista)<\/p>\n<p style=\"margin: 0cm; margin-bottom: .0001pt;\">Jonas Alves dos Santos (bolsista PicJr)<\/p>\n<p style=\"margin: 0cm; margin-bottom: .0001pt;\">Lindiwe Sofia Fideles (bolsista)<\/p>\n<p style=\"margin: 0cm; margin-bottom: .0001pt;\">Marcella Ximenes de Mello Boehler (bolsista)<\/p>\n<p style=\"margin: 0cm; margin-bottom: .0001pt;\">Phillip F\u00e9lix (bolsista)<\/p>\n<p>&nbsp;<\/p>\n<p style=\"margin: 0cm; margin-bottom: .0001pt;\"><strong>Equipe de trabalho do Portal de Peri\u00f3dicos (2015 &#8211; 1\/2016)<\/strong><\/p>\n<p>Prof. S\u00e9rgio Dias Cirino (Diretor da Pol\u00edtica de Peri\u00f3dicos da UFMG)<\/p>\n<p>Carla Cristina Vieira de Oliveira (Bibliotec\u00e1ria-Documentalista)<\/p>\n<p>Leandro Castella C\u00e9sar (T\u00e9cnico-administrativo)<\/p>\n<p style=\"margin: 0cm; margin-bottom: .0001pt;\">B\u00e1rbara de Oliveira Marques dos Santos (bolsista)<\/p>\n<p style=\"margin: 0cm; margin-bottom: .0001pt;\">Bruno Fernandes Magalh\u00e3es de Oliveira (bolsista)<\/p>\n<p style=\"margin: 0cm; margin-bottom: .0001pt;\">Isabelle Caroline Dami\u00e3o Chagas (bolsista)<\/p>\n<p style=\"margin: 0cm; margin-bottom: .0001pt;\">Priscila Nardy dos Santos (bolsista)<\/p>\n<p style=\"margin: 0cm; margin-bottom: .0001pt;\">Vanessa Pastorini Felisberto (bolsista)<\/p>\n<p><strong>Equipe de trabalho do Portal de Peri\u00f3dicos (2014 &#8211; 2015)<\/strong><\/p>\n<p>Prof. S\u00e9rgio Dias Cirino (Diretor da Pol\u00edtica de Peri\u00f3dicos da UFMG)<\/p>\n<p>Leandro Castella C\u00e9sar (T\u00e9cnico-administrativo)<\/p>\n<p style=\"margin: 0cm; margin-bottom: .0001pt;\">Conrado Ramos Rezende (bolsista)<\/p>\n<p style=\"margin: 0cm; margin-bottom: .0001pt;\">Flora Dilza Ngunga (bolsista)<\/p>\n<p style=\"margin: 0cm; margin-bottom: .0001pt;\">Hanna Alexandra Terrinha Motta (bolsista)<\/p>\n<p style=\"margin: 0cm; margin-bottom: .0001pt;\">Marina Naves Batista (bolsista)<\/p>\n<hr \/>\n<p style=\"text-align: left;\">Not\u00edcias divulgadas pela Universidade Federal de Minas Gerais relacionadas ao Portal de Peri\u00f3dicos UFMG<\/p>\n<p>&nbsp;<\/p>\n<p><strong><a href=\"https:\/\/ufmg.br\/comunicacao\/publicacoes\/boletim\/edicao\/2084\/a-casa-das-revistas\">A casa das revistas &#8211; Trinta publica\u00e7\u00f5es cient\u00edficas j\u00e1 migraram para a nova plataforma do Portal de Peri\u00f3dicos da UFMG<\/a><\/strong><\/p>\n<p>Boletim UFMG N\u00ba 2084 &#8211; Ano 46 &#8211; 09.12.2019<\/p>\n<p>&nbsp;<\/p>\n<p><strong><a href=\"https:\/\/ufmg.br\/comunicacao\/noticias\/campus-pampulha-recebe-6-encontro-do-sistema-de-bibliotecas-da-ufmg\">Campus Pampulha recebe 6\u00ba Encontro do Sistema de Bibliotecas da UFMG &#8211; Evento no campus Pampulha tamb\u00e9m sedia 4\u00ba Ciclo de Forma\u00e7\u00e3o de Editores<\/a><\/strong><\/p>\n<p>Site da UFMG &#8211; 9 de setembro 2019<\/p>\n<p>&nbsp;<\/p>\n<p><strong><a href=\"https:\/\/ufmg.br\/comunicacao\/noticias\/editores-discutem-politicas-para-periodicos-cientificos\">Editores discutem pol\u00edticas para peri\u00f3dicos cient\u00edficos &#8211; Terceiro ciclo de forma\u00e7\u00e3o foi promovido, nesta semana, pela Pr\u00f3-reitoria de Pesquisa<\/a><\/strong><\/p>\n<p>Site da UFMG &#8211; 22 de mar\u00e7o 2019<\/p>\n<p>&nbsp;<\/p>\n<p><strong><a href=\"https:\/\/ufmg.br\/comunicacao\/noticias\/inovacoes-do-mercado-da-informacao-serao-discutidas-em-seminario\">Inova\u00e7\u00f5es do campo da informa\u00e7\u00e3o ser\u00e3o discutidas em semin\u00e1rio &#8211; Programa\u00e7\u00e3o inclui ciclo de forma\u00e7\u00e3o de editores e mesa sobre mem\u00f3ria e patrim\u00f4nio<\/a><\/strong><\/p>\n<p>Site da UFMG &#8211; 21 de agosto 2018<\/p>\n<p>&nbsp;<\/p>\n<p><strong><a href=\"https:\/\/ufmg.br\/comunicacao\/noticias\/ciclo-de-formacao-de-editores-abordara-fator-de-impacto-de-publicacoes-cientificas\">Ciclo de Forma\u00e7\u00e3o de Editores abordar\u00e1 fator de impacto de publica\u00e7\u00f5es cient\u00edficas<\/a><\/strong><\/p>\n<p>Site da UFMG &#8211; 24 de junho 2016<\/p>\n<p>&nbsp;<\/p>\n<p><strong><a href=\"https:\/\/ufmg.br\/comunicacao\/noticias\/palestra-para-editores-sobre-visibilidade-de-periodicos-sera-na-tarde-desta-quinta\">Palestra para editores sobre visibilidade de peri\u00f3dicos ser\u00e1 na tarde desta quinta<\/a><\/strong><\/p>\n<p>Site da UFMG &#8211; 16 de junho 2016<\/p>\n<p>&nbsp;<\/p>\n<p><strong><a href=\"https:\/\/ufmg.br\/comunicacao\/noticias\/uso-da-bibliometria-para-ampliar-visibilidade-de-periodicos-sera-abordado-no-ciclo-de-formacao-de-editores\">Uso da bibliometria para ampliar visibilidade de peri\u00f3dicos ser\u00e1 abordado no ciclo de forma\u00e7\u00e3o de editores<\/a><\/strong><\/p>\n<p>Site da UFMG &#8211; 13 de junho 2016<\/p>\n<p>&nbsp;<\/p>\n<p><strong><a href=\"https:\/\/ufmg.br\/comunicacao\/noticias\/em-nova-atividade-ciclo-de-formacao-de-editores-focaliza-revisao-e-normalizacao-de-periodicos\">Em nova atividade, ciclo de forma\u00e7\u00e3o de editores focaliza revis\u00e3o e normaliza\u00e7\u00e3o de peri\u00f3dicos<\/a><\/strong><\/p>\n<p>Site da UFMG &#8211; 13 de maio 2016<\/p>\n<p>&nbsp;<\/p>\n<p><a href=\"https:\/\/ufmg.br\/comunicacao\/eventos\/segunda-palestra-do-ciclo-de-formacao-de-editores\">Segunda palestra do Ciclo de Forma\u00e7\u00e3o de Editores<\/a><\/p>\n<p>Site da UFMG &#8211; 03 de maio 2016<\/p>\n<p>&nbsp;<\/p>\n<p><strong><a href=\"https:\/\/ufmg.br\/comunicacao\/noticias\/a-ciencia-e-um-empreendimento-internacional-defende-criador-do-scielo\">A ci\u00eancia \u00e9 um empreendimento internacional, defende criador do SciELO &#8211; Abel Packer abre ciclo de forma\u00e7\u00e3o de editores, nesta quarta, com confer\u00eancia no campus Pampulha<\/a><\/strong><\/p>\n<p>Site da UFMG &#8211; 19 de abril 2016<\/p>\n<p>&nbsp;<\/p>\n<p><strong><a href=\"https:\/\/ufmg.br\/comunicacao\/publicacoes\/boletim\/edicao\/a-praca-por-ela-mesma\/o-desafio-de-publicar-com-qualidade\">O desafio de publicar com qualidade &#8211; Ciclo de qualifica\u00e7\u00e3o de editores de peri\u00f3dicos da UFMG ser\u00e1 aberto com palestra sobre as novas regras adotadas pela SciELO<\/a><\/strong><\/p>\n<p>Boletim UFMG N\u00ba 1937 &#8211; Ano 42 \u2013 18 de abril de 2016<\/p>\n<p>&nbsp;<\/p>\n<p><a href=\"https:\/\/www.youtube.com\/watch?v=ro409zRC-HM\">Pol\u00edtica de Peri\u00f3dicos UFMG &#8211;\u00a0 Entrevista para TV UFMG. 2016<\/a><\/p>\n<p>&nbsp;<\/p>\n<p><strong><u><a href=\"https:\/\/www.ufmg.br\/online\/arquivos\/041087.shtml\">Portal de Peri\u00f3dicos da UFMG promove oficina sobre redes sociais e publica\u00e7\u00f5es cient\u00edficas<\/a><\/u><\/strong><\/p>\n<p>Site da UFMG &#8211; 23 de novembro de 2015<\/p>\n<p>&nbsp;<\/p>\n<p><strong><a href=\"https:\/\/www.ufmg.br\/online\/arquivos\/040596.shtml\">Pol\u00edtica de Peri\u00f3dicos da UFMG, lan\u00e7ada hoje, privilegia excel\u00eancia e respeito \u00e0 diversidade<\/a><\/strong><\/p>\n<p>Site da UFMG &#8211; 22 de outubro de 2015<\/p>\n<p>&nbsp;<\/p>\n<p><strong><a href=\"https:\/\/www.ufmg.br\/boletim\/bol1916\/3.shtml\">O caminho da excel\u00eancia &#8211; Pol\u00edtica de Peri\u00f3dicos re\u00fane medidas para assegurar a qualidade das publica\u00e7\u00f5es cient\u00edficas editadas no \u00e2mbito da UFMG<\/a><\/strong><\/p>\n<p>Boletim UFMG N\u00ba 1916 &#8211; Ano 42 &#8211; 19.10.2015<\/p>\n<p>&nbsp;<\/p>\n<p><strong><u><a href=\"https:\/\/www.ufmg.br\/boletim\/bol1840\/3.shtml\">Chapa 2 UFMG contempor\u00e2nea<\/a><\/u><\/strong><\/p>\n<p>\u201cPretendemos [&#8230;] criar um portal dos peri\u00f3dicos cient\u00edficos da institui\u00e7\u00e3o para o gerenciamento de submiss\u00e3o, editora\u00e7\u00e3o e publica\u00e7\u00e3o, e um reposit\u00f3rio institucional para dar visibilidade \u00e0 produ\u00e7\u00e3o acad\u00eamica da UFMG\u201d.<\/p>\n<p>Boletim UFMG N\u00ba 1840 &#8211; Ano 40 &#8211; 14.10.2013.<\/p>\n<p>&nbsp;<\/p>\n<p>&nbsp;<\/p>\n<p>&nbsp;<\/p>\n<p>&nbsp;<\/p>\n<p>&nbsp;<\/p>\n<p>&nbsp;<\/p>\n<p>&nbsp;<\/p>\n<p>&nbsp;<\/p>\n<p>&nbsp;<\/p>\n<p>&nbsp;<\/p>\n<p>&nbsp;<\/p>\n<p>&nbsp;<\/p>\n<p>&nbsp;<\/p>\n<p>&nbsp;<\/p>\n<p>&nbsp;<\/p>\n<p>&nbsp;<\/p>\n<p>&nbsp;<\/p>\n<p>&nbsp;<\/p>\n<p>&nbsp;<\/p>\n<p>&nbsp;<\/p>\n<p>&nbsp;<\/p>\n<p>&nbsp;<\/p>\n<p>&nbsp;<\/p>\n<p><\/p>","protected":false},"excerpt":{"rendered":"<p>O Portal de Peri\u00f3dicos UFMG, fruto de uma das a\u00e7\u00f5es previstas na Pol\u00edtica de Peri\u00f3dicos lan\u00e7ada em 2015, tem por objetivo\u00a0aprimorar a qualidade e a visibilidade das publica\u00e7\u00f5es cient\u00edficas da UFMG, bem como garantir o armazenamento e a seguran\u00e7a dos dados, a preserva\u00e7\u00e3o digital e a recupera\u00e7\u00e3o da informa\u00e7\u00e3o. Sua cria\u00e7\u00e3o foi uma\u00a0parceria entre a [&hellip;]<\/p>\n","protected":false},"author":2,"featured_media":0,"parent":0,"menu_order":0,"comment_status":"open","ping_status":"closed","template":"","meta":{"footnotes":""},"class_list":["post-49","page","type-page","status-publish","hentry"],"_links":{"self":[{"href":"https:\/\/www.ufmg.br\/periodicos\/wp-json\/wp\/v2\/pages\/49","targetHints":{"allow":["GET"]}}],"collection":[{"href":"https:\/\/www.ufmg.br\/periodicos\/wp-json\/wp\/v2\/pages"}],"about":[{"href":"https:\/\/www.ufmg.br\/periodicos\/wp-json\/wp\/v2\/types\/page"}],"author":[{"embeddable":true,"href":"https:\/\/www.ufmg.br\/periodicos\/wp-json\/wp\/v2\/users\/2"}],"replies":[{"embeddable":true,"href":"https:\/\/www.ufmg.br\/periodicos\/wp-json\/wp\/v2\/comments?post=49"}],"version-history":[{"count":88,"href":"https:\/\/www.ufmg.br\/periodicos\/wp-json\/wp\/v2\/pages\/49\/revisions"}],"predecessor-version":[{"id":4559,"href":"https:\/\/www.ufmg.br\/periodicos\/wp-json\/wp\/v2\/pages\/49\/revisions\/4559"}],"wp:attachment":[{"href":"https:\/\/www.ufmg.br\/periodicos\/wp-json\/wp\/v2\/media?parent=49"}],"curies":[{"name":"wp","href":"https:\/\/api.w.org\/{rel}","templated":true}]}}