{"id":85,"date":"2015-08-26T14:26:34","date_gmt":"2015-08-26T14:26:34","guid":{"rendered":"https:\/\/www.ufmg.br\/periodicos\/?page_id=85"},"modified":"2017-06-29T16:12:44","modified_gmt":"2017-06-29T19:12:44","slug":"diretorio-pdf","status":"publish","type":"page","link":"https:\/\/www.ufmg.br\/periodicos\/diretorio\/","title":{"rendered":"Diret\u00f3rio"},"content":{"rendered":"<p><\/p>\n<p style=\"text-align: justify;\">O <strong>Diret\u00f3rio de Peri\u00f3dicos UFMG<\/strong> fornece diversas informa\u00e7\u00f5es sobre os 62 peri\u00f3dicos cient\u00edficos que fazem parte do Portal de Peri\u00f3dicos UFMG. Esse Diret\u00f3rio \u00e9 parte de um trabalho maior que estabeleceu, coletivamente, uma Pol\u00edtica de Peri\u00f3dicos da UFMG.<\/p>\n<p style=\"text-align: justify;\">O Diret\u00f3rio permite acesso r\u00e1pido a metadados dos peri\u00f3dicos como foco e escopo, ISSN impresso e eletr\u00f4nico, formas de contato (telefone e e-mail), endere\u00e7o de URL, periodicidade, Qualis, as bases nas quais est\u00e3o indexados, entre outros.<\/p>\n<p style=\"text-align: justify;\">A vers\u00e3o em PDF j\u00e1 est\u00e1 dispon\u00edvel aqui. Acesse!<\/p>\n<p style=\"text-align: justify;\"><a href=\"https:\/\/www.ufmg.br\/periodicos\/wp-content\/files\/2015\/08\/Diret\u00f3rio-peri\u00f3dicos-UFMG-2.pdf\">Diret\u00f3rio de peri\u00f3dicos UFMG<\/a><\/p>\n<p><\/p>","protected":false},"excerpt":{"rendered":"<p>O Diret\u00f3rio de Peri\u00f3dicos UFMG fornece diversas informa\u00e7\u00f5es sobre os 62 peri\u00f3dicos cient\u00edficos que fazem parte do Portal de Peri\u00f3dicos UFMG. Esse Diret\u00f3rio \u00e9 parte de um trabalho maior que estabeleceu, coletivamente, uma Pol\u00edtica de Peri\u00f3dicos da UFMG. O Diret\u00f3rio permite acesso r\u00e1pido a metadados dos peri\u00f3dicos como foco e escopo, ISSN impresso e eletr\u00f4nico, [&hellip;]<\/p>\n","protected":false},"author":2,"featured_media":0,"parent":0,"menu_order":0,"comment_status":"open","ping_status":"open","template":"","meta":{"footnotes":""},"class_list":["post-85","page","type-page","status-publish","hentry"],"_links":{"self":[{"href":"https:\/\/www.ufmg.br\/periodicos\/wp-json\/wp\/v2\/pages\/85","targetHints":{"allow":["GET"]}}],"collection":[{"href":"https:\/\/www.ufmg.br\/periodicos\/wp-json\/wp\/v2\/pages"}],"about":[{"href":"https:\/\/www.ufmg.br\/periodicos\/wp-json\/wp\/v2\/types\/page"}],"author":[{"embeddable":true,"href":"https:\/\/www.ufmg.br\/periodicos\/wp-json\/wp\/v2\/users\/2"}],"replies":[{"embeddable":true,"href":"https:\/\/www.ufmg.br\/periodicos\/wp-json\/wp\/v2\/comments?post=85"}],"version-history":[{"count":35,"href":"https:\/\/www.ufmg.br\/periodicos\/wp-json\/wp\/v2\/pages\/85\/revisions"}],"predecessor-version":[{"id":2179,"href":"https:\/\/www.ufmg.br\/periodicos\/wp-json\/wp\/v2\/pages\/85\/revisions\/2179"}],"wp:attachment":[{"href":"https:\/\/www.ufmg.br\/periodicos\/wp-json\/wp\/v2\/media?parent=85"}],"curies":[{"name":"wp","href":"https:\/\/api.w.org\/{rel}","templated":true}]}}