{"id":137,"date":"2016-11-18T08:58:38","date_gmt":"2016-11-18T10:58:38","guid":{"rendered":"https:\/\/www.ufmg.br\/pos\/ecologia\/?page_id=137"},"modified":"2025-06-11T14:00:23","modified_gmt":"2025-06-11T17:00:23","slug":"sobre","status":"publish","type":"page","link":"https:\/\/www.ufmg.br\/pos\/ecologia\/sobre\/","title":{"rendered":"Sobre"},"content":{"rendered":"<div id=\"pl-137\"  class=\"panel-layout\" ><div id=\"pg-137-0\"  class=\"panel-grid panel-has-style\" ><div style=\"padding: 0px 0; \" data-overlay=\"true\" data-overlay-color=\"#000000\" class=\"panel-row-style panel-row-style-for-137-0\" ><div id=\"pgc-137-0-0\"  class=\"panel-grid-cell\" ><div id=\"panel-137-0-0-0\" class=\"so-panel widget widget_sow-editor panel-first-child panel-last-child\" data-index=\"0\" ><div style=\"text-align: left;\" data-title-color=\"#443f3f\" data-headings-color=\"#443f3f\" class=\"panel-widget-style panel-widget-style-for-137-0-0-0\" ><div\n\t\t\t\n\t\t\tclass=\"so-widget-sow-editor so-widget-sow-editor-base\"\n\t\t\t\n\t\t>\n<div class=\"siteorigin-widget-tinymce textwidget\">\n\t<h1><img fetchpriority=\"high\" fetchpriority=\"high\" decoding=\"async\" class=\"wp-image-1080 size-medium aligncenter\" src=\"https:\/\/www.ufmg.br\/pos\/ecologia\/wp-content\/uploads\/2017\/10\/ECMVS_logo-site-menor-1-300x275.png\" alt=\"\" width=\"300\" height=\"275\" srcset=\"https:\/\/www.ufmg.br\/pos\/ecologia\/wp-content\/uploads\/2017\/10\/ECMVS_logo-site-menor-1-300x275.png 300w, https:\/\/www.ufmg.br\/pos\/ecologia\/wp-content\/uploads\/2017\/10\/ECMVS_logo-site-menor-1-768x703.png 768w, https:\/\/www.ufmg.br\/pos\/ecologia\/wp-content\/uploads\/2017\/10\/ECMVS_logo-site-menor-1-230x210.png 230w, https:\/\/www.ufmg.br\/pos\/ecologia\/wp-content\/uploads\/2017\/10\/ECMVS_logo-site-menor-1-350x320.png 350w, https:\/\/www.ufmg.br\/pos\/ecologia\/wp-content\/uploads\/2017\/10\/ECMVS_logo-site-menor-1-480x439.png 480w, https:\/\/www.ufmg.br\/pos\/ecologia\/wp-content\/uploads\/2017\/10\/ECMVS_logo-site-menor-1.png 825w\" sizes=\"(max-width: 300px) 100vw, 300px\" \/><\/h1>\n<p style=\"text-align: center;\">Programa de P\u00f3s Gradua\u00e7\u00e3o em Ecologia, Conserva\u00e7\u00e3o e Manejo da Vida Silvestre da Universidade Federal de Minas Gerais. O ECMVS tem como vis\u00e3o ser um programa de p\u00f3s-gradua\u00e7\u00e3o transdisciplinar, no qual docentes e discentes trabalham orientados por problemas em Ecologia e Conserva\u00e7\u00e3o.<\/p>\n<h1><b>Informa\u00e7\u00f5es gerais<\/b><\/h1>\n<p>O Programa de P\u00f3s-Gradua\u00e7\u00e3o em Ecologia, Conserva\u00e7\u00e3o e Manejo de Vida Silvestre da Universidade Federal de Minas Gerais (ECMVS) foi institu\u00eddo em 1989 como um curso interdepartamental sob a responsabilidade dos departamentos de Biologia Geral, Bot\u00e2nica e Zoologia do Instituto de Ci\u00eancias Biol\u00f3gicas da Universidade Federal de Minas Gerais (ICB\/UFMG), onde \u00e9 sediado. O ECMVS mant\u00e9m coopera\u00e7\u00e3o com os demais departamentos do ICB e com o Instituto de Geoci\u00eancias, al\u00e9m de possuir conv\u00eanios firmados com diversas institui\u00e7\u00f5es nacionais e internacionais. O curso \u00e9 administrado por um colegiado reunindo representantes dos tr\u00eas departamentos respons\u00e1veis e representantes discentes, que \u00e9 presidido por um coordenador e um subcoordenador e um funciona em um regime similar ao parlamentarismo.<\/p>\n<h1><\/h1>\n<h1><b>Escopo<\/b><\/h1>\n<p>O ECMVS tem como vis\u00e3o ser um programa de p\u00f3s-gradua\u00e7\u00e3o transdisciplinar, no qual docentes e discentes trabalham orientados por problemas em Ecologia e Conserva\u00e7\u00e3o. Nossos discentes t\u00eam a oportunidades de cursar disciplinas e desenvolver projetos focados em resolver problemas acad\u00eamicos e quest\u00f5es pr\u00e1ticas da sociedade, sendo que a grande maioria dos nossos egressos consegue se estabelecer profissionalmente em universidades, institutos de pesquisa, \u00f3rg\u00e3os do governo, organiza\u00e7\u00f5es n\u00e3o-governamentais e organiza\u00e7\u00f5es internacionais na \u00e1rea de meio ambiente.<\/p>\n<h1><\/h1>\n<h1><b>Objetivo<\/b><\/h1>\n<p>Nosso objetivo \u00e9 fazer pesquisa cient\u00edfica de n\u00edvel internacional, conectada \u00e0s principais teorias e problemas vigentes, e dar aos nossos discentes uma forma\u00e7\u00e3o cient\u00edfica s\u00f3lida, com foco em ecologia, conserva\u00e7\u00e3o e manejo, de que modo que eles possam aplicar as habilidades e conhecimentos adquiridos em diferentes setores acad\u00eamicos e n\u00e3o-acad\u00eamicos da sociedade.<\/p>\n<\/div>\n<\/div><\/div><\/div><\/div><\/div><\/div><div id=\"pg-137-1\"  class=\"panel-grid panel-has-style\" ><div class=\"siteorigin-panels-stretch panel-row-style panel-row-style-for-137-1\" style=\"background-image: url(https:\/\/www.ufmg.br\/pos\/ecologia\/wp-content\/uploads\/2016\/11\/14933908570_1004aa66ec_o.jpg);padding: 50px 0; \" data-stretch-type=\"full\" data-hasbg=\"hasbg\" data-overlay=\"true\" data-overlay-color=\"#000000\" ><div id=\"pgc-137-1-0\"  class=\"panel-grid-cell\" ><div id=\"panel-137-1-0-0\" class=\"so-panel widget widget_siteorigin-panels-builder panel-first-child panel-last-child\" data-index=\"1\" ><div style=\"text-align: left;\" data-title-color=\"#443f3f\" data-headings-color=\"#443f3f\" class=\"panel-widget-style panel-widget-style-for-137-1-0-0\" ><div id=\"pl-w602adf27bb086\"  class=\"panel-layout\" ><div id=\"pg-w602adf27bb086-0\"  class=\"panel-grid panel-has-style\" ><div style=\"padding: 100px 0; \" data-overlay=\"true\" class=\"panel-row-style panel-row-style-for-w602adf27bb086-0\" ><div id=\"pgc-w602adf27bb086-0-0\"  class=\"panel-grid-cell\" ><div id=\"panel-w602adf27bb086-0-0-0\" class=\"so-panel widget widget_siteorigin-panels-post-content panel-first-child panel-last-child\" data-index=\"0\" ><div style=\"text-align: left;\" data-title-color=\"#443f3f\" data-headings-color=\"#443f3f\" class=\"panel-widget-style panel-widget-style-for-w602adf27bb086-0-0-0\" ><\/div><\/div><\/div><\/div><\/div><\/div><\/div><\/div><\/div><\/div><\/div><div id=\"pg-137-2\"  class=\"panel-grid panel-has-style\" ><div style=\"padding: 100px 0; \" data-overlay=\"true\" class=\"panel-row-style panel-row-style-for-137-2\" ><div id=\"pgc-137-2-0\"  class=\"panel-grid-cell\" ><div id=\"panel-137-2-0-0\" class=\"so-panel widget widget_sow-editor panel-first-child panel-last-child\" data-index=\"2\" ><div style=\"text-align: left;\" data-title-color=\"#443f3f\" data-headings-color=\"#443f3f\" class=\"panel-widget-style panel-widget-style-for-137-2-0-0\" ><div\n\t\t\t\n\t\t\tclass=\"so-widget-sow-editor so-widget-sow-editor-base\"\n\t\t\t\n\t\t>\n<div class=\"siteorigin-widget-tinymce textwidget\">\n\t<h1><b>Linhas de pesquisa<\/b><\/h1>\n<p>O ECMVS possui duas linhas de pesquisa principais, que norteiam nossas atividades de pesquisa, ensino e extens\u00e3o. Os candidatos ao mestrado devem indicar em qual linha desejam concorrer, ao se inscreverem para cada processo seletivo.<\/p>\n<h2><\/h2>\n<h2><\/h2>\n<h2><b>Linha \u201cBIODIVERSIDADE E CONSERVA\u00c7\u00c3O\"<\/b><\/h2>\n<p>Esta linha de pesquisa abrange projetos relacionados \u00e0 avalia\u00e7\u00e3o e ao monitoramento da biodiversidade em diferentes n\u00edveis de organiza\u00e7\u00e3o biol\u00f3gica, a a\u00e7\u00f5es de educa\u00e7\u00e3o ambiental e capacita\u00e7\u00e3o frente aos desafios socioambientais, e a estrat\u00e9gias de conserva\u00e7\u00e3o, manejo e gest\u00e3o ambiental.<\/p>\n<h2><\/h2>\n<h2><b>Linha \u201cECOLOGIA EVOLUTIVA E INTERA\u00c7\u00d5ES\u201d<\/b><\/h2>\n<p>Esta linha de pesquisa inclui projetos relacionados \u00e0 investiga\u00e7\u00e3o de processos ecol\u00f3gicos e evolutivos geradores de padr\u00f5es ecol\u00f3gicos em diferentes escalas (organismos, popula\u00e7\u00f5es, comunidades e ecossistemas), assim como aplica\u00e7\u00f5es destes processos na conserva\u00e7\u00e3o da biodiversidade.<\/p>\n<p>&nbsp;<\/p>\n<p><img decoding=\"async\" class=\"aligncenter wp-image-1087\" src=\"https:\/\/www.ufmg.br\/pos\/ecologia\/wp-content\/uploads\/2016\/11\/nuvempalavras-300x300.png\" alt=\"nuvempalavras\" width=\"700\" height=\"700\" srcset=\"https:\/\/www.ufmg.br\/pos\/ecologia\/wp-content\/uploads\/2016\/11\/nuvempalavras-300x300.png 300w, https:\/\/www.ufmg.br\/pos\/ecologia\/wp-content\/uploads\/2016\/11\/nuvempalavras-150x150.png 150w, https:\/\/www.ufmg.br\/pos\/ecologia\/wp-content\/uploads\/2016\/11\/nuvempalavras-768x768.png 768w, https:\/\/www.ufmg.br\/pos\/ecologia\/wp-content\/uploads\/2016\/11\/nuvempalavras-1024x1024.png 1024w, https:\/\/www.ufmg.br\/pos\/ecologia\/wp-content\/uploads\/2016\/11\/nuvempalavras-830x830.png 830w, https:\/\/www.ufmg.br\/pos\/ecologia\/wp-content\/uploads\/2016\/11\/nuvempalavras-230x230.png 230w, https:\/\/www.ufmg.br\/pos\/ecologia\/wp-content\/uploads\/2016\/11\/nuvempalavras-350x350.png 350w, https:\/\/www.ufmg.br\/pos\/ecologia\/wp-content\/uploads\/2016\/11\/nuvempalavras-480x480.png 480w, https:\/\/www.ufmg.br\/pos\/ecologia\/wp-content\/uploads\/2016\/11\/nuvempalavras-45x45.png 45w\" sizes=\"(max-width: 700px) 100vw, 700px\" \/><\/p>\n<\/div>\n<\/div><\/div><\/div><\/div><\/div><\/div><div id=\"pg-137-3\"  class=\"panel-grid panel-has-style\" ><div class=\"siteorigin-panels-stretch panel-row-style panel-row-style-for-137-3\" style=\"padding: 30px 0; \" data-stretch-type=\"full\" data-overlay=\"true\" data-overlay-color=\"#000000\" ><div id=\"pgc-137-3-0\"  class=\"panel-grid-cell\" ><div id=\"panel-137-3-0-0\" class=\"so-panel widget widget_sydney_action sydney_action_widget panel-first-child panel-last-child\" data-index=\"3\" ><div style=\"text-align: left;\" data-title-color=\"#ffffff\" data-headings-color=\"#ffffff\" class=\"panel-widget-style panel-widget-style-for-137-3-0-0\" >        <div class=\"roll-promobox aside-style\">\r\n\t\t\t<div class=\"promo-wrap\">\r\n\t\t\t\t\t\t\t\t<div class=\"promo-content\">\r\n\t\t\t\t\t<h3 class=\"title\">CONFIRA AQUI AS TESES E DISSERTA\u00c7\u00d5ES PUBLICADAS PELO PROGRAMA<\/h3>\r\n\t\t\t\t<\/div>\r\n\t\t\t\t\t\t\t\t<div class=\"promo-controls\">\r\n\t\t\t\t\t<a href=\"https:\/\/www.ufmg.br\/pos\/ecologia\/teses-e-dissertacoes\/\" class=\"roll-button border\">VER<\/a>\r\n\t\t\t\t<\/div>\r\n\t\t\t<\/div>\r\n        <\/div>\r\n\t<\/div><\/div><\/div><\/div><\/div><\/div>","protected":false},"excerpt":{"rendered":"<p>Programa de P\u00f3s Gradua\u00e7\u00e3o em Ecologia, Conserva\u00e7\u00e3o e Manejo da Vida Silvestre da Universidade Federal de Minas Gerais. O ECMVS [&hellip;]<\/p>\n","protected":false},"author":1,"featured_media":0,"parent":0,"menu_order":0,"comment_status":"closed","ping_status":"closed","template":"page-templates\/page_fullwidth.php","meta":{"footnotes":""},"class_list":["post-137","page","type-page","status-publish","hentry"],"_links":{"self":[{"href":"https:\/\/www.ufmg.br\/pos\/ecologia\/wp-json\/wp\/v2\/pages\/137","targetHints":{"allow":["GET"]}}],"collection":[{"href":"https:\/\/www.ufmg.br\/pos\/ecologia\/wp-json\/wp\/v2\/pages"}],"about":[{"href":"https:\/\/www.ufmg.br\/pos\/ecologia\/wp-json\/wp\/v2\/types\/page"}],"author":[{"embeddable":true,"href":"https:\/\/www.ufmg.br\/pos\/ecologia\/wp-json\/wp\/v2\/users\/1"}],"replies":[{"embeddable":true,"href":"https:\/\/www.ufmg.br\/pos\/ecologia\/wp-json\/wp\/v2\/comments?post=137"}],"version-history":[{"count":46,"href":"https:\/\/www.ufmg.br\/pos\/ecologia\/wp-json\/wp\/v2\/pages\/137\/revisions"}],"predecessor-version":[{"id":1975,"href":"https:\/\/www.ufmg.br\/pos\/ecologia\/wp-json\/wp\/v2\/pages\/137\/revisions\/1975"}],"wp:attachment":[{"href":"https:\/\/www.ufmg.br\/pos\/ecologia\/wp-json\/wp\/v2\/media?parent=137"}],"curies":[{"name":"wp","href":"https:\/\/api.w.org\/{rel}","templated":true}]}}