{"id":145,"date":"2016-11-18T09:26:19","date_gmt":"2016-11-18T11:26:19","guid":{"rendered":"https:\/\/www.ufmg.br\/pos\/ecologia\/?page_id=145"},"modified":"2026-01-29T07:46:23","modified_gmt":"2026-01-29T10:46:23","slug":"processo-seletivo","status":"publish","type":"page","link":"https:\/\/www.ufmg.br\/pos\/ecologia\/processo-seletivo\/","title":{"rendered":"Sele\u00e7\u00f5es"},"content":{"rendered":"<div id=\"pl-145\"  class=\"panel-layout\" ><div id=\"pg-145-0\"  class=\"panel-grid panel-has-style\" ><div style=\"padding: 10px 0; \" data-overlay=\"true\" data-overlay-color=\"#000000\" class=\"panel-row-style panel-row-style-for-145-0\" ><div id=\"pgc-145-0-0\"  class=\"panel-grid-cell\" ><div id=\"panel-145-0-0-0\" class=\"so-panel widget widget_sow-editor panel-first-child panel-last-child\" data-index=\"0\" ><div style=\"text-align: left;\" data-title-color=\"#443f3f\" data-headings-color=\"#443f3f\" class=\"panel-widget-style panel-widget-style-for-145-0-0-0\" ><div\n\t\t\t\n\t\t\tclass=\"so-widget-sow-editor so-widget-sow-editor-base\"\n\t\t\t\n\t\t><h3 class=\"widget-title\">Sele\u00e7\u00f5es<\/h3>\n<div class=\"siteorigin-widget-tinymce textwidget\">\n\t<p>Voc\u00ea gostaria de se candidatar \u00e0 uma vaga como aluno no ECMVS? Veja <a href=\"https:\/\/www.ufmg.br\/pos\/ecologia\/selecoes\/\">AQUI<\/a> instru\u00e7\u00f5es sobre os processos seletivos de mestrado e doutorado em vig\u00eancia.<\/p>\n<\/div>\n<\/div><\/div><\/div><\/div><\/div><\/div><div id=\"pg-145-1\"  class=\"panel-grid panel-has-style\" ><div class=\"siteorigin-panels-stretch panel-row-style panel-row-style-for-145-1\" style=\"background-image: url(https:\/\/www.ufmg.br\/pos\/ecologia\/wp-content\/uploads\/2016\/11\/29322500354_f2026ce0d9_o.jpg);padding: 50px 0; \" data-stretch-type=\"full\" data-hasbg=\"hasbg\" data-overlay=\"true\" data-overlay-color=\"#000000\" ><div id=\"pgc-145-1-0\"  class=\"panel-grid-cell\" ><div id=\"panel-145-1-0-0\" class=\"so-panel widget widget_siteorigin-panels-builder panel-first-child panel-last-child\" data-index=\"1\" ><div style=\"text-align: left;\" data-title-color=\"#443f3f\" data-headings-color=\"#443f3f\" class=\"panel-widget-style panel-widget-style-for-145-1-0-0\" ><div id=\"pl-w63dab074f3371\"  class=\"panel-layout\" ><div id=\"pg-w63dab074f3371-0\"  class=\"panel-grid panel-has-style\" ><div style=\"padding: 100px 0; \" data-overlay=\"true\" data-overlay-color=\"#000000\" class=\"panel-row-style panel-row-style-for-w63dab074f3371-0\" ><div id=\"pgc-w63dab074f3371-0-0\"  class=\"panel-grid-cell\" ><div id=\"panel-w63dab074f3371-0-0-0\" class=\"so-panel widget widget_black-studio-tinymce widget_black_studio_tinymce panel-first-child\" data-index=\"0\" ><div style=\"text-align: left;\" data-title-color=\"#ffffff\" data-headings-color=\"#ffffff\" class=\"panel-widget-style panel-widget-style-for-w63dab074f3371-0-0-0\" ><div class=\"textwidget\"><h6 style=\"text-align: center;\"><b>MESTRADO E DOUTORADO 2023<\/b><\/h6>\n<p style=\"text-align: center;\"><a href=\"https:\/\/www.ufmg.br\/pos\/ecologia\/editais2023\/\">Clique aqui<\/a> para maiores informa\u00e7\u00f5es<\/p>\n<p style=\"text-align: center;\">sobre o processo seletivo de mestrado e doutorado 2023<\/p>\n<hr \/>\n<p style=\"text-align: center;\">\n<\/div><\/div><\/div><div id=\"panel-w63dab074f3371-0-0-1\" class=\"so-panel widget widget_sow-button panel-last-child\" data-index=\"1\" ><div style=\"text-align: left;\" data-title-color=\"#443f3f\" data-headings-color=\"#443f3f\" class=\"panel-widget-style panel-widget-style-for-w63dab074f3371-0-0-1\" ><div\n\t\t\t\n\t\t\tclass=\"so-widget-sow-button so-widget-sow-button-wire-80fe55c009f3\"\n\t\t\t\n\t\t><div class=\"ow-button-base ow-button-align-center\"\n>\n\t\t\t<a\n\t\t\t\t\thref=\"https:\/\/www.ufmg.br\/pos\/ecologia\/editais2023\/\"\n\t\t\t\t\tclass=\"sowb-button ow-icon-placement-left ow-button-hover\" \t>\n\t\t<span>\n\t\t\t\n\t\t\tVer\t\t<\/span>\n\t\t\t<\/a>\n\t<\/div>\n<\/div><\/div><\/div><\/div><\/div><\/div><\/div><\/div><\/div><\/div><\/div><\/div><div id=\"pg-145-2\"  class=\"panel-grid panel-has-style\" ><div style=\"padding: 50px 0; \" data-overlay=\"true\" data-overlay-color=\"#000000\" class=\"panel-row-style panel-row-style-for-145-2\" ><div id=\"pgc-145-2-0\"  class=\"panel-grid-cell\" ><div id=\"panel-145-2-0-0\" class=\"so-panel widget widget_sow-editor panel-first-child panel-last-child\" data-index=\"2\" ><div style=\"text-align: left;\" data-title-color=\"#443f3f\" data-headings-color=\"#443f3f\" class=\"panel-widget-style panel-widget-style-for-145-2-0-0\" ><div\n\t\t\t\n\t\t\tclass=\"so-widget-sow-editor so-widget-sow-editor-base\"\n\t\t\t\n\t\t><h3 class=\"widget-title\">Editais<\/h3>\n<div class=\"siteorigin-widget-tinymce textwidget\">\n\t<h2>Editais de sele\u00e7\u00e3o de bolsistas de p\u00f3s-doutorado<\/h2>\n<p>Nenhum edital dispon\u00edvel<\/p>\n<\/div>\n<\/div><\/div><\/div><\/div><\/div><\/div><\/div>","protected":false},"excerpt":{"rendered":"<p>Voc\u00ea gostaria de se candidatar \u00e0 uma vaga como aluno no ECMVS? Veja AQUI instru\u00e7\u00f5es sobre os processos seletivos de [&hellip;]<\/p>\n","protected":false},"author":1,"featured_media":0,"parent":0,"menu_order":0,"comment_status":"closed","ping_status":"closed","template":"page-templates\/page_fullwidth.php","meta":{"footnotes":""},"class_list":["post-145","page","type-page","status-publish","hentry"],"_links":{"self":[{"href":"https:\/\/www.ufmg.br\/pos\/ecologia\/wp-json\/wp\/v2\/pages\/145","targetHints":{"allow":["GET"]}}],"collection":[{"href":"https:\/\/www.ufmg.br\/pos\/ecologia\/wp-json\/wp\/v2\/pages"}],"about":[{"href":"https:\/\/www.ufmg.br\/pos\/ecologia\/wp-json\/wp\/v2\/types\/page"}],"author":[{"embeddable":true,"href":"https:\/\/www.ufmg.br\/pos\/ecologia\/wp-json\/wp\/v2\/users\/1"}],"replies":[{"embeddable":true,"href":"https:\/\/www.ufmg.br\/pos\/ecologia\/wp-json\/wp\/v2\/comments?post=145"}],"version-history":[{"count":66,"href":"https:\/\/www.ufmg.br\/pos\/ecologia\/wp-json\/wp\/v2\/pages\/145\/revisions"}],"predecessor-version":[{"id":2615,"href":"https:\/\/www.ufmg.br\/pos\/ecologia\/wp-json\/wp\/v2\/pages\/145\/revisions\/2615"}],"wp:attachment":[{"href":"https:\/\/www.ufmg.br\/pos\/ecologia\/wp-json\/wp\/v2\/media?parent=145"}],"curies":[{"name":"wp","href":"https:\/\/api.w.org\/{rel}","templated":true}]}}