{"id":147,"date":"2016-11-18T09:26:39","date_gmt":"2016-11-18T11:26:39","guid":{"rendered":"https:\/\/www.ufmg.br\/pos\/ecologia\/?page_id=147"},"modified":"2026-01-12T10:28:44","modified_gmt":"2026-01-12T13:28:44","slug":"regimento","status":"publish","type":"page","link":"https:\/\/www.ufmg.br\/pos\/ecologia\/regimento\/","title":{"rendered":"Regimento  &#038; Resolu\u00e7\u00f5es"},"content":{"rendered":"<div id=\"pl-147\"  class=\"panel-layout\"><div id=\"pg-147-0\"  class=\"panel-grid panel-has-style\"><div style=\"padding: 10px 0; \" data-overlay=\"true\" data-overlay-color=\"#000000\" class=\"panel-row-style panel-row-style-for-147-0\"><div id=\"pgc-147-0-0\"  class=\"panel-grid-cell\"><div id=\"panel-147-0-0-0\" class=\"so-panel widget widget_sow-editor panel-first-child panel-last-child\" data-index=\"0\"><div style=\"text-align: left;\" data-title-color=\"#443f3f\" data-headings-color=\"#443f3f\" class=\"panel-widget-style panel-widget-style-for-147-0-0-0\"><div\n\t\t\t\n\t\t\tclass=\"so-widget-sow-editor so-widget-sow-editor-base\"><h3 class=\"widget-title\">Regimento &amp; Resolu\u00e7\u00f5es<\/h3>\n<div class=\"siteorigin-widget-tinymce textwidget\">\n\t<p>Nesta p\u00e1gina voc\u00ea pode consultar os documentos oficiais produzidos pelo nosso colegiado, que regulamentam as atividades dos docentes e discentes do nosso programa, assim como os direitos e deveres dos mesmos.<\/p>\n<h2><\/h2>\n<h2><b>Regulamento<\/b><\/h2>\n<ul>\n<li>Regulamento do Programa de P\u00f3s-Gradua\u00e7\u00e3o em Ecologia, Conserva\u00e7\u00e3o e Manejo de Vida Silvestre (PDF). Publicado em 9 de mar\u00e7o de 2020. <a href=\"https:\/\/icbufmg-my.sharepoint.com\/:b:\/g\/personal\/colposecmvs_icb_ufmg_br\/EeyDueXosztDp1ByHT-QLp8BK5R6ZeACVt08hUcgjDqbVA?e=qP5Kgj\">Download<\/a><\/li>\n<\/ul>\n<h2><\/h2>\n<h2><b>Planejamento estrat\u00e9gico 2021-2028<br \/>\n<\/b><\/h2>\n<ul>\n<li>Documento do planejamento estrat\u00e9gico do PPG-ECMVS, aprovado pelo colegiado do curso (DOI: 10.5281\/zenodo.4648991). <a href=\"https:\/\/drive.google.com\/file\/d\/1Tn0sYLA4kOWyH7eysl5eg5_cXLMCNXfg\/view?usp=sharing\">Download<\/a><\/li>\n<\/ul>\n<h2><\/h2>\n<h2><b>Atas, Resolu\u00e7\u00f5es &amp; Decis\u00f5es do Colegiado<\/b><\/h2>\n<p><strong>[**NOVO] RESOLU\u00c7\u00c3O N\u00ba 01\/2025, DE 09 DE SETEMBRO DE 2025 <a href=\"https:\/\/drive.google.com\/file\/d\/1Kwme3OClWph3z88ZuiDOio8PsVHihts7\/view?usp=sharing\">CLIQUE AQUI<\/a><\/strong><\/p>\n<ul>\n<li>BAREMA DE CREDENCIAMENTO: <a href=\"https:\/\/docs.google.com\/spreadsheets\/d\/1QhwxD3G-LkXJe5q9Xg6NFHffmVYqPLIu\/edit?usp=sharing&amp;ouid=116868381841139688296&amp;rtpof=true&amp;sd=true\">CLIQUE AQUI<\/a><\/li>\n<\/ul>\n<p><strong>[**NOVO] RESOLU\u00c7\u00c3O N0 01\/2024, de 12 de novembro de 2024 - <a href=\"https:\/\/drive.google.com\/file\/d\/1QPzzrYJyAZeE6qtZGJZ3i2sWFeGWzj-K\/view?usp=sharing\">CLIQUE AQUI<\/a><\/strong><\/p><\/div><\/div><\/div><\/div><\/div><\/div><\/div><\/div><p> <a href=\"https:\/\/www.ufmg.br\/pos\/ecologia\/regimento\/#more-147\" class=\"more-link\">Leia mais<\/a><\/p>","protected":false},"excerpt":{"rendered":"<p>Nesta p\u00e1gina voc\u00ea pode consultar os documentos oficiais produzidos pelo nosso colegiado, que regulamentam as atividades dos docentes e discentes [&hellip;]<\/p>\n","protected":false},"author":1,"featured_media":0,"parent":0,"menu_order":0,"comment_status":"closed","ping_status":"closed","template":"page-templates\/page_fullwidth.php","meta":{"footnotes":""},"class_list":["post-147","page","type-page","status-publish","hentry"],"_links":{"self":[{"href":"https:\/\/www.ufmg.br\/pos\/ecologia\/wp-json\/wp\/v2\/pages\/147","targetHints":{"allow":["GET"]}}],"collection":[{"href":"https:\/\/www.ufmg.br\/pos\/ecologia\/wp-json\/wp\/v2\/pages"}],"about":[{"href":"https:\/\/www.ufmg.br\/pos\/ecologia\/wp-json\/wp\/v2\/types\/page"}],"author":[{"embeddable":true,"href":"https:\/\/www.ufmg.br\/pos\/ecologia\/wp-json\/wp\/v2\/users\/1"}],"replies":[{"embeddable":true,"href":"https:\/\/www.ufmg.br\/pos\/ecologia\/wp-json\/wp\/v2\/comments?post=147"}],"version-history":[{"count":39,"href":"https:\/\/www.ufmg.br\/pos\/ecologia\/wp-json\/wp\/v2\/pages\/147\/revisions"}],"predecessor-version":[{"id":2613,"href":"https:\/\/www.ufmg.br\/pos\/ecologia\/wp-json\/wp\/v2\/pages\/147\/revisions\/2613"}],"wp:attachment":[{"href":"https:\/\/www.ufmg.br\/pos\/ecologia\/wp-json\/wp\/v2\/media?parent=147"}],"curies":[{"name":"wp","href":"https:\/\/api.w.org\/{rel}","templated":true}]}}