{"id":152,"date":"2016-11-18T09:29:11","date_gmt":"2016-11-18T11:29:11","guid":{"rendered":"https:\/\/www.ufmg.br\/pos\/ecologia\/?page_id=152"},"modified":"2025-08-14T10:21:04","modified_gmt":"2025-08-14T13:21:04","slug":"informacoes","status":"publish","type":"page","link":"https:\/\/www.ufmg.br\/pos\/ecologia\/informacoes\/","title":{"rendered":"Informa\u00e7\u00f5es"},"content":{"rendered":"<div id=\"pl-152\"  class=\"panel-layout\" ><div id=\"pg-152-0\"  class=\"panel-grid panel-has-style\" ><div style=\"padding: 10px 0; \" data-overlay=\"true\" data-overlay-color=\"#000000\" class=\"panel-row-style panel-row-style-for-152-0\" ><div id=\"pgc-152-0-0\"  class=\"panel-grid-cell\" ><div id=\"panel-152-0-0-0\" class=\"so-panel widget widget_sow-editor panel-first-child panel-last-child\" data-index=\"0\" ><div style=\"text-align: left;\" data-title-color=\"#443f3f\" data-headings-color=\"#443f3f\" class=\"panel-widget-style panel-widget-style-for-152-0-0-0\" ><div\n\t\t\t\n\t\t\tclass=\"so-widget-sow-editor so-widget-sow-editor-base\"\n\t\t\t\n\t\t><h3 class=\"widget-title\">Formul\u00e1rios<\/h3>\n<div class=\"siteorigin-widget-tinymce textwidget\">\n\t<h1><a href=\"https:\/\/sistemas.ufmg.br\/iaWeb\">Emiss\u00e3o de Hist\u00f3rico Escolar Autentic\u00e1vel (clique e use o login Minha UFMG)<\/a><\/h1>\n<h1>Matr\u00edcula Isolada <a href=\"https:\/\/drive.google.com\/file\/d\/1qtM3lOxxmaoRb8wbJkyYYjhpnGt4pld1\/view?usp=sharing\">(clique aqui)<\/a><\/h1>\n<h1><span style=\"color: #0000ff;\"><a style=\"color: #0000ff;\" href=\"https:\/\/www.dropbox.com\/s\/g1dj8lrxluumqfl\/COMO%20SOLICITAR%20DOCUMENTOS%20%C3%80%20SECRETARIA%20DO%20PPG%20ECMVS.pdf?dl=0\">Como solicitar documentos \u00e0 secretaria?<\/a><\/span><\/h1>\n<h1><span style=\"color: #0000ff;\"><a style=\"color: #0000ff;\" href=\"https:\/\/goo.gl\/forms\/VAW3wC7JYIGIcLN13\">Como solicitar aproveitamento de estudos?<\/a><\/span><\/h1>\n<h1><span style=\"color: #0000ff;\"><a style=\"color: #0000ff;\" href=\"https:\/\/goo.gl\/forms\/lV2Fk2d84HL6fqaE3\">Como ofertar disciplinas de p\u00f3s-gradua\u00e7\u00e3o?<\/a><\/span><\/h1>\n<h1><span style=\"color: #0000ff;\"><a style=\"color: #0000ff;\" href=\"https:\/\/goo.gl\/forms\/BvaD8tlHWlJeCzYD2\">Como realizar o Exame de Qualifica\u00e7\u00e3o?<\/a><\/span><\/h1>\n<h1><span style=\"color: #0000ff;\"><a style=\"color: #0000ff;\" href=\"https:\/\/goo.gl\/forms\/pq8vdJSg8PFhzdOJ2\">Como realizar defesas de disserta\u00e7\u00f5es e teses<\/a>?<\/span><\/h1>\n<h1><a href=\"https:\/\/drive.google.com\/file\/d\/11wDb2gABsvF3iGFe0PILRSVbLgbRvTE7\/view?usp=sharing\">Como entregar a vers\u00e3o final e solicitar o diplom<\/a>a?<b><\/b><\/h1>\n<h6><b>Manual do P\u00f3s-Graduando do ECMVS<\/b><\/h6>\n<ul>\n<li><strong>\u2022\u00a0<\/strong>A fim de facilitar a vida dos nossos alunos, elaboramos um manual que resume em linguagem mais acess\u00edvel todas as informa\u00e7\u00f5es essenciais sobre os deveres e direitos dos mestrandos e doutorandos do ECMVS, com base nos regimentos e resolu\u00e7\u00f5es do nosso programa e da Pr\u00f3-Reitoria de P\u00f3s-Gradua\u00e7\u00e3o da UFMG, al\u00e9m de informa\u00e7\u00f5es adicionais que visam tornar o per\u00edodo conosco mais simples\u00a0e agrad\u00e1vel. Antes de procurar secret\u00e1rios ou professores para fazer perguntas sobre normas, prazos, protocolos etc., leia atentamente o nosso manual. (Atualizado em 11\/03\/2020)<\/li>\n<li><a href=\"https:\/\/drive.google.com\/file\/d\/1ua4AJ-DF9Azs_46hykNjwGPlLQoJe9F6\/view?usp=sharing\">Download<\/a><\/li>\n<\/ul>\n<h6><b>Matr\u00edcula<\/b><\/h6>\n<ul>\n<li><strong>\u2022 Trancamento total<\/strong><br \/>\nO discente, com a anu\u00eancia do orientador e a crit\u00e9rio do Colegiado, poder\u00e1 ter o trancamento total de matr\u00edcula - Art. 63 da Resolu\u00e7\u00e3o Complementar 01\/2009 de 27\/09\/2009.<\/li>\n<li><a href=\"https:\/\/www.ufmg.br\/pos\/ecologia\/wp-content\/uploads\/2016\/11\/form-2_Tranc-TOTAL-BRUNO.pdf\">Download<\/a><\/li>\n<\/ul>\n<ul>\n<li><strong>\u2022 Trancamento parcial de disciplinas<\/strong><br \/>\nO discente, com a anu\u00eancia do orientador e a crit\u00e9rio do Colegiado, poder\u00e1 ter o trancamento parcial de matr\u00edcula em uma ou mais disciplinas, com a condi\u00e7\u00e3o de que n\u00e3o tenha transcorrido mais de um ter\u00e7o da carga hor\u00e1ria de cada disciplina. O aluno n\u00e3o poder\u00e1 trancar mais de uma vez a mesma atividade acad\u00eamica - Art. 62 da Resolu\u00e7\u00e3o Complementar 01\/2009 de 27\/09\/2009.<\/li>\n<li><a href=\"https:\/\/www2.ufmg.br\/drca\/content\/download\/20975\/144745\/file\/form-1_Tranc-PARCIAL.pdf\">Download<\/a><\/li>\n<\/ul>\n<ul>\n<li><strong>\u2022 Requerimento de matr\u00edcula na p\u00f3s-gradua\u00e7\u00e3o <\/strong><br \/>\n\u00c9 realizada na modalidade online, pelo sistema de matr\u00edculas da p\u00f3s-gradua\u00e7\u00e3o no Portal Minha UFMG. Apenas para casos excepcionais \u00e9 utilizado o formul\u00e1rio de papel. O aluno dever\u00e1 realizar a matr\u00edcula dentro do cronograma indicado pelo Colegiado, com anu\u00eancia do orientador. A responsabilidade pela renova\u00e7\u00e3o semestral da matr\u00edcula em atividades acad\u00eamicas \u00e9 do aluno, sob pena de desligamento do curso - Art. 61 e Art. 64 \u00a0da Resolu\u00e7\u00e3o Complementar 01\/2009 de 27\/09\/2009.<\/li>\n<li><a href=\"https:\/\/www.ufmg.br\/pos\/ecologia\/wp-content\/uploads\/2016\/11\/form-23_Req-MATRICULA-POS_DL.pdf\">Download<\/a><\/li>\n<\/ul>\n<ul>\n<li><strong>\u2022 Requerimento de matr\u00edcula eletiva<\/strong><br \/>\nO aluno poder\u00e1 requerer matr\u00edculas em disciplinas ofertadas por outros programas de p\u00f3s-gradua\u00e7\u00e3o \u00a0e colegiados de cursos de gradua\u00e7\u00e3o, no \u00e2mbito da UFMG. Para matr\u00edcula eletiva em disciplinas de p\u00f3s-gradua\u00e7\u00e3o a solicita\u00e7\u00e3o tamb\u00e9m \u00e9 feita on line, pelo sistema de matr\u00edculas da p\u00f3s-gradua\u00e7\u00e3o no Portal Minha UFMG. Apenas para disciplinas da gradua\u00e7\u00e3o \u00e9 utilizado o formul\u00e1rio de papel.<\/li>\n<li><a href=\"https:\/\/www.ufmg.br\/pos\/ecologia\/wp-content\/uploads\/2016\/11\/form-12_Disc-ELETIVA.pdf\">Download<\/a><\/li>\n<\/ul>\n<ul>\n<li><strong>\u2022 Autoriza\u00e7\u00e3o condicional para matr\u00edcula eletiva<\/strong><br \/>\n\u00c9 o documento que deve acompanhar o formul\u00e1rio de Requerimento de Disciplina Eletiva.<\/li>\n<li><a href=\"https:\/\/www.ufmg.br\/pos\/ecologia\/wp-content\/uploads\/2016\/11\/form-13_Autoriz-ELETIVA.pdf\">Download<\/a><\/li>\n<\/ul>\n<ul>\n<li><strong>\u2022 Requerimento de matr\u00edcula isolada<\/strong><br \/>\nHavendo vagas remanescentes, a crit\u00e9rio do Colegiado, discentes externos \u00e0 UFMG poder\u00e3o se matricular em disciplinas de p\u00f3s-gradua\u00e7\u00e3o - Art. 66 da Resolu\u00e7\u00e3o Complementar 01\/2009 de 27\/09\/2009. O cronograma para requerimentos e matr\u00edculas isoladas \u00e9 unificado na UFMG e definido pelo calend\u00e1rio acad\u00eamico. As instru\u00e7\u00f5es para matr\u00edcula isolada s\u00e3o divulgadas semestralmente pelo DRCA\/UFMG.<\/li>\n<li><a href=\"https:\/\/drive.google.com\/file\/d\/1ht72MwkFU1aH3mlaTNKQoSiA2CB4u9Dc\/view?usp=drive_link\" target=\"_blank\" rel=\"noopener\">Download<\/a><\/li>\n<\/ul>\n<ul>\n<li><strong>\u2022 Requerimento de acerto de matr\u00edcula<\/strong><br \/>\n\u00c9 permitido aos alunos, dentro do prazo estabelecido no calend\u00e1rio acad\u00eamico, a realiza\u00e7\u00e3o do acerto de matr\u00edcula. Trata-se da oportunidade do discente replanejar sua grade de disciplinas no semestre, cancelando e\/ou incluindo atividades acad\u00eamicas.<\/li>\n<li><a href=\"https:\/\/forms.gle\/zPwtMwdSuiHC5Z6v9\">Download<\/a><\/li>\n<\/ul>\n<h1><\/h1>\n<h6><b>Credenciamento<\/b><\/h6>\n<ul>\n<li><strong>\u2022 Requerimento de credenciamento como orientador no PPG\/ECMVS<\/strong><br \/>\nNo PPG-ECMVS\/UFMG, almejamos\u00a0a excel\u00eancia em pesquisa, ensino e extens\u00e3o nas \u00e1reas de Ecologia, Conserva\u00e7\u00e3o e Manejo da Vida Silvestre. Para atingirmos nossas metas, buscamos montar uma equipe de professores comprometidos com a nossa vis\u00e3o de trabalho, sejam eles internos ou externos \u00e0 UFMG. Atualmente contamos com orientadores n\u00e3o apenas de Minas Gerais, mas tamb\u00e9m de outros estados brasileiros e do exterior. H\u00e1 duas categorias b\u00e1sicas de credenciamento: (i) permanente, reservada a professores internos da UFMG que atinjam a pontua\u00e7\u00e3o m\u00ednima exigida, e (ii) colaborador, na qual podem se enquadrar tanto docentes internos quanto externos \u00e0 UFMG. A Resolu\u00e7\u00e3o 02\/2016 do PPG-ECMVS\/UFMG estabelece as normas vigentes para credenciamento de orientadores no nosso programa, as quais explicamos de forma resumida abaixo. A aprova\u00e7\u00e3o final de cada pedido de credenciamento inicial ou renova\u00e7\u00e3o de credenciamento cabe sempre ao colegiado do PPG-ECMVS.<\/li>\n<\/ul>\n<ul>\n<li><strong>\u2022 Credenciamento inicial<\/strong><br \/>\nO docente postulante poder\u00e1 requisitar ao colegiado o credenciamento como orientador permanente (reservado a docentes internos da UFMG) ou colaborador (docentes externos \u00e0 UFMG), atendendo duas exig\u00eancias: (i) preencher o formul\u00e1rio de solicita\u00e7\u00e3o de credenciamento; e (ii) escrever uma carta de inten\u00e7\u00f5es\u00a0(em formato PDF), na qual explique sua vis\u00e3o\u00a0nas \u00e1reas de pesquisa, ensino e orienta\u00e7\u00e3o, deixando claro como pretende contribuir para o nosso programa. Tanto o formul\u00e1rio quanto a carta devem ser enviados \u00e0 secretaria do PPG-ECMVS\/UFMG por e-mail (<a href=\"mailto:ecmvs@icb.ufmg.br\">ecmvs@icb.ufmg.br<\/a>). Os pedidos ser\u00e3o avaliados pelo colegiado, em reuni\u00e3o ordin\u00e1ria, observando os termos da Resolu\u00e7\u00e3o PPG-ECMVS N\u00ba 02\/2016. \u00a0O docente, para ser credenciado como orientador de disserta\u00e7\u00e3o ou tese, dever\u00e1 ter experi\u00eancia de orienta\u00e7\u00e3o comprovada de no m\u00ednimo 2 (dois) anos, e observando tamb\u00e9m os termos do\u00a0artigo 33 da Resolu\u00e7\u00e3o Complementar 01\/2009 de 27\/09\/2009. O postulante dever\u00e1 consultar a classifica\u00e7\u00e3o do Sistema Qualis mais recente na \u00e1rea de Biodiversidade, a fim de conferir a pontua\u00e7\u00e3o de suas publica\u00e7\u00f5es<\/li>\n<li><a href=\"https:\/\/drive.google.com\/file\/d\/1Z9PHRnPF6hfgI3X45IOno3RJRxsKFVAh\/view?usp=sharing\" target=\"_blank\" rel=\"noopener\">Download do formul\u00e1rio de credenciamento<\/a><\/li>\n<\/ul>\n<ul>\n<li><strong>\u2022 Requerimento de renova\u00e7\u00e3o de credenciamento de orientador<\/strong><br \/>\nO docente postulante poder\u00e1 requisitar ao colegiado a renova\u00e7\u00e3o do seu credenciamento como orientador permanente (reservado a docentes internos da UFMG) ou colaborador (docentes externos \u00e0 UFMG), atendendo duas exig\u00eancias: (i) preencher o formul\u00e1rio de solicita\u00e7\u00e3o de credenciamento; e (ii) escrever uma carta de inten\u00e7\u00f5es (em formato PDF), na qual explique sua vis\u00e3o\u00a0nas \u00e1reas de pesquisa, ensino e orienta\u00e7\u00e3o, deixando claro como pretende contribuir para o nosso programa. Tanto o formul\u00e1rio quanto a carta devem ser enviados \u00e0 secretaria do PPG-ECMVS\/UFMG por e-mail (<a href=\"mailto:ecmvs@icb.ufmg.br\">ecmvs@icb.ufmg.br<\/a>).\u00a0Os pedidos ser\u00e3o avaliados pelo colegiado, em reuni\u00e3o, observando os termos da Resolu\u00e7\u00e3o PPG\/ECMVS N\u00ba 02\/2016. \u00a0O postulante dever\u00e1 consultar a classifica\u00e7\u00e3o do Sistema Qualis mais recente na \u00e1rea de Biodiversidade, a fim de conferir a pontua\u00e7\u00e3o de suas publica\u00e7\u00f5es.<\/li>\n<li><a href=\"https:\/\/drive.google.com\/file\/d\/1Z9PHRnPF6hfgI3X45IOno3RJRxsKFVAh\/view?usp=sharing\">Download do formu\u00e1rio de de recredenciamento<\/a><\/li>\n<\/ul>\n<ul>\n<li><strong>\u2022 Requerimento de credenciamento de coorientador<\/strong><br \/>\nO orientador poder\u00e1 indicar um docente como coorientador, que assistir\u00e1 a elabora\u00e7\u00e3o de tese ou disserta\u00e7\u00e3o pelo aluno. O coorientador dever\u00e1 possuir t\u00edtulo de doutor e poder\u00e1 ser docente interno ou externo \u00e0 UFMG. Ser\u00e3o seguidas as normas do Art. 32 da Resolu\u00e7\u00e3o Complementar 01\/2009 de 27\/09\/2009.<\/li>\n<li><a href=\"https:\/\/icbufmg-my.sharepoint.com\/:b:\/g\/personal\/colposecmvs_icb_ufmg_br\/EX1CA_APSq9Cny2Z3-vgLOUBD8-2tCNiUnu0IjlxjoicIA?e=XVIUn6\">Download<\/a><\/li>\n<\/ul>\n<h1><\/h1>\n<h6><b>Agendamentos<\/b><\/h6>\n<ul>\n<li><strong>\u2022 Defesa de tese ou disserta\u00e7\u00e3o<\/strong><br \/>\nPor decis\u00e3o do Colegiado, os agendamentos de defesa de tese\/disserta\u00e7\u00e3o dever\u00e3o ser realizados com anteced\u00eancia de 60 dias \u00e0 data da defesa. Para as teses, \u00e9 necess\u00e1ria a entrega de 7 (sete) exemplares do trabalho \u00e0 Secretaria, enquanto para as disserta\u00e7\u00f5es s\u00e3o necess\u00e1rios 04 exemplares, todos em espiral. A banca de doutorado deve ser composta por 5 (cinco) membros titulares (entre eles o orientador e dois docentes externos \u00e0 UFMG), al\u00e9m de 2 (dois) membros suplentes. A banca de mestrado deve ser composta por 3 (tr\u00eas) membros titulares (entre eles o orientador e um docente externo \u00e0 UFMG), al\u00e9m de 1 (hum) membro suplente. Todos os membros devem ter o t\u00edtulo de doutor. Coorientadores e coautores de publica\u00e7\u00f5es derivadas da disserta\u00e7\u00e3o ou tese n\u00e3o podem compor a banca. Caso o coorientador componha a banca examinadora, o voto do mesmo n\u00e3o ser\u00e1 contabilizado para efeito de avalia\u00e7\u00e3o do trabalho. Art. 80, Art. 81, Art. 83 e Art. 84 da Resolu\u00e7\u00e3o Complementar 01\/2009 de 27\/09\/2009.<\/li>\n<li><a href=\"https:\/\/forms.gle\/oPqU61mVoTLAsvri9\">Download<\/a><\/li>\n<li><strong>\u2022 Exame de qualifica\u00e7\u00e3o<\/strong><br \/>\nDe acordo com a Resolu\u00e7\u00e3o PPG-EMCMVS 01\/2016, doutorandos que j\u00e1 tenham publicado um artigo durante o curso poder\u00e3o us\u00e1-lo para cumprir o requisito da qualifica\u00e7\u00e3o. Na aus\u00eancia de artigo aceito ou publicado, o doutorando dever\u00e1 apresentar uma proposta de manuscrito cient\u00edfico a ser submetido a um peri\u00f3dico. O exame de qualifica\u00e7\u00e3o dever\u00e1 ser agendado com 60 dias de anteced\u00eancia, pelo discente, em formul\u00e1rio pr\u00f3prio, devidamente preenchido e assinado pelo estudante e seu respectivo orientador, estando anexadas as c\u00f3pias eletr\u00f4nicas do manuscrito a ser submetido e das normas editoriais do peri\u00f3dico pleiteado. A banca deve ser composta por 3 (tr\u00eas) membros titulares, sendo vedada a participa\u00e7\u00e3o da equipe de orienta\u00e7\u00e3o, al\u00e9m de 1 (hum) membro suplente. Todos os membros devem ter o t\u00edtulo de doutor. Coorientadores e coautores de publica\u00e7\u00f5es derivadas da disserta\u00e7\u00e3o ou tese n\u00e3o podem compor a banca. O prazo m\u00e1ximo para a realiza\u00e7\u00e3o do exame de qualifica\u00e7\u00e3o \u00e9 de 36 meses de curso - Art. 73 da Resolu\u00e7\u00e3o Complementar 01\/2009 de 27\/09\/2009. As disposi\u00e7\u00f5es regulamentadoras do exame de qualifica\u00e7\u00e3o constam da Resolu\u00e7\u00e3o PPG-EMCMVS 01\/2016. O exame de qualifica\u00e7\u00e3o \u00e9 uma atividade acad\u00eamica obrigat\u00f3ria do doutorado, de modo que n\u00e3o observ\u00e2ncia dos prazos pelo aluno e respectivo orientador, bem como a reprova\u00e7\u00e3o no exame, podem incorrer no desligamento do programa.<\/li>\n<li><a href=\"https:\/\/forms.gle\/cQJMe86Q3HuMQtrV7\">Download<\/a><\/li>\n<\/ul>\n<h6><b>Diversos<\/b><\/h6>\n<ul>\n<li><strong>\u2022 Oferta de disciplinas<\/strong><br \/>\nSemestralmente, em data estabelecida pelo Calend\u00e1rio Acad\u00eamico da UFMG, ser\u00e1 requisitado a cada docente credenciado no programa o envio da oferta de disciplinas.<\/li>\n<li><a href=\"https:\/\/forms.gle\/jueX9AmG94a8gvNu5\">Download<\/a><\/li>\n<\/ul>\n<ul>\n<li><strong>\u2022 Andamento de projetos de teses e disserta\u00e7\u00f5es<\/strong><br \/>\nTrata-se de uma atividade acad\u00eamica obrigat\u00f3ria dos discentes do PPG-ECMVS. As orienta\u00e7\u00f5es acerca desta avalia\u00e7\u00e3o s\u00e3o regulamentadas pela Resolu\u00e7\u00e3o PPG-ECMVS 02\/2012. A n\u00e3o observ\u00e2ncia dos prazos pelo discente e respectivo orientador, bem como a reprova\u00e7\u00e3o nesta atividade acad\u00eamica podem incorrer no desligamento do programa.<\/li>\n<li><a href=\"https:\/\/www.ufmg.br\/pos\/ecologia\/wp-content\/uploads\/2016\/11\/Formul\u00e1rio_Avalia\u00e7\u00e3o_Projetos.pdf\">Download<\/a><\/li>\n<\/ul>\n<ul>\n<li><strong>\u2022 Expedi\u00e7\u00e3o de diploma 1\u00aa via<\/strong><br \/>\nAp\u00f3s \u00e0 entrega da vers\u00e3o final da tese\/disserta\u00e7\u00e3o, o aluno poder\u00e1 solicitar a abertura do processo de expedi\u00e7\u00e3o de diploma. Os documentos necess\u00e1rios s\u00e3o: (i) c\u00f3pia do diploma de gradua\u00e7\u00e3o (frente e verso); (ii) c\u00f3pia do RG (n\u00e3o serve CNH e CRBIO); (iii) c\u00f3pia da certid\u00e3o de nascimento ou casamento; (iv) nada consta da Biblioteca Universit\u00e1ria. Ap\u00f3s \u00e0 abertura do processo (que ir\u00e1 gerar um n\u00famero), o aluno poder\u00e1 acompanh\u00e1-lo no site da PRPG, ou pelos telefones 31 3409-4041 ou 31 3409-4157.<\/li>\n<li><a href=\"https:\/\/icbufmg-my.sharepoint.com\/:b:\/g\/personal\/colposecmvs_icb_ufmg_br\/EVlHLWDs1HlHqTd6XrmnYWMBd9BslO_nZOtbNYaMKyRmnQ?e=vhWiNS\">Download<\/a><\/li>\n<\/ul>\n<ul>\n<li><strong>\u2022 Expedi\u00e7\u00e3o de diploma 2\u00aa via<\/strong><br \/>\nValem as mesmas instru\u00e7\u00f5es da 1\u00aa via, acrescentando-se a necessidade de pagamento de taxa (GRU).<\/li>\n<li><a href=\"https:\/\/www.ufmg.br\/pos\/ecologia\/wp-content\/uploads\/2016\/11\/Formul\u00e1rio_Processos_Diplomas1.pdf\">Download<\/a><\/li>\n<\/ul>\n<ul>\n<li><strong>\u2022 Autoriza\u00e7\u00e3o de divulga\u00e7\u00e3o de Teses e Disserta\u00e7\u00f5es pelo Reposit\u00f3rio Institucional da UFMG<\/strong><br \/>\n\u00c9 o formul\u00e1rio que deve ser acompanhado do arquivo PDF da vers\u00e3o final da tese\/disserta\u00e7\u00e3o.<\/li>\n<li><a href=\"https:\/\/drive.google.com\/open?id=1LwRPkwuJyHRPKfGnhbTMDydTQ1T8jbsD\">Download<\/a><\/li>\n<\/ul>\n<ul>\n<li><strong>\u2022 Solicita\u00e7\u00e3o de apoio financeiro<\/strong><br \/>\nA crit\u00e9rio do colegiado, poder\u00e1 ser concedido apoio financeiro a discentes e docentes.<\/li>\n<li><a href=\"https:\/\/forms.gle\/EkPE4YmBjgFs5hmcA\">Download<\/a><\/li>\n<\/ul>\n<ul>\n<li><strong>\u2022 Requerimento de inspe\u00e7\u00e3o m\u00e9dica<\/strong><\/li>\n<li><a href=\"https:\/\/www.ufmg.br\/pos\/ecologia\/wp-content\/uploads\/2016\/11\/form-4_Inspe\u00e7\u00e3o-M\u00c9DICA.pdf\">Download<\/a><\/li>\n<\/ul>\n<ul>\n<li><strong>\u2022 Requerimento de registro acad\u00eamico em resid\u00eancia p\u00f3s-doutoral<\/strong><br \/>\nOs alunos de p\u00f3s-doutorado, com ou sem bolsa, devem realizar o registro acad\u00eamico, segundo os termos da Resolu\u00e7\u00e3o 04\/2009 de 14\/04\/2009 do Conselho Universit\u00e1rio. Outras informa\u00e7\u00f5es sobre a RPD podem ser obtidas no site do DRCA\/UFMG.<\/li>\n<li><a href=\"https:\/\/www.ufmg.br\/pos\/ecologia\/wp-content\/uploads\/2016\/11\/Decis\u00e3o-Colegiado-02-14-Resid\u00eancia-P\u00f3s-doutoral.pdf\">Download<\/a><\/li>\n<\/ul>\n<ul>\n<li><strong>\u2022 Requerimento de aproveitamento de estudos<\/strong><br \/>\nA crit\u00e9rio do colegiado, o aluno poder\u00e1 aproveitar os estudos realizados na UFMG ou em outras institui\u00e7\u00f5es - Art. 70 e Art. 71 da Resolu\u00e7\u00e3o Complementar 01\/2009 de 27\/09\/2009. No caso de alunos de doutorado, estes poder\u00e3o aproveitar todos os cr\u00e9ditos realizados no mestrado, caso o tenham cursado no PPG-ECMVS. Caso o mestrado tenha sido realizado em outro programa, ser\u00e3o aproveitados at\u00e9 50% do n\u00famero total exigido para o doutorado, ou seja, 22 cr\u00e9ditos.<\/li>\n<li><a href=\"https:\/\/goo.gl\/forms\/VAW3wC7JYIGIcLN13\">Download<\/a><\/li>\n<\/ul>\n<h1><\/h1>\n<\/div>\n<\/div><\/div><\/div><\/div><\/div><\/div><\/div>","protected":false},"excerpt":{"rendered":"<p>Emiss\u00e3o de Hist\u00f3rico Escolar Autentic\u00e1vel (clique e use o login Minha UFMG) Matr\u00edcula Isolada (clique aqui) Como solicitar documentos \u00e0 [&hellip;]<\/p>\n","protected":false},"author":1,"featured_media":0,"parent":0,"menu_order":0,"comment_status":"closed","ping_status":"closed","template":"page-templates\/page_fullwidth.php","meta":{"footnotes":""},"class_list":["post-152","page","type-page","status-publish","hentry"],"_links":{"self":[{"href":"https:\/\/www.ufmg.br\/pos\/ecologia\/wp-json\/wp\/v2\/pages\/152","targetHints":{"allow":["GET"]}}],"collection":[{"href":"https:\/\/www.ufmg.br\/pos\/ecologia\/wp-json\/wp\/v2\/pages"}],"about":[{"href":"https:\/\/www.ufmg.br\/pos\/ecologia\/wp-json\/wp\/v2\/types\/page"}],"author":[{"embeddable":true,"href":"https:\/\/www.ufmg.br\/pos\/ecologia\/wp-json\/wp\/v2\/users\/1"}],"replies":[{"embeddable":true,"href":"https:\/\/www.ufmg.br\/pos\/ecologia\/wp-json\/wp\/v2\/comments?post=152"}],"version-history":[{"count":61,"href":"https:\/\/www.ufmg.br\/pos\/ecologia\/wp-json\/wp\/v2\/pages\/152\/revisions"}],"predecessor-version":[{"id":2357,"href":"https:\/\/www.ufmg.br\/pos\/ecologia\/wp-json\/wp\/v2\/pages\/152\/revisions\/2357"}],"wp:attachment":[{"href":"https:\/\/www.ufmg.br\/pos\/ecologia\/wp-json\/wp\/v2\/media?parent=152"}],"curies":[{"name":"wp","href":"https:\/\/api.w.org\/{rel}","templated":true}]}}