{"id":163,"date":"2016-11-18T09:35:09","date_gmt":"2016-11-18T11:35:09","guid":{"rendered":"https:\/\/www.ufmg.br\/pos\/ecologia\/?page_id=163"},"modified":"2021-11-08T11:28:35","modified_gmt":"2021-11-08T13:28:35","slug":"teses-e-dissertacoes","status":"publish","type":"page","link":"https:\/\/www.ufmg.br\/pos\/ecologia\/teses-e-dissertacoes\/","title":{"rendered":"Teses e Disserta\u00e7\u00f5es"},"content":{"rendered":"<div id=\"pl-163\"  class=\"panel-layout\" ><div id=\"pg-163-0\"  class=\"panel-grid panel-has-style\" ><div style=\"padding: 100px 0; \" data-overlay=\"true\" data-overlay-color=\"#000000\" class=\"panel-row-style panel-row-style-for-163-0\" ><div id=\"pgc-163-0-0\"  class=\"panel-grid-cell\" ><div id=\"panel-163-0-0-0\" class=\"so-panel widget widget_sow-editor panel-first-child panel-last-child\" data-index=\"0\" ><div style=\"text-align: left;\" data-title-color=\"#443f3f\" data-headings-color=\"#443f3f\" class=\"panel-widget-style panel-widget-style-for-163-0-0-0\" ><div\n\t\t\t\n\t\t\tclass=\"so-widget-sow-editor so-widget-sow-editor-base\"\n\t\t\t\n\t\t><h3 class=\"widget-title\">Teses e Disserta\u00e7\u00f5es - Links Atualizados<\/h3>\n<div class=\"siteorigin-widget-tinymce textwidget\">\n\t<p>Para acessar as teses e disserta\u00e7\u00f5es publicadas no Programa, clique nos links abaixo. Ser\u00e1 aberta uma planilha com os t\u00edtulos dos trabalhos, Autor\/a e Orientador\/a. Na \u00faltima coluna da planilha, voc\u00ea encontrar\u00e1 o link para download do documento completo (quando dispon\u00edvel).<\/p>\n<p><strong>Teses - <a href=\"https:\/\/icbufmg-my.sharepoint.com\/:x:\/g\/personal\/colposecmvs_icb_ufmg_br\/ETKi8tDRDA9CmVI5fzCpIN0BWIWZxlMT_-smorWPJnHNGw?e=b1DbFf\">Link para acesso \u00e0 planilha<\/a><\/strong><\/p>\n<p><strong>Disserta\u00e7\u00f5es - <a href=\"https:\/\/icbufmg-my.sharepoint.com\/:x:\/g\/personal\/colposecmvs_icb_ufmg_br\/EQImVmgPLS1AguY69xHzkDMB9S2pPHv7WAzYiGHTSDhJzw?e=vVhvN4\">Link para acesso \u00e0 planilha<\/a><\/strong><\/p>\n<\/div>\n<\/div><\/div><\/div><\/div><\/div><\/div><div id=\"pg-163-1\"  class=\"panel-grid panel-has-style\" ><div class=\"siteorigin-panels-stretch panel-row-style panel-row-style-for-163-1\" style=\"padding: 10px 0; \" data-stretch-type=\"full\" data-overlay=\"true\" data-overlay-color=\"#000000\" ><div id=\"pgc-163-1-0\"  class=\"panel-grid-cell\" ><div id=\"panel-163-1-0-0\" class=\"so-panel widget widget_sydney_portfolio sydney_portfolio_widget panel-first-child panel-last-child\" data-index=\"1\" ><div style=\"text-align: center;\" data-title-color=\"#443f3f\" data-headings-color=\"#443f3f\" class=\"panel-widget-style panel-widget-style-for-163-1-0-0\" ><h3 class=\"widget-title\">Teses e Disserta\u00e7\u00f5es &#8211; Listagem sem links<\/h3><div class=\"project-wrap\"><ul class=\"project-filter\" id=\"filters\"><li><a href=\"#\" data-filter=\"*\">Todas<\/a><\/li><li><a href='#' data-filter='.1991-1995'>1991-1995<\/a><\/li>\n<li><a href='#' data-filter='.1996-2000'>1996-2000<\/a><\/li>\n<li><a href='#' data-filter='.2001-2005'>2001-2005<\/a><\/li>\n<li><a href='#' data-filter='.2006-2010'>2006-2010<\/a><\/li>\n<li><a href='#' data-filter='.2011-2015'>2011-2015<\/a><\/li>\n<li><a href='#' data-filter='.2016-2020'>2016-2020<\/a><\/li>\n<\/ul><div class=\"roll-project fullwidth\"><div class=\"isotope-container\" data-portfolio-effect=\"fadeInUp\"><div class=\"project-item item isotope-item 2016-2020 \"><a class=\"project-pop-wrap\" href=\"https:\/\/www.ufmg.br\/pos\/ecologia\/teses-2016-2020\/\"><div class=\"project-pop\"><\/div><\/a><a href=\"https:\/\/www.ufmg.br\/pos\/ecologia\/teses-2016-2020\/\"><img fetchpriority=\"high\" decoding=\"async\" width=\"480\" height=\"320\" src=\"https:\/\/www.ufmg.br\/pos\/ecologia\/wp-content\/uploads\/2016\/12\/teses-2016-2020-480x320.jpg\" class=\"attachment-sydney-mas-thumb size-sydney-mas-thumb wp-post-image\" alt=\"\" srcset=\"https:\/\/www.ufmg.br\/pos\/ecologia\/wp-content\/uploads\/2016\/12\/teses-2016-2020-480x320.jpg 480w, https:\/\/www.ufmg.br\/pos\/ecologia\/wp-content\/uploads\/2016\/12\/teses-2016-2020-300x200.jpg 300w, https:\/\/www.ufmg.br\/pos\/ecologia\/wp-content\/uploads\/2016\/12\/teses-2016-2020-768x512.jpg 768w, https:\/\/www.ufmg.br\/pos\/ecologia\/wp-content\/uploads\/2016\/12\/teses-2016-2020-1024x682.jpg 1024w, https:\/\/www.ufmg.br\/pos\/ecologia\/wp-content\/uploads\/2016\/12\/teses-2016-2020-830x553.jpg 830w, https:\/\/www.ufmg.br\/pos\/ecologia\/wp-content\/uploads\/2016\/12\/teses-2016-2020-230x153.jpg 230w, https:\/\/www.ufmg.br\/pos\/ecologia\/wp-content\/uploads\/2016\/12\/teses-2016-2020-350x233.jpg 350w, https:\/\/www.ufmg.br\/pos\/ecologia\/wp-content\/uploads\/2016\/12\/teses-2016-2020-272x182.jpg 272w, https:\/\/www.ufmg.br\/pos\/ecologia\/wp-content\/uploads\/2016\/12\/teses-2016-2020.jpg 1969w\" sizes=\"(max-width: 480px) 100vw, 480px\" \/><\/a><\/div><div class=\"project-item item isotope-item 2016-2020 \"><a class=\"project-pop-wrap\" href=\"https:\/\/www.ufmg.br\/pos\/ecologia\/dissertacoes-2016-2020\/\"><div class=\"project-pop\"><\/div><\/a><a href=\"https:\/\/www.ufmg.br\/pos\/ecologia\/dissertacoes-2016-2020\/\"><img decoding=\"async\" width=\"480\" height=\"320\" src=\"https:\/\/www.ufmg.br\/pos\/ecologia\/wp-content\/uploads\/2016\/12\/dissertac\u0327o\u0303es-2016-2020-480x320.jpg\" class=\"attachment-sydney-mas-thumb size-sydney-mas-thumb wp-post-image\" alt=\"\" srcset=\"https:\/\/www.ufmg.br\/pos\/ecologia\/wp-content\/uploads\/2016\/12\/dissertac\u0327o\u0303es-2016-2020-480x320.jpg 480w, https:\/\/www.ufmg.br\/pos\/ecologia\/wp-content\/uploads\/2016\/12\/dissertac\u0327o\u0303es-2016-2020-300x200.jpg 300w, https:\/\/www.ufmg.br\/pos\/ecologia\/wp-content\/uploads\/2016\/12\/dissertac\u0327o\u0303es-2016-2020-768x512.jpg 768w, https:\/\/www.ufmg.br\/pos\/ecologia\/wp-content\/uploads\/2016\/12\/dissertac\u0327o\u0303es-2016-2020-1024x682.jpg 1024w, https:\/\/www.ufmg.br\/pos\/ecologia\/wp-content\/uploads\/2016\/12\/dissertac\u0327o\u0303es-2016-2020-830x553.jpg 830w, https:\/\/www.ufmg.br\/pos\/ecologia\/wp-content\/uploads\/2016\/12\/dissertac\u0327o\u0303es-2016-2020-230x153.jpg 230w, https:\/\/www.ufmg.br\/pos\/ecologia\/wp-content\/uploads\/2016\/12\/dissertac\u0327o\u0303es-2016-2020-350x233.jpg 350w, https:\/\/www.ufmg.br\/pos\/ecologia\/wp-content\/uploads\/2016\/12\/dissertac\u0327o\u0303es-2016-2020-272x182.jpg 272w, https:\/\/www.ufmg.br\/pos\/ecologia\/wp-content\/uploads\/2016\/12\/dissertac\u0327o\u0303es-2016-2020.jpg 1969w\" sizes=\"(max-width: 480px) 100vw, 480px\" \/><\/a><\/div><div class=\"project-item item isotope-item 2011-2015 \"><a class=\"project-pop-wrap\" href=\"https:\/\/www.ufmg.br\/pos\/ecologia\/teses-2011-2015\/\"><div class=\"project-pop\"><\/div><\/a><a href=\"https:\/\/www.ufmg.br\/pos\/ecologia\/teses-2011-2015\/\"><img decoding=\"async\" width=\"480\" height=\"320\" src=\"https:\/\/www.ufmg.br\/pos\/ecologia\/wp-content\/uploads\/2016\/05\/teses-2011-2015p-480x320.jpg\" class=\"attachment-sydney-mas-thumb size-sydney-mas-thumb wp-post-image\" alt=\"\" srcset=\"https:\/\/www.ufmg.br\/pos\/ecologia\/wp-content\/uploads\/2016\/05\/teses-2011-2015p-480x320.jpg 480w, https:\/\/www.ufmg.br\/pos\/ecologia\/wp-content\/uploads\/2016\/05\/teses-2011-2015p-290x193.jpg 290w, https:\/\/www.ufmg.br\/pos\/ecologia\/wp-content\/uploads\/2016\/05\/teses-2011-2015p-1020x680.jpg 1020w, https:\/\/www.ufmg.br\/pos\/ecologia\/wp-content\/uploads\/2016\/05\/teses-2011-2015p-1536x1023.jpg 1536w, https:\/\/www.ufmg.br\/pos\/ecologia\/wp-content\/uploads\/2016\/05\/teses-2011-2015p-768x512.jpg 768w, https:\/\/www.ufmg.br\/pos\/ecologia\/wp-content\/uploads\/2016\/05\/teses-2011-2015p-830x553.jpg 830w, https:\/\/www.ufmg.br\/pos\/ecologia\/wp-content\/uploads\/2016\/05\/teses-2011-2015p-230x153.jpg 230w, https:\/\/www.ufmg.br\/pos\/ecologia\/wp-content\/uploads\/2016\/05\/teses-2011-2015p-350x233.jpg 350w, https:\/\/www.ufmg.br\/pos\/ecologia\/wp-content\/uploads\/2016\/05\/teses-2011-2015p-272x182.jpg 272w, https:\/\/www.ufmg.br\/pos\/ecologia\/wp-content\/uploads\/2016\/05\/teses-2011-2015p-300x200.jpg 300w, https:\/\/www.ufmg.br\/pos\/ecologia\/wp-content\/uploads\/2016\/05\/teses-2011-2015p-1024x682.jpg 1024w, https:\/\/www.ufmg.br\/pos\/ecologia\/wp-content\/uploads\/2016\/05\/teses-2011-2015p.jpg 1969w\" sizes=\"(max-width: 480px) 100vw, 480px\" \/><\/a><\/div><div class=\"project-item item isotope-item 2011-2015 \"><a class=\"project-pop-wrap\" href=\"https:\/\/www.ufmg.br\/pos\/ecologia\/dissertacoes-2011-2015\/\"><div class=\"project-pop\"><\/div><\/a><a href=\"https:\/\/www.ufmg.br\/pos\/ecologia\/dissertacoes-2011-2015\/\"><img loading=\"lazy\" decoding=\"async\" width=\"480\" height=\"320\" src=\"https:\/\/www.ufmg.br\/pos\/ecologia\/wp-content\/uploads\/2016\/11\/2011-2015-480x320.jpg\" class=\"attachment-sydney-mas-thumb size-sydney-mas-thumb wp-post-image\" alt=\"\" srcset=\"https:\/\/www.ufmg.br\/pos\/ecologia\/wp-content\/uploads\/2016\/11\/2011-2015-480x320.jpg 480w, https:\/\/www.ufmg.br\/pos\/ecologia\/wp-content\/uploads\/2016\/11\/2011-2015-300x200.jpg 300w, https:\/\/www.ufmg.br\/pos\/ecologia\/wp-content\/uploads\/2016\/11\/2011-2015-768x512.jpg 768w, https:\/\/www.ufmg.br\/pos\/ecologia\/wp-content\/uploads\/2016\/11\/2011-2015-1024x683.jpg 1024w, https:\/\/www.ufmg.br\/pos\/ecologia\/wp-content\/uploads\/2016\/11\/2011-2015-830x553.jpg 830w, https:\/\/www.ufmg.br\/pos\/ecologia\/wp-content\/uploads\/2016\/11\/2011-2015-230x153.jpg 230w, https:\/\/www.ufmg.br\/pos\/ecologia\/wp-content\/uploads\/2016\/11\/2011-2015-350x233.jpg 350w, https:\/\/www.ufmg.br\/pos\/ecologia\/wp-content\/uploads\/2016\/11\/2011-2015-272x182.jpg 272w\" sizes=\"(max-width: 480px) 100vw, 480px\" \/><\/a><\/div><div class=\"project-item item isotope-item 2006-2010 \"><a class=\"project-pop-wrap\" href=\"https:\/\/www.ufmg.br\/pos\/ecologia\/teses-e-dissertacoes\/\"><div class=\"project-pop\"><\/div><\/a><a href=\"https:\/\/www.ufmg.br\/pos\/ecologia\/teses-e-dissertacoes\/\"><img loading=\"lazy\" decoding=\"async\" width=\"480\" height=\"320\" src=\"https:\/\/www.ufmg.br\/pos\/ecologia\/wp-content\/uploads\/2016\/05\/teses-2006-2010p-480x320.jpg\" class=\"attachment-sydney-mas-thumb size-sydney-mas-thumb wp-post-image\" alt=\"\" srcset=\"https:\/\/www.ufmg.br\/pos\/ecologia\/wp-content\/uploads\/2016\/05\/teses-2006-2010p-480x320.jpg 480w, https:\/\/www.ufmg.br\/pos\/ecologia\/wp-content\/uploads\/2016\/05\/teses-2006-2010p-290x193.jpg 290w, https:\/\/www.ufmg.br\/pos\/ecologia\/wp-content\/uploads\/2016\/05\/teses-2006-2010p-1020x680.jpg 1020w, https:\/\/www.ufmg.br\/pos\/ecologia\/wp-content\/uploads\/2016\/05\/teses-2006-2010p-1536x1023.jpg 1536w, https:\/\/www.ufmg.br\/pos\/ecologia\/wp-content\/uploads\/2016\/05\/teses-2006-2010p-768x512.jpg 768w, https:\/\/www.ufmg.br\/pos\/ecologia\/wp-content\/uploads\/2016\/05\/teses-2006-2010p-830x553.jpg 830w, https:\/\/www.ufmg.br\/pos\/ecologia\/wp-content\/uploads\/2016\/05\/teses-2006-2010p-230x153.jpg 230w, https:\/\/www.ufmg.br\/pos\/ecologia\/wp-content\/uploads\/2016\/05\/teses-2006-2010p-350x233.jpg 350w, https:\/\/www.ufmg.br\/pos\/ecologia\/wp-content\/uploads\/2016\/05\/teses-2006-2010p-272x182.jpg 272w, https:\/\/www.ufmg.br\/pos\/ecologia\/wp-content\/uploads\/2016\/05\/teses-2006-2010p-300x200.jpg 300w, https:\/\/www.ufmg.br\/pos\/ecologia\/wp-content\/uploads\/2016\/05\/teses-2006-2010p-1024x682.jpg 1024w, https:\/\/www.ufmg.br\/pos\/ecologia\/wp-content\/uploads\/2016\/05\/teses-2006-2010p.jpg 1969w\" sizes=\"(max-width: 480px) 100vw, 480px\" \/><\/a><\/div><div class=\"project-item item isotope-item 2006-2010 \"><a class=\"project-pop-wrap\" href=\"https:\/\/www.ufmg.br\/pos\/ecologia\/teses-e-dissertacoes\/\"><div class=\"project-pop\"><\/div><\/a><a href=\"https:\/\/www.ufmg.br\/pos\/ecologia\/teses-e-dissertacoes\/\"><img loading=\"lazy\" decoding=\"async\" width=\"480\" height=\"320\" src=\"https:\/\/www.ufmg.br\/pos\/ecologia\/wp-content\/uploads\/2016\/11\/2006-2010-480x320.jpg\" class=\"attachment-sydney-mas-thumb size-sydney-mas-thumb wp-post-image\" alt=\"\" srcset=\"https:\/\/www.ufmg.br\/pos\/ecologia\/wp-content\/uploads\/2016\/11\/2006-2010-480x320.jpg 480w, https:\/\/www.ufmg.br\/pos\/ecologia\/wp-content\/uploads\/2016\/11\/2006-2010-300x200.jpg 300w, https:\/\/www.ufmg.br\/pos\/ecologia\/wp-content\/uploads\/2016\/11\/2006-2010-768x512.jpg 768w, https:\/\/www.ufmg.br\/pos\/ecologia\/wp-content\/uploads\/2016\/11\/2006-2010-1024x683.jpg 1024w, https:\/\/www.ufmg.br\/pos\/ecologia\/wp-content\/uploads\/2016\/11\/2006-2010-830x553.jpg 830w, https:\/\/www.ufmg.br\/pos\/ecologia\/wp-content\/uploads\/2016\/11\/2006-2010-230x153.jpg 230w, https:\/\/www.ufmg.br\/pos\/ecologia\/wp-content\/uploads\/2016\/11\/2006-2010-350x233.jpg 350w, https:\/\/www.ufmg.br\/pos\/ecologia\/wp-content\/uploads\/2016\/11\/2006-2010-272x182.jpg 272w\" sizes=\"(max-width: 480px) 100vw, 480px\" \/><\/a><\/div><div class=\"project-item item isotope-item 2001-2005 \"><a class=\"project-pop-wrap\" href=\"https:\/\/www.ufmg.br\/pos\/ecologia\/teses-e-dissertacoes\/\"><div class=\"project-pop\"><\/div><\/a><a href=\"https:\/\/www.ufmg.br\/pos\/ecologia\/teses-e-dissertacoes\/\"><img loading=\"lazy\" decoding=\"async\" width=\"480\" height=\"320\" src=\"https:\/\/www.ufmg.br\/pos\/ecologia\/wp-content\/uploads\/2016\/05\/teses-2001-2005p-480x320.jpg\" class=\"attachment-sydney-mas-thumb size-sydney-mas-thumb wp-post-image\" alt=\"\" srcset=\"https:\/\/www.ufmg.br\/pos\/ecologia\/wp-content\/uploads\/2016\/05\/teses-2001-2005p-480x320.jpg 480w, https:\/\/www.ufmg.br\/pos\/ecologia\/wp-content\/uploads\/2016\/05\/teses-2001-2005p-290x193.jpg 290w, https:\/\/www.ufmg.br\/pos\/ecologia\/wp-content\/uploads\/2016\/05\/teses-2001-2005p-1020x680.jpg 1020w, https:\/\/www.ufmg.br\/pos\/ecologia\/wp-content\/uploads\/2016\/05\/teses-2001-2005p-1536x1023.jpg 1536w, https:\/\/www.ufmg.br\/pos\/ecologia\/wp-content\/uploads\/2016\/05\/teses-2001-2005p-768x512.jpg 768w, https:\/\/www.ufmg.br\/pos\/ecologia\/wp-content\/uploads\/2016\/05\/teses-2001-2005p-830x553.jpg 830w, https:\/\/www.ufmg.br\/pos\/ecologia\/wp-content\/uploads\/2016\/05\/teses-2001-2005p-230x153.jpg 230w, https:\/\/www.ufmg.br\/pos\/ecologia\/wp-content\/uploads\/2016\/05\/teses-2001-2005p-350x233.jpg 350w, https:\/\/www.ufmg.br\/pos\/ecologia\/wp-content\/uploads\/2016\/05\/teses-2001-2005p-272x182.jpg 272w, https:\/\/www.ufmg.br\/pos\/ecologia\/wp-content\/uploads\/2016\/05\/teses-2001-2005p-300x200.jpg 300w, https:\/\/www.ufmg.br\/pos\/ecologia\/wp-content\/uploads\/2016\/05\/teses-2001-2005p-1024x682.jpg 1024w, https:\/\/www.ufmg.br\/pos\/ecologia\/wp-content\/uploads\/2016\/05\/teses-2001-2005p.jpg 1969w\" sizes=\"(max-width: 480px) 100vw, 480px\" \/><\/a><\/div><div class=\"project-item item isotope-item 2001-2005 \"><a class=\"project-pop-wrap\" href=\"https:\/\/www.ufmg.br\/pos\/ecologia\/teses-e-dissertacoes\/\"><div class=\"project-pop\"><\/div><\/a><a href=\"https:\/\/www.ufmg.br\/pos\/ecologia\/teses-e-dissertacoes\/\"><img loading=\"lazy\" decoding=\"async\" width=\"480\" height=\"320\" src=\"https:\/\/www.ufmg.br\/pos\/ecologia\/wp-content\/uploads\/2016\/11\/2001-2005-480x320.jpg\" class=\"attachment-sydney-mas-thumb size-sydney-mas-thumb wp-post-image\" alt=\"\" srcset=\"https:\/\/www.ufmg.br\/pos\/ecologia\/wp-content\/uploads\/2016\/11\/2001-2005-480x320.jpg 480w, https:\/\/www.ufmg.br\/pos\/ecologia\/wp-content\/uploads\/2016\/11\/2001-2005-300x200.jpg 300w, https:\/\/www.ufmg.br\/pos\/ecologia\/wp-content\/uploads\/2016\/11\/2001-2005-768x512.jpg 768w, https:\/\/www.ufmg.br\/pos\/ecologia\/wp-content\/uploads\/2016\/11\/2001-2005-1024x683.jpg 1024w, https:\/\/www.ufmg.br\/pos\/ecologia\/wp-content\/uploads\/2016\/11\/2001-2005-830x553.jpg 830w, https:\/\/www.ufmg.br\/pos\/ecologia\/wp-content\/uploads\/2016\/11\/2001-2005-230x153.jpg 230w, https:\/\/www.ufmg.br\/pos\/ecologia\/wp-content\/uploads\/2016\/11\/2001-2005-350x233.jpg 350w, https:\/\/www.ufmg.br\/pos\/ecologia\/wp-content\/uploads\/2016\/11\/2001-2005-272x182.jpg 272w\" sizes=\"(max-width: 480px) 100vw, 480px\" \/><\/a><\/div><div class=\"project-item item isotope-item 1996-2000 \"><a class=\"project-pop-wrap\" href=\"https:\/\/www.ufmg.br\/pos\/ecologia\/teses-e-dissertacoes\/\"><div class=\"project-pop\"><\/div><\/a><a href=\"https:\/\/www.ufmg.br\/pos\/ecologia\/teses-e-dissertacoes\/\"><img loading=\"lazy\" decoding=\"async\" width=\"480\" height=\"320\" src=\"https:\/\/www.ufmg.br\/pos\/ecologia\/wp-content\/uploads\/2016\/11\/1996-2000-480x320.jpg\" class=\"attachment-sydney-mas-thumb size-sydney-mas-thumb wp-post-image\" alt=\"\" srcset=\"https:\/\/www.ufmg.br\/pos\/ecologia\/wp-content\/uploads\/2016\/11\/1996-2000-480x320.jpg 480w, https:\/\/www.ufmg.br\/pos\/ecologia\/wp-content\/uploads\/2016\/11\/1996-2000-300x200.jpg 300w, https:\/\/www.ufmg.br\/pos\/ecologia\/wp-content\/uploads\/2016\/11\/1996-2000-768x512.jpg 768w, https:\/\/www.ufmg.br\/pos\/ecologia\/wp-content\/uploads\/2016\/11\/1996-2000-1024x683.jpg 1024w, https:\/\/www.ufmg.br\/pos\/ecologia\/wp-content\/uploads\/2016\/11\/1996-2000-830x553.jpg 830w, https:\/\/www.ufmg.br\/pos\/ecologia\/wp-content\/uploads\/2016\/11\/1996-2000-230x153.jpg 230w, https:\/\/www.ufmg.br\/pos\/ecologia\/wp-content\/uploads\/2016\/11\/1996-2000-350x233.jpg 350w, https:\/\/www.ufmg.br\/pos\/ecologia\/wp-content\/uploads\/2016\/11\/1996-2000-272x182.jpg 272w\" sizes=\"(max-width: 480px) 100vw, 480px\" \/><\/a><\/div><div class=\"project-item item isotope-item 1991-1995 \"><a class=\"project-pop-wrap\" href=\"https:\/\/www.ufmg.br\/pos\/ecologia\/teses-e-dissertacoes\/\"><div class=\"project-pop\"><\/div><\/a><a href=\"https:\/\/www.ufmg.br\/pos\/ecologia\/teses-e-dissertacoes\/\"><img loading=\"lazy\" decoding=\"async\" width=\"480\" height=\"320\" src=\"https:\/\/www.ufmg.br\/pos\/ecologia\/wp-content\/uploads\/2016\/11\/1991-1995-480x320.jpg\" class=\"attachment-sydney-mas-thumb size-sydney-mas-thumb wp-post-image\" alt=\"\" srcset=\"https:\/\/www.ufmg.br\/pos\/ecologia\/wp-content\/uploads\/2016\/11\/1991-1995-480x320.jpg 480w, https:\/\/www.ufmg.br\/pos\/ecologia\/wp-content\/uploads\/2016\/11\/1991-1995-290x193.jpg 290w, https:\/\/www.ufmg.br\/pos\/ecologia\/wp-content\/uploads\/2016\/11\/1991-1995-1020x680.jpg 1020w, https:\/\/www.ufmg.br\/pos\/ecologia\/wp-content\/uploads\/2016\/11\/1991-1995-1536x1024.jpg 1536w, https:\/\/www.ufmg.br\/pos\/ecologia\/wp-content\/uploads\/2016\/11\/1991-1995-2048x1365.jpg 2048w, https:\/\/www.ufmg.br\/pos\/ecologia\/wp-content\/uploads\/2016\/11\/1991-1995-768x512.jpg 768w, https:\/\/www.ufmg.br\/pos\/ecologia\/wp-content\/uploads\/2016\/11\/1991-1995-830x553.jpg 830w, https:\/\/www.ufmg.br\/pos\/ecologia\/wp-content\/uploads\/2016\/11\/1991-1995-230x153.jpg 230w, https:\/\/www.ufmg.br\/pos\/ecologia\/wp-content\/uploads\/2016\/11\/1991-1995-350x233.jpg 350w, https:\/\/www.ufmg.br\/pos\/ecologia\/wp-content\/uploads\/2016\/11\/1991-1995-272x182.jpg 272w, https:\/\/www.ufmg.br\/pos\/ecologia\/wp-content\/uploads\/2016\/11\/1991-1995-300x200.jpg 300w, https:\/\/www.ufmg.br\/pos\/ecologia\/wp-content\/uploads\/2016\/11\/1991-1995-1024x683.jpg 1024w\" sizes=\"(max-width: 480px) 100vw, 480px\" \/><\/a><\/div><\/div><\/div><\/div><!-- \/.project-wrap --><\/div><\/div><\/div><\/div><\/div><\/div>","protected":false},"excerpt":{"rendered":"<p>Teses e Disserta\u00e7\u00f5es &#8211; Links Atualizados Para acessar as teses e disserta\u00e7\u00f5es publicadas no Programa, clique nos links abaixo. Ser\u00e1 [&hellip;]<\/p>\n","protected":false},"author":1,"featured_media":0,"parent":0,"menu_order":0,"comment_status":"closed","ping_status":"closed","template":"page-templates\/page_fullwidth.php","meta":{"footnotes":""},"class_list":["post-163","page","type-page","status-publish","hentry"],"_links":{"self":[{"href":"https:\/\/www.ufmg.br\/pos\/ecologia\/wp-json\/wp\/v2\/pages\/163","targetHints":{"allow":["GET"]}}],"collection":[{"href":"https:\/\/www.ufmg.br\/pos\/ecologia\/wp-json\/wp\/v2\/pages"}],"about":[{"href":"https:\/\/www.ufmg.br\/pos\/ecologia\/wp-json\/wp\/v2\/types\/page"}],"author":[{"embeddable":true,"href":"https:\/\/www.ufmg.br\/pos\/ecologia\/wp-json\/wp\/v2\/users\/1"}],"replies":[{"embeddable":true,"href":"https:\/\/www.ufmg.br\/pos\/ecologia\/wp-json\/wp\/v2\/comments?post=163"}],"version-history":[{"count":45,"href":"https:\/\/www.ufmg.br\/pos\/ecologia\/wp-json\/wp\/v2\/pages\/163\/revisions"}],"predecessor-version":[{"id":1568,"href":"https:\/\/www.ufmg.br\/pos\/ecologia\/wp-json\/wp\/v2\/pages\/163\/revisions\/1568"}],"wp:attachment":[{"href":"https:\/\/www.ufmg.br\/pos\/ecologia\/wp-json\/wp\/v2\/media?parent=163"}],"curies":[{"name":"wp","href":"https:\/\/api.w.org\/{rel}","templated":true}]}}