{"id":281,"date":"2016-11-23T16:02:45","date_gmt":"2016-11-23T18:02:45","guid":{"rendered":"https:\/\/www.ufmg.br\/pos\/ecologia\/?page_id=281"},"modified":"2017-05-17T09:20:13","modified_gmt":"2017-05-17T12:20:13","slug":"ementas","status":"publish","type":"page","link":"https:\/\/www.ufmg.br\/pos\/ecologia\/ementas\/","title":{"rendered":"Ementas"},"content":{"rendered":"<div id=\"pl-281\"  class=\"panel-layout\" ><div id=\"pg-281-0\"  class=\"panel-grid panel-has-style\" ><div style=\"padding: 10px 0; \" data-overlay=\"true\" data-overlay-color=\"#000000\" class=\"panel-row-style panel-row-style-for-281-0\" ><div id=\"pgc-281-0-0\"  class=\"panel-grid-cell\" ><div id=\"panel-281-0-0-0\" class=\"so-panel widget widget_black-studio-tinymce widget_black_studio_tinymce panel-first-child panel-last-child\" data-index=\"0\" ><div style=\"text-align: left;\" data-title-color=\"#443f3f\" data-headings-color=\"#443f3f\" class=\"panel-widget-style panel-widget-style-for-281-0-0-0\" ><h3 class=\"widget-title\">Ementas<\/h3><div class=\"textwidget\"><\/div><\/div><\/div><\/div><\/div><\/div><div id=\"pg-281-1\"  class=\"panel-grid panel-has-style\" ><div class=\"siteorigin-panels-stretch panel-row-style panel-row-style-for-281-1\" style=\"padding: 10px 0; \" data-stretch-type=\"full\" data-overlay=\"true\" data-overlay-color=\"#000000\" ><div id=\"pgc-281-1-0\"  class=\"panel-grid-cell\" ><div id=\"panel-281-1-0-0\" class=\"so-panel widget widget_sow-editor panel-first-child panel-last-child\" data-index=\"1\" ><div style=\"text-align: left;\" data-title-color=\"#443f3f\" data-headings-color=\"#443f3f\" class=\"panel-widget-style panel-widget-style-for-281-1-0-0\" ><div\n\t\t\t\n\t\t\tclass=\"so-widget-sow-editor so-widget-sow-editor-base\"\n\t\t\t\n\t\t>\n<div class=\"siteorigin-widget-tinymce textwidget\">\n\t<ul>\n<li>\n<h6>An\u00e1lise de Dados em Ecologia<\/h6>\n<\/li>\n<li>C\u00f3digo: BIG827<\/li>\n<li><a href=\"https:\/\/www.ufmg.br\/pos\/ecologia\/wp-content\/uploads\/2016\/11\/Analise_de_Dados_em_Ecologia.pdf\">Download<\/a><\/li>\n<\/ul>\n<hr \/>\n<ul>\n<li>\n<h6>Biogeografia<\/h6>\n<\/li>\n<li>C\u00f3digo: BOT801<\/li>\n<li><a href=\"https:\/\/www.ufmg.br\/pos\/ecologia\/wp-content\/uploads\/2016\/11\/Biogeografia.pdf\">Download<\/a><\/li>\n<\/ul>\n<hr \/>\n<ul>\n<li>\n<h6>Biologia Floral<\/h6>\n<\/li>\n<li>C\u00f3digo: BOT802<\/li>\n<li><a href=\"https:\/\/www.ufmg.br\/pos\/ecologia\/wp-content\/uploads\/2016\/11\/Biologia_Floral.pdf\">Download<\/a><\/li>\n<\/ul>\n<hr \/>\n<ul>\n<li>\n<h6>Comportamento e Ecologia de Aves<\/h6>\n<\/li>\n<li>C\u00f3digo: ZOL809<\/li>\n<li><a href=\"https:\/\/www.ufmg.br\/pos\/ecologia\/wp-content\/uploads\/2016\/11\/Comp_ec_Aves.pdf\">Download<\/a><\/li>\n<\/ul>\n<hr \/>\n<ul>\n<li>\n<h6>Ecofisiologia de Algas de \u00c1gua Doce<\/h6>\n<\/li>\n<li>C\u00f3digo: BOT805<\/li>\n<li><a href=\"https:\/\/www.ufmg.br\/pos\/ecologia\/wp-content\/uploads\/2016\/11\/Eco_Algas_Doce.pdf\">Download<\/a><\/li>\n<\/ul>\n<hr \/>\n<ul>\n<li>\n<h6>Ecologia, Biodiversidade e Conserva\u00e7\u00e3o de Ecossistemas Aqu\u00e1ticos<\/h6>\n<\/li>\n<li>C\u00f3digo: BIG853<\/li>\n<li><a href=\"https:\/\/www.ufmg.br\/pos\/ecologia\/wp-content\/uploads\/2016\/11\/Ecolo._Biod._Cons._Ecossistemas_Aquaticos.pdf\">Download<\/a><\/li>\n<\/ul>\n<hr \/>\n<ul>\n<li>\n<h6>Ecologia e Manejo de Vida Silvestre I<\/h6>\n<\/li>\n<li>C\u00f3digo: BIG824<\/li>\n<li><a href=\"https:\/\/www.ufmg.br\/pos\/ecologia\/wp-content\/uploads\/2016\/11\/Ecologia_Conservacao_e_Manejo_da_Vida_Silvestre_I.pdf\">Download<\/a><\/li>\n<\/ul>\n<hr \/>\n<ul>\n<li>\n<h6>Ecologia e Manejo de Vida Silvestre II<\/h6>\n<\/li>\n<li>C\u00f3digo: BIG825<\/li>\n<li><a href=\"https:\/\/www.ufmg.br\/pos\/ecologia\/wp-content\/uploads\/2016\/11\/Ecologia_Conservacao_e_Manejo_da_Vida_Silvestre-II.pdf\">Download<\/a><\/li>\n<\/ul>\n<hr \/>\n<ul>\n<li>\n<h6>Ecologia de Bentos<\/h6>\n<\/li>\n<li>C\u00f3digo: BIG850<\/li>\n<li><a href=\"https:\/\/www.ufmg.br\/pos\/ecologia\/wp-content\/uploads\/2016\/11\/Ecologia_de_Bentos.pdf\">Download<\/a><\/li>\n<\/ul>\n<hr \/>\n<ul>\n<li>\n<h6>Ecologia de Comunidades<\/h6>\n<\/li>\n<li>C\u00f3digo: BIG823<\/li>\n<li><a href=\"https:\/\/www.ufmg.br\/pos\/ecologia\/wp-content\/uploads\/2016\/11\/Ecologia_de_Comunidades.pdf\">Download<\/a><\/li>\n<\/ul>\n<hr \/>\n<ul>\n<li>\n<h6>Ecologia de Popula\u00e7\u00f5es<\/h6>\n<\/li>\n<li>C\u00f3digo: BIG806<\/li>\n<li><a href=\"https:\/\/www.ufmg.br\/pos\/ecologia\/wp-content\/uploads\/2016\/11\/Ecologia_de_Populacoes.pdf\">Download<\/a><\/li>\n<\/ul>\n<hr \/>\n<ul>\n<li>\n<h6>Ecologia do Cerrado<\/h6>\n<\/li>\n<li>C\u00f3digo: BIG810<\/li>\n<li><a href=\"https:\/\/www.ufmg.br\/pos\/ecologia\/wp-content\/uploads\/2016\/11\/Ecologia_do_Cerrado.pdf\">Download<\/a><\/li>\n<\/ul>\n<hr \/>\n<ul>\n<li>\n<h6>Ecologia Quantitativa<\/h6>\n<\/li>\n<li>C\u00f3digo: BIG820<\/li>\n<li><a href=\"https:\/\/www.ufmg.br\/pos\/ecologia\/wp-content\/uploads\/2016\/11\/Ecologia_Quantitativa.pdf\">Download<\/a><\/li>\n<\/ul>\n<hr \/>\n<ul>\n<li>\n<h6>T\u00f3picos em Ecologia e Conserva\u00e7\u00e3o I<\/h6>\n<\/li>\n<li>C\u00f3digo: BIG821<\/li>\n<li><a href=\"https:\/\/www.ufmg.br\/pos\/ecologia\/wp-content\/uploads\/2016\/11\/Ementa_Topicos-I.pdf\">Download<\/a><\/li>\n<\/ul>\n<hr \/>\n<ul>\n<li>\n<h6>T\u00f3picos em Ecologia e Conserva\u00e7\u00e3o II<\/h6>\n<\/li>\n<li>C\u00f3digo: BIG863<\/li>\n<li><a href=\"https:\/\/www.ufmg.br\/pos\/ecologia\/wp-content\/uploads\/2016\/11\/Ementa_Topicos-II.pdf\">Download<\/a><\/li>\n<\/ul>\n<hr \/>\n<ul>\n<li>\n<h6>Estrat\u00e9gias Adaptativas em Vegetais<\/h6>\n<\/li>\n<li>C\u00f3digo: BOT803<\/li>\n<li><a href=\"https:\/\/www.ufmg.br\/pos\/ecologia\/wp-content\/uploads\/2016\/11\/Est_Ad_Vegetais.pdf\">Download<\/a><\/li>\n<\/ul>\n<hr \/>\n<ul>\n<li>\n<h6>Ferramentas Estat\u00edsticas para a An\u00e1lise de Dados<\/h6>\n<\/li>\n<li>C\u00f3digo: ZOL813<\/li>\n<li><a href=\"https:\/\/www.ufmg.br\/pos\/ecologia\/wp-content\/uploads\/2016\/11\/Ferramentas_Estatisticas.pdf\">Download<\/a><\/li>\n<\/ul>\n<hr \/>\n<ul>\n<li>\n<h6>Gen\u00e9tica da Conserva\u00e7\u00e3o<\/h6>\n<\/li>\n<li>C\u00f3digo: BIG858<\/li>\n<li><a href=\"https:\/\/www.ufmg.br\/pos\/ecologia\/wp-content\/uploads\/2016\/11\/Genetica_da_Conservacao.pdf\">Download<\/a><\/li>\n<\/ul>\n<hr \/>\n<ul>\n<li>\n<h6>Intera\u00e7\u00f5es Inseto-Planta<\/h6>\n<\/li>\n<li>C\u00f3digo: BIG819<\/li>\n<li><a href=\"https:\/\/www.ufmg.br\/pos\/ecologia\/wp-content\/uploads\/2016\/11\/Intera\u00e7oes_Inseto_Planta.pdf\">Download<\/a><\/li>\n<\/ul>\n<hr \/>\n<ul>\n<li>\n<h6>Intera\u00e7\u00f5es Microrganismos\/Planta<\/h6>\n<\/li>\n<li>C\u00f3digo: BOT807<\/li>\n<li><a href=\"https:\/\/www.ufmg.br\/pos\/ecologia\/wp-content\/uploads\/2016\/11\/Intera\u00e7\u00f5es_Mic_Planta.pdf\">Download<\/a><\/li>\n<\/ul>\n<hr \/>\n<ul>\n<li>\n<h6>Manejo e Conserva\u00e7\u00e3o de Peixes de \u00c1gua Doce<\/h6>\n<\/li>\n<li>C\u00f3digo: ZOL806<\/li>\n<li><a href=\"https:\/\/www.ufmg.br\/pos\/ecologia\/wp-content\/uploads\/2016\/11\/Manejo_e_Conservacao_de_Peixes_de_agua_Doce.pdf\">Download<\/a><\/li>\n<\/ul>\n<hr \/>\n<ul>\n<li>\n<h6>M\u00e9todo Cient\u00edfico<\/h6>\n<\/li>\n<li>C\u00f3digo: BIG881<\/li>\n<li><a href=\"https:\/\/marcomello.org\/teaching\/metodo\/\" target=\"_blank\">Site<\/a><\/li>\n<\/ul>\n<hr \/>\n<p>\u00a0<\/p>\n<ul>\n<li>\n<h6>Redes Ecol\u00f3gicas<\/h6>\n<\/li>\n<li>C\u00f3digo: BIG880<\/li>\n<li><a href=\"https:\/\/marcomello.org\/teaching\/redes\/\" target=\"_blank\">Site<\/a><\/li>\n<\/ul>\n<p>\u00a0<\/p>\n<hr \/>\n<ul>\n<li>\n<h6>Rela\u00e7\u00f5es Alelop\u00e1ticas em Vegetais<\/h6>\n<\/li>\n<li>C\u00f3digo: BOT816<\/li>\n<li><a href=\"https:\/\/www.ufmg.br\/pos\/ecologia\/wp-content\/uploads\/2016\/11\/Rel_-Al_Veg.pdf\">Download<\/a><\/li>\n<\/ul>\n<hr \/>\n<ul>\n<li>\n<h6>T\u00e9cnicas de Manejo e Fauna<\/h6>\n<\/li>\n<li>C\u00f3digo: BIG865<\/li>\n<li><a href=\"https:\/\/www.ufmg.br\/pos\/ecologia\/wp-content\/uploads\/2016\/11\/Tecnicas_de_MF.pdf\">Download<\/a><\/li>\n<\/ul>\n<hr \/>\n<ul>\n<li>\n<h6>T\u00f3picos em Ecologia e Conserva\u00e7\u00e3o I - Filosofia da Ecologia<\/h6>\n<\/li>\n<li>C\u00f3digo: BIG821<\/li>\n<li><a href=\"https:\/\/www.ufmg.br\/pos\/ecologia\/wp-content\/uploads\/2016\/11\/Topicos_Esp_Eco_I.pdf\">Download<\/a><\/li>\n<\/ul>\n<hr \/>\n<ul>\n<li>\n<h6>T\u00f3picos em Ecologia e Conserva\u00e7\u00e3o II<\/h6>\n<\/li>\n<li>C\u00f3digo: BIG863<\/li>\n<li><a href=\"https:\/\/www.ufmg.br\/pos\/ecologia\/wp-content\/uploads\/2016\/11\/T\u00f3picos_Esp_Eco_II.pdf\">Download<\/a><\/li>\n<\/ul>\n<\/div>\n<\/div><\/div><\/div><\/div><\/div><\/div><\/div>","protected":false},"excerpt":{"rendered":"<p>An\u00e1lise de Dados em EcologiaC\u00f3digo: BIG827DownloadBiogeografiaC\u00f3digo: BOT801DownloadBiologia FloralC\u00f3digo: BOT802DownloadComportamento e Ecologia de AvesC\u00f3digo: ZOL809DownloadEcofisiologia de Algas de \u00c1gua DoceC\u00f3digo: BOT805DownloadEcologia, [&hellip;]<\/p>\n","protected":false},"author":1,"featured_media":0,"parent":0,"menu_order":0,"comment_status":"closed","ping_status":"closed","template":"page-templates\/page_fullwidth.php","meta":{"footnotes":""},"class_list":["post-281","page","type-page","status-publish","hentry"],"_links":{"self":[{"href":"https:\/\/www.ufmg.br\/pos\/ecologia\/wp-json\/wp\/v2\/pages\/281","targetHints":{"allow":["GET"]}}],"collection":[{"href":"https:\/\/www.ufmg.br\/pos\/ecologia\/wp-json\/wp\/v2\/pages"}],"about":[{"href":"https:\/\/www.ufmg.br\/pos\/ecologia\/wp-json\/wp\/v2\/types\/page"}],"author":[{"embeddable":true,"href":"https:\/\/www.ufmg.br\/pos\/ecologia\/wp-json\/wp\/v2\/users\/1"}],"replies":[{"embeddable":true,"href":"https:\/\/www.ufmg.br\/pos\/ecologia\/wp-json\/wp\/v2\/comments?post=281"}],"version-history":[{"count":7,"href":"https:\/\/www.ufmg.br\/pos\/ecologia\/wp-json\/wp\/v2\/pages\/281\/revisions"}],"predecessor-version":[{"id":313,"href":"https:\/\/www.ufmg.br\/pos\/ecologia\/wp-json\/wp\/v2\/pages\/281\/revisions\/313"}],"wp:attachment":[{"href":"https:\/\/www.ufmg.br\/pos\/ecologia\/wp-json\/wp\/v2\/media?parent=281"}],"curies":[{"name":"wp","href":"https:\/\/api.w.org\/{rel}","templated":true}]}}