{"id":396,"date":"2016-11-23T21:02:57","date_gmt":"2016-11-23T23:02:57","guid":{"rendered":"https:\/\/www.ufmg.br\/pos\/ecologia\/?page_id=396"},"modified":"2017-05-16T16:30:29","modified_gmt":"2017-05-16T19:30:29","slug":"teses-2011-2015","status":"publish","type":"page","link":"https:\/\/www.ufmg.br\/pos\/ecologia\/teses-2011-2015\/","title":{"rendered":"Teses 2011-2015"},"content":{"rendered":"<div id=\"pl-396\"  class=\"panel-layout\" ><div id=\"pg-396-0\"  class=\"panel-grid panel-has-style\" ><div style=\"padding: 10px 0; \" data-overlay=\"true\" data-overlay-color=\"#000000\" class=\"panel-row-style panel-row-style-for-396-0\" ><div id=\"pgc-396-0-0\"  class=\"panel-grid-cell\" ><div id=\"panel-396-0-0-0\" class=\"so-panel widget widget_black-studio-tinymce widget_black_studio_tinymce panel-first-child panel-last-child\" data-index=\"0\" ><div style=\"text-align: left;\" data-title-color=\"#443f3f\" data-headings-color=\"#443f3f\" class=\"panel-widget-style panel-widget-style-for-396-0-0-0\" ><h3 class=\"widget-title\">Teses 2011<\/h3><div class=\"textwidget\"><h6>N\u00ba da defesa: 75<\/h6>\n<p>Data: 18\/02\/2011<br \/>\nAutor: Diego Hoffmann<br \/>\nOrientador: Rog\u00e9rio Parentoni Martins<br \/>\nT\u00edtulo:\"Distribui\u00e7\u00e3o potencial e viabilidade de uma popula\u00e7\u00e3o de Polystictus superciliaris (Aves, Tyrannidae), no sudeste do Brasil\"<br \/>\nDownload PDF<\/p>\n<hr \/>\n<h6>N\u00ba da defesa: 76<\/h6>\n<p>Data: 25\/02\/2011<br \/>\nAutor: Licl\u00e9ia da Cruz Rodrigues<br \/>\nOrientador: Marcos Rodrigues<br \/>\nT\u00edtulo:\"Beija-flores e seus recursos florais em \u00e0rea de campo rupestre: composi\u00e7\u00e3o de esp\u00e9cies, sazonalidade e rede de intera\u00e7\u00f5es\"<br \/>\nDownload PDF<\/p>\n<hr \/>\n<h6>N\u00ba da defesa: 77<\/h6>\n<p>Data: 28\/04\/2011<br \/>\nAutor: Tadeu Gomes de Oliveira<br \/>\nOrientador: Fl\u00e1vio H. G. Rodrigues<br \/>\nT\u00edtulo:\"Ecologia e conserva\u00e7\u00e3o de pequenos felinos no Brasil e suas implica\u00e7\u00f5es para o manejo\"<br \/>\nDownload PDF (indispon\u00edvel)<\/p>\n<hr \/>\n<h6>N\u00ba da defesa: 78<\/h6>\n<p>Data: 31\/05\/2011<br \/>\nAutora: Fl\u00e1via Peres Nunes<br \/>\nOrientadora: Queila Souza Garcia<br \/>\nT\u00edtulo:\"Din\u00e2mica da produ\u00e7\u00e3o e da decomposi\u00e7\u00e3o da serapilheira em quatro s\u00edtios do mosaico florestal do Parque Estadual do Rio Doce, Minas Gerais\"<br \/>\nDownload PDF<\/p>\n<hr \/>\n<h6>N\u00ba da defesa: 79<\/h6>\n<p>Data: 22\/07\/2011<br \/>\nAutora: Joseline Molozzi<br \/>\nOrientador: Marcos Callisto<br \/>\nT\u00edtulo:\"Macroinvertebrados bent\u00f4nicos como ferramenta na avalia\u00e7\u00e3o da qualidade ecol\u00f3gica de reservat\u00f3rios urbanos\"<br \/>\nDownload PDF<\/p>\n<hr \/>\n<h6>N\u00ba da defesa: 80<\/h6>\n<p>Data: 09\/12\/2011<br \/>\nAutor: Allan de Freitas Magalh\u00e3es<br \/>\nOrientador: Adriano Paglia<br \/>\nT\u00edtulo:\"Efeito da heterogeneidade ambiental em popula\u00e7\u00f5es naturais de duas esp\u00e9cies arb\u00f3reas congen\u00e9ricas e suas implica\u00e7\u00f5es para o manejo e conserva\u00e7\u00e3o de ecossistemas rip\u00e1rios\"<br \/>\nDownload PDF<\/p>\n<\/div><\/div><\/div><\/div><\/div><\/div><div id=\"pg-396-1\"  class=\"panel-grid panel-has-style\" ><div style=\"padding: 100px 0; \" data-overlay=\"true\" data-overlay-color=\"#000000\" class=\"panel-row-style panel-row-style-for-396-1\" ><div id=\"pgc-396-1-0\"  class=\"panel-grid-cell\" ><div id=\"panel-396-1-0-0\" class=\"so-panel widget widget_black-studio-tinymce widget_black_studio_tinymce panel-first-child panel-last-child\" data-index=\"1\" ><div style=\"text-align: left;\" data-title-color=\"#443f3f\" data-headings-color=\"#443f3f\" class=\"panel-widget-style panel-widget-style-for-396-1-0-0\" ><h3 class=\"widget-title\">2012<\/h3><div class=\"textwidget\"><h6>N\u00ba da defesa: 81<\/h6>\n<p>Data: 02\/03\/2012<br \/>\nAutor: M\u00e1rio Andr\u00e9 Trindade Dantas<br \/>\nOrientador: Mario Alberto Cozzuol<br \/>\nT\u00edtulo:\"Contribui\u00e7\u00e3o ao conhecimento acerca da megafauna pleistoc\u00eanica da Regi\u00e3o Intertropical Brasileira\"<br \/>\nDownload PDF<\/p>\n<hr \/>\n<h6>N\u00ba da defesa: 82<\/h6>\n<p>Data: 27\/02\/2012<br \/>\nAutor: Fabiana Alves Mour\u00e3o<br \/>\nOrientadora: Claudia Maria Jacobi<br \/>\nT\u00edtulo:\"Din\u00e2mica da hemiparasita Struthanthus flexicaulis (Mart.) Mart.\u00a0 (Loranthaceae) e sua influ\u00eancia na estrutura da comunidade vegetal de campos rupestres sobre canga - MG\"<br \/>\nDownload PDF<\/p>\n<hr \/>\n<h6>N\u00ba da defesa: 83<\/h6>\n<p>Data: 27\/02\/2012<br \/>\nAutor: Ana Carolina de Oliveira Neves<br \/>\nOrientador: Rog\u00e9rio Parentoni Martins<br \/>\nT\u00edtulo:\"Hist\u00f3ria de Vida e Efeitos do Fogo em Esp\u00e9cies de Leiothrix (Eriocaulaceae) com Diferentes Estrat\u00e9gias de Propaga\u00e7\u00e3o, na Serra do Cip\u00f3, MG\"<br \/>\nDownload PDF<\/p>\n<hr \/>\n<h6>N\u00ba da defesa: 84<\/h6>\n<p>Data: 30\/03\/2012<br \/>\nAutor: Renata de Melo Ferreira Lopes<br \/>\nOrientadora: Paulina Maria Maia Barbosa<br \/>\nT\u00edtulo:\"Ecologia, etnoconhecimento e educa\u00e7\u00e3o: integrando os saberes acad\u00eamico e popular para a conserva\u00e7\u00e3o do patrim\u00f4nio natural e cultural de S\u00e3o Tom\u00e9 das Letras, MG\"<br \/>\nDownload PDF<\/p>\n<hr \/>\n<h6>N\u00ba da defesa: 85<\/h6>\n<p>Data: 26\/04\/2012<br \/>\nAutor: Newton Pimentel de Ulhoa Barbosa<br \/>\nOrientador: Geraldo Wilson Fernandes<br \/>\nT\u00edtulo:\"Modelos de Distribui\u00e7\u00e3o aplicados aos Campos Rupestres\"<br \/>\nDownload PDF<\/p>\n<hr \/>\n<h6>N\u00ba da defesa: 86<\/h6>\n<p>Data: 27\/04\/2012<br \/>\nAutora: Val\u00e9ria L\u00facia de Oliveira Freitas<br \/>\nOrientador: Geraldo Wilson Fernandes<br \/>\nT\u00edtulo:\"Restaura\u00e7\u00e3o de \u00e0reas degradadas pela extra\u00e7\u00e3o de ard\u00f3sia, utilizando seus rejeitos, no munic\u00edpio de Papagaio, Minas Gerais\"<br \/>\nDownload PDF<\/p>\n<hr \/>\n<h6>N\u00ba da defesa: 87<\/h6>\n<p>Data: 27\/04\/2012<br \/>\nAutora: Carolina Carvalho Cheida<br \/>\nOrientador: Fl\u00e1vio H. G. Rodrigues<br \/>\nT\u00edtulo:\"Ecologia espa\u00e7o-temporal e sa\u00fade do guaxinim Procyon cancrivorus (Mammalia: Carn\u00edvora) no Pantanal central\"<br \/>\nDownload PDF (Indispon\u00edvel)<\/p>\n<hr \/>\n<h6>N\u00ba da defesa: 88<\/h6>\n<p>Data: 25\/05\/2012<br \/>\nAutora: Renata Felipe Silvino<br \/>\nOrientador: Francisco A. R. Barbosa<br \/>\nT\u00edtulo:\"Condi\u00e7\u00e3o Tr\u00f3fica e Qualidade das \u00c1guas das Lagoas da APA Carste de Lagoa Santa, Minas Gerais\"<br \/>\nDownload PDF<\/p>\n<hr \/>\n<h6>N\u00ba da defesa: 89<\/h6>\n<p>Data: 28\/06\/2012<br \/>\nAutora: D\u00e9bora Nogueira Campos Lobato<br \/>\nOrientadora: Yasmine Antonini<br \/>\nT\u00edtulo:\"Efeitos das altera\u00e7\u00f5es ambientais sobre a sa\u00fade de aves silvestres utilizando hemoparasitos como indicadores\"<br \/>\nDownload PDF (Indispon\u00edvel)<\/p>\n<hr \/>\n<h6>N\u00ba da defesa: 90<\/h6>\n<p>Data: 09\/07\/2012<br \/>\nAutor: Jo\u00e3o Valsecchi do Amaral<br \/>\nOrientador: Jos\u00e9 Eug\u00eanio C\u00f4rtes Figueira<br \/>\nT\u00edtulo:\"Ca\u00e7a de animais silvestres nas reservas de desenvolvimento sustent\u00e1vel Mamirau\u00e1 e Aman\u00e3\"<br \/>\nDownload PDF<\/p>\n<hr \/>\n<h6>N\u00ba da defesa: 91<\/h6>\n<p>Data: 26\/11\/2012<br \/>\nAutor: Thiago Igor Ferreira Metzker<br \/>\nOrientadora: Queila de Souza Garcia<br \/>\nT\u00edtulo:\u201cDin\u00e2mica e Estoques de Carbono na Floresta Tropical Atl\u00e2ntica - Brasil\u201d<br \/>\nDownload PDF<\/p>\n<hr \/>\n<h6>N\u00ba da defesa: 92<\/h6>\n<p>Data: 09\/07\/2012<br \/>\nAutor: Felipe S\u00e1 Fortes Leite<br \/>\nOrientador: Paulo Christiano Anchietta Garcia<br \/>\nT\u00edtulo:\"Taxonomia, biogeografia e conserva\u00e7\u00e3o dos anf\u00edbios da Serra do Espinha\u00e7o\u201d<br \/>\nDownload PDF<\/p>\n<hr \/>\n<h6>N\u00ba da defesa: 93<\/h6>\n<p>Data: 14\/12\/2012<br \/>\nAutor: Soizig Anne Le Stradic<br \/>\nOrientador: Geraldo Wilson Fernandes<br \/>\nT\u00edtulo:\"Composition. Phenology and restoration of campos rupestres mountain grasslands - Brazil\u201d<br \/>\nDownload PDF<\/p>\n<\/div><\/div><\/div><\/div><\/div><\/div><div id=\"pg-396-2\"  class=\"panel-grid panel-has-style\" ><div style=\"padding: 100px 0; \" data-overlay=\"true\" data-overlay-color=\"#000000\" class=\"panel-row-style panel-row-style-for-396-2\" ><div id=\"pgc-396-2-0\"  class=\"panel-grid-cell\" ><div id=\"panel-396-2-0-0\" class=\"so-panel widget widget_black-studio-tinymce widget_black_studio_tinymce panel-first-child panel-last-child\" data-index=\"2\" ><div style=\"text-align: left;\" data-title-color=\"#443f3f\" data-headings-color=\"#443f3f\" class=\"panel-widget-style panel-widget-style-for-396-2-0-0\" ><h3 class=\"widget-title\">2013<\/h3><div class=\"textwidget\"><h6>N\u00ba da defesa: 94<\/h6>\n<p>Data: 27\/02\/2013<br \/> Autor: ANA CAROLINA SRBEK DE ARAUJO<br \/> Orientador: ADRIANO GARCIA CHIARELLO<br \/> T\u00edtulo: \"conserva\u00e7\u00e3o da On\u00e7a-pintada (panthera On\u00e7a Linnaeus, 1758)na Mata Atl\u00e2ntica de Tabuleiro do Esp\u00edrito Santo\".<br \/><a href=\"http:\/\/pos.icb.ufmg.br\/pgecologia\/teses\/T94%20-%20Srbek-Araujo.pdf\"> Download pdf<\/a><\/p>\n<hr \/>\n<h6>N\u00ba da defesa: 95<\/h6>\n<p>Data: 25\/03\/2013<br \/> Autor: RAPHAEL LIGEIRO BARROSO SANTOS<br \/> Orientador: MARCOS CALLISTO DE FARIA PEREIRA<br \/> T\u00edtulo: \u201cefeito do Gradiente de Dist\u00farbio, Antr\u00f3pico Sobre Padr\u00f5es de Diversidade Alfa e Beta de Macroinvertebrados em Riachos Neotropicais\u201d.<br \/><a href=\"http:\/\/pos.icb.ufmg.br\/pgecologia\/teses\/T96_Raphael_Ligeiro.pdf\"> Download pdf<\/a><\/p>\n<hr \/>\n<h6>N\u00ba da defesa: 96<\/h6>\n<p>Data: 01\/04\/2013<br \/> Autor: LORENA TORRES OPORTO<br \/> Orientador: FRANCISCO ANTONIO RODRIGUES BARBOSA<br \/> T\u00edtulo: \u201caspectos Ecol\u00f3gicos e Sociais da Invas\u00e3o de Peixes em Lagos Naturais do M\u00e9dio Rio Doce, Mg\u201d.<br \/><a href=\"http:\/\/pos.icb.ufmg.br\/pgecologia\/teses\/T95_Lorena_Oporto.pdf\"> Download pdf<\/a><\/p>\n<hr \/>\n<h6>N\u00ba da defesa: 97<\/h6>\n<p>Data: 28\/05\/2013<br \/> Autor: DANIEL NEGREIROS ALVES PEREIRA<br \/> Orientador: GERALDO WILSON AFONSO FERNANDES<br \/> T\u00edtulo: \u201cestrat\u00e9gias Ecol\u00f3gicas de Plantas de Campo Rupestre\u201d.<br \/><a href=\"http:\/\/pos.icb.ufmg.br\/pgecologia\/teses\/T97_Daniel_Negreiros.pdf\"> Download pdf<\/a><\/p>\n<hr \/>\n<h6>N\u00ba da defesa: 98<\/h6>\n<p>Data: 03\/06\/2013<br \/> Autor: PATR\u00cdCIA DA SILVA SANTOS<br \/> Orientador: PAULO CHRISTIANO DE ANCHIETTA GARCIA<br \/> T\u00edtulo: \u201cherpetofauna do Corredor Sossego-caratinga, Mata Atl\u00e2ntica do Sudeste do Brasil: Estrutura das Comunidades e Influ\u00eancia da Paisagem\u201d.<br \/><a href=\"http:\/\/pos.icb.ufmg.br\/pgecologia\/teses\/T98_Patricia_Santos.pdf\"> Download pdf<\/a><\/p>\n<hr \/>\n<h6>N\u00ba da defesa: 99<\/h6>\n<p>Data: 21\/06\/2013<br \/> Autor: THIAGO COTTA RIBEIRO<br \/> Orientador: ALEXANDRE LIMA GODINHO<br \/> T\u00edtulo: \u201cmigra\u00e7\u00e3o de Peixes Neotropicais em Rio com Barramentos Sucessivos\u201d<br \/><a href=\"http:\/\/pos.icb.ufmg.br\/pgecologia\/teses\/T99_Thiago%20Cotta.pdf\"> Download pdf<\/a><\/p>\n<hr \/>\n<h6>N\u00ba da defesa: 100<\/h6>\n<p>Data: 15\/07\/2013<br \/> Autor: CAROLINA FERREIRA CARDOSO YAZBECK<br \/> Orientador: FERNANDO AMARAL DA SILVEIRA<br \/> T\u00edtulo: \"a Import\u00e2ncia da Diagonal \u00c1rida (caatinga, Cerrado e Chaco) no Isolamento de Popula\u00e7\u00f5es de Esp\u00e9cies de Euglossina (insecta: Hymenoptera: Apidae) nos Dom\u00ednios Morfoclim\u00e1ticos da Amaz\u00f4nia e da Mata Atl\u00e2ntica: um Estudo Filogeogr\u00e1fico\"<br \/> Vers\u00e3o final n\u00e3o disponibilizada pelo autor<\/p>\n<hr \/>\n<h6>N\u00ba da defesa: 101<\/h6>\n<p>Data: 21\/08\/2013<br \/> Autor: DIEGO RODRIGUES MACEDO<br \/> Orientador: MARCOS CALLISTO DE FARIA PEREIRA<br \/> T\u00edtulo: \u201cinflu\u00eancias Ambientais M\u00faltiplas Escalas Espaciais Sobre Assembleias Aqu\u00e1ticas no Cerrado\u201d<br \/><a href=\"http:\/\/pos.icb.ufmg.br\/pgecologia\/teses\/T101_Diego_Macedo.pdf\"> Download pdf<\/a><\/p>\n<hr \/>\n<h6>N\u00ba da defesa: 102<\/h6>\n<p>Data: 22\/08\/2013<br \/> Autor: TAYNAN HENRIQUES TUPINAMB\u00c1S<br \/> Orientador: MARCOS CALLISTO DE FARIA PEREIRA<br \/> T\u00edtulo: \u201cefeito de Altera\u00e7\u00f5es de Vaz\u00e3o em Comunidades Bent\u00f4nicas e Intera\u00e7\u00f5es Tr\u00f3ficas com a Ictiofauna Bent\u00f3faga\u201d<br \/><a href=\"http:\/\/pos.icb.ufmg.br\/pgecologia\/teses\/T102_Taynan_Tupinamb\u00e1s.pdf\"> Download pdf<\/a><\/p>\n<hr \/>\n<h6>N\u00ba da defesa: 103<\/h6>\n<p>Data: 23\/08\/2013<br \/> Autor: WANDER RIBEIRO FERREIRA<br \/> Orientador: MARCOS CALLISTO DE FARIA PEREIRA<br \/> T\u00edtulo: \u201crela\u00e7\u00f5es de Fatores Ambientais de Habitats Fis\u00edcos com Riqueza, Distribui\u00e7\u00e3o e Conte\u00fado Alimentar de Macroinvertebrados Bent\u00f4nicos em Riachos de Cabeceira no Cerrado\u201d<br \/><a href=\"http:\/\/pos.icb.ufmg.br\/pgecologia\/teses\/T103_Wander_Ferreira.pdf\"> Download pdf<\/a><\/p>\n<hr \/>\n<h6>N\u00ba da defesa: 104<\/h6>\n<p>Data: 27\/09\/2013<br \/> Autor: ANA MARIA MOREIRA BATISTA<br \/> Orientador: ALESSANDRA GIANI<br \/> T\u00edtulo: \u201ccomposi\u00e7\u00e3o da Comunidade de Cianobact\u00e9rias e de Outros Grupos Microbianos em Dois Reservat\u00f3rios Tropicais\u201d<br \/><a href=\"http:\/\/pos.icb.ufmg.br\/pgecologia\/teses\/T104_Ana_Lopes.pdf\"> Download pdf<\/a><\/p>\n<hr \/>\n<h6>N\u00ba da defesa: 105<\/h6>\n<p>Data: 25\/10\/2013<br \/> Autor: JULIANA DA SILVA MARTINS PIMENTEL<br \/> Orientador: ALESSANDRA GIANI<br \/> T\u00edtulo: \u201can\u00e1lises de Transcri\u00e7\u00e3o G\u00eanica em Cianobact\u00e9rias, como Ferramenta para Estudar suas Rela\u00e7\u00f5es com o Ambiente\u201d<br \/><a href=\"http:\/\/pos.icb.ufmg.br\/pgecologia\/teses\/T105%20-%20Juliana%20Pimentel.pdf\"> Download pdf<\/a><\/p>\n<hr \/>\n<h6>N\u00ba da defesa: 106<\/h6>\n<p>Data: 31\/10\/2013<br \/> Autor: SUELLEN CRISTINA MOREIRA DE SALES<br \/> Orientador: ARNOLA CECILIA RIETZLER<br \/> T\u00edtulo: \u201cavalia\u00e7\u00e3o Ecotoxicol\u00f3gica de Impactos da Contamina\u00e7\u00e3o por Metais e Ars\u00eanio em \u00c1reas de Minera\u00e7\u00e3o e Beneficiamento de Ouro em Minas Gerais\u201d<br \/><a href=\"http:\/\/pos.icb.ufmg.br\/pgecologia\/teses\/T106_SUELLEN%20C%20M%20SALES.pdf\"> Download pdf<\/a><\/p>\n<\/div><\/div><\/div><\/div><\/div><\/div><div id=\"pg-396-3\"  class=\"panel-grid panel-has-style\" ><div style=\"padding: 100px 0; \" data-overlay=\"true\" data-overlay-color=\"#000000\" class=\"panel-row-style panel-row-style-for-396-3\" ><div id=\"pgc-396-3-0\"  class=\"panel-grid-cell\" ><div id=\"panel-396-3-0-0\" class=\"so-panel widget widget_black-studio-tinymce widget_black_studio_tinymce panel-first-child panel-last-child\" data-index=\"3\" ><div style=\"text-align: left;\" data-title-color=\"#443f3f\" data-headings-color=\"#443f3f\" class=\"panel-widget-style panel-widget-style-for-396-3-0-0\" ><h3 class=\"widget-title\">2014<\/h3><div class=\"textwidget\"><h6>N\u00ba da defesa: 107<\/h6>\n<p>Data: 27\/01\/2014<br \/> Autor: LUIS DIEGO ALFARO ALVARADO<br \/> Orientador: FLAVIO HENRIQUE GUIMARAES RODRIGUES<br \/> T\u00edtulo: \u201cdin\u00e2mica de Recursos Sazonais e Intera\u00e7\u00e3o com a Fauna Silvestre no Parque Nacional Santa Rosa e Guanacaste\u201d<br \/><a href=\"http:\/\/pos.icb.ufmg.br\/pgecologia\/teses\/T107_Luis%20Alfaro.pdf\"> Download pdf<\/a><\/p>\n<hr \/>\n<h6>N\u00ba da defesa: 108<\/h6>\n<p>Data: 29\/01\/2014<br \/> Autor: ANDERSON VIEIRA CHAVES<br \/> Orientador: FABRICIO RODRIGUES DOS SANTOS<br \/> T\u00edtulo: \u201cbiogeografia Hist\u00f3rica e Sistem\u00e1tica das Aves End\u00eamicas dos Topos de Montanha do Leste do Brasil\"<br \/><a href=\"http:\/\/pos.icb.ufmg.br\/pgecologia\/teses\/T108_Anderson%20Chaves.pdf\"> Download pdf<\/a><\/p>\n<hr \/>\n<h6>N\u00ba da defesa: 110<\/h6>\n<p>Data: 19\/02\/2014<br \/> Autor: DANIEL ALBUQUERQUE PEREIRA<br \/> Orientador: ALESSANDRA GIANI<br \/> T\u00edtulo: \u201cquorum Sensing em Cianobact\u00e9rias\u201d.<br \/><a href=\"http:\/\/pos.icb.ufmg.br\/pgecologia\/teses\/T110_Daniel_pereira.pdf\"> Download pdf<\/a><\/p>\n<hr \/>\n<h6>N\u00ba da defesa: 110<\/h6>\n<p>Data: 26\/02\/2014<br \/> Autor: FL\u00c1VIO FONSECA DO CARMO<br \/> Orientador: CLAUDIA MARIA JACOBI<br \/> T\u00edtulo: \u201cpadr\u00f5es de Diversidade, Composi\u00e7\u00e3o Flor\u00edstica e Estruturas de Comunidades de Plantas em Afloramentos Rochosos, Quadril\u00e1tero Ferr\u00edfero - Mg.\"<br \/><a href=\"http:\/\/pos.icb.ufmg.br\/pgecologia\/teses\/T109_Flavio%20Carmo.pdf\"> Download pdf<\/a><\/p>\n<hr \/>\n<h6>N\u00ba da defesa: 111<\/h6>\n<p>Data: 26\/02\/2014<br \/> Autor: LUDMILA SILVA BRIGHENTI<br \/> Orientador: JOSE FERNANDES BEZERRA NETO<br \/> T\u00edtulo: \u201cuso de Sensores de Alta Frequ\u00eancia para Estimativas Cont\u00ednuas de Metabolismo e Monitoramento em Lagos Tropicais\u201d.<br \/><a href=\"http:\/\/pos.icb.ufmg.br\/pgecologia\/teses\/T111_LudmilaSBrighenti.pdf\"> Download pdf<\/a><\/p>\n<hr \/>\n<h6>N\u00ba da defesa: 112<\/h6>\n<p>Data: 21\/03\/2014<br \/> Autor: ALEXANDRE T\u00daLIO AMARAL NASCIMENTO<br \/> Orientador: GUSTAVO ALBERTO B DA FONSECA<br \/> T\u00edtulo: \u201cecologia e Conserva\u00e7\u00e3o do Mico-le\u00e3o-da-cara-preta (leontopithecus Caissara) na Regi\u00e3o do Ariri, Cananeia, S\u00e3o Paulo.\"<br \/><a href=\"http:\/\/pos.icb.ufmg.br\/pgecologia\/teses\/T113_Alexandre%20T%20A%20Nascimento.pdf\"> Download pdf<\/a><\/p>\n<hr \/>\n<h6>N\u00ba da defesa: 113<\/h6>\n<p>Data: 21\/03\/2014<br \/> Autor: MAIONE WITTIG FRANCO<br \/> Orientador: FRANCISCO ANTONIO RODRIGUES BARBOSA<br \/> T\u00edtulo: \u201cavalia\u00e7\u00e3o da Qualidade Ambiental no Entorno de \u00c1reas de Minera\u00e7\u00e3o e An\u00e1lise da Exposi\u00e7\u00e3o da Cianobact\u00e9ria Synechococcus Nidulans a Oxi\u00e2nions de Ars\u00eanio.\u201d.<br \/><a href=\"http:\/\/pos.icb.ufmg.br\/pgecologia\/teses\/T112_%20Maione%20Franco.pdf\"> Download pdf<\/a><\/p>\n<hr \/>\n<h6>N\u00ba da defesa: 114<\/h6>\n<p>Data: 19\/05\/2014<br \/> Autor: CAMILA PALHARES TEIXEIRA<br \/> Orientador: MARCOS RODRIGUES<br \/> T\u00edtulo: \u201cbiodivercidade\u201d.<br \/><a href=\"http:\/\/pos.icb.ufmg.br\/pgecologia\/teses\/T114_Camila%20Teixeira.pdf\"> Download pdf<\/a><\/p>\n<hr \/>\n<h6>N\u00ba da defesa: 115<\/h6>\n<p>Data: 22\/08\/2014<br \/> Autor: FREDERIC MENDES HUGHES<br \/> Orientador: EDUARDO LEITE BORBA<br \/> T\u00edtulo: \u201cbiossistem\u00e1tica, Filogeografia, Estrutura Microespacial e Din\u00e2mica Populacional do Complexo Melocactus Oreas (cactaceae) no Brasil\u201d<br \/><a href=\"http:\/\/pos.icb.ufmg.br\/pgecologia\/teses\/T115_Frederic%20Hughes.pdf\"> Download pdf<\/a><\/p>\n<hr \/>\n<h6>N\u00ba da defesa: 116<\/h6>\n<p>Data: 22\/08\/2014<br \/> Autor: MARCEL SERRA COELHO<br \/> Orientador: GERALDO WILSON AFONSO FERNANDES<br \/> T\u00edtulo: \u201ccap\u00f5es de Mata da Cadeia do Espinha\u00e7o.\u201d<br \/><a href=\"http:\/\/pos.icb.ufmg.br\/pgecologia\/teses\/T116_Marcel%20Coelho.pdf\"> Download pdf<\/a><\/p>\n<hr \/>\n<h6>N\u00ba da defesa: 117<\/h6>\n<p>Data: 22\/08\/2014<br \/> Autor: TATE CORR\u00caA LANA<br \/> Orientador: GERALDO WILSON AFONSO FERNANDES<br \/> T\u00edtulo: \u201cEstrutura da Comunidade de Formigas em um Gradiente Altitudinal de Campo Rupestre na Serra do Cip\u00f3, MG\u201d<br \/> Download pdf (tese temporariamente indispon\u00edvel para download)<\/p>\n<hr \/>\n<h6>N\u00ba da defesa: 118<\/h6>\n<p>Data: 26\/08\/2014<br \/> Autor: ALEJANDRO GIRALDO P\u00c9REZ<br \/> Orientador: ALEXANDRE LIMA GODINHO<br \/> T\u00edtulo: \u201cmigra\u00e7\u00e3o e Mortalidade Cr\u00f4nica de Peixes nos Rios Grande e Parana\u00edba, Mg.\u201d<br \/><a href=\"http:\/\/pos.icb.ufmg.br\/pgecologia\/teses\/T117_Alejandro%20Giraldo.pdf\"> Download pdf<\/a><\/p>\n<hr \/>\n<h6>N\u00ba da defesa: 119<\/h6>\n<p>Data: 24\/11\/2014<br \/> Autor: RODRIGO HENRIQUE ALVES<br \/> Orientador: ARNOLA CECILIA RIETZLER<br \/> T\u00edtulo: \u201cAvalia\u00e7\u00e3o Ecotoxicol\u00f3gica de Solos do Entorno de \u00c1reas de Minera\u00e7\u00e3o: Subs\u00eddios para a Per\u00edcia Criminal Ambiental\u201d.<br \/><a href=\"http:\/\/pos.icb.ufmg.br\/pgecologia\/teses\/T119_Rodrigo%20Henrique%20Alves.pdf\"> Download pdf<\/a><\/p>\n<\/div><\/div><\/div><\/div><\/div><\/div><div id=\"pg-396-4\"  class=\"panel-grid panel-has-style\" ><div style=\"padding: 100px 0; \" data-overlay=\"true\" data-overlay-color=\"#000000\" class=\"panel-row-style panel-row-style-for-396-4\" ><div id=\"pgc-396-4-0\"  class=\"panel-grid-cell\" ><div id=\"panel-396-4-0-0\" class=\"so-panel widget widget_black-studio-tinymce widget_black_studio_tinymce panel-first-child panel-last-child\" data-index=\"4\" ><div style=\"text-align: left;\" data-title-color=\"#443f3f\" data-headings-color=\"#443f3f\" class=\"panel-widget-style panel-widget-style-for-396-4-0-0\" ><h3 class=\"widget-title\">2015<\/h3><div class=\"textwidget\"><h6>N\u00ba da defesa: 120<\/h6>\n<p>Data: 20\/03\/2015<br \/> Autor: MARINA HENRIQUES LAGE DUARTE<br \/> Orientador: MARCOS RODRIGUES<br \/> T\u00edtulo: \u201cMinera\u00e7\u00e3o, Polui\u00e7\u00e3o Sonora e Impactos na Comunica\u00e7\u00e3o Animal.\u201d<br \/><a href=\"http:\/\/pos.icb.ufmg.br\/pgecologia\/teses\/T120_Marina_Duarte.pdf\"> Download pdf<\/a><\/p>\n<hr \/>\n<h6>N\u00ba da defesa: 121<\/h6>\n<p>Data: 25\/03\/2015<br \/> Autor: PAULA FERNANDA ALBONETTE DE NOBREGA<br \/> Orientador: JOSE EUGENIO CORTES FIGUEIRA<br \/> T\u00edtulo: \u201cAves Aqu\u00e1ticas da \u00c1rea de Prote\u00e7\u00e3o Ambiental Carste de Lagoa Santa: Ecologia e Conserva\u00e7\u00e3o\u201d<br \/><a href=\"http:\/\/pos.icb.ufmg.br\/pgecologia\/teses\/T121_Paula%20N\u00f3brega.pdf\"> Download pdf<\/a><\/p>\n<hr \/>\n<h6>N\u00ba da defesa: 122<\/h6>\n<p>Data: 17\/04\/2015<br \/> Autor: THECIA ALFENAS SILVA VALENTE PAES<br \/> Orientador: PAULINA MARIA MAIA BARBOSA<br \/> T\u00edtulo: \u201cdiapausa em Daphnia de Ambientes Aqu\u00e1ticos Tropicais Permanentes: Fatores Que Influenciam a Forma\u00e7\u00e3o e Eclos\u00e3o de Ovos de Resist\u00eancia \u201d<br \/><a href=\"http:\/\/pos.icb.ufmg.br\/pgecologia\/teses\/T122_Th\u00e9cia%20Alfenas%20S.%20V.%20Paes.pdf\"> Download pdf<\/a><\/p>\n<hr \/>\n<h6>N\u00ba da defesa: 123<\/h6>\n<p>Data: 29\/04\/2015<br \/> Autor: DIEGO GUIMAR\u00c3ES FLORENCIO PUJONI<br \/> Orientador: PAULINA MARIA MAIA BARBOSA<br \/> T\u00edtulo: \u201cpadr\u00f5es Espa\u00e7o-temporais da Comunidade Planct\u00f4nica do Complexo Lacustre do M\u00e9dio Rio Doce.\u201d<br \/><a href=\"http:\/\/pos.icb.ufmg.br\/pgecologia\/teses\/T123_Diego%20Pujoni.pdf\"> Download pdf<\/a><\/p>\n<hr \/>\n<h6>N\u00ba da defesa: 124<\/h6>\n<p>Data: 28\/07\/2015<br \/> Autor: LAURA MARTINS GAGLIARDI<br \/> Orientador: JOSE FERNANDES BEZERRA NETO<br \/> T\u00edtulo: \u201cmetabolismo de Lagos Tropicais e seus Reguladores: Efeito das Altera\u00e7\u00f5es Clim\u00e1ticas Sazonais, Morfometria dos Lagos e Caracter\u00edstica de suas Bacias\u201d<br \/><a href=\"http:\/\/pos.icb.ufmg.br\/pgecologia\/teses\/T124%20-%20Laura%20Gagliardi.pdf\"> Download pdf<\/a><\/p>\n<hr \/>\n<h6>N\u00ba da defesa: 125<\/h6>\n<p>Data: 11\/09\/2015<br \/> Autor: NELSON AZEVEDO SANTOS TEIXEIRA DE MELLO<br \/> Orientador: JOSE FERNANDES BEZERRA NETO<br \/> T\u00edtulo: \"mudan\u00e7as Clim\u00e1ticas como Feedback Positivo para Emiss\u00e3o de Metano (ch4) por Ecossistemas Aqu\u00e1ticos Tropicais\"<br \/><a href=\"http:\/\/pos.icb.ufmg.br\/pgecologia\/teses\/T125_%20Nelson%20Mello.pdf\"> Download pdf<\/a><\/p>\n<hr \/>\n<h6>N\u00ba da defesa: 126<\/h6>\n<p>Data: 30\/11\/2015<br \/> Autor: SILVANA APARECIDA BARBOSA DE CASTRO<br \/> Orientador: JOSE PIRES DE LEMOS FILHO<br \/> T\u00edtulo: \u201cecofisiologia de Melastomataceae dos Campos Rupestres\u201d<br \/><a href=\"http:\/\/pos.icb.ufmg.br\/pgecologia\/teses\/T126%20-%20SILVANA%20AB%20CASTRO.pdf\"> Download pdf<\/a><\/p>\n<hr \/>\n<h6>N\u00ba da defesa: 127<\/h6>\n<p>Data: 07\/12\/2015<br \/> Autor: L\u00cdLIAN MARIANA COSTA<br \/> Orientador: MARCOS RODRIGUES<br \/> T\u00edtulo: \u201chist\u00f3ria Natural, Demografia, Viabilidade Populacional e Conserva\u00e7\u00e3o de Asthenes Luizae (furnariidae), Ave End\u00eamica dos Campos Rupestres da Cadeia do Espinha\u00e7o, Minas Gerais\u201d.<br \/><a href=\"http:\/\/pos.icb.ufmg.br\/pgecologia\/teses\/T127%20-%20LilianCosta.pdf\"> Download pdf<\/a><\/p>\n<hr \/>\n<h6>N\u00ba da defesa: 128<\/h6>\n<p>Data: 18\/12\/2015<br \/> Autor: LUIZ ALBERTO DOLABELA FALC\u00c3O<br \/> Orientador: ADRIANO PEREIRA PAGLIA<br \/> T\u00edtulo: \u201cmorcegos em Florestas Tropicais Secas Brasileiras\u201d.<br \/><a href=\"http:\/\/pos.icb.ufmg.br\/pgecologia\/teses\/T128%20-%20Luiz%20Falc\u00e3o.pdf\"> Download pdf<\/a><\/p>\n<hr \/>\n<h6>N\u00ba da defesa: 129<\/h6>\n<p>Data: 18\/12\/2015<br \/> Autor: RAONI ROSA RODRIGUES<br \/> Orientador: ALEXANDRE LIMA GODINHO<br \/> T\u00edtulo: \u201csistemas de Transposi\u00e7\u00e3o de Peixes: Contribui\u00e7\u00f5es para o Desing e Monitoramento \u201d.<br \/><a href=\"http:\/\/pos.icb.ufmg.br\/pgecologia\/teses\/T129%20-%20Raoni%20Rodrigues.pdf\"> Download pdf<\/a><\/p>\n<\/div><\/div><\/div><\/div><\/div><\/div><\/div>","protected":false},"excerpt":{"rendered":"<p>N\u00ba da defesa: 75 Data: 18\/02\/2011 Autor: Diego Hoffmann Orientador: Rog\u00e9rio Parentoni Martins T\u00edtulo:&#8221;Distribui\u00e7\u00e3o potencial e viabilidade de uma popula\u00e7\u00e3o [&hellip;]<\/p>\n","protected":false},"author":1,"featured_media":0,"parent":0,"menu_order":0,"comment_status":"closed","ping_status":"closed","template":"page-templates\/page_fullwidth.php","meta":{"footnotes":""},"class_list":["post-396","page","type-page","status-publish","hentry"],"_links":{"self":[{"href":"https:\/\/www.ufmg.br\/pos\/ecologia\/wp-json\/wp\/v2\/pages\/396","targetHints":{"allow":["GET"]}}],"collection":[{"href":"https:\/\/www.ufmg.br\/pos\/ecologia\/wp-json\/wp\/v2\/pages"}],"about":[{"href":"https:\/\/www.ufmg.br\/pos\/ecologia\/wp-json\/wp\/v2\/types\/page"}],"author":[{"embeddable":true,"href":"https:\/\/www.ufmg.br\/pos\/ecologia\/wp-json\/wp\/v2\/users\/1"}],"replies":[{"embeddable":true,"href":"https:\/\/www.ufmg.br\/pos\/ecologia\/wp-json\/wp\/v2\/comments?post=396"}],"version-history":[{"count":8,"href":"https:\/\/www.ufmg.br\/pos\/ecologia\/wp-json\/wp\/v2\/pages\/396\/revisions"}],"predecessor-version":[{"id":968,"href":"https:\/\/www.ufmg.br\/pos\/ecologia\/wp-json\/wp\/v2\/pages\/396\/revisions\/968"}],"wp:attachment":[{"href":"https:\/\/www.ufmg.br\/pos\/ecologia\/wp-json\/wp\/v2\/media?parent=396"}],"curies":[{"name":"wp","href":"https:\/\/api.w.org\/{rel}","templated":true}]}}