{"id":531,"date":"2016-12-06T11:02:47","date_gmt":"2016-12-06T13:02:47","guid":{"rendered":"https:\/\/www.ufmg.br\/pos\/ecologia\/?page_id=531"},"modified":"2026-02-02T13:49:26","modified_gmt":"2026-02-02T16:49:26","slug":"2025-disciplinas-2","status":"publish","type":"page","link":"https:\/\/www.ufmg.br\/pos\/ecologia\/2025-disciplinas-2\/","title":{"rendered":"Disciplinas"},"content":{"rendered":"<div id=\"pl-531\"  class=\"panel-layout\" ><div id=\"pg-531-0\"  class=\"panel-grid panel-has-style\" ><div class=\"siteorigin-panels-stretch panel-row-style panel-row-style-for-531-0\" style=\"padding: 10px 0; \" data-stretch-type=\"full\" data-overlay=\"true\" data-overlay-color=\"#000000\" ><div id=\"pgc-531-0-0\"  class=\"panel-grid-cell\" ><div id=\"panel-531-0-0-0\" class=\"so-panel widget widget_black-studio-tinymce widget_black_studio_tinymce panel-first-child panel-last-child\" data-index=\"0\" ><div style=\"text-align: left;\" data-title-color=\"#443f3f\" data-headings-color=\"#443f3f\" class=\"panel-widget-style panel-widget-style-for-531-0-0-0\" ><h3 class=\"widget-title\">Disciplinas<\/h3><div class=\"textwidget\"><h2>Estrutura curricular<\/h2>\n<p>No ECMVS, o curr\u00edculo atualmente est\u00e1 dividido em disciplinas obrigat\u00f3rias (Curso de Campo, Ecologia de Popula\u00e7\u00f5es e Ecologia de Comunidades) e optativas (todas as demais).<\/p>\n<p>Vale notar que o <a href=\"https:\/\/cursodecampoufmg.wordpress.com\" target=\"_blank\" rel=\"noopener\">Curso de Campo da UFMG<\/a> n\u00e3o \u00e9 obrigat\u00f3rio para alunos de doutorado. Al\u00e9m disso, nossos alunos de mestrado podem fazer cursos similares em outros PPGs e depois validar os cr\u00e9ditos. Em\u00a02017 estabelecemos uma parceria com o INPA e agora alunos do ECMVS e de outros PPGs da UFMG t\u00eam vagas reservadas no curso de campo <a href=\"https:\/\/sites.google.com\/site\/ecologiadaflorestamazonica\/home\" target=\"_blank\" rel=\"noopener\">Ecologia da Floresta Amaz\u00f4nica<\/a>.<\/p>\n<p>O colegiado est\u00e1 trabalhando em uma reforma curricular, que deve ser conclu\u00edda at\u00e9 o final de 2017. Pretendemos adotar uma estrutura em blocos conceituais.<\/p>\n<h2><b>Disciplinas ofertadas nos \u00faltimos semestres<\/b><\/h2>\n<ul>\n<li><strong>[**NOVO] Agenda e salas de aula 2025\/1\u00ba - <a href=\"https:\/\/calendar.google.com\/calendar\/u\/0?cid=ZWNtdnMudWZtZ0BnbWFpbC5jb20\">&gt;&gt;clique aqui&lt;&lt;<\/a><\/strong><\/li>\n<li>Informativo de matr\u00edcula 2025\/1\u00ba (disciplinas, prazos, etc.) <a href=\"https:\/\/drive.google.com\/file\/d\/1ts1DX1xgX2gycaHqsEKY_6PgFefRCD_C\/view?usp=sharing\">&gt;&gt;clique aqui&lt;&lt;<\/a><\/li>\n<li>Informativo Matr\u00edcula Isolada 2025\/1\u00ba <a href=\"https:\/\/drive.google.com\/file\/d\/1DTD7ocQ4SnQZxy0NSSTf68MO6bZOnF3h\/view?usp=drive_link\">&gt;&gt;clique aqui&lt;&lt;<\/a><\/li>\n<li>Ementas Atualizadas (Nova Vers\u00e3o Curricular)\u00a0<a href=\"https:\/\/icbufmg-my.sharepoint.com\/:f:\/g\/personal\/colposecmvs_icb_ufmg_br\/EpOsOGeXDg1Akof4blmbhkABvGklxwvrRc9pYW8WODE8ow?e=IfhTgM\">&gt;&gt;clique aqui&lt;&lt;<\/a><\/li>\n<li>Ementas antigas das disciplinas -\u00a0<a href=\"https:\/\/icbufmg-my.sharepoint.com\/:f:\/g\/personal\/colposecmvs_icb_ufmg_br\/Em0wcWDY2EBNs2T6kVxKoYgBKfHbHC9wwUjKED4Z2SJlrA?e=SKd7ci\">Link est\u00e1vel para as Ementas das disciplinas<\/a><\/li>\n<li>Informativo de matr\u00edcula 2024\/2\u00ba (disciplinas, prazos, etc.)\u00a0<a href=\"https:\/\/drive.google.com\/file\/d\/1ht72MwkFU1aH3mlaTNKQoSiA2CB4u9Dc\/view?usp=sharing\">&gt;&gt;clique aqui&lt;&lt;<\/a><\/li>\n<li>Informativo de matr\u00edcula 2024\/1\u00ba (disciplinas, prazos, etc.) <a href=\"https:\/\/drive.google.com\/file\/d\/1sdNgLEEWV3cUQXTDyl7_2oEVLDLCuTbJ\/view?usp=sharing\">&gt;&gt;clique aqui&lt;&lt;<\/a><\/li>\n<li>Informativo de matr\u00edcula 2023\/2\u00ba (disciplinas, prazos, etc.) <a href=\"https:\/\/icbufmg-my.sharepoint.com\/:b:\/g\/personal\/colposecmvs_icb_ufmg_br\/ESzFKvnPXfxGgtapN1pUSrMB66IA3C-2fBdOep4LoJeFtA?e=VF8avZ\">&gt;&gt;clique aqui&lt;&lt;<\/a><\/li>\n<li>Oferta de disciplinas 2023\/1 - <a href=\"https:\/\/icbufmg-my.sharepoint.com\/:b:\/g\/personal\/colposecmvs_icb_ufmg_br\/EbQawb-k33ZPiEzjvJJMxeQB5nmZN8WkYhitkFHhgKfIDg?e=z9aPW9\">download<\/a><\/li>\n<li>Oferta de disciplinas 2022\/2 - <a href=\"https:\/\/icbufmg-my.sharepoint.com\/:b:\/g\/personal\/colposecmvs_icb_ufmg_br\/Efctai6ZcvRMixX4D1XHIHsBt-sg9IguBlxJWKF8BnhCGw?e=j9W1L1\">download<\/a><\/li>\n<li>Oferta de disciplinas 2022\/1 - <a href=\"https:\/\/icbufmg-my.sharepoint.com\/:b:\/g\/personal\/colposecmvs_icb_ufmg_br\/EQ149CthQzVKjZDgbEICLecB6f1WNuw2wwHVo3-_lmkKUA?e=Ccyqxx\">download<\/a><\/li>\n<li>Oferta de disciplinas 2021\/2 - <a href=\"https:\/\/drive.google.com\/file\/d\/14SrgZOa854DNU4WA-SN23NsLl6F91NjC\/view?usp=sharing\">download<\/a><\/li>\n<li>Oferta de disciplinas 2021\/1 - <a href=\"https:\/\/drive.google.com\/file\/d\/1THR7Bu1Z3hZYHfxqCFC1B7hkDPOBnFXW\/view?usp=sharing\">download<\/a><\/li>\n<li>Oferta de disciplinas 2020\/2 - <a href=\"https:\/\/drive.google.com\/file\/d\/1H-Q8kAG2FqEL1gMn4lntlUXBJ3chnCZJ\/view?usp=sharing\">download<\/a><\/li>\n<li>Oferta de disciplinas 2020\/1 - <a href=\"https:\/\/drive.google.com\/file\/d\/1wtYiAb6hTKwkneGM3rPKIJxrMzSy0uxE\/view?usp=sharing\">download<\/a><\/li>\n<li>Oferta de disciplinas 2019\/2 - <a href=\"https:\/\/drive.google.com\/file\/d\/12XPElBGJ_58rgHEg7GQRocIdytQqc3XD\/view\">download<\/a><\/li>\n<li>Oferta de disciplinas 2019\/1 - <a href=\"https:\/\/www.dropbox.com\/s\/r9y7rxucqrdc7b4\/Oferta%20Disciplinas%202019-1%20Ecologia.pdf?dl=0\">download<\/a><\/li>\n<li>Disciplinas ofertadas em 2017\/2 - <a href=\"https:\/\/www.ufmg.br\/pos\/ecologia\/wp-content\/uploads\/2017\/06\/Oferta-Disciplinas-2017-2-Ecologia.pdf\">download<\/a><\/li>\n<li>Disciplinas ofertadas em 2017\/1 - \u00a0<a href=\"https:\/\/www.ufmg.br\/pos\/ecologia\/wp-content\/uploads\/2017\/02\/Oferta-Disciplinas-2017-1-Ecologia.pdf\">download<\/a><\/li>\n<li>Disciplinas ofertadas em 2016\/2 -\u00a0<a href=\"https:\/\/www.ufmg.br\/pos\/ecologia\/wp-content\/uploads\/2016\/11\/Oferta-Disciplinas-2016-2-Ecologia2.pdf\">download<\/a><\/li>\n<li>Disciplinas ofertadas em 2016\/1 -\u00a0<a href=\"https:\/\/www.ufmg.br\/pos\/ecologia\/wp-content\/uploads\/2016\/11\/Oferta-Disciplinas-2016-1-Ecologia1.pdf\">download<\/a><\/li>\n<li>Disciplinas ofertadas em 2015\/2 -\u00a0<a href=\"https:\/\/www.ufmg.br\/pos\/ecologia\/wp-content\/uploads\/2016\/11\/Oferta-Disciplinas-2015-2-Ecologia1.pdf\">download<\/a><\/li>\n<li>Disciplinas ofertadas em 2015\/1 -\u00a0<a href=\"https:\/\/www.ufmg.br\/pos\/ecologia\/wp-content\/uploads\/2016\/11\/Oferta-Disciplinas-2015-1-Ecologia1.pdf\">download<\/a><\/li>\n<\/ul>\n<h2><\/h2>\n<h2><a href=\"https:\/\/drive.google.com\/file\/d\/1qtM3lOxxmaoRb8wbJkyYYjhpnGt4pld1\/view?usp=sharing\"><b>Matr\u00edculas isoladas de alunos externos ao ECMVS ou \u00e0 UFMG<\/b><\/a><\/h2>\n<\/div><\/div><\/div><\/div><\/div><\/div><\/div>","protected":false},"excerpt":{"rendered":"<p>Estrutura curricular No ECMVS, o curr\u00edculo atualmente est\u00e1 dividido em disciplinas obrigat\u00f3rias (Curso de Campo, Ecologia de Popula\u00e7\u00f5es e Ecologia [&hellip;]<\/p>\n","protected":false},"author":1,"featured_media":0,"parent":0,"menu_order":0,"comment_status":"closed","ping_status":"closed","template":"page-templates\/page_fullwidth.php","meta":{"footnotes":""},"class_list":["post-531","page","type-page","status-publish","hentry"],"_links":{"self":[{"href":"https:\/\/www.ufmg.br\/pos\/ecologia\/wp-json\/wp\/v2\/pages\/531","targetHints":{"allow":["GET"]}}],"collection":[{"href":"https:\/\/www.ufmg.br\/pos\/ecologia\/wp-json\/wp\/v2\/pages"}],"about":[{"href":"https:\/\/www.ufmg.br\/pos\/ecologia\/wp-json\/wp\/v2\/types\/page"}],"author":[{"embeddable":true,"href":"https:\/\/www.ufmg.br\/pos\/ecologia\/wp-json\/wp\/v2\/users\/1"}],"replies":[{"embeddable":true,"href":"https:\/\/www.ufmg.br\/pos\/ecologia\/wp-json\/wp\/v2\/comments?post=531"}],"version-history":[{"count":54,"href":"https:\/\/www.ufmg.br\/pos\/ecologia\/wp-json\/wp\/v2\/pages\/531\/revisions"}],"predecessor-version":[{"id":2620,"href":"https:\/\/www.ufmg.br\/pos\/ecologia\/wp-json\/wp\/v2\/pages\/531\/revisions\/2620"}],"wp:attachment":[{"href":"https:\/\/www.ufmg.br\/pos\/ecologia\/wp-json\/wp\/v2\/media?parent=531"}],"curies":[{"name":"wp","href":"https:\/\/api.w.org\/{rel}","templated":true}]}}