{"id":616,"date":"2016-12-19T12:28:31","date_gmt":"2016-12-19T14:28:31","guid":{"rendered":"https:\/\/www.ufmg.br\/pos\/ecologia\/?page_id=616"},"modified":"2021-04-16T10:03:54","modified_gmt":"2021-04-16T13:03:54","slug":"616-2","status":"publish","type":"page","link":"https:\/\/www.ufmg.br\/pos\/ecologia\/es\/616-2\/","title":{"rendered":"Procesos de Selecc\u00edon"},"content":{"rendered":"<div id=\"pl-616\"  class=\"panel-layout\" ><div id=\"pg-616-0\"  class=\"panel-grid panel-has-style\" ><div style=\"padding: 10px 0; \" data-overlay=\"true\" data-overlay-color=\"#000000\" class=\"panel-row-style panel-row-style-for-616-0\" ><div id=\"pgc-616-0-0\"  class=\"panel-grid-cell\" ><div id=\"panel-616-0-0-0\" class=\"so-panel widget widget_sow-editor panel-first-child panel-last-child\" data-index=\"0\" ><div style=\"text-align: left;\" data-title-color=\"#443f3f\" data-headings-color=\"#443f3f\" class=\"panel-widget-style panel-widget-style-for-616-0-0-0\" ><div\n\t\t\t\n\t\t\tclass=\"so-widget-sow-editor so-widget-sow-editor-base\"\n\t\t\t\n\t\t><h3 class=\"widget-title\">Procesos de Selecci\u00f3n<\/h3>\n<div class=\"siteorigin-widget-tinymce textwidget\">\n\t<p>\u00a0<\/p>\n<p>\u00bfLe gustar\u00eda postularse a una vacante para ser alumn@ del ECMVS? Consulte abajo las instrucciones sobre los procesos selectivos vigentes de maestr\u00eda y doctorado.<\/p>\n<\/div>\n<\/div><\/div><\/div><\/div><\/div><\/div><div id=\"pg-616-1\"  class=\"panel-grid panel-has-style\" ><div class=\"siteorigin-panels-stretch panel-row-style panel-row-style-for-616-1\" style=\"background-image: url(https:\/\/www.ufmg.br\/pos\/ecologia\/wp-content\/uploads\/2016\/11\/29322500354_f2026ce0d9_o.jpg);padding: 50px 0; \" data-stretch-type=\"full\" data-hasbg=\"hasbg\" data-overlay=\"true\" data-overlay-color=\"#000000\" ><div id=\"pgc-616-1-0\"  class=\"panel-grid-cell\" ><div id=\"panel-616-1-0-0\" class=\"so-panel widget widget_siteorigin-panels-builder panel-first-child panel-last-child\" data-index=\"1\" ><div style=\"text-align: left;\" data-title-color=\"#443f3f\" data-headings-color=\"#443f3f\" class=\"panel-widget-style panel-widget-style-for-616-1-0-0\" ><div id=\"pl-w60798b3accad4\"  class=\"panel-layout\" ><div id=\"pg-w60798b3accad4-0\"  class=\"panel-grid panel-has-style\" ><div style=\"padding: 50px 0; \" data-overlay=\"true\" data-overlay-color=\"#000000\" class=\"panel-row-style panel-row-style-for-w60798b3accad4-0\" ><div id=\"pgc-w60798b3accad4-0-0\"  class=\"panel-grid-cell\" ><div id=\"panel-w60798b3accad4-0-0-0\" class=\"so-panel widget widget_black-studio-tinymce widget_black_studio_tinymce panel-first-child\" data-index=\"0\" ><div style=\"text-align: left;\" data-title-color=\"#ffffff\" data-headings-color=\"#ffffff\" class=\"panel-widget-style panel-widget-style-for-w60798b3accad4-0-0-0\" ><div class=\"textwidget\"><h6 style=\"text-align: center;\">MAESTR\u00cdA<\/h6>\n<p>\u00a0<\/p>\n<hr \/>\n<p style=\"text-align: center;\">\u00a0<\/p>\n<\/div><\/div><\/div><div id=\"panel-w60798b3accad4-0-0-1\" class=\"so-panel widget widget_sow-button\" data-index=\"1\" ><div style=\"text-align: left;\" data-title-color=\"#443f3f\" data-headings-color=\"#443f3f\" class=\"panel-widget-style panel-widget-style-for-w60798b3accad4-0-0-1\" ><div\n\t\t\t\n\t\t\tclass=\"so-widget-sow-button so-widget-sow-button-wire-8bdaba03c396\"\n\t\t\t\n\t\t><div class=\"ow-button-base ow-button-align-center\"\n>\n\t\t\t<a\n\t\t\t\t\thref=\"https:\/\/www.ufmg.br\/pos\/ecologia\/es\/asignaturas\/\"\n\t\t\t\t\tclass=\"sowb-button ow-icon-placement-left ow-button-hover\" \t>\n\t\t<span>\n\t\t\t\n\t\t\tVer\t\t<\/span>\n\t\t\t<\/a>\n\t<\/div>\n<\/div><\/div><\/div><div id=\"panel-w60798b3accad4-0-0-2\" class=\"so-panel widget widget_black-studio-tinymce widget_black_studio_tinymce panel-last-child\" data-index=\"2\" ><div style=\"text-align: left;\" data-title-color=\"#ffffff\" data-headings-color=\"#ffffff\" class=\"panel-widget-style panel-widget-style-for-w60798b3accad4-0-0-2\" ><div class=\"textwidget\"><h6 style=\"text-align: center;\"><\/h6>\n<p style=\"text-align: center;\"><span id=\"result_box\" class=\"short_text\" lang=\"es\"><span class=\"\"><span class=\"VIiyi\" lang=\"es\"><span class=\"JLqJ4b ChMk0b\" data-language-for-alternatives=\"es\" data-language-to-translate-into=\"en\" data-phrase-index=\"0\">* se puede solicitar m\u00e1s informaci\u00f3n por <a href=\"https:\/\/www.ufmg.br\/pos\/ecologia\/es\/contacto\/\">correo electr\u00f3nico<\/a><\/span><\/span><\/span><\/span><\/p>\n<\/div><\/div><\/div><\/div><div id=\"pgc-w60798b3accad4-0-1\"  class=\"panel-grid-cell\" ><div id=\"panel-w60798b3accad4-0-1-0\" class=\"so-panel widget widget_black-studio-tinymce widget_black_studio_tinymce panel-first-child\" data-index=\"3\" ><div style=\"text-align: left;\" data-title-color=\"#ffffff\" data-headings-color=\"#ffffff\" class=\"panel-widget-style panel-widget-style-for-w60798b3accad4-0-1-0\" ><div class=\"textwidget\"><h6 style=\"text-align: center;\"><b>DOCTORADO EN FLUJO CONTINUO<\/b><\/h6>\n<p>\u00a0<\/p>\n<hr \/>\n<p style=\"text-align: center;\">\u00a0<\/p>\n<\/div><\/div><\/div><div id=\"panel-w60798b3accad4-0-1-1\" class=\"so-panel widget widget_sow-button\" data-index=\"4\" ><div style=\"text-align: left;\" data-title-color=\"#443f3f\" data-headings-color=\"#443f3f\" class=\"panel-widget-style panel-widget-style-for-w60798b3accad4-0-1-1\" ><div\n\t\t\t\n\t\t\tclass=\"so-widget-sow-button so-widget-sow-button-wire-8bdaba03c396\"\n\t\t\t\n\t\t><div class=\"ow-button-base ow-button-align-center\"\n>\n\t\t\t<a\n\t\t\t\t\thref=\"https:\/\/www.ufmg.br\/pos\/ecologia\/es\/asignaturas\/\"\n\t\t\t\t\tclass=\"sowb-button ow-icon-placement-left ow-button-hover\" \t>\n\t\t<span>\n\t\t\t\n\t\t\tVer\t\t<\/span>\n\t\t\t<\/a>\n\t<\/div>\n<\/div><\/div><\/div><div id=\"panel-w60798b3accad4-0-1-2\" class=\"so-panel widget widget_black-studio-tinymce widget_black_studio_tinymce panel-last-child\" data-index=\"5\" ><div style=\"text-align: left;\" data-title-color=\"#ffffff\" data-headings-color=\"#ffffff\" class=\"panel-widget-style panel-widget-style-for-w60798b3accad4-0-1-2\" ><div class=\"textwidget\"><h6 style=\"text-align: center;\"><\/h6>\n<p style=\"text-align: center;\"><span id=\"result_box\" class=\"short_text\" lang=\"es\"><span class=\"\"><span class=\"VIiyi\" lang=\"es\"><span class=\"JLqJ4b ChMk0b\" data-language-for-alternatives=\"es\" data-language-to-translate-into=\"en\" data-phrase-index=\"0\">* se puede solicitar m\u00e1s informaci\u00f3n por <a href=\"https:\/\/www.ufmg.br\/pos\/ecologia\/es\/contacto\/\">correo electr\u00f3nico<\/a><\/span><\/span><\/span><\/span><\/p>\n<\/div><\/div><\/div><\/div><\/div><\/div><\/div><\/div><\/div><\/div><\/div><\/div><div id=\"pg-616-2\"  class=\"panel-grid panel-has-style\" ><div style=\"padding: 50px 0; \" data-overlay=\"true\" data-overlay-color=\"#000000\" class=\"panel-row-style panel-row-style-for-616-2\" ><div id=\"pgc-616-2-0\"  class=\"panel-grid-cell\" ><div id=\"panel-616-2-0-0\" class=\"so-panel widget widget_sow-editor panel-first-child panel-last-child\" data-index=\"2\" ><div style=\"text-align: left;\" data-title-color=\"#443f3f\" data-headings-color=\"#443f3f\" class=\"panel-widget-style panel-widget-style-for-616-2-0-0\" ><div\n\t\t\t\n\t\t\tclass=\"so-widget-sow-editor so-widget-sow-editor-base\"\n\t\t\t\n\t\t><h3 class=\"widget-title\">Asignaturas<\/h3>\n<div class=\"siteorigin-widget-tinymce textwidget\">\n\t<h2><\/h2>\n<h2><b>Asignaturas ofrecidas en los \u00faltimos semestres<\/b><\/h2>\n<ul>\n<li>\u2022 Res\u00famenes de las asignaturas <a href=\"https:\/\/www.ufmg.br\/pos\/ecologia\/ementas\/\">Ver<\/a><\/li>\n<\/ul>\n<h2><b>Matr\u00edculas libres (<\/b><b><i>isoladas<\/i><\/b><b>)<br \/>\n<\/b><\/h2>\n<ul>\n<li><span class=\"VIiyi\" lang=\"es\"><span class=\"JLqJ4b\" data-language-for-alternatives=\"es\" data-language-to-translate-into=\"en\" data-phrase-index=\"0\"> P\u00f3ngase en contacto a trav\u00e9s de ecmvs.ufmg@gmail.com para solicitar la lista de cursos disponibles para inscripci\u00f3n externa aislada en cada semestre. <\/span><\/span><\/li>\n<\/ul>\n<p>Informaci\u00f3n para candidatos a las asignaturas libres:<\/p>\n<ul>\n<li>\u2022 Se consideran externos a los candidatos que no tienen v\u00ednculo estudiantil con la UFMG.<\/li>\n<li>\u2022 Licenciados en Biolog\u00eda o en otras \u00e1reas podr\u00e1n solicitar matr\u00edcula en asignaturas optativas del PPG-ECMVS, caracterizadas como asignaturas libres. Es necesario tener la aceptaci\u00f3n previa de parte del docente responsable de la asignatura.<\/li>\n<\/ul>\n<h3><\/h3>\n<h6><b>Protocolo presencial de solicitud de matr\u00edcula libre<\/b><\/h6>\n<p>Documentos:<\/p>\n<ul>\n<li>\u2022 Formulario de \u201cRequerimento de Matr\u00edcula em Disciplina Isolada\u201d, completado y firmado;<\/li>\n<li>\u2022 Copia del diploma de licenciatura;<\/li>\n<li>\u2022 Copia del expediente escolar de la licenciatura;<\/li>\n<li>\u2022 Copia del CPF (registro fiscal individual) y del Documento de Identidad, o equivalente;<\/li>\n<li>\u2022 Documento que compruebe que el docente responsable de la asignatura haya aceptado su participaci\u00f3n en ella.<\/li>\n<li>\u2022 Comprobante original de Pago del Importe de Matr\u00edcula<\/li>\n<\/ul>\n<h3><\/h3>\n<h6><b>Observaciones fundamentales<\/b><\/h6>\n<ul>\n<li>\u2022 No se recibir\u00e1 documentaci\u00f3n incompleta. Solamente se recibir\u00e1n los documentos de candidatos que hayan sido aceptados previamente por el docente responsable de la asignatura.<\/li>\n<li>\u2022 No se recibir\u00e1n documentos digitalizados.<\/li>\n<li>\u2022 La solicitud solo se recibir\u00e1 en forma presencial, por lo tanto, no se aceptar\u00e1n documentos enviados por correo.<\/li>\n<\/ul>\n<\/div>\n<\/div><\/div><\/div><\/div><\/div><\/div><\/div>","protected":false},"excerpt":{"rendered":"<p>\u00a0 \u00bfLe gustar\u00eda postularse a una vacante para ser alumn@ del ECMVS? Consulte abajo las instrucciones sobre los procesos selectivos [&hellip;]<\/p>\n","protected":false},"author":1,"featured_media":0,"parent":0,"menu_order":0,"comment_status":"closed","ping_status":"closed","template":"page-templates\/page_fullwidth.php","meta":{"footnotes":""},"class_list":["post-616","page","type-page","status-publish","hentry"],"_links":{"self":[{"href":"https:\/\/www.ufmg.br\/pos\/ecologia\/wp-json\/wp\/v2\/pages\/616","targetHints":{"allow":["GET"]}}],"collection":[{"href":"https:\/\/www.ufmg.br\/pos\/ecologia\/wp-json\/wp\/v2\/pages"}],"about":[{"href":"https:\/\/www.ufmg.br\/pos\/ecologia\/wp-json\/wp\/v2\/types\/page"}],"author":[{"embeddable":true,"href":"https:\/\/www.ufmg.br\/pos\/ecologia\/wp-json\/wp\/v2\/users\/1"}],"replies":[{"embeddable":true,"href":"https:\/\/www.ufmg.br\/pos\/ecologia\/wp-json\/wp\/v2\/comments?post=616"}],"version-history":[{"count":5,"href":"https:\/\/www.ufmg.br\/pos\/ecologia\/wp-json\/wp\/v2\/pages\/616\/revisions"}],"predecessor-version":[{"id":1500,"href":"https:\/\/www.ufmg.br\/pos\/ecologia\/wp-json\/wp\/v2\/pages\/616\/revisions\/1500"}],"wp:attachment":[{"href":"https:\/\/www.ufmg.br\/pos\/ecologia\/wp-json\/wp\/v2\/media?parent=616"}],"curies":[{"name":"wp","href":"https:\/\/api.w.org\/{rel}","templated":true}]}}