{"id":634,"date":"2016-12-19T13:05:36","date_gmt":"2016-12-19T15:05:36","guid":{"rendered":"https:\/\/www.ufmg.br\/pos\/ecologia\/?page_id=634"},"modified":"2021-04-16T10:19:34","modified_gmt":"2021-04-16T13:19:34","slug":"asignaturas","status":"publish","type":"page","link":"https:\/\/www.ufmg.br\/pos\/ecologia\/es\/asignaturas\/","title":{"rendered":"Selecci\u00f3n"},"content":{"rendered":"<div id=\"pl-634\"  class=\"panel-layout\" ><div id=\"pg-634-0\"  class=\"panel-grid panel-has-style\" ><div class=\"siteorigin-panels-stretch panel-row-style panel-row-style-for-634-0\" style=\"padding: 10px 0; \" data-stretch-type=\"full\" data-overlay=\"true\" data-overlay-color=\"#000000\" ><div id=\"pgc-634-0-0\"  class=\"panel-grid-cell\" ><div id=\"panel-634-0-0-0\" class=\"so-panel widget widget_black-studio-tinymce widget_black_studio_tinymce panel-first-child panel-last-child\" data-index=\"0\" ><div style=\"text-align: left;\" data-title-color=\"#443f3f\" data-headings-color=\"#443f3f\" class=\"panel-widget-style panel-widget-style-for-634-0-0-0\" ><h3 class=\"widget-title\">Proceso de selecci\u00f3n<\/h3><div class=\"textwidget\"><h2><span class=\"VIiyi\" lang=\"es\"><span class=\"JLqJ4b ChMk0b\" data-language-for-alternatives=\"es\" data-language-to-translate-into=\"pt\" data-phrase-index=\"0\">Proceso de selecci\u00f3n para 2021 (Maestr\u00edas y Doctorados)<\/span><\/span><\/h2>\n<h3>Selecci\u00f3n regular 2021 (amplia competencia y cuotas \u00e9tnico-raciales)<\/h3>\n<ul>\n<li><span class=\"st\"> <a href=\"https:\/\/drive.google.com\/file\/d\/1G6E52758KiMMufNgI2vqW3H-YL1SZ4vw\/view?usp=sharing\">Aviso de selecci\u00f3n 2021<\/a><\/span><\/li>\n<li><a href=\"https:\/\/drive.google.com\/open?id=1ZMqFF13yYyhAtRZufrffsRw-IxwtW6-x\"><span class=\"st\">Formulario de registro Maestr\u00eda 2021<\/span><\/a><\/li>\n<li><a href=\"https:\/\/drive.google.com\/open?id=1lRk4LrT-gVdN8bdNF345C2S5GuEZDIIB\">Formulario de registro Doctorado 2021<\/a><\/li>\n<li><a href=\"https:\/\/drive.google.com\/open?id=1NGSsqtlaWfJA60LaubdPd9Pd1l3eDrkl\"><span class=\"st\">Declaration of acknowledgment with the terms of the call<\/span><\/a><\/li>\n<li><a href=\"https:\/\/drive.google.com\/file\/d\/1PAMagqgZwVlWzRn7GiyYIYw2twhlW3_2\/view?usp=sharing\">Hoja de c\u00e1lculo de CV Master\u00eda<\/a><\/li>\n<li><a href=\"https:\/\/drive.google.com\/file\/d\/13A_2vY4IacYKrYl8Hn0PKJFMVoNgT1ML\/view\">Hoja de c\u00e1lculo de CV Doctorado<\/a><\/li>\n<li><a href=\"https:\/\/www.dropbox.com\/sh\/k9ewpctzt5go3e1\/AAB8BNnGcYTaqnrpy5vasgvTa?dl=0\">Dropbox con todos los documentos necesarios<\/a><\/li>\n<\/ul>\n<\/div><\/div><\/div><\/div><\/div><\/div><\/div>","protected":false},"excerpt":{"rendered":"<p>Proceso de selecci\u00f3n para 2021 (Maestr\u00edas y Doctorados) Selecci\u00f3n regular 2021 (amplia competencia y cuotas \u00e9tnico-raciales) Aviso de selecci\u00f3n 2021 [&hellip;]<\/p>\n","protected":false},"author":1,"featured_media":0,"parent":0,"menu_order":0,"comment_status":"closed","ping_status":"closed","template":"page-templates\/page_fullwidth.php","meta":{"footnotes":""},"class_list":["post-634","page","type-page","status-publish","hentry"],"_links":{"self":[{"href":"https:\/\/www.ufmg.br\/pos\/ecologia\/wp-json\/wp\/v2\/pages\/634","targetHints":{"allow":["GET"]}}],"collection":[{"href":"https:\/\/www.ufmg.br\/pos\/ecologia\/wp-json\/wp\/v2\/pages"}],"about":[{"href":"https:\/\/www.ufmg.br\/pos\/ecologia\/wp-json\/wp\/v2\/types\/page"}],"author":[{"embeddable":true,"href":"https:\/\/www.ufmg.br\/pos\/ecologia\/wp-json\/wp\/v2\/users\/1"}],"replies":[{"embeddable":true,"href":"https:\/\/www.ufmg.br\/pos\/ecologia\/wp-json\/wp\/v2\/comments?post=634"}],"version-history":[{"count":3,"href":"https:\/\/www.ufmg.br\/pos\/ecologia\/wp-json\/wp\/v2\/pages\/634\/revisions"}],"predecessor-version":[{"id":1505,"href":"https:\/\/www.ufmg.br\/pos\/ecologia\/wp-json\/wp\/v2\/pages\/634\/revisions\/1505"}],"wp:attachment":[{"href":"https:\/\/www.ufmg.br\/pos\/ecologia\/wp-json\/wp\/v2\/media?parent=634"}],"curies":[{"name":"wp","href":"https:\/\/api.w.org\/{rel}","templated":true}]}}