{"id":636,"date":"2016-12-19T13:07:10","date_gmt":"2016-12-19T15:07:10","guid":{"rendered":"https:\/\/www.ufmg.br\/pos\/ecologia\/?page_id=636"},"modified":"2021-04-09T09:14:41","modified_gmt":"2021-04-09T12:14:41","slug":"subjects","status":"publish","type":"page","link":"https:\/\/www.ufmg.br\/pos\/ecologia\/en\/subjects\/","title":{"rendered":"Selection process"},"content":{"rendered":"<div id=\"pl-636\"  class=\"panel-layout\" ><div id=\"pg-636-0\"  class=\"panel-grid panel-has-style\" ><div class=\"siteorigin-panels-stretch panel-row-style panel-row-style-for-636-0\" style=\"padding: 10px 0; \" data-stretch-type=\"full\" data-overlay=\"true\" data-overlay-color=\"#000000\" ><div id=\"pgc-636-0-0\"  class=\"panel-grid-cell\" ><div id=\"panel-636-0-0-0\" class=\"so-panel widget widget_black-studio-tinymce widget_black_studio_tinymce panel-first-child panel-last-child\" data-index=\"0\" ><div style=\"text-align: left;\" data-title-color=\"#443f3f\" data-headings-color=\"#443f3f\" class=\"panel-widget-style panel-widget-style-for-636-0-0-0\" ><h3 class=\"widget-title\">Selection<\/h3><div class=\"textwidget\"><h2><\/h2>\n<h2><b>Selection process for 2021 (Master's and Doctor's degrees)<br \/>\n<\/b><\/h2>\n<ul>\n<li>\n<h4>Sele\u00e7\u00e3o Regular 2021 (ampla concorr\u00eancia e cotas \u00e9tnico-racial)<\/h4>\n<p><strong>Documentos e Formul\u00e1rios<\/strong><\/p>\n<ul>\n<li><span class=\"st\">\u00a0 <a href=\"https:\/\/drive.google.com\/file\/d\/1G6E52758KiMMufNgI2vqW3H-YL1SZ4vw\/view?usp=sharing\">Selection call for 2021<\/a><\/span><\/li>\n<li><a href=\"https:\/\/drive.google.com\/open?id=1ZMqFF13yYyhAtRZufrffsRw-IxwtW6-x\"><span class=\"st\">Enrollment form Master's degree<\/span><span class=\"st\"> 2021<\/span><\/a><\/li>\n<li><a href=\"https:\/\/drive.google.com\/open?id=1lRk4LrT-gVdN8bdNF345C2S5GuEZDIIB\">Enrollment form Doctor's degree 2021<\/a><\/li>\n<li><a href=\"https:\/\/drive.google.com\/open?id=1NGSsqtlaWfJA60LaubdPd9Pd1l3eDrkl\"><span class=\"st\">Declaration of acknowledgment with the terms of the call<\/span><\/a><\/li>\n<li><a href=\"https:\/\/drive.google.com\/file\/d\/1PAMagqgZwVlWzRn7GiyYIYw2twhlW3_2\/view?usp=sharing\">CV scoring spreadsheet Master's degree<\/a><\/li>\n<li><a href=\"https:\/\/drive.google.com\/file\/d\/13A_2vY4IacYKrYl8Hn0PKJFMVoNgT1ML\/view\">CV scoring spreadsheet Doctor's degree<\/a><\/li>\n<li><a href=\"https:\/\/www.dropbox.com\/sh\/k9ewpctzt5go3e1\/AAB8BNnGcYTaqnrpy5vasgvTa?dl=0\">Dropbox folder with all necessary documents <\/a><\/li>\n<\/ul>\n<p><strong>Selection Committee<br \/>\n<\/strong><\/p>\n<p>Prof. Marcos Callisto; Prof. Ricardo Solar e Profa. Tatiana Cornelissen (suplente: Prof. Frederico Neves)<\/p>\n<hr \/>\n<p><strong>Scolarships<br \/>\n<\/strong><\/p>\n<p>According to the Federal regulation No. 27\/2020-CGSI \/ DPB \/ CAPES and other documents referring to the granting of scholarships by development agencies, the competence to establish obligations for the granting of scholarships and \/ or school fees to beneficiaries is exclusive to the agency. The number of scholarships and school fees available for the graduate program may suffer variations in the concession, which will be announced in due course by the funding agencies. Thus, the Graduate Program in Ecology, Conservation and Management of Wildlife at UFMG does not commit, nor does it have the legal competence to do so, to make scholarships available to approved and classified candidates.<\/li>\n<\/ul>\n<h2><\/h2>\n<h2><b>Registration in Isolated Graduate Courses<\/b><\/h2>\n<ul>\n<li>Please get in touch via ecmvs.ufmg@gmail.com to request the list of courses available for external isolated enrollment in each semester.<\/li>\n<\/ul>\n<p>Information for isolated courses candidates:<\/p>\n<ul>\n<li>\u2022 External candidates are considered to be those with no valid student registration in UFMG.<\/li>\n<li>\u2022 Candidates with an Undergraduate Degree in Biology or in other areas may request registration in elective subjects from the PPG-ECMVS as isolated subjects. Prior acceptance by the course lecturer is required.<\/li>\n<\/ul>\n<p>Documents needed for registration:<\/p>\n<ul>\n<li>\u2022 \u201cRequest for Registration in Isolated Subject\u201d form, completed and signed (<a href=\"http:\/\/pos.icb.ufmg.br\/pgecologia\/Formularios\/form-14_ISOLADA.pdf\">Download<\/a>);<\/li>\n<li>\u2022 Copy of undergraduate diploma;<\/li>\n<li>\u2022 Copy of undergraduate academic records;<\/li>\n<li>\u2022 Copy of Taxpayer\u2019s ID (\u201cCPF\u201d) \u00a0and Identity Card, or equivalent;<\/li>\n<li>\u2022 Document proving acceptance by the course lecturer<\/li>\n<li>\u2022 Original receipt of Registration fee payment.<\/li>\n<\/ul>\n<h6><b>Important Information<br \/>\n<\/b><\/h6>\n<ul>\n<li>\u2022 Incomplete documentation will not be accepted. Documents will only be received from candidates who have already been accepted by the course subject lecturer.<\/li>\n<li>\u2022 Digitized documents will not be accepted.<\/li>\n<li>\u2022 The request may only be made in person, so documents sent by post will not be accepted.<\/li>\n<\/ul>\n<\/div><\/div><\/div><\/div><\/div><\/div><\/div>","protected":false},"excerpt":{"rendered":"<p>Selection process for 2021 (Master&#8217;s and Doctor&#8217;s degrees) Sele\u00e7\u00e3o Regular 2021 (ampla concorr\u00eancia e cotas \u00e9tnico-racial) Documentos e Formul\u00e1rios \u00a0 [&hellip;]<\/p>\n","protected":false},"author":1,"featured_media":0,"parent":0,"menu_order":0,"comment_status":"closed","ping_status":"closed","template":"page-templates\/page_fullwidth.php","meta":{"footnotes":""},"class_list":["post-636","page","type-page","status-publish","hentry"],"_links":{"self":[{"href":"https:\/\/www.ufmg.br\/pos\/ecologia\/wp-json\/wp\/v2\/pages\/636","targetHints":{"allow":["GET"]}}],"collection":[{"href":"https:\/\/www.ufmg.br\/pos\/ecologia\/wp-json\/wp\/v2\/pages"}],"about":[{"href":"https:\/\/www.ufmg.br\/pos\/ecologia\/wp-json\/wp\/v2\/types\/page"}],"author":[{"embeddable":true,"href":"https:\/\/www.ufmg.br\/pos\/ecologia\/wp-json\/wp\/v2\/users\/1"}],"replies":[{"embeddable":true,"href":"https:\/\/www.ufmg.br\/pos\/ecologia\/wp-json\/wp\/v2\/comments?post=636"}],"version-history":[{"count":5,"href":"https:\/\/www.ufmg.br\/pos\/ecologia\/wp-json\/wp\/v2\/pages\/636\/revisions"}],"predecessor-version":[{"id":1480,"href":"https:\/\/www.ufmg.br\/pos\/ecologia\/wp-json\/wp\/v2\/pages\/636\/revisions\/1480"}],"wp:attachment":[{"href":"https:\/\/www.ufmg.br\/pos\/ecologia\/wp-json\/wp\/v2\/media?parent=636"}],"curies":[{"name":"wp","href":"https:\/\/api.w.org\/{rel}","templated":true}]}}