{"id":1011,"date":"2025-06-06T15:03:28","date_gmt":"2025-06-06T18:03:28","guid":{"rendered":"https:\/\/www.ufmg.br\/ppgns\/?page_id=1011"},"modified":"2025-06-06T15:06:17","modified_gmt":"2025-06-06T18:06:17","slug":"publicacoes-em-2019","status":"publish","type":"page","link":"https:\/\/www.ufmg.br\/ppgns\/publicacoes-em-2019\/","title":{"rendered":"Publica\u00e7\u00f5es em 2019"},"content":{"rendered":"<p style=\"text-align: justify;\">\u2022 Food environment, social deprivation and obesity among students from Brazilian public schools Assis, M.M.D.| Leite, M.A.| Carmo, A.S.D.| Andrade, A.C.D.S.| Pessoa, M.C.| Netto, M.P.| C\u00e2ndido, A.P.C.| Mendes, L.L. 2019 10.1017\/S136898001800112X<br \/>\n\u2022 Frontline Science: Abnormalities in the gut mucosa of non-obese diabetic mice precede the onset of type 1 diabetes Miranda, M.C.G.| Oliveira, R.P.| Torres, L.| Aguiar, S.L.F.| Pinheiro-Rosa, N.| Lemos, L.| Guimar\u00e3es, M.A.| Reis, D.| Silveira, T.| Ferreira, \u00ca.| Moreira, T.G.| Cara, D.C.| Maioli, T.U.| Kelsall, B.L.| Carlos, D.| Faria, A.M.C. 2019 10.1002\/JLB.3HI0119-024RR<br \/>\n\u2022 Cell-free DNA as a biomarker of aging Teo, Y.V.| Capri, M.| Morsiani, C.| Pizza, G.| Faria, A.M.C.| Franceschi, C.| Neretti, N. 2019 10.1111\/acel.12890<br \/>\n\u2022 Ocular alterations, molecular findings, and three novel pathological mutations in a series of NF2 patients Waisberg, V.| Rodrigues, L.O.C.| Nehemy, M.B.| Bastos-Rodrigues, L.| de Miranda, D.M. 2019 10.1007\/s00417-019-04348-5<br \/>\n\u2022 Arginine supplementation reduces colonic injury, inflammation and oxidative stress of DSS-induced colitis in mice Andrade, M.E.R.| Barros, P.A.V.D.| Menta, P.L.D.R.| Costa, G.M.F.| Miranda, S.E.M.| Leoc\u00e1dio, P.C.L.| Almeida-Leite, C.M.D.| Generoso, S.D.V.| Leite, J.I.A.| Cardoso, V.N. 2019 10.1016\/j.jff.2018.11.019<br \/>\n\u2022 \u00a0Osmotic stress at membrane level and photosystem II activity in two C4 plants after growth in elevated CO 2 and temperature Bordignon, L.| Faria, A.P.| Fran\u00e7a, M.G.C.| Fernandes, G.W. 2019 10.1111\/aab.12483<br \/>\n\u2022 D -Limonene Ameliorates Myocardial Infarction Injury by Reducing Reactive Oxygen Species and Cell Apoptosis in a Murine Model Dur\u00e7o, A.O.| De Souza, D.S.| Heimfarth, L.| Miguel-Dos-Santos, R.| Rabelo, T.K.| Oliveira Barreto, T.D.| Rhana, P.| Santos Santana, M.N.| Braga, W.F.| Santos Cruz, J.D.| Lauton-Santos, S.| Santana-Filho, V.J.D.| Barreto, R.D.S.S.| Guimar\u00e3es, A.G.| Alvarez-Leite, J.I.| Quintans J\u00fanior, L.J.| Vasconcelos, C.M.L.D.| Santos, M.R.V.D.| Barreto, A.S. 2019 10.1021\/acs.jnatprod.9b00523<br \/>\n\u2022 Association Between Standardized Phase Angle, Nutrition Status, and Clinical Outcomes in Surgical Cancer Patients Pena, N.F.| Mauricio, S.F.| Rodrigues, A.M.S.| Carmo, A.S.| Coury, N.C.| Correia, M.I.T.D.| Generoso, S.V. 2019 10.1002\/ncp.10110<br \/>\n\u2022 Wheat gluten intake increases the severity of experimental colitis and bacterial translocation by weakening of the proteins of the junctional complex Menta, P.L.R.| Andrade, M.E.R.| Leoc\u00e1dio, P.C.L.| Fraga, J.R.| Dias, M.T.S.| Cara, D.C.| Cardoso, V.N.| Borges, L.F.| Capettini, L.S.A.| Aguilar, E.C.| Alvarez-Leite, J.I. 2019 10.1017\/S0007114518003422<br \/>\n\u2022 Safety and quality in surgery: Surgeons&#8217; perception in Brazil Correia, M.I.T.D.| Tomasich, F.D.S.| De-Castro Filho, H.F.| Portari Filho, P.E.| Colleoni Neto, R. 2019 10.1590\/0100-6991e-20192146<br \/>\n\u2022 Aerobic training reduces immune cell recruitment and cytokine levels in adipose tissue in obese mice Lacerda, D.R.| Moraes, M.M.| Nunes-Silva, A.| Costa, K.A.| Rodrigues, D.F.| Sabino, J.L.| Cordeiro, L.M.S.| Pinho, V.| Teixeira, M.M.| Wanner, S.P.| Soares, D.D.| Ferreira, A.V.M. 2019 10.1139\/apnm-2018-0523<br \/>\n\u2022 Increased resting metabolism in neurofibromatosis type 1 de Souza, M.L.R.| Jansen, A.K.| Rodrigues, L.O.C.| Vilela, D.L.D.S.| Kakehasi, A.M.| Martins, A.S.| de Souza, J.F.| de Rezende, N.A. 2019 10.1016\/j.clnesp.2019.05.006<br \/>\n\u2022 Multiple exposures to the risk of work absenteeism among brazilian schoolteachers Maia, E.G.| Claro, R.M.| Assun\u00e7\u00e3o, A.\u00c1. 2019 10.1590\/0102-311X00166517<br \/>\n\u2022 The Practical Handbook of Perioperative Metabolic and Nutritional Care Correia, M.I.T.D. 2019 10.1016\/C2018-0-00340-0<br \/>\n\u2022 Does access to healthy food vary according to socioeconomic status and to food store type? an ecologic study Costa, B.V.L.| Menezes, M.C.| Oliveira, C.D.L.| Mingoti, S.A.| Jaime, P.C.| Caiaffa, W.T.| Lopes, A.C.S. 2019 10.1186\/s12889-019-6975-y<br \/>\n\u2022 Evaluation of the effects of extracts of Maytenus imbricata (Celastraceae) on the treatment of inflammatory and metabolic dysfunction induced by high-refined carbohydrate diet Veloso, C.C.| Oliveira, M.C.| Rodrigues, V.G.| Oliveira, C.C.| Duarte, L.P.| Teixeira, M.M.| Ferreira, A.V.M.| Perez, A.C. 2019 10.1007\/s10787-018-0496-7<br \/>\n\u2022 Limitation of the use of voice in teaching and leisure-time physical activity: Educatel study, Brazil, 2015\/2016 Santos, S.M.M.| Maia, E.G.| Claro, R.M.| de Medeiros, A.M. 2019 10.1590\/0102-311X00188317<br \/>\n\u2022 Ginger (Zingiber officinale Rosc.) Ameliorated metabolic and inflammatory dysfunction induced by high-refined carbohydrate-containing diet in mice Oliveira, C.T.| Lacerda, D.R.| Zicker, M.C.| Martins, L.B.| Teixeira, M.M.| De Araujo, R.L.B.| Ferreira, A.V.M. 2019 10.1089\/jmf.2018.0062<br \/>\n\u2022 Sarcopenia, obesity and sarcopenic obesity in liver transplantation: A body composition prospective study Anast\u00e1cio, L.R.| Ferreira, L.G.| Ribeiro, H.S.| Diniz, K.G.D.| Lima, A.S.| Correia, M.I.T.D.| Vilela, E.G. 2019 10.1590\/0102-672020190001e1434<br \/>\n\u2022 Apolipoprotein E, periodontal disease and the risk for atherosclerosis: a review Pereira, L.C.| Nascimento, J.C.R.| R\u00eago, J.M.C.| Canuto, K.M.| Crespo-Lopez, M.E.| Alvarez-Leite, J.I.| Baysan, A.| Ori\u00e1, R.B. 2019 10.1016\/j.archoralbio.2018.11.009<br \/>\n\u2022 Hookworm infection aggravates metabolic disorder in obesity da Silva, V.J.| Dias, S.R.C.| Alves, W.P.| Furtado, L.F.V.| Serafim, L.R.| Moreira, T.B.| de Aguiar, P.H.N.| de Faria, A.M.C.| Rabelo, \u00c9.M.L. 2019 10.1016\/j.molbiopara.2019.111200<br \/>\n\u2022 Factors associated with the length of hospital stay of women undergoing cesarean section Pereira, S.L.| da Silva, T.P.R.| Moreira, A.D.| Novaes, T.G.| Pessoa, M.C.| Matozinhos, I.P.| Couto, R.C.| Pedrosa, T.M.G.| Matozinhos, F.P. 2019 10.11606\/s1518-8787.2019053001113<br \/>\n\u2022 CLA-supplemented diet accelerates experimental colorectal cancer by inducing TGF-\u03b2-producing macrophages and T cells Moreira, T.G.| Horta, L.S.| Gomes-Santos, A.C.| Oliveira, R.P.| Queiroz, N.M.G.P.| Mangani, D.| Daniel, B.| Vieira, A.T.| Liu, S.| Rodrigues, A.M.| Gomes, D.A.| Gabriely, G.| Ferreira, E.| Weiner, H.L.| Rezende, R.M.| Nagy, L.| Faria, A.M.C. 2019 10.1038\/s41385-018-0090-8<br \/>\n\u2022 Hospital-acquired conditions and length of stay in the pregnancy and puerperal cycle da Silva, T.P.R.| do Carmo, A.S.| Novaes, T.G.| Mendes, L.L.| Moreira, A.D.| Pessoa, M.C.| Cosenza, L.| Pereira, J.F.C.| Matozinhos, F.P. 2019 10.11606\/s1518-8787.2019053000688<br \/>\n\u2022 Sample design and participation in the educatel study Vieira, M.T.| Claro, R.M.| Assun\u00e7\u00e3o, A.\u00c1. 2019 10.1590\/0102-311X00167217<br \/>\n\u2022 Hypometabolism as a potential risk factor for overweight and obesity in liver recipients Rodrigues, D.F.| Monteze, N.M.| Fagundes, G.B.P.| Monteiro, B.L.| Lima, A.S.| Correia, M.I.T.D.| Generoso, S.D.V.| Ferreira, A.V.M. 2019 10.1016\/j.nut.2018.10.019<br \/>\n\u2022 Diet Quality among the Brazilian Population and Associated Socioeconomic and Demographic Factors: Analysis from the National Dietary Survey 2008-2009 de Paula Matos Souza, J.| Magela de Lima, M.| Martins Horta, P. 2019 10.1016\/j.jand.2019.04.014<br \/>\n\u2022 Eating behaviour patterns are associated with excessive weight gain after liver transplantation Ferreira, S.C.| Penaforte, F.R.O.| Cardoso, A.S.R.| da Silva, M.V.T.| Lima, A.S.| Correia, M.I.T.D.| Anast\u00e1cio, L.R. 2019 10.1111\/jhn.12661<br \/>\n\u2022 Is neighbourhood social deprivation in a Brazilian city associated with the availability, variety, quality and price of food in supermarkets? Leite, M.A.| de Assis, M.M.| do Carmo, A.S.| Costa, B.V.D.L.| Claro, R.M.| de Castro, I.R.| Cardoso, L.D.O.| Netto, M.P.| Mendes, L.L. 2019 10.1017\/S1368980019002386<br \/>\n\u2022 High-fat diet withdrawal modifies alcohol preference and transcription of dopaminergic and GABAergic receptors Martins de Carvalho, L.| Lauar Gon\u00e7alves, J.| Sondertoft Braga Pedersen, A.| Damasceno, S.| Elias Moreira J\u00fanior, R.| Uceli Maioli, T.| Faria, A.M.C.D.| Brunialti Godard, A.L. 2019 10.1080\/01677063.2018.1526934<br \/>\n\u2022 Usual diet quality among 8-to 12-year-old Brazilian children Horta, P.M.| Junior, E.V.| Santos, L.C. 2019 10.1590\/0102-311&#215;00044418<br \/>\n\u2022 High-Fiber Diets in Gastrointestinal Tract Diseases Silveira, A.L.M.| Ferreira, A.V.M.| Teixeira, M.M. 2019 10.1016\/B978-0-12-814468-8.00019-3<br \/>\n\u2022 Editorial introductions Matthews, D.E.| Norman, K.| Correia, M.I.T.D.| Van Gossum, A. 2019 10.1097\/MCO.0000000000000591<br \/>\n\u2022 Oral supplementation with capsaicin reduces oxidative stress and IL-33 on a food allergy murine model Antunes, M.M.| Coelho, B.S.L.| Vichi, T.M.| Santos, E.A.D.| Gondim, F.K.B.| Diniz, A.B.| Aguilar, E.C.| Cara, D.C.| Porto, L.C.J.| de Castro, I.C.| Alvarez Leite, J.I.| Teixeira, L.G. 2019 10.1016\/j.waojou.2019.100045<br \/>\n\u2022 Aerobic training induces differential expression of genes involved in lipid metabolism in skeletal muscle and white adipose tissues de Souza Cordeiro, L.M.| Mario, \u00c9.G.| Moreira, C.C.L.| Rodrigues, A.H.| Wanner, S.P.| Soares, D.D.| Botion, L.M.| Ferreira, A.V.M. 2019 10.1002\/jcb.29208<br \/>\n\u2022 Response to the letter: Comment on \u201cGLIM criteria for the diagnosis of malnutrition \u2013 A consensus report from the global clinical nutrition community\u201d. Some considerations about the GLIM criteria \u2013 A consensus report for the diagnosis of malnutrition by Drs. LB da Silva Passos and DA De-Souza Cederholm, T.| Compher, C.| Correia, M.I.T.D.| Gonzalez, M.C.| Fukushima, R.| Higashiguchi, T.| Van Gossum, A.| Jensen, G.L. 2019 10.1016\/j.clnu.2019.02.033<br \/>\n\u2022 Nutritional intervention may improve migraine severity: A pilot study Costa, A.B.P.| Rodrigues, A.M.D.S.| Martins, L.B.| Dos Santos, L.C.| Gomez, R.S.| Teixeira, A.L.| Ferreira, A.V.M. 2019 10.1590\/0004-282X20190121<br \/>\n\u2022 Interaction between high-fat diet and ethanol intake leads to changes on the fecal microbiome Moreira J\u00fanior, R.E.| de Carvalho, L.M.| Pedersen, A.S.B.| Damasceno, S.| Maioli, T.U.| de Faria, A.M.C.| Godard, A.L.B. 2019 10.1016\/j.jnutbio.2019.07.006<br \/>\n\u2022 Monotony in the consumption of fruits and vegetables and food environment characteristics de Deus Mendon\u00e7a, R.| Lopes, M.S.| Freitas, P.P.| Campos, S.F.| de Menezes, M.C.| Lopes, A.C.S. 2019 10.11606\/S1518-8787.2019053000705<br \/>\n\u2022 Low serum levels of CCL2 are associated with worse prognosis in patients with Acute Coronary Syndrome: 2-year survival analysis Leoc\u00e1dio, P.C.L.| Menta, P.L.D.R.| Dias, M.T.S.| Fraga, J.R.| Goulart, A.C.| Santos, I.S.| Lotufo, P.A.| Bensenor, I.M.| Alvarez-Leite, J.I. 2019 10.1016\/j.biopha.2018.10.087<br \/>\n\u2022 Editorial Correia, M.I.T.D.| Van Gossum, A. 2019 10.1097\/MCO.0000000000000593<br \/>\n\u2022 Prevalence of the DPYD variant (Y186C) in Brazilian individuals of African ancestry Cunha-Junior, G.F.| Bastos-Rodrigues, L.| Azevedo, P.G.| Bicalho, M.A.| Magno, L.A.V.| De Marco, L.| Coelho, L.G. 2019 10.1007\/s00280-019-03974-4<br \/>\n\u2022 A mathematical model of Chagas disease infection predicts inhibition of the immune system De Freitas, L.M.| Maioli, T.U.| De Ribeiro, H.A.L.| Tieri, P.| Castiglione, F. 2019 10.1109\/BIBM.2018.8621389<br \/>\n\u2022 Consuming school meals improves Brazilian children&#8217;s diets according to their social vulnerability risk Horta, P.M.| Carmo, A.S.D.| Junior, E.V.| Santos, L.C.D. 2019 10.1017\/S1368980019001459<br \/>\n\u2022 Prato cheese containing Lactobacillus casei 01 fails to prevent dextran sodium sulphate-induced colitis Cordeiro, B.F.| Lemos, L.| Oliveira, E.R.| Silva, S.H.| Savassi, B.| Figueiroa, A.| Faria, A.M.C.| Ferreira, E.| Esmerino, E.A.| Rocha, R.S.| Freitas, M.Q.| Silva, M.C.| Cruz, A.G.| do Carmo, F.L.R.| Azevedo, V. 2019 10.1016\/j.idairyj.2019.104551<br \/>\n\u2022 GLIM criteria for the diagnosis of malnutrition \u2013 A consensus report from the global clinical nutrition community Cederholm, T.| Jensen, G.L.| Correia, M.I.T.D.| Gonzalez, M.C.| Fukushima, R.| Higashiguchi, T.| Baptista, G.| Barazzoni, R.| Blaauw, R.| Coats, A.J.S.| Crivelli, A.N.| Evans, D.C.| Gramlich, L.| Fuchs-Tarlovsky, V.| Keller, H.| Llido, L.| Malone, A.| Mogensen, K.M.| Morley, J.E.| Muscaritoli, M.| Nyulasi, I.| Pirlich, M.| Pisprasert, V.| de van der Schueren, M.A.E.| Siltharm, S.| Singer, P.| Tappenden, K.| Velasco, N.| Waitzberg, D.| Yamwong, P.| Yu, J.| Van Gossum, A.| Compher, C. 2019 10.1002\/jcsm.12383<br \/>\n\u2022 Cartagena declaration. The international declaration on the right to nutritional care and the fight against malnutrition C\u00e1rdenas, D.| Berm\u00fadez, C.| Echeverri, S.| P\u00e9rez, A.| Puentes, M.| L\u00f3pez, L.| Correia, M.I.T.D.| Ochoa, J.B.| Ferreira, A.M.| Texeira, M.A.| Arenas-Moya, D.| Arenas-M\u00e1rquez, H.| Le\u00f3n-Sanz, M.| Rodr\u00edguez-Veintimilla, D. 2019 10.20960\/nh.02701<br \/>\n\u2022 Built urban environment and functional incapacity: Enabling healthy aging Fogal, A.S.| Pessoa, M.C.| Fernandes Filho, E.I.| Ribeiro, A.Q. 2019 10.1016\/j.jth.2019.100574<br \/>\n\u2022 Molecular and immunohistochemical analyses of uveal melanoma patient cohort Sarubi, H.C.| Pereira, N.B.| Gomes, C.C.| Gomez, R.S.| Carmo, A.C.M.| Melo, F.M.| Bastos-Rodrigues, L.| Pedrosa, M.S.| Friedman, E.| De Marco, L. 2019 10.1097\/CMR.0000000000000523<br \/>\n\u2022 Regulatory\/inflammatory cellular response discrimination in operational tolerance Carmona, P.| Medina-Armenteros, Y.| Cabral, A.| Monteiro, S.M.| Gon\u00e7alves Fonseca, S.| Faria, A.C.| Lemos, F.| Saitovitch, D.| Noronha, I.L.| Kalil, J.| Coelho, V. 2019 10.1093\/ndt\/gfz114<br \/>\n\u2022 Genetic Analysis of Brazilian Patients with Gallbladder Cancer S\u00e1bato, C.| Bastos-Rodrigues, L.| Moraes, D.C.| Friedman, E.| De Marco, L.| Resende, V. 2019 10.1007\/s12253-018-0407-7<br \/>\n\u2022 Pathways linking obesity to neuropsychiatric disorders Martins, L.B.| Monteze, N.M.| Calarge, C.| Ferreira, A.V.M.| Teixeira, A.L. 2019 10.1016\/j.nut.2019.03.017<br \/>\n\u2022 Compartmentalized gut lymph node drainage dictates adaptive immune responses Esterh\u00e1zy, D.| Canesso, M.C.C.| Mesin, L.| Muller, P.A.| de Castro, T.B.R.| Lockhart, A.| ElJalby, M.| Faria, A.M.C.| Mucida, D. 2019 10.1038\/s41586-019-1125-3<br \/>\n\u2022 Virgin coconut oil is effective to treat metabolic and inflammatory dysfunction induced by high refined carbohydrate-containing diet in mice Zicker, M.C.| Silveira, A.L.M.| Lacerda, D.R.| Rodrigues, D.F.| Oliveira, C.T.| de Souza Cordeiro, L.M.| Lima, L.C.F.| Santos, S.H.S.| Teixeira, M.M.| Ferreira, A.V.M. 2019 10.1016\/j.jnutbio.2018.08.013<br \/>\n\u2022 Relationship between Sarcopenia and mTOR Pathway in Patients with Colorectal Cancer: Preliminary Report Maur\u00edcio, S.F.| de Vasconcelos Generoso, S.| Leandro Marciano Vieira, \u00c9.| Xiao, J.| Prado, C.M.| Gonzalez, M.C.| Correia, M.I.T.D. 2019 10.1080\/01635581.2018.1540716<br \/>\n\u2022 Dietary source of saturated fat and percentage body fat of patients with type 2 diabetes mellitus: A cross-sectional study Duarte, C.K.| dos Santos, A.L.T.| Kirst, C.| Nunes, G.D.S.| de Franceschi, K.| de Azevedo, M.J.| Zelmanovitz, T. 2019 10.1002\/fsn3.853<br \/>\n\u2022 Double-blind placebo-controlled randomized clinical trial of ginger (Zingiber officinale Rosc.) addition in migraine acute treatment Martins, L.B.| Rodrigues, A.M.D.S.| Rodrigues, D.F.| dos Santos, L.C.| Teixeira, A.L.| Ferreira, A.V.M. 2019 10.1177\/0333102418776016<br \/>\n\u2022 Consumer food environment and overweight de Freitas, P.P.| de Menezes, M.C.| Lopes, A.C.S. 2019 10.1016\/j.nut.2019.04.013<br \/>\n\u2022 Effectiveness of the VAMOS Strategy for Increasing Physical Activity and Healthy Dietary Habits: A Randomized Controlled Community Trial Meurer, S.T.| Lopes, A.C.S.| Almeida, F.A.| Mendon\u00e7a, R.D.D.| Benedetti, T.R.B. 2019 10.1177\/1090198118820095<br \/>\n\u2022 Role of SOCS2 in the Regulation of Immune Response and Development of the Experimental Autoimmune Encephalomyelitis Cramer, A.| De Lima Oliveira, B.C.| Leite, P.G.| Rodrigues, D.H.| Brant, F.| Esper, L.| Pimentel, P.M.O.| Rezende, R.M.| Rachid, M.A.| Teixeira, A.L.| Faria, A.M.C.| Teixeira, M.M.| Machado, F.S. 2019 10.1155\/2019\/1872593<br \/>\n\u2022 Antiobesity effects of anthocyanins on mitochondrial biogenesis, inflammation, and oxidative stress: A systematic review Gomes, J.V.P.| Rigolon, T.C.B.| Souza, M.S.D.S.| Alvarez-Leite, J.I.| Lucia, C.M.D.| Martino, H.S.D.| Rosa, C.D.O.B. 2019 10.1016\/j.nut.2019.05.005<br \/>\n\u2022 Is the association between vitamin D, adiponectin, and insulin resistance present in normal weight or obese? A pilot study Carvalho-Rassbach, M.| Alvarez-Leite, J.I.| de F\u00e1tima Haueisen Sander Diniz, M. 2019 10.1016\/j.yclnex.2018.10.004<br \/>\n\u2022 GLIM Criteria for the Diagnosis of Malnutrition: A Consensus Report From the Global Clinical Nutrition Community Jensen, G.L.| Cederholm, T.| Correia, M.I.T.D.| Gonzalez, M.C.| Fukushima, R.| Higashiguchi, T.| de Baptista, G.A.| Barazzoni, R.| Blaauw, R.| Coats, A.J.S.| Crivelli, A.| Evans, D.C.| Gramlich, L.| Fuchs-Tarlovsky, V.| Keller, H.| Llido, L.| Malone, A.| Mogensen, K.M.| Morley, J.E.| Muscaritoli, M.| Nyulasi, I.| Pirlich, M.| Pisprasert, V.| de van der Schueren, M.| Siltharm, S.| Singer, P.| Tappenden, K.A.| Velasco, N.| Waitzberg, D.L.| Yamwong, P.| Yu, J.| Compher, C.| Van Gossum, A. 2019 10.1002\/jpen.1440<br \/>\n\u2022 The virulence of different vaccinia virus strains is directly proportional to their ability to downmodulate specific cell-mediated immune compartments in vivo de Freitas, L.F.D.| Oliveira, R.P.| Miranda, M.C.G.| Rocha, R.P.| Barbosa-Stancioli, E.F.| Faria, A.M.C.| da Fonseca, F.G. 2019 10.1128\/JVI.02191-18<br \/>\n\u2022 Weight gain in public hospital workers: a retrospective cohort study Montzel, D.R.V.B.| Costa, B.V.L.| Silva, F.M. 2019 10.1590\/1413-81232018247.17272017<br \/>\n\u2022 A mathematical model of murine macrophage infected with Leishmania sp De Ribeiro, H.A.L.| Maioli, T.U.| De Freitas, L.M.| Tieri, P.| Castiglione, F. 2019 10.1109\/BIBM.2018.8621351<br \/>\n\u2022 Hypotheses, design, and instruments in the Educatel Study, Brazil, 2015\/2016 Assun\u00e7\u00e3o, A.\u00c1.| de Medeiros, A.M.| Claro, R.M.| Vieira, M.T.| Maia, E.G.| Andrade, J.M. 2019 10.1590\/0102-311X00108618<br \/>\n\u2022 Determinants of teachers\u2019 work ability in basic education in Brazil: Educatel study, 2016 de Alcantara, M.A.| de Medeiros, A.M.| Claro, R.M.| Vieira, M.T. 2019 10.1590\/0102-311X00179617<br \/>\n\u2022 GLIM criteria for the diagnosis of malnutrition \u2013 A consensus report from the global clinical nutrition community Cederholm, T.| Jensen, G.L.| Correia, M.I.T.D.| Gonzalez, M.C.| Fukushima, R.| Higashiguchi, T.| Baptista, G.| Barazzoni, R.| Blaauw, R.| Coats, A.| Crivelli, A.| Evans, D.C.| Gramlich, L.| Fuchs-Tarlovsky, V.| Keller, H.| Llido, L.| Malone, A.| Mogensen, K.M.| Morley, J.E.| Muscaritoli, M.| Nyulasi, I.| Pirlich, M.| Pisprasert, V.| de van der Schueren, M.A.E.| Siltharm, S.| Singer, P.| Tappenden, K.| Velasco, N.| Waitzberg, D.| Yamwong, P.| Yu, J.| Van Gossum, A.| Compher, C.| Jensen, G.L.| Charlene, C.| Cederholm, T.| Van Gossum, A.| Correia, M.I.T.D.| Fukushima, R.| Higashiguchi, T.| Fuchs, V. 2019 10.1016\/j.clnu.2018.08.002<br \/>\n\u2022 Association of exclusive breastfeeding duration with consumption of ultra-processed foods, fruit and vegetables in Brazilian children Fonseca, P.C.A.| Ribeiro, S.A.V.| Andreoli, C.S.| de Carvalho, C.A.| Pessoa, M.C.| de Novaes, J.F.| Priore, S.E.| Franceschini, S.C.C. 2019 10.1007\/s00394-018-1840-9<br \/>\n\u2022 Baseline Pro-inflammatory Diet Is Inversely Associated with Change in Weight and Body Fat 6 Months Following-up to Bariatric Surgery Andrade, P.A.| Hermsdorff, H.H.M.| Leite, J.I.A.| Shivappa, N.| H\u00e9bert, J.R.| Henriques, H.K.F.| de Oliveira Barbosa Rosa, C. 2019 10.1007\/s11695-018-3530-3<br \/>\n\u2022 Total polyphenol intake, polyphenol subtypes and incidence of cardiovascular disease: The SUN cohort study Mendon\u00e7a, R.D.| Carvalho, N.C.| Martin-Moreno, J.M.| Pimenta, A.M.| Lopes, A.C.S.| Gea, A.| Martinez-Gonzalez, M.A.| Bes-Rastrollo, M. 2019 10.1016\/j.numecd.2018.09.012<br \/>\n\u2022 National general truck drivers&#8217; strike and food security in a Brazilian metropolis Lopes, M.S.| Ara\u00fajo, M.L.D.| Lopes, A.C.S. 2019 10.1017\/S1368980019001939<br \/>\n\u2022 Environmental factors associated with obesity in the adult population in a medium-sized Brazilian City da Silva, F.M.O.| Novaes, T.G.| Ribeiro, A.Q.| Longo, G.Z.| Pessoa, M.C. 2019 10.1590\/0102-311X00119618<br \/>\n\u2022 Role of adipose tissue inflammation in fat pad loss induced by fasting in lean and mildly obese mice Lacerda, D.R.| Costa, K.A.| Silveira, A.L.M.| Rodrigues, D.F.| Silva, A.N.| Sabino, J.L.| Pinho, V.| Menezes, G.B.| Soares, D.D.| Teixeira, M.M.| Ferreira, A.V.M. 2019 10.1016\/j.jnutbio.2019.06.006<br \/>\n\u2022 Factors Associated with Excessive Gestational Weight Gain among Brazilian Mothers Reis, M.D.O.| Maia De Sousa, T.| Oliveira, M.N.S.D.| Maioli, T.U.| Dos Santos, L.C. 2019 10.1089\/bfm.2018.0234<br \/>\n\u2022 Probiotic Propionibacterium freudenreichii requires SlpB protein to mitigate mucositis induced by chemotherapy Do Carmo, F.L.R.| Rabah, H.| Cordeiro, B.F.| Da Silva, S.H.| Pessoa, R.M.| Fernandes, S.O.A.| Cardoso, V.N.| Gagnaire, V.| Deplanche, M.| Savassi, B.| Figueiroa, A.| Oliveira, E.R.| Fonseca, C.C.| Queiroz, M.I.A.| Rodrigues, N.M.| de Cicco Sandes, S.H.| Nunes, \u00c1.C.| Lemos, L.| de Lima Alves, J.| Faria, A.M.C.| Ferreira, \u00ca.| Le Loir, Y.| Jan, G.| Azevedo, V. 2019 10.18632\/oncotarget.27319<br \/>\n\u2022 Barriers to and facilitators for adherence to nutritional intervention: Consumption of fruits and vegetables Mendon\u00e7a, R.D.D.| Guimar\u00e3es, L.M.F.| Mingoti, S.A.| Magalh\u00e3es, K.A.| Lopes, A.C.S. 2019 10.1016\/j.nut.2019.110568<br \/>\n\u2022 Low standardized phase angle predicts prolonged hospitalization in critically ill patients Jansen, A.K.| Gattermann, T.| da Silva Fink, J.| Saldanha, M.F.| Dias Nascimento Rocha, C.| de Souza Moreira, T.H.| Silva, F.M. 2019 10.1016\/j.clnesp.2019.08.011<br \/>\n\u2022 Treatment with selenium-enriched Saccharomyces cerevisiae UFMG A-905 partially ameliorates mucositis induced by 5-fluorouracil in mice Porto, B.A.A.| Monteiro, C.F.| Souza, \u00c9.L.S.| Leoc\u00e1dio, P.C.L.| Alvarez-Leite, J.I.| Generoso, S.V.| Cardoso, V.N.| Almeida-Leite, C.M.| Santos, D.A.| Santos, J.R.A.| Nicoli, J.R.| Pessione, E.| Martins, F.S. 2019 10.1007\/s00280-019-03865-8<br \/>\n\u2022 Time trends in the consumption of fruits and vegetables among adults in brazilian state capitals and the federal district, 2008-2016 da Silva, L.E.S.| Claro, R.M. 2019 10.1590\/0102-311X00023618<br \/>\n\u2022 The prognostic value of nitrotyrosine levels in coronary heart disease: long-term evaluation in the Acute Coronary Syndrome Registry Strategy (ERICO study) Quidim, A.V.L.| Bruno, T.| Leoc\u00e1dio, P.C.L.| Santos, I.S.| Alvarez-Leite, J.I.| dos Reis Menta, P.L.| Lotufo, P.A.| Bense\u00f1or, I.M.| Goulart, A.C. 2019 10.1016\/j.clinbiochem.2019.02.006<br \/>\n\u2022 Factors Associated with the Consumption of Food Markers of Unhealthy Diet among School Children in Situations of High Health Vulnerability Sousa, T.M.D.| Santos, L.C.D.| Costa, H.T.P.| Carvalho, R.B.D.| Pereira, S.C.L. 2019 10.1093\/tropej\/fmz013<br \/>\n\u2022 Consumption of sweetened beverages and associated factors in adults da Silva, D.C.G.| Segheto, W.| Amaral, F.C.| Reis, N.A.| Veloso, G.S.S.| Pessoa, M.C.| de Novaes, J.F.| Longo, G.Z. 2019 10.1590\/1413-81232018243.05432017<br \/>\n\u2022 Food insecurity and overweight among government-backed economy restaurant workers Costa, B.V.L.| Horta, P.M.| Ramos, S.A. 2019 10.1590\/1678-9865201932e180128<\/p>\n","protected":false},"excerpt":{"rendered":"<p>\u2022 Food environment, social deprivation and obesity among students from Brazilian public schools Assis, M.M.D.| Leite, M.A.| Carmo, A.S.D.| Andrade, A.C.D.S.| Pessoa, M.C.| Netto, M.P.| C\u00e2ndido, A.P.C.| Mendes, L.L. 2019 10.1017\/S136898001800112X \u2022 Frontline Science: Abnormalities in the gut mucosa of non-obese diabetic mice precede the onset of type 1 diabetes Miranda, M.C.G.| Oliveira, R.P.| Torres, [&hellip;]<\/p>\n","protected":false},"author":2,"featured_media":0,"parent":0,"menu_order":0,"comment_status":"closed","ping_status":"closed","template":"","meta":{"_acf_changed":false,"footnotes":""},"class_list":["post-1011","page","type-page","status-publish","hentry"],"acf":[],"_links":{"self":[{"href":"https:\/\/www.ufmg.br\/ppgns\/wp-json\/wp\/v2\/pages\/1011","targetHints":{"allow":["GET"]}}],"collection":[{"href":"https:\/\/www.ufmg.br\/ppgns\/wp-json\/wp\/v2\/pages"}],"about":[{"href":"https:\/\/www.ufmg.br\/ppgns\/wp-json\/wp\/v2\/types\/page"}],"author":[{"embeddable":true,"href":"https:\/\/www.ufmg.br\/ppgns\/wp-json\/wp\/v2\/users\/2"}],"replies":[{"embeddable":true,"href":"https:\/\/www.ufmg.br\/ppgns\/wp-json\/wp\/v2\/comments?post=1011"}],"version-history":[{"count":2,"href":"https:\/\/www.ufmg.br\/ppgns\/wp-json\/wp\/v2\/pages\/1011\/revisions"}],"predecessor-version":[{"id":1014,"href":"https:\/\/www.ufmg.br\/ppgns\/wp-json\/wp\/v2\/pages\/1011\/revisions\/1014"}],"wp:attachment":[{"href":"https:\/\/www.ufmg.br\/ppgns\/wp-json\/wp\/v2\/media?parent=1011"}],"curies":[{"name":"wp","href":"https:\/\/api.w.org\/{rel}","templated":true}]}}