{"id":1017,"date":"2025-06-06T15:07:55","date_gmt":"2025-06-06T18:07:55","guid":{"rendered":"https:\/\/www.ufmg.br\/ppgns\/?page_id=1017"},"modified":"2025-06-06T16:37:02","modified_gmt":"2025-06-06T19:37:02","slug":"publicacoes-em-2017","status":"publish","type":"page","link":"https:\/\/www.ufmg.br\/ppgns\/publicacoes-em-2017\/","title":{"rendered":"Publica\u00e7\u00f5es em 2017"},"content":{"rendered":"<p style=\"text-align: justify;\">\u2022 Lifewide profile of cytokine production by innate and adaptive immune cells from Brazilian individuals Silveira-Nunes, G.| Speziali, E.| Teixeira-Carvalho, A.| Vitelli-Avelar, D.M.| Sathler-Avelar, R.| Figueiredo-Soares, T.| Silva, M.L.| Peruhype-Magalh\u00e3es, V.| Chaves, D.G.| Brito-Melo, G.E.| Cardoso, G.M.| Soares, E.B.| El\u00f3i-Santos, S.M.| Teixeira, R.| Queiroz, D.M.| Corr\u00eaa-Oliveira, R.| Faria, A.M.C.| Martins-Filho, O.A. 2017 10.1186\/s12979-017-0084-5<br \/>\n\u2022 Pereskia aculeata: Biological analysis on wistar rats Zem, L.M.| Helm, C.V.| Henriques, G.S.| Cabrini, D.A.| Zuffellato-Ribas, K.C. 2017 10.1590\/1678-457X.29816<br \/>\n\u2022 The In Vitro and In Vivo Antiangiogenic Effects of Flavokawain B Rossette, M.C.| Moraes, D.C.| Sacramento, E.K.| Romano-Silva, M.A.| Carvalho, J.L.| Gomes, D.A.| Caldas, H.| Friedman, E.| Bastos-Rodrigues, L.| De Marco, L. 2017 10.1002\/ptr.5891<br \/>\n\u2022 Validity and reliability of a telephone survey of physical activity in Brazil Moreira, A.D.| Claro, R.M.| Felisbino-Mendes, M.S.| Velasquez-Melendez, G. 2017 10.1590\/1980-5497201700010012<br \/>\n\u2022 Milk-Derived Nanoparticle Fraction Promotes the Formation of Small Osteoclasts But Reduces Bone Resorption Oliveira, M.C.| Di Ceglie, I.| Arntz, O.J.| van den Berg, W.B.| van den Hoogen, F.H.J.| Ferreira, A.V.M.| van Lent, P.L.E.M.| van de Loo, F.A.J. 2017 10.1002\/jcp.25414<br \/>\n\u2022 Osmolality and pH in handmade enteral diets used in domiciliary enteral nutritional therapy Henriques, G.S.| Miranda, L.A.V.O.| Generoso, S.V.| Guedes, E.G.| Jansen, A.K. 2017 10.1590\/1678-457X.33616<br \/>\n\u2022 Tissue adaptation: Implications for gut immunity and tolerance Faria, A.M.C.| Reis, B.S.| Mucida, D. 2017 10.1084\/jem.20162014<br \/>\n\u2022 Cross-cultural adaptation and validation of the stoma quality of life questionnaire for patients with a colostomy or ileostomy in Brazil: A cross-sectional study De Oliveira, A.L.| Mendes, L.L.| Netto, M.P.| Leite, I.C.G. 2017 &#8211;<br \/>\n\u2022 Dietary calcium intake is inversely associated with blood pressure in Brazilian children Magalh\u00e3es, E.I.S.| Pessoa, M.C.| Franceschini, S.C.C.| Novaes, J.F. 2017 10.1080\/09637486.2016.1236075<br \/>\n\u2022 Consumption of baru nuts (Dipteryx alata) in the treatment of obese mice Ara\u00fajo, A.C.F.| Rocha, J.C.| Paraiso, A.F.| Ferreira, A.V.M.| Santos, S.H.S.| de Pinho, L. 2017 10.1590\/0103-8478cr20151337<br \/>\n\u2022 Reply to T Bhurosy et al. De Deus Mendon\u00e7a, R.| Pimenta, A.M.| Gea, A.| De La Fuente-Arrillaga, C.| Martinez-Gonzalez, M.A.| Lopes, A.C.S.| Bes-Rastrollo, M. 2017 10.3945\/ajcn.116.149518<br \/>\n\u2022 Chronic joint symptoms in adults: A population-based study Morais, S.H.D.O.| Segheto, W.| Da Silva, D.C.G.| Coelho, F.A.| Reis, V.G.| Ferreira, F.G.| Martinho, K.O.| Da Rocha, A.L.C.| Pessoa, M.C.| Longo, G.Z. 2017 10.1590\/1806-9282.63.07.575<br \/>\n\u2022 Risk and protective factors for chronic diseases in adults: A population-based study da Silva, D.C.G.| Segheto, W.| Coelho, F.A.| Reis, V.G.| Morais, S.H.O.| Pessoa, M.C.| Longo, G.Z. 2017 10.1590\/1413-812320172212.07862016<br \/>\n\u2022 Sociodemographic, perinatal and behavioral factors associated to types of milk consumed by children under in six months: Birth coort de Carvalho, C.A.| Fons\u00eaca, P.C.A.| Nobre, L.N.| Silva, M.A.| Pessoa, M.C.| Ribeiro, A.Q.| Priore, S.E.| Franceschini, S.C.C. 2017 10.1590\/1413-812320172211.28482015<br \/>\n\u2022 Allelic loss in amalgam-associated oral lichenoid lesions compared to oral lichen planus and mucosa Rodrigues, L.N.| Sousa, S.F.| Silva, R.C.C.| Abreu, M.H.G.| Pires, F.R.| Mesquita, R.A.| Bastos-Rodrigues, L.| De Marco, L.| Gomes, C.C.| Gomez, R.S.| Bernardes, V.F. 2017 10.1111\/odi.12627<br \/>\n\u2022 Neck circumference, cardiometabolic risk, and Framingham risk score: Population-based study Zanuncio, V.V.| Pessoa, M.C.| Pereira, P.F.| Longo, G.Z. 2017 10.1590\/1678-98652017000600009<br \/>\n\u2022 Hsp65-producing Lactococcus lactis prevents inflammatory intestinal disease in mice by IL-10- and TLR2-dependent pathways Gomes-Santos, A.C.| de Oliveira, R.P.| Moreira, T.G.| Castro-Junior, A.B.| Horta, B.C.| Lemos, L.| de Almeida, L.A.| Rezende, R.M.| Cara, D.C.| Oliveira, S.C.| Azevedo, V.A.C.| Miyoshi, A.| Faria, A.M.C. 2017 10.3389\/fimmu.2017.00030<br \/>\n\u2022 Nutrition and Immune-Modulatory Intervention in Surgical Patients with Gastric Cancer Dias Rodrigues, V.| Barroso De Pinho, N.| Abdelhay, E.| Viola, J.P.B.| Correia, M.I.| Brum Martucci, R. 2017 10.1177\/0884533616653807<br \/>\n\u2022 Consumption of diet containing free amino acids exacerbates colitis in mice Souza, A.L.| Aguiar, S.L.F.| Miranda, M.C.G.| Lemos, L.| Guimaraes, M.A.F.| Reis, D.S.| Barros, P.A.V.| Veloso, E.S.| Carvalho, T.G.| Ribeiro, F.M.| Ferreira, E.| Cara, D.C.| Gomes-Santos, A.C.| Faria, A.M.C. 2017 10.3389\/fimmu.2017.01587<br \/>\n\u2022 Environmental obesogen tributyltin chloride leads to abnormal hypothalamic-pituitary-gonadal axis function by disruption in kisspeptin\/leptin signaling in female rats Sena, G.C.| Freitas-Lima, L.C.| Merlo, E.| Podratz, P.L.| de Ara\u00fajo, J.F.P.| Brand\u00e3o, P.A.A.| Carneiro, M.T.W.D.| Zicker, M.C.| Ferreira, A.V.M.| Takiya, C.M.| de Lemos Barbosa, C.M.| Morales, M.M.| Santos-Silva, A.P.| Miranda-Alves, L.| Silva, I.V.| Graceli, J.B. 2017 10.1016\/j.taap.2017.01.021<br \/>\n\u2022 To feed or not to feed in ICU: Evidence-based medicine versus physiology-based medicine Laviano, A.| Di Lazzaro, L.| Correia, M.I.T.D. 2017 10.1016\/j.nut.2017.02.006<br \/>\n\u2022 Educational practices in accordance with the \u201cTen steps to successful breastfeeding\u201d in a Human Milk Bank e Silva, C.M.| Pellegrinelli, A.L.R.| Pereira, S.C.L.| Passos, I.R.| dos Santos, L.C. 2017 10.1590\/1413-81232017225.14442015<br \/>\n\u2022 Ultra-processed food consumption and the incidence of hypertension in a mediterranean cohort: The seguimiento universidad de navarra project De Deus Mendon\u00e7a, R.| Souza Lopes, A.C.| Pimenta, A.M.| Gea, A.| Martinez-Gonzalez, M.A.| Bes-Rastrollo, M. 2017 10.1093\/ajh\/hpw137<br \/>\n\u2022 Omega\u20103 fatty acids, inflammatory status and biochemical markers of patients with systemic lupus erythematosus: a pilot study Borges, M.C.| Santos, F.D.M.M.D.| Telles, R.W.| Andrade, M.V.M.D.| Correia, M.I.T.D.| Lanna, C.C.D. 2017 10.1016\/j.rbr.2016.08.002<br \/>\n\u2022 Spectrum of germline mutations in smokers and non-smokers in Brazilian non-small-cell lung cancer (NSCLC) patients Couto, P.P.| Bastos-Rodrigues, L.| Schayek, H.| Melo, F.M.| Lisboa, R.G.C.| Miranda, D.M.| Vilhena, A.| Bale, A.E.| Friedman, E.| De Marco, L. 2017 10.1093\/carcin\/bgx089<br \/>\n\u2022 Editorial Forbes, A.| Correia, M.I.T.D. 2017 10.1097\/MCO.0000000000000400<br \/>\n\u2022 Trichoderma asperelloides Spores Downregulate dectin1\/2 and TLR2 Receptors of Mice Macrophages and Decrease Candida parapsilosis Phagocytosis Independent of the M1\/M2 Polarization dos Santos, A.G.| Mendes, E.A.| de Oliveira, R.P.| Faria, A.M.C.| de Sousa, A.O.| Pirovani, C.P.| de Ara\u00fajo, F.F.| de Carvalho, A.T.| Costa, M.C.| Santos, D.A.| Montoya, Q.V.| Rodrigues, A.| dos Santos, J.L. 2017 10.3389\/fmicb.2017.01681<br \/>\n\u2022 Perception of food consumed at home and dietary intake: A nationwide study from Brazil Gombi-Vaca, M.F.| Horta, P.M.| Hassan, B.K.| Rocha, T.F.D.| Skov, L.R.| Verly-Jr, E. 2017 10.1016\/j.appet.2017.05.036<br \/>\n\u2022 Reply to JM Cullin and CI Fern\u00e1ndez De Deus Mendon\u00e7a, R.| Pimenta, A.M.| Gea, A.| De La Fuente-Arrillaga, C.| Martinez-Gonzalez, M.A.| Lopes, A.C.S.| Bes-Rastrollo, M. 2017 10.3945\/ajcn.116.149708<br \/>\n\u2022 Price and convenience: The influence of supermarkets on consumption of ultra-processed foods and beverages in Brazil Machado, P.P.| Claro, R.M.| Canella, D.S.| Sarti, F.M.| Levy, R.B. 2017 10.1016\/j.appet.2017.05.027<br \/>\n\u2022 Preventive rather than therapeutic treatment with high fiber diet attenuates clinical and inflammatory markers of acute and chronic DSS-induced colitis in mice Silveira, A.L.M.| Ferreira, A.V.M.| de Oliveira, M.C.| Rachid, M.A.| da Cunha Sousa, L.F.| dos Santos Martins, F.| Gomes-Santos, A.C.| Vieira, A.T.| Teixeira, M.M. 2017 10.1007\/s00394-015-1068-x<br \/>\n\u2022 Hospital malnutrition in Latin America: A systematic review Correia, M.I.T.D.| Perman, M.I.| Waitzberg, D.L. 2017 10.1016\/j.clnu.2016.06.025<br \/>\n\u2022 Obesity induction in hamster that mimics the human clinical condition Jordania Da Silva, V.| Dias, S.R.C.| Maioli, T.U.| Serafim, L.R.| Furtado, L.F.V.| Quint\u00e3o Silva, M.G.| de Faria, A.M.C.| Rabelo, \u00c9.M.L. 2017 10.1538\/expanim.17-0009<br \/>\n\u2022 Effect of the inclusion of mobile phone interviews to Vigitel Bernal, R.T.I.| Malta, D.C.| Claro, R.M.| Monteiro, C.A. 2017 10.1590\/S1518-8787.2017051000171<br \/>\n\u2022 Trends in short-term spending on food away from home in Brazil Claro, R.M.| Baraldi, L.G.| Martins, A.P.B.| Bandoni, D.H.| Levy, R.B. 2017 &#8211;<br \/>\n\u2022 l-Arginine and Bacterial Translocation: Implications for Health Viana, M.L.| de Vasconcelos Generoso, S.| dos Santos, R.D.G.C.| Cardoso, V.N.| Correia, M.I.T.D. 2017 10.1007\/978-3-319-26009-9_46<br \/>\n\u2022 Local food environment and fruit and vegetable consumption: An ecological study Menezes, M.C.| Costa, B.V.L.| Oliveira, C.D.L.| Lopes, A.C.S. 2017 10.1016\/j.pmedr.2016.10.015<br \/>\n\u2022 Current clinical nutrition practices in critically ill patients in Latin America: A multinational observational study Vallejo, K.P.| Mart\u00ednez, C.M.| Matos Adames, A.A.| Fuchs-Tarlovsky, V.| Nogales, G.C.C.| Paz, R.E.R.| Perman, M.I.| Correia, M.I.T.D.| Waitzberg, D.L. 2017 10.1186\/s13054-017-1805-z<br \/>\n\u2022 Food environment and access to fruits and vegetables: \u201cA metropolis into perspective\u201d Lopes, A.C.S.| de Menezes, M.C.| de Ara\u00fajo, M.L. 2017 10.1590\/s0104-12902017168867<br \/>\n\u2022 Modeling immune response to Leishmania species indicates adenosine as an important inhibitor of Th-cell activation Ribeiro, H.A.L.| Maioli, T.U.| de Freitas, L.M.| Tieri, P.| Castiglione, F. 2017 10.3389\/fcimb.2017.00309<br \/>\n\u2022 Energy expenditure in the immediate postpartum period: Indirect calorimetry versus predictive equations de Sousa, T.M.| Maioli, T.U.| dos Santos, A.L.S.| dos Santos, L.C. 2017 10.1016\/j.nut.2017.02.009<br \/>\n\u2022 Validity of body adiposity index in predicting body fat in Brazilians adults Segheto, W.| Coelho, F.A.| Cristina Guimar\u00e3es da Silva, D.| Hallal, P.C.| Marins, J.C.B.| Ribeiro, A.Q.| Pessoa, M.C.| Morais, S.H.O.| Longo, G.Z. 2017 10.1002\/ajhb.22901<br \/>\n\u2022 Baseline and estimated trends of sodium availability and food sources in the Costa Rican population during 2004\u20132005 and 2012\u20132013 Blanco-Metzler, A.| Claro, R.M.| Heredia-Blonval, K.| Rodr\u00edguez, I.C.| Montero-Campos, M.A.| Legetic, B.| L\u2019Abbe, M.R. 2017 10.3390\/nu9091020<br \/>\n\u2022 Counseling on healthy ways of life in Primary Health Care De Toledo, M.T.T.| De Deus Mendon\u00e7a, R.| Abreu, M.N.| Lopes, A.C.S. 2017 10.15343\/0104-7809.201741018697<br \/>\n\u2022 Coexistence of risk behaviors for being overweight among Brazilian adolescents Ferreira, N.L.| Claro, R.M.| Mingoti, S.A.| Lopes, A.C.S. 2017 10.1016\/j.ypmed.2017.04.018<br \/>\n\u2022 Influence of indigenous microbiota on experimental toxoplasmosis in conventional and germ-free mice Nascimento, B.B.| Cartelle, C.T.| Noviello, M.D.L.| Pinheiro, B.V.| de Almeida Vitor, R.W.| Souza, D.D.G.| de Vasconcelos Generoso, S.| Cardoso, V.N.| Martins, F.D.S.| Nicoli, J.R.| Arantes, R.M.E. 2017 10.1111\/iep.12236<br \/>\n\u2022 Vitamin D insufficiency\/deficiency is associated with insulin resistance in Brazilian children, regardless of body fat distribution Milagres, L.C.| Rocha, N.P.| Filgueiras, M.D.S.| Albuquerque, F.M.D.| Castro, A.P.P.| Pessoa, M.C.| Gouveia Peluzio, M.D.C.| Novaes, J.F.D. 2017 10.1017\/S136898001700194X<br \/>\n\u2022 Acceleration of leukocytes&#8217; epigenetic age as an early tumorand sex-specific marker of breast and colorectal cancer Durso, D.F.| Bacalini, M.G.| Sala, C.| Pirazzini, C.| Marasco, E.| Bonaf\u00e9, M.| do Valle, \u00cd.F.| Gentilini, D.| Castellani, G.| Faria, A.M.C.| Franceschi, C.| Garagnani, P.| Nardini, C. 2017 10.18632\/oncotarget.15573<br \/>\n\u2022 Secretion of biologically active pancreatitis-associated protein I (PAP) by genetically modified dairy Lactococcus lactis NZ9000 in the prevention of intestinal mucositis Carvalho, R.D.| Breyner, N.| Menezes-Garcia, Z.| Rodrigues, N.M.| Lemos, L.| Maioli, T.U.| da Gloria Souza, D.| Carmona, D.| de Faria, A.M.C.| Langella, P.| Chatel, J.-M.| Berm\u00fadez-Humar\u00e1n, L.G.| Figueiredo, H.C.P.| Azevedo, V.| de Azevedo, M.S. 2017 10.1186\/s12934-017-0624-x<br \/>\n\u2022 Hospital and homecare malnutrition and nutritional therapy in Brazil. Strategies for alleviating it: A position paper Waitzberg, D.L.| de Aguilar-Nascimento, J.E.| Dias, M.C.G.| Pinho, N.| Moura, R.| Correia, M.I.T.D. 2017 10.20960\/nh.1098<br \/>\n\u2022 Evaluating the effects of refined carbohydrate and fat diets with acute ethanol consumption using a mouse model of alcoholic liver injury Gon\u00e7alves, J.L.| Lacerda-Queiroz, N.| Sabino, J.F.L.| Marques, P.E.| Galv\u00e3o, I.| Gamba, C.O.| Cassali, G.D.| de Carvalho, L.M.| da Silva e Silva, D.A.| Versiani, A.| Teixeira, M.M.| de Faria, A.M.C.| Vieira, A.T.| Brunialti-Godard, A.L. 2017 10.1016\/j.jnutbio.2016.08.011<br \/>\n\u2022 A requiem for BMI in the clinical setting Gonzalez, M.C.| Correia, M.I.T.D.| Heymsfield, S.B. 2017 10.1097\/MCO.0000000000000395<br \/>\n\u2022 A PDGFR\u03b1-Mediated Switch toward CD9high Adipocyte Progenitors Controls Obesity-Induced Adipose Tissue Fibrosis Marcelin, G.| Ferreira, A.| Liu, Y.| Atlan, M.| Aron-Wisnewsky, J.| Pelloux, V.| Botbol, Y.| Ambrosini, M.| Fradet, M.| Rouault, C.| H\u00e9n\u00e9gar, C.| Hulot, J.-S.| Poitou, C.| Torcivia, A.| Nail-Barthelemy, R.| Bichet, J.-C.| Gautier, E.L.| Cl\u00e9ment, K. 2017 10.1016\/j.cmet.2017.01.010<br \/>\n\u2022 Perceptions of neighborhood environments and their association with overweight in children, adolescents, and caretakers in a medium-sized city in Brazil Leite, M.A.| de Assis, M.M.| Silva, B.P.L.| Matozinhos, F.P.| Padez, C.| C\u00e2ndido, A.P.C.| Mendes, L.L. 2017 10.1186\/s41110-017-0030-5<br \/>\n\u2022 Evaluation of diet quality of the elderly and associated factors Pinto de Souza Fernandes, D.| Duarte, M.S.L.| Pessoa, M.C.| Franceschini, S.D.C.C.| Ribeiro, A.Q. 2017 10.1016\/j.archger.2017.05.006<br \/>\n\u2022 The impact of Vitamin K standardization in hospital diets Guedes Miranda, B.C.| Simeone Henriques, G.| Ricardo Bernardes, H.| Kristine Jansen, A. 2017 10.15343\/0104-7809.20174103333342<br \/>\n\u2022 Cardiovascular health in Brazilian state capitals Matozinhos, F.P.| Felisbino-Mendes, M.S.| Gomes, C.S.| Jansen, A.K.| Machado, \u00cd.E.| Lana, F.C.F.| Malta, D.C.| Velaquez-Melendez, G. 2017 10.1590\/1518-8345.1327.2843<br \/>\n\u2022 Aberrant methylation patterns in colorectal cancer: A meta-analysis Durso, D.F.| Bacalini, M.G.| do Valle, \u00cd.F.| Pirazzini, C.| Bonaf\u00e9, M.| Castellani, G.| Faria, A.M.C.| Franceschi, C.| Garagnani, P.| Nardini, C. 2017 10.18632\/oncotarget.14590<br \/>\n\u2022 Comparison between two assessment tools for fruit and vegetable intake relative to the 24-h recall Lopes, M.S.| Santos, L.C.D.| Lopes, A.C.S.| Abreu, M.N.S. 2017 10.1016\/j.nut.2016.12.019<br \/>\n\u2022 Nutritional quality of snacks for preschoolers recommended on the internet: Are they healthy Santos, V.F.A.| Neves, F.S.| Mendes, L.L.| Binoti, M.L. 2017 10.7322\/jhgd.127654<br \/>\n\u2022 Intestinal toxicity evaluation of long-circulating and pH-sensitive liposomes loaded with cisplatin Ara\u00fajo, R.S.| Silveira, A.L.M.| de Sales e Souza, \u00c9.L.| Freire, R.H.| de Souza, C.M.| Reis, D.C.| Costa, B.R.C.| Sugimoto, M.A.| Silveira, J.N.| dos Santos Martins, F.| Cassali, G.D.| Leite, J.I.A.| Sousa, L.P.| Ferreira, A.V.M.| Oliveira, M.C.| Cardoso, V.N. 2017 10.1016\/j.ejps.2017.05.046<br \/>\n\u2022 nNOS uncoupling by oxidized LDL: Implications in atherosclerosis Navia-Pelaez, J.M.| Campos-Mota, G.P.| Araujo de Souza, J.C.| Aguilar, E.C.| Stergiopulos, N.| Alvarez-Leite, J.I.| Capettini, L.S.A. 2017 10.1016\/j.freeradbiomed.2017.09.018<br \/>\n\u2022 Effect of Conjugated Linoleic Acid-enriched Butter After 24 hours of Intestinal Mucositis Induction Barros, P.A.V.D.| Generoso, S.D.V.| Andrade, M.E.R.| da Gama, M.A.S.| Lopes, F.C.F.| de Sales e Souza, \u00c9.L.| Martins, F.D.S.| Miranda, S.E.M.| Fernandes, S.O.A.| Cardoso, V.N. 2017 10.1080\/01635581.2016.1225100<br \/>\n\u2022 Feeding a cancer patient: Much more than supportive care Laviano, A.| Di Lazzaro, L.| Correia, M.I.T.D. 2017 10.1016\/j.nut.2017.02.005<br \/>\n\u2022 Determinants of the mean growth rate of children under the age of six months: A cohort study Fonseca, P.C.A.| de Carvalho, C.A.| Ribeiro, S.A.V.| Nobre, L.N.| Pessoa, M.C.| Ribeiro, A.Q.| Priore, S.E.| Franceschini, S.C.C. 2017 10.1590\/1413-81232017228.18182015<br \/>\n\u2022 Reply to la Schrader De Deus Mendon\u00e7a, R.| Pimenta, A.M.| Gea, A.| De La Fuente-Arrillaga, C.| Martinez-Gonzalez, M.A.| Lopes, A.C.S.| Bes-Rastrollo, M. 2017 10.3945\/ajcn.116.149500<br \/>\n\u2022 Misreporting of energy intake among users of health promotion services Machado, C.H.| Lopes, A.C.S.| Dos Santos, L.C. 2017 10.1590\/1413-81232017222.21492015<br \/>\n\u2022 Surveillance System for Risk and Protective Factors for Chronic Diseases by Telephone Survey (Vigitel): changes in weighting methodology Bernal, R.T.I.| Iser, B.P.M.| Malta, D.C.| Claro, R.M. 2017 10.5123\/S1679-49742017000400003<br \/>\n\u2022 Mistaken perception of lipid intake and its effects: A randomized trial Menezes, M.C.D.| Mingoti, S.A.| Mendon\u00e7a, R.D.D.| Lopes, A.C.S. 2017 10.1186\/s40795-017-0193-8<br \/>\n\u2022 Daily meal frequency and associated variables in children and adolescents Silva, F.A.| Candi\u00e1, S.M.| Pequeno, M.S.| Sartorelli, D.S.| Mendes, L.L.| Oliveira, R.M.S.| Netto, M.P.| C\u00e2ndido, A.P.C. 2017 10.1016\/j.jped.2016.04.008<br \/>\n\u2022 Analysis of TV food advertising in the context of recommendations by the Food Guide for the Brazilian Population Maia, E.G.| Costa, B.V.L.| Coelho, F.S.| Guimar\u00e3es, J.S.| Fortaleza, R.G.| Claro, R.M. 2017 10.1590\/0102-311X00209115<br \/>\n\u2022 Targeting latency-associated peptide promotes antitumor immunity Gabriely, G.| Da Cunha, A.P.| Rezende, R.M.| Kenyon, B.| Madi, A.| Vandeventer, T.| Skillin, N.| Rubino, S.| Garo, L.| Mazzola, M.A.| Kolypetri, P.| Lanser, A.J.| Moreira, T.| Faria, A.M.C.| Lassmann, H.| Kuchroo, V.| Murugaiyan, G.| Weiner, H.L. 2017 10.1126\/sciimmunol.aaj1738<br \/>\n\u2022 Validating the usage of household food acquisition surveys to assess the consumption of ultra-processed foods: Evidence from Brazil Louzada, M.L.D.C.| Levy, R.B.| Martins, A.P.B.| Claro, R.M.| Steele, E.M.| Verly, E.| Cafiero, C.| Monteiro, C.A. 2017 10.1016\/j.foodpol.2017.08.017<br \/>\n\u2022 Sedentary behavior is associated with lower serum concentrations of vitamin D in Brazilian children Milagres, L.C.| Rocha, N.P.| Albuquerque, F.M.| Castro, A.P.P.| Filgueiras, M.S.| Pessoa, M.C.| Gouveia Peluzio, M.C.| Novaes, J.F. 2017 10.1016\/j.puhe.2017.07.021<br \/>\n\u2022 Two opposite extremes of adiposity similarly reduce inflammatory response of antigen-induced acute joint inflammation Oliveira, M.C.D.| Silveira, A.L.M.| Tavares, L.P.| Rodrigues, D.F.| van de Loo, F.A.J.| Sousa, L.P.D.| Teixeira, M.M.| Amaral, F.A.| Ferreira, A.V.M. 2017 10.1016\/j.nut.2016.05.008<\/p>\n","protected":false},"excerpt":{"rendered":"<p>\u2022 Lifewide profile of cytokine production by innate and adaptive immune cells from Brazilian individuals Silveira-Nunes, G.| Speziali, E.| Teixeira-Carvalho, A.| Vitelli-Avelar, D.M.| Sathler-Avelar, R.| Figueiredo-Soares, T.| Silva, M.L.| Peruhype-Magalh\u00e3es, V.| Chaves, D.G.| Brito-Melo, G.E.| Cardoso, G.M.| Soares, E.B.| El\u00f3i-Santos, S.M.| Teixeira, R.| Queiroz, D.M.| Corr\u00eaa-Oliveira, R.| Faria, A.M.C.| Martins-Filho, O.A. 2017 10.1186\/s12979-017-0084-5 \u2022 Pereskia [&hellip;]<\/p>\n","protected":false},"author":2,"featured_media":0,"parent":0,"menu_order":0,"comment_status":"closed","ping_status":"closed","template":"","meta":{"_acf_changed":false,"footnotes":""},"class_list":["post-1017","page","type-page","status-publish","hentry"],"acf":[],"_links":{"self":[{"href":"https:\/\/www.ufmg.br\/ppgns\/wp-json\/wp\/v2\/pages\/1017","targetHints":{"allow":["GET"]}}],"collection":[{"href":"https:\/\/www.ufmg.br\/ppgns\/wp-json\/wp\/v2\/pages"}],"about":[{"href":"https:\/\/www.ufmg.br\/ppgns\/wp-json\/wp\/v2\/types\/page"}],"author":[{"embeddable":true,"href":"https:\/\/www.ufmg.br\/ppgns\/wp-json\/wp\/v2\/users\/2"}],"replies":[{"embeddable":true,"href":"https:\/\/www.ufmg.br\/ppgns\/wp-json\/wp\/v2\/comments?post=1017"}],"version-history":[{"count":3,"href":"https:\/\/www.ufmg.br\/ppgns\/wp-json\/wp\/v2\/pages\/1017\/revisions"}],"predecessor-version":[{"id":1022,"href":"https:\/\/www.ufmg.br\/ppgns\/wp-json\/wp\/v2\/pages\/1017\/revisions\/1022"}],"wp:attachment":[{"href":"https:\/\/www.ufmg.br\/ppgns\/wp-json\/wp\/v2\/media?parent=1017"}],"curies":[{"name":"wp","href":"https:\/\/api.w.org\/{rel}","templated":true}]}}