{"id":1030,"date":"2025-06-06T17:09:08","date_gmt":"2025-06-06T20:09:08","guid":{"rendered":"https:\/\/www.ufmg.br\/ppgns\/?page_id=1030"},"modified":"2025-06-06T17:28:11","modified_gmt":"2025-06-06T20:28:11","slug":"insercao-social","status":"publish","type":"page","link":"https:\/\/www.ufmg.br\/ppgns\/insercao-social\/","title":{"rendered":"Inser\u00e7\u00e3o Social"},"content":{"rendered":"<p style=\"text-align: justify;\" data-sourcepos=\"7:1-7:237\">O Programa de P\u00f3s-Gradua\u00e7\u00e3o em Nutri\u00e7\u00e3o e Sa\u00fade (PPGNS) se destaca pela profunda integra\u00e7\u00e3o entre a p\u00f3s-gradua\u00e7\u00e3o, a gradua\u00e7\u00e3o e a sociedade, gerando um impacto significativo na forma\u00e7\u00e3o de profissionais e na promo\u00e7\u00e3o da sa\u00fade no Brasil.<\/p>\n<p style=\"text-align: justify;\" data-sourcepos=\"9:1-9:51\"><strong>Forma\u00e7\u00e3o Integrada e de Excel\u00eancia na Gradua\u00e7\u00e3o<\/strong><\/p>\n<p style=\"text-align: justify;\" data-sourcepos=\"11:1-11:329\">Todos os nossos docentes permanentes est\u00e3o ativamente envolvidos no ensino de gradua\u00e7\u00e3o, ministrando disciplinas para cursos como Nutri\u00e7\u00e3o, Enfermagem e Medicina. Com mais de 4.500 horas de aulas anuais, eles conectam o conte\u00fado acad\u00eamico \u00e0s linhas de pesquisa do programa.<\/p>\n<p style=\"text-align: justify;\" data-sourcepos=\"13:1-13:59\">Al\u00e9m das aulas, oferecemos uma forma\u00e7\u00e3o robusta que inclui:<\/p>\n<ul style=\"text-align: justify;\" data-sourcepos=\"14:1-17:0\">\n<li data-sourcepos=\"14:1-14:109\"><strong>Orienta\u00e7\u00e3o e Mentoria:<\/strong> Orienta\u00e7\u00e3o de trabalhos de conclus\u00e3o de curso e tutoria para centenas de alunos.<\/li>\n<li data-sourcepos=\"15:1-15:175\"><strong>Inicia\u00e7\u00e3o Cient\u00edfica e Extens\u00e3o:<\/strong> Inclus\u00e3o de estudantes de gradua\u00e7\u00e3o em projetos de pesquisa e de extens\u00e3o, promovendo uma imers\u00e3o precoce na ci\u00eancia.<\/li>\n<li data-sourcepos=\"16:1-17:0\"><strong>Forma\u00e7\u00e3o Avan\u00e7ada:<\/strong> Oferta de disciplinas exclusivas para o percurso de Bacharelado com N\u00facleo Avan\u00e7ado, aprofundando o conhecimento dos futuros nutricionistas.<\/li>\n<\/ul>\n<p style=\"text-align: justify;\" data-sourcepos=\"18:1-18:49\"><strong>Produ\u00e7\u00e3o de Conhecimento e Difus\u00e3o Cient\u00edfica<\/strong><\/p>\n<p style=\"text-align: justify;\" data-sourcepos=\"20:1-20:124\">Nosso compromisso vai al\u00e9m da sala de aula. Fomentamos a ci\u00eancia e levamos conhecimento de qualidade para todos por meio de:<\/p>\n<ul style=\"text-align: justify;\" data-sourcepos=\"21:1-24:0\">\n<li data-sourcepos=\"21:1-21:157\"><strong>Grupos de Estudo:<\/strong> Iniciativas como o Grupo de Estudos em Epidemiologia Nutricional (GREEN) capacitam alunos em metodologia cient\u00edfica e bioestat\u00edstica.<\/li>\n<li data-sourcepos=\"22:1-22:228\"><strong>Eventos de Grande Porte:<\/strong> Organiza\u00e7\u00e3o de simp\u00f3sios e congressos nacionais e internacionais que re\u00fanem centenas de pesquisadores, estudantes e profissionais para debater temas como ambiente alimentar, microbiota e obesidade.<\/li>\n<li data-sourcepos=\"23:1-24:0\"><strong>Comunica\u00e7\u00e3o com a Sociedade:<\/strong> Mantemos perfis ativos nas redes sociais (@ppgns_ufmg), produzimos o programa \u201cNutrisanas\u201d na R\u00e1dio UFMG e nossos docentes s\u00e3o fontes constantes para a grande m\u00eddia, traduzindo a ci\u00eancia da nutri\u00e7\u00e3o para o p\u00fablico geral.<\/li>\n<\/ul>\n<p style=\"text-align: justify;\" data-sourcepos=\"25:1-25:43\"><strong>Parcerias Estrat\u00e9gicas e Impacto Social<\/strong><\/p>\n<p style=\"text-align: justify;\" data-sourcepos=\"27:1-27:152\">O PPGNS transcende o ambiente acad\u00eamico por meio de parcerias estrat\u00e9gicas que fortalecem pol\u00edticas p\u00fablicas e melhoram os servi\u00e7os de sa\u00fade e educa\u00e7\u00e3o:<\/p>\n<ul style=\"text-align: justify;\" data-sourcepos=\"29:1-33:0\">\n<li data-sourcepos=\"29:1-29:399\"><strong>Governo Federal:<\/strong> Colaboramos com o <strong>Minist\u00e9rio da Sa\u00fade<\/strong> no aprimoramento de sistemas de vigil\u00e2ncia (Vigitel), na qualifica\u00e7\u00e3o de mais de <strong>4.000 profissionais do SUS<\/strong> para o manejo da obesidade e na implementa\u00e7\u00e3o da Estrat\u00e9gia PROTEJA (de combate \u00e0 obesidade infantil). Junto ao <strong>Minist\u00e9rio do Desenvolvimento Social<\/strong>, atuamos para fortalecer a Seguran\u00e7a Alimentar e Nutricional no pa\u00eds.<\/li>\n<li data-sourcepos=\"30:1-30:230\"><strong>Munic\u00edpios e Governos Locais:<\/strong> Desenvolvemos projetos com prefeituras para qualificar a Aten\u00e7\u00e3o Prim\u00e1ria \u00e0 Sa\u00fade, capacitar professores da educa\u00e7\u00e3o b\u00e1sica e promover a alimenta\u00e7\u00e3o saud\u00e1vel em escolas e restaurantes populares.<\/li>\n<li data-sourcepos=\"31:1-31:202\"><strong>Hospitais e Unidades de Sa\u00fade:<\/strong> Realizamos pesquisas e atendimento nutricional em hospitais de alta complexidade, como o Hospital das Cl\u00ednicas da UFMG, impactando diretamente o cuidado ao paciente.<\/li>\n<li data-sourcepos=\"32:1-33:0\"><strong>Organiza\u00e7\u00f5es Civis e Internacionais:<\/strong> Mantemos parcerias com ONGs de refer\u00eancia e participamos de projetos internacionais, como o <strong>SALURBAL<\/strong>, para criar cidades mais saud\u00e1veis na Am\u00e9rica Latina.<\/li>\n<\/ul>\n<p data-sourcepos=\"34:1-34:273\">\n<p style=\"text-align: justify;\" data-sourcepos=\"34:1-34:273\">Essas a\u00e7\u00f5es reafirmam o papel do PPGNS como um centro de excel\u00eancia que forma profissionais qualificados, produz ci\u00eancia de vanguarda e transfere conhecimento para a sociedade, contribuindo ativamente para a sa\u00fade, o bem-estar e o desenvolvimento social e cultural do pa\u00eds.<\/p>\n","protected":false},"excerpt":{"rendered":"<p>O Programa de P\u00f3s-Gradua\u00e7\u00e3o em Nutri\u00e7\u00e3o e Sa\u00fade (PPGNS) se destaca pela profunda integra\u00e7\u00e3o entre a p\u00f3s-gradua\u00e7\u00e3o, a gradua\u00e7\u00e3o e a sociedade, gerando um impacto significativo na forma\u00e7\u00e3o de profissionais e na promo\u00e7\u00e3o da sa\u00fade no Brasil. Forma\u00e7\u00e3o Integrada e de Excel\u00eancia na Gradua\u00e7\u00e3o Todos os nossos docentes permanentes est\u00e3o ativamente envolvidos no ensino de [&hellip;]<\/p>\n","protected":false},"author":2,"featured_media":0,"parent":0,"menu_order":0,"comment_status":"closed","ping_status":"closed","template":"","meta":{"_acf_changed":false,"footnotes":""},"class_list":["post-1030","page","type-page","status-publish","hentry"],"acf":[],"_links":{"self":[{"href":"https:\/\/www.ufmg.br\/ppgns\/wp-json\/wp\/v2\/pages\/1030","targetHints":{"allow":["GET"]}}],"collection":[{"href":"https:\/\/www.ufmg.br\/ppgns\/wp-json\/wp\/v2\/pages"}],"about":[{"href":"https:\/\/www.ufmg.br\/ppgns\/wp-json\/wp\/v2\/types\/page"}],"author":[{"embeddable":true,"href":"https:\/\/www.ufmg.br\/ppgns\/wp-json\/wp\/v2\/users\/2"}],"replies":[{"embeddable":true,"href":"https:\/\/www.ufmg.br\/ppgns\/wp-json\/wp\/v2\/comments?post=1030"}],"version-history":[{"count":2,"href":"https:\/\/www.ufmg.br\/ppgns\/wp-json\/wp\/v2\/pages\/1030\/revisions"}],"predecessor-version":[{"id":1046,"href":"https:\/\/www.ufmg.br\/ppgns\/wp-json\/wp\/v2\/pages\/1030\/revisions\/1046"}],"wp:attachment":[{"href":"https:\/\/www.ufmg.br\/ppgns\/wp-json\/wp\/v2\/media?parent=1030"}],"curies":[{"name":"wp","href":"https:\/\/api.w.org\/{rel}","templated":true}]}}