{"id":111,"date":"2024-08-02T12:26:15","date_gmt":"2024-08-02T15:26:15","guid":{"rendered":"https:\/\/sites.enf.ufmg.br\/ppgns\/?page_id=111"},"modified":"2025-04-16T16:04:40","modified_gmt":"2025-04-16T19:04:40","slug":"contato","status":"publish","type":"page","link":"https:\/\/www.ufmg.br\/ppgns\/contato\/","title":{"rendered":"Contato"},"content":{"rendered":"\n<p class=\"has-medium-font-size\"><strong>Colegiado de P\u00f3s-Gradua\u00e7\u00e3o em Nutri\u00e7\u00e3o em Sa\u00fade<\/strong><br>Av. Professor Alfredo Balena, n\u00ba 190, sala 326 &#8211; Santa Efig\u00eania.<br>CEP 30130-100 &#8211; Belo Horizonte &#8211; MG<br>Tel.: (31) 3409-8033<br>e-mail: colposnut@enf.ufmg.br<\/p>\n\n\n\n<p><\/p>\n","protected":false},"excerpt":{"rendered":"<p>Colegiado de P\u00f3s-Gradua\u00e7\u00e3o em Nutri\u00e7\u00e3o em Sa\u00fadeAv. Professor Alfredo Balena, n\u00ba 190, sala 326 &#8211; Santa Efig\u00eania.CEP 30130-100 &#8211; Belo Horizonte &#8211; MGTel.: (31) 3409-8033e-mail: colposnut@enf.ufmg.br<\/p>\n","protected":false},"author":1,"featured_media":0,"parent":0,"menu_order":0,"comment_status":"closed","ping_status":"closed","template":"","meta":{"_acf_changed":false,"footnotes":""},"class_list":["post-111","page","type-page","status-publish","hentry"],"acf":[],"_links":{"self":[{"href":"https:\/\/www.ufmg.br\/ppgns\/wp-json\/wp\/v2\/pages\/111","targetHints":{"allow":["GET"]}}],"collection":[{"href":"https:\/\/www.ufmg.br\/ppgns\/wp-json\/wp\/v2\/pages"}],"about":[{"href":"https:\/\/www.ufmg.br\/ppgns\/wp-json\/wp\/v2\/types\/page"}],"author":[{"embeddable":true,"href":"https:\/\/www.ufmg.br\/ppgns\/wp-json\/wp\/v2\/users\/1"}],"replies":[{"embeddable":true,"href":"https:\/\/www.ufmg.br\/ppgns\/wp-json\/wp\/v2\/comments?post=111"}],"version-history":[{"count":3,"href":"https:\/\/www.ufmg.br\/ppgns\/wp-json\/wp\/v2\/pages\/111\/revisions"}],"predecessor-version":[{"id":601,"href":"https:\/\/www.ufmg.br\/ppgns\/wp-json\/wp\/v2\/pages\/111\/revisions\/601"}],"wp:attachment":[{"href":"https:\/\/www.ufmg.br\/ppgns\/wp-json\/wp\/v2\/media?parent=111"}],"curies":[{"name":"wp","href":"https:\/\/api.w.org\/{rel}","templated":true}]}}