{"id":153,"date":"2024-08-02T15:16:52","date_gmt":"2024-08-02T18:16:52","guid":{"rendered":"https:\/\/sites.enf.ufmg.br\/ppgns\/?page_id=153"},"modified":"2025-12-18T10:24:08","modified_gmt":"2025-12-18T13:24:08","slug":"apresentacao","status":"publish","type":"page","link":"https:\/\/www.ufmg.br\/ppgns\/","title":{"rendered":"Programa de P\u00f3s-Gradua\u00e7\u00e3o em Nutri\u00e7\u00e3o e Sa\u00fade"},"content":{"rendered":"<p style=\"text-align: justify;\">O Programa de P\u00f3s-gradua\u00e7\u00e3o em Nutri\u00e7\u00e3o e Sa\u00fade da UFMG forma profissionais qualificados oferecendo cursos de mestrado e doutorado para atua\u00e7\u00e3o acad\u00eamica, cient\u00edfica e profissional, promovendo o avan\u00e7o do conhecimento nas \u00e1reas de alimenta\u00e7\u00e3o, nutri\u00e7\u00e3o e sa\u00fade. Com excel\u00eancia reconhecida, o programa integra ensino, pesquisa e extens\u00e3o, contribuindo para a melhoria da qualidade de vida da popula\u00e7\u00e3o.<\/p>\n\n\n<p style=\"font-size:25px\"><\/p>\n\n\n\n<div class=\"wp-block-columns is-layout-flex wp-container-core-columns-is-layout-9d6595d7 wp-block-columns-is-layout-flex\">\n<div class=\"wp-block-column is-layout-flow wp-block-column-is-layout-flow\"><div class=\"wp-block-image\">\n<figure class=\"aligncenter size-large is-resized\"><img decoding=\"async\" src=\"https:\/\/www.ufmg.br\/ppgns\/wp-content\/uploads\/2024\/12\/Processo-seletivo.png\" alt=\"\" style=\"width:309px;height:auto\"\/><\/figure>\n<\/div><\/div>\n\n\n\n<div class=\"wp-block-column is-layout-flow wp-block-column-is-layout-flow\">\n<\/p>\n\n\n\n<p style=\"text-align: justify;\"><strong>INSCRI\u00c7\u00d5ES <\/strong><\/p>\n<p style=\"text-align: justify;\">O <a href=\"https:\/\/www.ufmg.br\/ppgns\/processo-seletivo\/\">edital<\/a> para o processo seletivo do PPG em Nutri\u00e7\u00e3o e Sa\u00fade 2026 est\u00e1 dispon\u00edvel. S\u00e3o ofertadas vagas para os cursos de Mestrado e Doutorado acad\u00eamico. Resultados poder\u00e3o ser encontrados <a href=\"https:\/\/www.ufmg.br\/ppgns\/processo-seletivo\/\">aqui<\/a>.<\/p>\n<\/div>\n<\/div>\n\n\n\n<p><\/p>\n\n\n\n<p><strong>Apoio<\/strong><\/p>\n\n\n\n<div class=\"wp-block-columns is-layout-flex wp-container-core-columns-is-layout-9d6595d7 wp-block-columns-is-layout-flex\">\n<div class=\"wp-block-column is-layout-flow wp-block-column-is-layout-flow\" style=\"flex-basis:50%\"><div class=\"wp-block-image is-style-rounded\">\n<figure class=\"aligncenter size-large is-resized\"><a href=\"https:\/\/enf.ufmg.br\"><img decoding=\"async\" src=\"https:\/\/www.ufmg.br\/ppgns\/wp-content\/uploads\/2025\/05\/logo-enf-v4.png\" alt=\"\" style=\"width:203px;height:auto\"\/><\/a><\/figure>\n<\/div><\/div>\n\n\n\n<div class=\"wp-block-column is-layout-flow wp-block-column-is-layout-flow\" style=\"flex-basis:50%\"><div class=\"wp-block-image\">\n<figure class=\"aligncenter size-full\"><a href=\"https:\/\/www.ufmg.br\/\"><img loading=\"lazy\" decoding=\"async\" width=\"150\" height=\"59\" src=\"https:\/\/www.ufmg.br\/ppgns\/wp-content\/uploads\/2025\/05\/logo_ufmg.png\" alt=\"\" class=\"wp-image-808\"\/><\/a><\/figure>\n<\/div><\/div>\n<\/div>\n\n\n\n<p><\/p>\n","protected":false},"excerpt":{"rendered":"<p>O Programa de P\u00f3s-gradua\u00e7\u00e3o em Nutri\u00e7\u00e3o e Sa\u00fade da UFMG forma profissionais qualificados oferecendo cursos de mestrado e doutorado para atua\u00e7\u00e3o acad\u00eamica, cient\u00edfica e profissional, promovendo o avan\u00e7o do conhecimento nas \u00e1reas de alimenta\u00e7\u00e3o, nutri\u00e7\u00e3o e sa\u00fade. Com excel\u00eancia reconhecida, o programa integra ensino, pesquisa e extens\u00e3o, contribuindo para a melhoria da qualidade de vida [&hellip;]<\/p>\n","protected":false},"author":1,"featured_media":0,"parent":0,"menu_order":0,"comment_status":"closed","ping_status":"closed","template":"","meta":{"_acf_changed":false,"footnotes":""},"class_list":["post-153","page","type-page","status-publish","hentry"],"acf":[],"_links":{"self":[{"href":"https:\/\/www.ufmg.br\/ppgns\/wp-json\/wp\/v2\/pages\/153","targetHints":{"allow":["GET"]}}],"collection":[{"href":"https:\/\/www.ufmg.br\/ppgns\/wp-json\/wp\/v2\/pages"}],"about":[{"href":"https:\/\/www.ufmg.br\/ppgns\/wp-json\/wp\/v2\/types\/page"}],"author":[{"embeddable":true,"href":"https:\/\/www.ufmg.br\/ppgns\/wp-json\/wp\/v2\/users\/1"}],"replies":[{"embeddable":true,"href":"https:\/\/www.ufmg.br\/ppgns\/wp-json\/wp\/v2\/comments?post=153"}],"version-history":[{"count":49,"href":"https:\/\/www.ufmg.br\/ppgns\/wp-json\/wp\/v2\/pages\/153\/revisions"}],"predecessor-version":[{"id":1299,"href":"https:\/\/www.ufmg.br\/ppgns\/wp-json\/wp\/v2\/pages\/153\/revisions\/1299"}],"wp:attachment":[{"href":"https:\/\/www.ufmg.br\/ppgns\/wp-json\/wp\/v2\/media?parent=153"}],"curies":[{"name":"wp","href":"https:\/\/api.w.org\/{rel}","templated":true}]}}