{"id":261,"date":"2025-04-04T13:20:31","date_gmt":"2025-04-04T16:20:31","guid":{"rendered":"https:\/\/sites.enf.ufmg.br\/ppgns\/?page_id=261"},"modified":"2025-05-20T18:49:36","modified_gmt":"2025-05-20T21:49:36","slug":"normas-da-pos-graduacao","status":"publish","type":"page","link":"https:\/\/www.ufmg.br\/ppgns\/normas-da-pos-graduacao\/","title":{"rendered":"Normas da P\u00f3s-Gradua\u00e7\u00e3o"},"content":{"rendered":"\n<div class=\"wp-block-group has-medium-font-size\"><div class=\"wp-block-group__inner-container is-layout-constrained wp-block-group-is-layout-constrained\">\n<div class=\"wp-block-file\"><a id=\"wp-block-file--media-dde3719f-156e-4287-bc81-bee11d2557e6\" href=\"https:\/\/www.ufmg.br\/ppgns\/wp-content\/uploads\/2025\/04\/Regimento-Geral-da-UFMG-1.pdf\" target=\"_blank\" rel=\"noreferrer noopener\">Regimento Geral da UFMG<\/a><\/div>\n\n\n\n<div class=\"wp-block-file\"><a id=\"wp-block-file--media-04d0c533-7204-4863-82dd-e9d49d2bd219\" href=\"https:\/\/www.ufmg.br\/ppgns\/wp-content\/uploads\/2025\/04\/Normas-Gerais-de-Pos-Graduacao-da-UFMG-1.pdf\" target=\"_blank\" rel=\"noreferrer noopener\">Normas Gerais de P\u00f3s-Gradua\u00e7\u00e3o da UFMG<\/a><\/div>\n\n\n\n<div class=\"wp-block-file\"><a id=\"wp-block-file--media-aa1eb68b-68f3-4b40-9be9-0c9507d76e25\" href=\"https:\/\/www.ufmg.br\/ppgns\/wp-content\/uploads\/2025\/04\/Regulamento-do-Programa-de-Pos-Graduacao-em-Nutricao-e-Saude-da-UFMG-1-1.pdf\" target=\"_blank\" rel=\"noreferrer noopener\">Regulamento do Programa de P\u00f3s-Gradua\u00e7\u00e3o em Nutri\u00e7\u00e3o e Sa\u00fade da UFMG-<\/a><\/div>\n<\/div><\/div>\n\n\n\n<p><\/p>\n","protected":false},"excerpt":{"rendered":"","protected":false},"author":2,"featured_media":0,"parent":0,"menu_order":0,"comment_status":"closed","ping_status":"closed","template":"","meta":{"_acf_changed":false,"footnotes":""},"class_list":["post-261","page","type-page","status-publish","hentry"],"acf":[],"_links":{"self":[{"href":"https:\/\/www.ufmg.br\/ppgns\/wp-json\/wp\/v2\/pages\/261","targetHints":{"allow":["GET"]}}],"collection":[{"href":"https:\/\/www.ufmg.br\/ppgns\/wp-json\/wp\/v2\/pages"}],"about":[{"href":"https:\/\/www.ufmg.br\/ppgns\/wp-json\/wp\/v2\/types\/page"}],"author":[{"embeddable":true,"href":"https:\/\/www.ufmg.br\/ppgns\/wp-json\/wp\/v2\/users\/2"}],"replies":[{"embeddable":true,"href":"https:\/\/www.ufmg.br\/ppgns\/wp-json\/wp\/v2\/comments?post=261"}],"version-history":[{"count":11,"href":"https:\/\/www.ufmg.br\/ppgns\/wp-json\/wp\/v2\/pages\/261\/revisions"}],"predecessor-version":[{"id":847,"href":"https:\/\/www.ufmg.br\/ppgns\/wp-json\/wp\/v2\/pages\/261\/revisions\/847"}],"wp:attachment":[{"href":"https:\/\/www.ufmg.br\/ppgns\/wp-json\/wp\/v2\/media?parent=261"}],"curies":[{"name":"wp","href":"https:\/\/api.w.org\/{rel}","templated":true}]}}