{"id":263,"date":"2025-04-04T13:21:01","date_gmt":"2025-04-04T16:21:01","guid":{"rendered":"https:\/\/sites.enf.ufmg.br\/ppgns\/?page_id=263"},"modified":"2026-03-23T10:24:12","modified_gmt":"2026-03-23T13:24:12","slug":"resolucoes-do-colegiado","status":"publish","type":"page","link":"https:\/\/www.ufmg.br\/ppgns\/resolucoes-do-colegiado\/","title":{"rendered":"Resolu\u00e7\u00f5es do Colegiado"},"content":{"rendered":"\n<div class=\"wp-block-group\" style=\"font-size:18px\"><div class=\"wp-block-group__inner-container is-layout-constrained wp-block-group-is-layout-constrained\">\n<div class=\"wp-block-file\"><a id=\"wp-block-file--media-651ca1bf-d192-49d6-b73a-8e7d277bf41b\" href=\"https:\/\/www.ufmg.br\/ppgns\/wp-content\/uploads\/2026\/02\/Resolucao-07.2015-CPGNS-Concessao-de-bolsas-de-pos-doutoramento.pdf\" target=\"_blank\" rel=\"noreferrer noopener\">Resolucao 07.2015 CPGNS &#8211; Concess\u00e3o de bolsas de p\u00f3s-doutoramento<\/a><\/div>\n\n\n\n<div class=\"wp-block-file\"><a id=\"wp-block-file--media-8568c84d-815c-43c9-8cb2-05daf88ab9f6\" href=\"https:\/\/www.ufmg.br\/ppgns\/wp-content\/uploads\/2026\/02\/Resolucao-11.2017-CPGNS-Disciplinas-de-formacao-avancada.pdf\" target=\"_blank\" rel=\"noreferrer noopener\">Resolu\u00e7\u00e3o 11.2017 CPGNS &#8211; Disciplinas de forma\u00e7\u00e3o avan\u00e7ada<\/a><\/div>\n\n\n\n<div class=\"wp-block-file\"><a id=\"wp-block-file--media-c871a9e8-70bb-4f57-af2b-eb8e19cd1e99\" href=\"https:\/\/www.ufmg.br\/ppgns\/wp-content\/uploads\/2026\/02\/Resolucao-14.2018-CPGNS-Alocacao-de-vagas-entre-orientadores.pdf\" target=\"_blank\" rel=\"noreferrer noopener\">Resolu\u00e7\u00e3o 14.2018 CPGNS &#8211; Aloca\u00e7\u00e3o de vagas entre orientadores<\/a><\/div>\n\n\n\n<div class=\"wp-block-file\"><a id=\"wp-block-file--media-cd598984-bf1d-426d-8e7d-4e8f1889ed9f\" href=\"https:\/\/www.ufmg.br\/ppgns\/wp-content\/uploads\/2026\/02\/Resolucao-17.2019-CPGNS-Residencia-pos-doutoral.pdf\" target=\"_blank\" rel=\"noreferrer noopener\">Resolu\u00e7\u00e3o 17.2019 CPGNS &#8211; Resid\u00eancia p\u00f3s-doutoral<\/a><\/div>\n\n\n\n<div class=\"wp-block-file\"><a id=\"wp-block-file--media-085beddf-5b85-4395-a9f6-0e143ba7ec84\" href=\"https:\/\/www.ufmg.br\/ppgns\/wp-content\/uploads\/2026\/02\/Resolucao-20.2022-CPGNS-Credenciamento-e-recredenciamento-docente.pdf\" target=\"_blank\" rel=\"noreferrer noopener\">Resolu\u00e7\u00e3o 20.2022 CPGNS &#8211; Credenciamento e recredenciamento docente<\/a><\/div>\n\n\n\n<div class=\"wp-block-file\"><a id=\"wp-block-file--media-f5a39046-43d8-4d2b-8269-aba0050db8d0\" href=\"https:\/\/www.ufmg.br\/ppgns\/wp-content\/uploads\/2026\/02\/Resolucao-21.2024-CPGNS-Concessao-e-acumulo-de-bolsas.pdf\" target=\"_blank\" rel=\"noreferrer noopener\">Resolu\u00e7\u00e3o 21.2024 CPGNS &#8211; Concess\u00e3o e ac\u00famulo de bolsas<\/a><\/div>\n\n\n\n<div class=\"wp-block-file\"><a id=\"wp-block-file--media-c14b6902-264a-42b7-960a-01a8b15df9b7\" href=\"https:\/\/www.ufmg.br\/ppgns\/wp-content\/uploads\/2026\/02\/Resolucao-22.2024-CPGNS-Aproveitamento-de-creditos.pdf\" target=\"_blank\" rel=\"noreferrer noopener\">Resoluc\u0327a\u0303o 22.2024 CPGNS &#8211; Aproveitamento de cre\u0301ditos<\/a><\/div>\n<\/div><\/div>\n\n\n\n<div class=\"wp-block-file\"><a id=\"wp-block-file--media-7a4aa496-67e3-45d1-9075-6ddc6d10bf3d\" href=\"https:\/\/www.ufmg.br\/ppgns\/wp-content\/uploads\/2026\/02\/Resolucao-23.2024-CPGNS-Exame-de-qualificacao-de-doutorado.pdf\" target=\"_blank\" rel=\"noreferrer noopener\">Resoluc\u0327a\u0303o 23.2024 CPGNS &#8211; Exame de qualificac\u0327a\u0303o de doutorado<\/a><\/div>\n\n\n\n<div class=\"wp-block-file\"><a id=\"wp-block-file--media-a2132935-4963-41c8-a033-79496fc11b57\" href=\"https:\/\/www.ufmg.br\/ppgns\/wp-content\/uploads\/2026\/02\/Resolucao-03.2025-CPGNS-Atividades-academicas-de-pos-graduacao.pdf\" target=\"_blank\" rel=\"noreferrer noopener\">Resolu\u00e7\u00e3o 03.2025 CPGNS &#8211; Atividades acad\u00eamicas de p\u00f3s-gradua\u00e7\u00e3o<\/a><\/div>\n\n\n\n<div class=\"wp-block-file\"><a id=\"wp-block-file--media-d9ba2de5-a615-477c-9e80-94d17a21db7b\" href=\"https:\/\/www.ufmg.br\/ppgns\/wp-content\/uploads\/2026\/02\/Resolucao-01.2026-CPGNS-Formato-de-teses-e-dissertacoes.pdf\" target=\"_blank\" rel=\"noreferrer noopener\">Resolu\u00e7\u00e3o 01.2026 CPGNS &#8211; Formato de teses e disserta\u00e7\u00f5es<\/a><\/div>\n\n\n\n<div class=\"wp-block-file\"><a id=\"wp-block-file--media-161d1a8d-a354-4a27-9c63-d6d13246283c\" href=\"https:\/\/www.ufmg.br\/ppgns\/wp-content\/uploads\/2026\/02\/Resolucao-02.2026-CPGNS-Definicao-de-coorientacao-1.pdf\" target=\"_blank\" rel=\"noreferrer noopener\">Resolu\u00e7\u00e3o 02.2026 CPGNS &#8211; Defini\u00e7\u00e3o de coorienta\u00e7\u00e3o<\/a><\/div>\n\n\n\n<div class=\"wp-block-file\"><a id=\"wp-block-file--media-256cfbe1-84e2-4814-acf1-52fd8f2d5507\" href=\"https:\/\/www.ufmg.br\/ppgns\/wp-content\/uploads\/2026\/02\/Resolucao-03.2026-CPGNS-Criterios-de-exclusao-de-discentes-1.pdf\" target=\"_blank\" rel=\"noreferrer noopener\">Resolu\u00e7\u00e3o 03.2026 CPGNS &#8211; Crit\u00e9rios de exclus\u00e3o de discentes<\/a><\/div>\n\n\n\n<div class=\"wp-block-file\"><a id=\"wp-block-file--media-4a35e756-9972-4f94-863b-1625b466c4e1\" href=\"https:\/\/www.ufmg.br\/ppgns\/wp-content\/uploads\/2026\/03\/Resolucao-4.2026-Acompanhamento-Discente.pdf\" target=\"_blank\" rel=\"noreferrer noopener\">Resolu\u00e7\u00e3o 04.2026 CPGNS &#8211; Acompanhamento acad\u00eamico do discente<\/a><\/div>\n","protected":false},"excerpt":{"rendered":"","protected":false},"author":2,"featured_media":0,"parent":0,"menu_order":0,"comment_status":"closed","ping_status":"closed","template":"","meta":{"_acf_changed":false,"footnotes":""},"class_list":["post-263","page","type-page","status-publish","hentry"],"acf":[],"_links":{"self":[{"href":"https:\/\/www.ufmg.br\/ppgns\/wp-json\/wp\/v2\/pages\/263","targetHints":{"allow":["GET"]}}],"collection":[{"href":"https:\/\/www.ufmg.br\/ppgns\/wp-json\/wp\/v2\/pages"}],"about":[{"href":"https:\/\/www.ufmg.br\/ppgns\/wp-json\/wp\/v2\/types\/page"}],"author":[{"embeddable":true,"href":"https:\/\/www.ufmg.br\/ppgns\/wp-json\/wp\/v2\/users\/2"}],"replies":[{"embeddable":true,"href":"https:\/\/www.ufmg.br\/ppgns\/wp-json\/wp\/v2\/comments?post=263"}],"version-history":[{"count":21,"href":"https:\/\/www.ufmg.br\/ppgns\/wp-json\/wp\/v2\/pages\/263\/revisions"}],"predecessor-version":[{"id":1454,"href":"https:\/\/www.ufmg.br\/ppgns\/wp-json\/wp\/v2\/pages\/263\/revisions\/1454"}],"wp:attachment":[{"href":"https:\/\/www.ufmg.br\/ppgns\/wp-json\/wp\/v2\/media?parent=263"}],"curies":[{"name":"wp","href":"https:\/\/api.w.org\/{rel}","templated":true}]}}