{"id":265,"date":"2025-04-04T13:21:19","date_gmt":"2025-04-04T16:21:19","guid":{"rendered":"https:\/\/sites.enf.ufmg.br\/ppgns\/?page_id=265"},"modified":"2026-02-12T09:10:26","modified_gmt":"2026-02-12T12:10:26","slug":"formularios","status":"publish","type":"page","link":"https:\/\/www.ufmg.br\/ppgns\/formularios\/","title":{"rendered":"Formul\u00e1rios"},"content":{"rendered":"\n<div class=\"wp-block-group has-medium-font-size\"><div class=\"wp-block-group__inner-container is-layout-constrained wp-block-group-is-layout-constrained\">\n<div class=\"wp-block-file\"><a id=\"wp-block-file--media-3e8c9d79-36fc-4d9d-800c-010bf759f657\" href=\"https:\/\/www.ufmg.br\/ppgns\/wp-content\/uploads\/2025\/04\/Carta-Modelo-de-Solicitacao-de-Coorientacao-1.docx\" target=\"_blank\" rel=\"noreferrer noopener\">Carta-Modelo de Solicita\u00e7\u00e3o de Coorienta\u00e7\u00e3o<\/a><\/div>\n\n\n\n<div class=\"wp-block-file\"><a id=\"wp-block-file--media-2fcc661b-ae1f-4e98-9032-cd3bc490383d\" href=\"https:\/\/www.ufmg.br\/ppgns\/wp-content\/uploads\/2025\/04\/Carta-Modelo-de-Solicitacao-de-Prorrogacao-1.docx\" target=\"_blank\" rel=\"noreferrer noopener\">Carta-Modelo de Solicita\u00e7\u00e3o de Prorroga\u00e7\u00e3o<\/a><\/div>\n\n\n\n<div class=\"wp-block-file\"><a id=\"wp-block-file--media-51f59c82-7bd8-4c1b-9594-49090d5577df\" href=\"https:\/\/www.ufmg.br\/ppgns\/wp-content\/uploads\/2025\/04\/Formulario-de-solicitacao-de-auxilio-financeiro-a-estudante-2.docx\" target=\"_blank\" rel=\"noreferrer noopener\">Formul\u00e1rio de solicita\u00e7\u00e3o de aux\u00edlio financeiro a estudante<\/a><\/div>\n\n\n\n<div class=\"wp-block-file\"><a id=\"wp-block-file--media-0f1d6645-013c-4915-9d1c-e86a87e5e18b\" href=\"https:\/\/www.ufmg.br\/ppgns\/wp-content\/uploads\/2025\/04\/Formulario-de-prestacao-de-contas-de-auxilio-financeiro-a-estudante.docx\" target=\"_blank\" rel=\"noreferrer noopener\">Formul\u00e1rio de presta\u00e7\u00e3o de contas de aux\u00edlio financeiro a estudante<\/a><\/div>\n\n\n\n<div class=\"wp-block-file\"><a id=\"wp-block-file--media-f237615b-f0aa-4f6b-89cf-bbb08411b6aa\" href=\"https:\/\/www.ufmg.br\/ppgns\/wp-content\/uploads\/2026\/02\/Formulario-de-Inscricao-Residencia-Pos-Doutoral-1.docx\" target=\"_blank\" rel=\"noreferrer noopener\">Formulario-de-Inscricao-Residencia-Pos-Doutoral<\/a><\/div>\n\n\n\n<div class=\"wp-block-file\"><a id=\"wp-block-file--media-ff490a8e-d5dc-4b10-8310-b1207066f882\" href=\"https:\/\/www.ufmg.br\/ppgns\/wp-content\/uploads\/2025\/04\/Modelo-Relatorio-Final-de-Residencia-Pos-Doutoral-1.docx\" target=\"_blank\" rel=\"noreferrer noopener\">Modelo Relat\u00f3rio Final de Resid\u00eancia P\u00f3s-Doutoral<\/a><\/div>\n\n\n\n<div class=\"wp-block-file\"><a id=\"wp-block-file--media-efa2caef-78ef-43e0-9998-e1a2d9d57c9c\" href=\"https:\/\/www.ufmg.br\/ppgns\/wp-content\/uploads\/2025\/04\/Requerimento-de-aproveitamento-de-estudos.pdf\" target=\"_blank\" rel=\"noreferrer noopener\">Requerimento de aproveitamento de estudos<\/a><\/div>\n\n\n\n<div class=\"wp-block-file\"><a id=\"wp-block-file--media-2ddfe289-c0bf-4f5e-a4d7-c59fa324ae26\" href=\"https:\/\/www.ufmg.br\/ppgns\/wp-content\/uploads\/2025\/04\/Requerimento-de-avaliacao-medica.pdf\" target=\"_blank\" rel=\"noreferrer noopener\">Requerimento de avalia\u00e7\u00e3o m\u00e9dica<\/a><\/div>\n\n\n\n<div class=\"wp-block-file\"><a id=\"wp-block-file--media-ed06bdd6-08e7-4e22-8033-c0e8e073516c\" href=\"https:\/\/www.ufmg.br\/ppgns\/wp-content\/uploads\/2025\/04\/Requerimento-de-matricula-de-pos-graduacao.pdf\" target=\"_blank\" rel=\"noreferrer noopener\">Requerimento de matr\u00edcula de p\u00f3s-gradua\u00e7\u00e3o<\/a><\/div>\n\n\n\n<div class=\"wp-block-file\"><a id=\"wp-block-file--media-aa51d7ab-bee4-481e-abad-92c4a35ffd0e\" href=\"https:\/\/www.ufmg.br\/ppgns\/wp-content\/uploads\/2025\/04\/Requerimento-de-matricula-em-atividade-eletiva.pdf\" target=\"_blank\" rel=\"noreferrer noopener\">Requerimento de matr\u00edcula em atividade eletiva<\/a><\/div>\n\n\n\n<div class=\"wp-block-file\"><a id=\"wp-block-file--media-ff198700-2bbe-478c-8856-79393c35aa32\" href=\"https:\/\/www.ufmg.br\/ppgns\/wp-content\/uploads\/2025\/04\/Requerimento-de-matricula-em-atividade-isolada.pdf\" target=\"_blank\" rel=\"noreferrer noopener\">Requerimento de matr\u00edcula em atividade isolada<\/a><\/div>\n\n\n\n<div class=\"wp-block-file\"><a id=\"wp-block-file--media-4c914810-2205-404e-bdb1-ab5f38c2f164\" href=\"https:\/\/www.ufmg.br\/ppgns\/wp-content\/uploads\/2025\/04\/Requerimento-de-regime-especial.pdf\" target=\"_blank\" rel=\"noreferrer noopener\">Requerimento de regime especial<\/a><\/div>\n\n\n\n<div class=\"wp-block-file\"><a id=\"wp-block-file--media-826b5e38-07f6-4427-ac70-a389049e74d7\" href=\"https:\/\/www.ufmg.br\/ppgns\/wp-content\/uploads\/2025\/04\/Requerimento-de-registro-de-diploma-prioritario.pdf\" target=\"_blank\" rel=\"noreferrer noopener\">Requerimento de registro de diploma priorit\u00e1rio<\/a><\/div>\n\n\n\n<div class=\"wp-block-file\"><a id=\"wp-block-file--media-7009479d-a4f3-4efa-9a52-6fe6e6e6d1e1\" href=\"https:\/\/www.ufmg.br\/ppgns\/wp-content\/uploads\/2025\/04\/Requerimento-de-registro-residencia-pos-doutoral.pdf\" target=\"_blank\" rel=\"noreferrer noopener\">Requerimento de registro resid\u00eancia p\u00f3s-doutoral<\/a><\/div>\n\n\n\n<div class=\"wp-block-file\"><a id=\"wp-block-file--media-7d12aa15-d28b-4a64-ad7d-3b0c5ecd270e\" href=\"https:\/\/www.ufmg.br\/ppgns\/wp-content\/uploads\/2025\/04\/Requerimento-de-trancamento-parcial-de-matricula.pdf\" target=\"_blank\" rel=\"noreferrer noopener\">Requerimento de trancamento parcial de matr\u00edcula<\/a><\/div>\n\n\n\n<div class=\"wp-block-file\"><a id=\"wp-block-file--media-e7d262ea-c7f7-4161-8250-49a2b7ef3038\" href=\"https:\/\/www.ufmg.br\/ppgns\/wp-content\/uploads\/2025\/04\/Requerimento-de-trancamento-total-de-matricula.pdf\" target=\"_blank\" rel=\"noreferrer noopener\">Requerimento de trancamento total de matr\u00edcula<\/a><\/div>\n\n\n\n<div class=\"wp-block-file\"><a id=\"wp-block-file--media-07dcb773-38bb-43c2-9cea-7e5a150e72c6\" href=\"https:\/\/www.ufmg.br\/ppgns\/wp-content\/uploads\/2025\/04\/Requerimento-de-transferencia.pdf\" target=\"_blank\" rel=\"noreferrer noopener\">Requerimento de transfer\u00eancia<\/a><\/div>\n\n\n\n<div class=\"wp-block-file\"><a id=\"wp-block-file--media-54569d46-6562-4f8b-8d10-9fc08408361a\" href=\"https:\/\/www.ufmg.br\/ppgns\/wp-content\/uploads\/2025\/04\/Requerimento-para-inclusao-de-nome-social.pdf\" target=\"_blank\" rel=\"noreferrer noopener\">Requerimento para inclus\u00e3o de nome social<\/a><\/div>\n<\/div><\/div>\n\n\n\n<p><\/p>\n","protected":false},"excerpt":{"rendered":"","protected":false},"author":2,"featured_media":0,"parent":0,"menu_order":0,"comment_status":"closed","ping_status":"closed","template":"","meta":{"_acf_changed":false,"footnotes":""},"class_list":["post-265","page","type-page","status-publish","hentry"],"acf":[],"_links":{"self":[{"href":"https:\/\/www.ufmg.br\/ppgns\/wp-json\/wp\/v2\/pages\/265","targetHints":{"allow":["GET"]}}],"collection":[{"href":"https:\/\/www.ufmg.br\/ppgns\/wp-json\/wp\/v2\/pages"}],"about":[{"href":"https:\/\/www.ufmg.br\/ppgns\/wp-json\/wp\/v2\/types\/page"}],"author":[{"embeddable":true,"href":"https:\/\/www.ufmg.br\/ppgns\/wp-json\/wp\/v2\/users\/2"}],"replies":[{"embeddable":true,"href":"https:\/\/www.ufmg.br\/ppgns\/wp-json\/wp\/v2\/comments?post=265"}],"version-history":[{"count":6,"href":"https:\/\/www.ufmg.br\/ppgns\/wp-json\/wp\/v2\/pages\/265\/revisions"}],"predecessor-version":[{"id":1383,"href":"https:\/\/www.ufmg.br\/ppgns\/wp-json\/wp\/v2\/pages\/265\/revisions\/1383"}],"wp:attachment":[{"href":"https:\/\/www.ufmg.br\/ppgns\/wp-json\/wp\/v2\/media?parent=265"}],"curies":[{"name":"wp","href":"https:\/\/api.w.org\/{rel}","templated":true}]}}