{"id":289,"date":"2025-04-04T14:08:46","date_gmt":"2025-04-04T17:08:46","guid":{"rendered":"https:\/\/sites.enf.ufmg.br\/ppgns\/?page_id=289"},"modified":"2025-04-08T08:28:16","modified_gmt":"2025-04-08T11:28:16","slug":"laboratorios","status":"publish","type":"page","link":"https:\/\/www.ufmg.br\/ppgns\/laboratorios\/","title":{"rendered":"Laborat\u00f3rios"},"content":{"rendered":"<p style=\"text-align: justify;\">A Escola de Enfermagem da UFMG, onde est\u00e1 inserido o Programa de P\u00f3s-Gradua\u00e7\u00e3o em Nutri\u00e7\u00e3o e Sa\u00fade (PPGNS), conta com um Centro de Tecnologia Educacional (CTEEnf) que organiza e integra os laborat\u00f3rios de ensino e pesquisa, em articula\u00e7\u00e3o com os departamentos e colegiados. Com a cria\u00e7\u00e3o do PPGNS, novos espa\u00e7os foram estruturados para atender \u00e0s demandas da \u00e1rea, como os laborat\u00f3rios de T\u00e9cnica Diet\u00e9tica, Nutri\u00e7\u00e3o Cl\u00ednica, Nutri\u00e7\u00e3o Experimental, a Sala T\u00e9cnica e o Centro Colaborador em Alimenta\u00e7\u00e3o e Nutri\u00e7\u00e3o (CECAN), todos equipados com infraestrutura moderna para ensino, pesquisa e extens\u00e3o.<\/p>\n<p style=\"text-align: justify;\">Al\u00e9m disso, o PPGNS utiliza laborat\u00f3rios multiusu\u00e1rios de outras unidades da UFMG, como o Laborat\u00f3rio de Gen\u00e9tica Molecular, o de Imunobiologia e o LABIN (Bioqu\u00edmica Nutricional), localizados na Faculdade de Medicina e no Instituto de Ci\u00eancias Biol\u00f3gicas, bem como o CELAM, que re\u00fane equipamentos de alto desempenho para an\u00e1lises em biologia molecular, prote\u00f4mica, gen\u00f4mica e bioinform\u00e1tica.\u00a0Ambulat\u00f3rios cl\u00ednicos do Hospital das Cl\u00ednicas da UFMG tamb\u00e9m s\u00e3o utilizados para atendimento e coleta de dados de pesquisa.<\/p>\n<p style=\"text-align: justify;\">A Escola de Enfermagem mant\u00e9m o compromisso com a inclus\u00e3o por meio de iniciativas de acessibilidade f\u00edsica e do N\u00facleo de Acessibilidade e Inclus\u00e3o (NAI), refor\u00e7ando seu papel como espa\u00e7o de forma\u00e7\u00e3o, inova\u00e7\u00e3o e equidade.<\/p>\n<p>&nbsp;<\/p>\n","protected":false},"excerpt":{"rendered":"<p>A Escola de Enfermagem da UFMG, onde est\u00e1 inserido o Programa de P\u00f3s-Gradua\u00e7\u00e3o em Nutri\u00e7\u00e3o e Sa\u00fade (PPGNS), conta com um Centro de Tecnologia Educacional (CTEEnf) que organiza e integra os laborat\u00f3rios de ensino e pesquisa, em articula\u00e7\u00e3o com os departamentos e colegiados. Com a cria\u00e7\u00e3o do PPGNS, novos espa\u00e7os foram estruturados para atender \u00e0s [&hellip;]<\/p>\n","protected":false},"author":2,"featured_media":0,"parent":0,"menu_order":0,"comment_status":"closed","ping_status":"closed","template":"","meta":{"_acf_changed":false,"footnotes":""},"class_list":["post-289","page","type-page","status-publish","hentry"],"acf":[],"_links":{"self":[{"href":"https:\/\/www.ufmg.br\/ppgns\/wp-json\/wp\/v2\/pages\/289","targetHints":{"allow":["GET"]}}],"collection":[{"href":"https:\/\/www.ufmg.br\/ppgns\/wp-json\/wp\/v2\/pages"}],"about":[{"href":"https:\/\/www.ufmg.br\/ppgns\/wp-json\/wp\/v2\/types\/page"}],"author":[{"embeddable":true,"href":"https:\/\/www.ufmg.br\/ppgns\/wp-json\/wp\/v2\/users\/2"}],"replies":[{"embeddable":true,"href":"https:\/\/www.ufmg.br\/ppgns\/wp-json\/wp\/v2\/comments?post=289"}],"version-history":[{"count":3,"href":"https:\/\/www.ufmg.br\/ppgns\/wp-json\/wp\/v2\/pages\/289\/revisions"}],"predecessor-version":[{"id":364,"href":"https:\/\/www.ufmg.br\/ppgns\/wp-json\/wp\/v2\/pages\/289\/revisions\/364"}],"wp:attachment":[{"href":"https:\/\/www.ufmg.br\/ppgns\/wp-json\/wp\/v2\/media?parent=289"}],"curies":[{"name":"wp","href":"https:\/\/api.w.org\/{rel}","templated":true}]}}