{"id":291,"date":"2025-04-04T14:08:56","date_gmt":"2025-04-04T17:08:56","guid":{"rendered":"https:\/\/sites.enf.ufmg.br\/ppgns\/?page_id=291"},"modified":"2025-04-08T08:41:43","modified_gmt":"2025-04-08T11:41:43","slug":"informaticaebiblioteca","status":"publish","type":"page","link":"https:\/\/www.ufmg.br\/ppgns\/informaticaebiblioteca\/","title":{"rendered":"Apoio ao Ensino e \u00e0 Pesquisa"},"content":{"rendered":"<p class=\"\" style=\"text-align: justify;\" data-start=\"112\" data-end=\"193\"><strong data-start=\"112\" data-end=\"193\">Recursos de Inform\u00e1tica<\/strong><\/p>\n<p class=\"\" style=\"text-align: justify;\" data-start=\"195\" data-end=\"684\">A Escola de Enfermagem da UFMG disp\u00f5e de um <strong data-start=\"239\" data-end=\"264\">N\u00facleo de Inform\u00e1tica<\/strong> com tr\u00eas laborat\u00f3rios destinados ao uso de docentes e discentes. Dois laborat\u00f3rios s\u00e3o compartilhados entre Gradua\u00e7\u00e3o e P\u00f3s-gradua\u00e7\u00e3o, e um \u00e9 exclusivo da P\u00f3s-gradua\u00e7\u00e3o. Ao todo, s\u00e3o 95 computadores, servidores de rede, impressoras, scanners e softwares especializados como SPSS, Stata, R, N-VIVO e programas de c\u00e1lculo diet\u00e9tico. Uma equipe t\u00e9cnica composta por cinco servidores e um bolsista oferece suporte cont\u00ednuo.<\/p>\n<p class=\"\" style=\"text-align: justify;\" data-start=\"686\" data-end=\"910\">A Escola conta com <strong data-start=\"705\" data-end=\"721\">rede sem fio<\/strong> (Wi-Fi) em todos os seus espa\u00e7os, integrada ao Portal MinhaUFMG e ao Projeto EduRoam. Os usu\u00e1rios t\u00eam acesso a sistemas acad\u00eamicos, bibliotecas digitais e ao Portal de Peri\u00f3dicos da CAPES.<\/p>\n<p class=\"\" style=\"text-align: justify;\" data-start=\"912\" data-end=\"1325\">A estrutura f\u00edsica inclui <strong data-start=\"938\" data-end=\"958\">11 salas de aula<\/strong> e <strong data-start=\"961\" data-end=\"977\">4 audit\u00f3rios<\/strong> (um exclusivo para a P\u00f3s-gradua\u00e7\u00e3o), todos equipados com projetores e computadores. A Escola tamb\u00e9m disp\u00f5e de sistemas de <strong data-start=\"1100\" data-end=\"1120\">videoconfer\u00eancia<\/strong>, com equipamentos fixos e m\u00f3veis, permitindo a participa\u00e7\u00e3o remota em eventos acad\u00eamicos e cient\u00edficos. O PPGNS ainda tem acesso a salas de teleconfer\u00eancia do Telessa\u00fade e do CETES, ambos no Campus Sa\u00fade.<\/p>\n<p class=\"\" style=\"text-align: justify;\" data-start=\"1327\" data-end=\"1341\"><strong data-start=\"1327\" data-end=\"1341\">Biblioteca<\/strong><\/p>\n<p class=\"\" style=\"text-align: justify;\" data-start=\"1343\" data-end=\"1794\">Os alunos do PPGNS t\u00eam acesso \u00e0 Biblioteca do Campus Sa\u00fade da UFMG, al\u00e9m de outras 24 bibliotecas do sistema UFMG. O acervo \u00e9 composto por mais de 60 mil t\u00edtulos entre livros, disserta\u00e7\u00f5es, teses e peri\u00f3dicos, com atualiza\u00e7\u00f5es constantes realizadas a partir de recursos investidos pelos colegiados. Os principais servi\u00e7os oferecidos incluem empr\u00e9stimos, pesquisas, comuta\u00e7\u00e3o e normaliza\u00e7\u00e3o bibliogr\u00e1fica, al\u00e9m de treinamentos e acesso ao Portal CAPES.<\/p>\n<p class=\"\" style=\"text-align: justify;\" data-start=\"1796\" data-end=\"2012\">A comunidade acad\u00eamica tamb\u00e9m pode utilizar o <strong data-start=\"1842\" data-end=\"1889\">Reposit\u00f3rio Institucional da UFMG (RI-UFMG)<\/strong> para acessar produ\u00e7\u00f5es cient\u00edficas digitais da Universidade e conta com acesso remoto a bases cient\u00edficas por meio de VPN.<\/p>\n\n\n<p><\/p>\n\n\n\n<p><\/p>\n","protected":false},"excerpt":{"rendered":"<p>Recursos de Inform\u00e1tica A Escola de Enfermagem da UFMG disp\u00f5e de um N\u00facleo de Inform\u00e1tica com tr\u00eas laborat\u00f3rios destinados ao uso de docentes e discentes. Dois laborat\u00f3rios s\u00e3o compartilhados entre Gradua\u00e7\u00e3o e P\u00f3s-gradua\u00e7\u00e3o, e um \u00e9 exclusivo da P\u00f3s-gradua\u00e7\u00e3o. Ao todo, s\u00e3o 95 computadores, servidores de rede, impressoras, scanners e softwares especializados como SPSS, Stata, [&hellip;]<\/p>\n","protected":false},"author":2,"featured_media":0,"parent":0,"menu_order":0,"comment_status":"closed","ping_status":"closed","template":"","meta":{"_acf_changed":false,"footnotes":""},"class_list":["post-291","page","type-page","status-publish","hentry"],"acf":[],"_links":{"self":[{"href":"https:\/\/www.ufmg.br\/ppgns\/wp-json\/wp\/v2\/pages\/291","targetHints":{"allow":["GET"]}}],"collection":[{"href":"https:\/\/www.ufmg.br\/ppgns\/wp-json\/wp\/v2\/pages"}],"about":[{"href":"https:\/\/www.ufmg.br\/ppgns\/wp-json\/wp\/v2\/types\/page"}],"author":[{"embeddable":true,"href":"https:\/\/www.ufmg.br\/ppgns\/wp-json\/wp\/v2\/users\/2"}],"replies":[{"embeddable":true,"href":"https:\/\/www.ufmg.br\/ppgns\/wp-json\/wp\/v2\/comments?post=291"}],"version-history":[{"count":8,"href":"https:\/\/www.ufmg.br\/ppgns\/wp-json\/wp\/v2\/pages\/291\/revisions"}],"predecessor-version":[{"id":379,"href":"https:\/\/www.ufmg.br\/ppgns\/wp-json\/wp\/v2\/pages\/291\/revisions\/379"}],"wp:attachment":[{"href":"https:\/\/www.ufmg.br\/ppgns\/wp-json\/wp\/v2\/media?parent=291"}],"curies":[{"name":"wp","href":"https:\/\/api.w.org\/{rel}","templated":true}]}}