{"id":542,"date":"2025-04-16T10:05:53","date_gmt":"2025-04-16T13:05:53","guid":{"rendered":"https:\/\/sites.enf.ufmg.br\/ppgns\/?page_id=542"},"modified":"2025-05-21T09:34:26","modified_gmt":"2025-05-21T12:34:26","slug":"grupos-de-pesquisa","status":"publish","type":"page","link":"https:\/\/www.ufmg.br\/ppgns\/grupos-de-pesquisa\/","title":{"rendered":"Grupos de Pesquisa"},"content":{"rendered":"\n<figure class=\"wp-block-table is-style-stripes\"><table class=\"has-fixed-layout\"><tbody><tr><td><strong>Grupo de Pesquisa<\/strong> (link para o diret\u00f3rio)<\/td><td><strong>Instagram<\/strong><\/td><\/tr><tr><td><a href=\"http:\/\/dgp.cnpq.br\/dgp\/espelhogrupo\/12673\">Imunometabolismo (IME)<\/a><\/td><td><a href=\"https:\/\/www.instagram.com\/imunometabolismo\/\">https:\/\/www.instagram.com\/imunometabolismo\/<\/a><\/td><\/tr><tr><td><a href=\"http:\/\/dgp.cnpq.br\/dgp\/espelhogrupo\/8213241063642174\">Grupo de Pesquisa em Nutri\u00e7\u00e3o Cl\u00ednica e Experimental (PENCE)<\/a><\/td><td><a href=\"https:\/\/www.instagram.com\/grupopence\/\">https:\/\/www.instagram.com\/grupopence\/<\/a><\/td><\/tr><tr><td><a href=\"http:\/\/dgp.cnpq.br\/dgp\/espelhogrupo\/3757\">Grupo de Pesquisa de Interven\u00e7\u00f5es em Nutri\u00e7\u00e3o (GIN\/UFMG)<\/a><\/td><td><a href=\"https:\/\/www.instagram.com\/gin.ufmg\/\">https:\/\/www.instagram.com\/gin.ufmg\/<\/a><\/td><\/tr><tr><td><a href=\"http:\/\/dgp.cnpq.br\/dgp\/espelhogrupo\/258886\">Grupo de Estudos, Pesquisas e Pr\u00e1ticas em Ambiente Alimentar e Sa\u00fade (GEPPAAS)<\/a><\/td><td><a href=\"https:\/\/www.instagram.com\/geppaasufmg\/\">https:\/\/www.instagram.com\/geppaasufmg\/<\/a><\/td><\/tr><tr><td><a href=\"http:\/\/dgp.cnpq.br\/dgp\/espelhogrupo\/465999\">N\u00facleo de Estudos em Alimenta\u00e7\u00e3o e Nutri\u00e7\u00e3o nos Ciclos da Vida (NEANC)<\/a><\/td><td><a href=\"https:\/\/www.instagram.com\/neancufmg\/\">https:\/\/www.instagram.com\/neancufmg\/<\/a><\/td><\/tr><tr><td><a href=\"http:\/\/dgp.cnpq.br\/dgp\/espelhogrupo\/2979203784475056\">Laborat\u00f3rio e Ambulat\u00f3rio de Bioqu\u00edmica Nutricional e Tratamento da Obesidade (LABINETO)<\/a><\/td><td><a href=\"https:\/\/www.instagram.com\/labin.ufmg\/\">https:\/\/www.instagram.com\/labin.ufmg\/<\/a><\/td><\/tr><tr><td><a href=\"http:\/\/dgp.cnpq.br\/dgp\/espelhogrupo\/516418\">Biomarcadores na Medicina Personalizada (BioPersonal)<\/a><\/td><td><a href=\"https:\/\/www.instagram.com\/biopersonal.ufmg\/\">https:\/\/www.instagram.com\/biopersonal.ufmg\/<\/a><\/td><\/tr><tr><td><a href=\"http:\/\/dgp.cnpq.br\/dgp\/espelhogrupo\/674491\">Grupo de Pesquisa em Ci\u00eancia de Alimentos e Nutri\u00e7\u00e3o (PeCAN)<\/a><\/td><td><a href=\"https:\/\/www.instagram.com\/pecan.ufmg\/\">https:\/\/www.instagram.com\/pecan.ufmg\/<\/a><\/td><\/tr><tr><td><a href=\"http:\/\/dgp.cnpq.br\/dgp\/espelhogrupo\/506237\">Grupo de Pesquisa e Extens\u00e3o em Alimenta\u00e7\u00e3o Coletiva (GPEAC)<\/a><\/td><td><\/td><\/tr><tr><td><a href=\"http:\/\/dgp.cnpq.br\/dgp\/espelhogrupo\/541658\">N\u00facleo Interinstitucional de Estudos Epidemiol\u00f3gicos Longitudinais em Sa\u00fade (NIELOS)<\/a><\/td><td><\/td><\/tr><\/tbody><\/table><\/figure>\n\n\n\n<p><\/p>\n","protected":false},"excerpt":{"rendered":"<p>Grupo de Pesquisa (link para o diret\u00f3rio) Instagram Imunometabolismo (IME) https:\/\/www.instagram.com\/imunometabolismo\/ Grupo de Pesquisa em Nutri\u00e7\u00e3o Cl\u00ednica e Experimental (PENCE) https:\/\/www.instagram.com\/grupopence\/ Grupo de Pesquisa de Interven\u00e7\u00f5es em Nutri\u00e7\u00e3o (GIN\/UFMG) https:\/\/www.instagram.com\/gin.ufmg\/ Grupo de Estudos, Pesquisas e Pr\u00e1ticas em Ambiente Alimentar e Sa\u00fade (GEPPAAS) https:\/\/www.instagram.com\/geppaasufmg\/ N\u00facleo de Estudos em Alimenta\u00e7\u00e3o e Nutri\u00e7\u00e3o nos Ciclos da Vida (NEANC) [&hellip;]<\/p>\n","protected":false},"author":2,"featured_media":0,"parent":0,"menu_order":0,"comment_status":"closed","ping_status":"closed","template":"","meta":{"_acf_changed":false,"footnotes":""},"class_list":["post-542","page","type-page","status-publish","hentry"],"acf":[],"_links":{"self":[{"href":"https:\/\/www.ufmg.br\/ppgns\/wp-json\/wp\/v2\/pages\/542","targetHints":{"allow":["GET"]}}],"collection":[{"href":"https:\/\/www.ufmg.br\/ppgns\/wp-json\/wp\/v2\/pages"}],"about":[{"href":"https:\/\/www.ufmg.br\/ppgns\/wp-json\/wp\/v2\/types\/page"}],"author":[{"embeddable":true,"href":"https:\/\/www.ufmg.br\/ppgns\/wp-json\/wp\/v2\/users\/2"}],"replies":[{"embeddable":true,"href":"https:\/\/www.ufmg.br\/ppgns\/wp-json\/wp\/v2\/comments?post=542"}],"version-history":[{"count":6,"href":"https:\/\/www.ufmg.br\/ppgns\/wp-json\/wp\/v2\/pages\/542\/revisions"}],"predecessor-version":[{"id":915,"href":"https:\/\/www.ufmg.br\/ppgns\/wp-json\/wp\/v2\/pages\/542\/revisions\/915"}],"wp:attachment":[{"href":"https:\/\/www.ufmg.br\/ppgns\/wp-json\/wp\/v2\/media?parent=542"}],"curies":[{"name":"wp","href":"https:\/\/api.w.org\/{rel}","templated":true}]}}