{"id":673,"date":"2025-04-24T05:27:08","date_gmt":"2025-04-24T08:27:08","guid":{"rendered":"https:\/\/sites.enf.ufmg.br\/ppgns\/?page_id=673"},"modified":"2025-04-24T05:29:15","modified_gmt":"2025-04-24T08:29:15","slug":"presentacion","status":"publish","type":"page","link":"https:\/\/www.ufmg.br\/ppgns\/es\/presentacion\/","title":{"rendered":"Presentaci\u00f3n"},"content":{"rendered":"<p style=\"text-align: justify;\">El Programa de Posgrado en Nutrici\u00f3n y Salud (PPGNS) de la UFMG tiene como objetivo \u201cformar investigadores con una visi\u00f3n cr\u00edtica y reflexiva, capaces de integrar conocimientos de diferentes \u00e1reas, contribuyendo al an\u00e1lisis de fen\u00f3menos relacionados con las interacciones entre la promoci\u00f3n de la salud y la nutrici\u00f3n; contribuir a la cualificaci\u00f3n de la producci\u00f3n cient\u00edfica y acad\u00e9mica regional y nacional mediante la formaci\u00f3n de maestros y doctores capaces de desarrollar investigaci\u00f3n cient\u00edfica y tecnol\u00f3gica en temas relacionados con la nutrici\u00f3n y la salud; y facilitar la experiencia de la educaci\u00f3n continua en las \u00e1reas de pregrado y posgrado, estimulando la producci\u00f3n acad\u00e9mica y la reflexi\u00f3n\u201d. Y su misi\u00f3n es \u201cPromover la formaci\u00f3n de docentes, investigadores y profesionales altamente calificados para el desarrollo de actividades cient\u00edficas y tecnol\u00f3gicas en el campo de la Nutrici\u00f3n y la Salud\u201d.<\/p>\n<p style=\"text-align: justify;\">En general, los graduados del PPGNS son capaces de trabajar en la docencia, la investigaci\u00f3n y\/o el mercado laboral; y en t\u00e9rminos espec\u00edficos, es capaz de:<\/p>\n<p style=\"text-align: justify;\">&#8211; Discutir y analizar conocimientos previos, y desarrollar investigaciones cient\u00edficas y tecnol\u00f3gicas que involucren temas relacionados con la Nutrici\u00f3n y la Salud;<\/p>\n<p style=\"text-align: justify;\">&#8211; Integrar conocimientos de diferentes \u00e1reas, que contribuyan al an\u00e1lisis de los fen\u00f3menos relacionados con las interacciones entre la promoci\u00f3n de la salud y la Nutrici\u00f3n, siguiendo la vocaci\u00f3n del \u00c1rea de Nutrici\u00f3n y Salud, que de por s\u00ed es interdisciplinaria;<\/p>\n<p style=\"text-align: justify;\">&#8211; Contribuir a la cualificaci\u00f3n de la producci\u00f3n cient\u00edfica y acad\u00e9mica de la UFMG, del Estado y del pa\u00eds, a partir de las caracter\u00edsticas sociohist\u00f3ricas, pol\u00edticas, econ\u00f3micas, ambientales y culturales movilizadas por la alimentaci\u00f3n, la Nutrici\u00f3n y la Salud;<\/p>\n<p style=\"text-align: justify;\">&#8211; Viabilizar la experiencia de educaci\u00f3n continua en las \u00e1reas de Pregrado y Posgrado, estimulando la producci\u00f3n y reflexi\u00f3n acad\u00e9mica;<\/p>\n<p style=\"text-align: justify;\">&#8211; Actuar con competencia en \u00e1reas profesionales vinculadas a la Nutrici\u00f3n y la Salud, enfocadas a la promoci\u00f3n de la salud y una nutrici\u00f3n adecuada y saludable en diferentes poblaciones y grupos etarios.<\/p>\n<p style=\"text-align: justify;\">Creada en 2013 e iniciada en 2014, la Maestr\u00eda en Nutrici\u00f3n y Salud surgi\u00f3 de la consolidaci\u00f3n de la carrera de grado y de la creciente producci\u00f3n cient\u00edfica de los profesores. El programa de Posgrado se inici\u00f3 con 15 profesores permanentes, todos con dedicaci\u00f3n exclusiva, incluyendo seis profesores con becas de Productividad en Investigaci\u00f3n del CNPq. Los profesores ya ten\u00edan amplia interacci\u00f3n con instituciones de renombre, adem\u00e1s de participar activamente en la revisi\u00f3n por pares como revisores ad hoc en revistas nacionales e internacionales calificadas.<\/p>\n<p style=\"text-align: justify;\">Con un \u00e1rea de concentraci\u00f3n en \u201cNutrici\u00f3n y Salud\u201d y dos l\u00edneas de investigaci\u00f3n \u2013 \u201cNutrici\u00f3n Cl\u00ednica y Experimental\u201d y \u201cNutrici\u00f3n y Salud P\u00fablica\u201d \u2013 el PPGNS tiene fuerte inserci\u00f3n social y alianzas con instituciones nacionales e internacionales. Entre 2014 y 2024, form\u00f3 114 maestros y ampli\u00f3 su actuaci\u00f3n, alcanzando una nota 4 en la Evaluaci\u00f3n CAPES en 2022. As\u00ed, se cre\u00f3 una comisi\u00f3n para elaborar la Evaluaci\u00f3n de Propuestas de Nuevos Cursos (APCN) para elaborar la propuesta de apertura del Curso de Doctorado. El Doctorado en Nutrici\u00f3n y Salud fue aprobado en 2023 e inici\u00f3 en 2024, marcando la consolidaci\u00f3n del Programa y fortaleciendo la formaci\u00f3n de investigadores de alto nivel, iniciando con 16 profesores permanentes. Con esto, PPGNS reafirma su papel en la producci\u00f3n de conocimiento y la b\u00fasqueda de soluciones innovadoras en salud y nutrici\u00f3n.<\/p>\n","protected":false},"excerpt":{"rendered":"<p>El Programa de Posgrado en Nutrici\u00f3n y Salud (PPGNS) de la UFMG tiene como objetivo \u201cformar investigadores con una visi\u00f3n cr\u00edtica y reflexiva, capaces de integrar conocimientos de diferentes \u00e1reas, contribuyendo al an\u00e1lisis de fen\u00f3menos relacionados con las interacciones entre la promoci\u00f3n de la salud y la nutrici\u00f3n; contribuir a la cualificaci\u00f3n de la producci\u00f3n [&hellip;]<\/p>\n","protected":false},"author":2,"featured_media":0,"parent":0,"menu_order":0,"comment_status":"closed","ping_status":"closed","template":"","meta":{"_acf_changed":false,"footnotes":""},"class_list":["post-673","page","type-page","status-publish","hentry"],"acf":[],"_links":{"self":[{"href":"https:\/\/www.ufmg.br\/ppgns\/wp-json\/wp\/v2\/pages\/673","targetHints":{"allow":["GET"]}}],"collection":[{"href":"https:\/\/www.ufmg.br\/ppgns\/wp-json\/wp\/v2\/pages"}],"about":[{"href":"https:\/\/www.ufmg.br\/ppgns\/wp-json\/wp\/v2\/types\/page"}],"author":[{"embeddable":true,"href":"https:\/\/www.ufmg.br\/ppgns\/wp-json\/wp\/v2\/users\/2"}],"replies":[{"embeddable":true,"href":"https:\/\/www.ufmg.br\/ppgns\/wp-json\/wp\/v2\/comments?post=673"}],"version-history":[{"count":2,"href":"https:\/\/www.ufmg.br\/ppgns\/wp-json\/wp\/v2\/pages\/673\/revisions"}],"predecessor-version":[{"id":676,"href":"https:\/\/www.ufmg.br\/ppgns\/wp-json\/wp\/v2\/pages\/673\/revisions\/676"}],"wp:attachment":[{"href":"https:\/\/www.ufmg.br\/ppgns\/wp-json\/wp\/v2\/media?parent=673"}],"curies":[{"name":"wp","href":"https:\/\/api.w.org\/{rel}","templated":true}]}}