{"id":692,"date":"2025-04-24T05:56:54","date_gmt":"2025-04-24T08:56:54","guid":{"rendered":"https:\/\/sites.enf.ufmg.br\/ppgns\/?page_id=692"},"modified":"2025-04-29T12:03:32","modified_gmt":"2025-04-29T15:03:32","slug":"proceso-de-seleccion","status":"publish","type":"page","link":"https:\/\/www.ufmg.br\/ppgns\/es\/proceso-de-seleccion\/","title":{"rendered":"Proceso de selecci\u00f3n"},"content":{"rendered":"<p style=\"text-align: justify;\">El Consejo de Posgrado en Nutrici\u00f3n y Salud de la UFMG abre el proceso de selecci\u00f3n para cursos de Posgrado en Nutrici\u00f3n y Salud, a nivel de Maestr\u00eda y Doctorado, con posibilidad de obtenci\u00f3n de beca durante el curso. Candidatos de Brasil y de otros pa\u00edses podr\u00e1n inscribirse en el proceso de selecci\u00f3n regular siguiendo las reglas del Edicto disponible.<\/p>\n<p style=\"text-align: justify;\">El Proceso de Selecci\u00f3n se realiza de forma continua, con un m\u00ednimo de una selecci\u00f3n al a\u00f1o y un m\u00e1ximo de tres (inicio, mitad y final de a\u00f1o), hasta cubrir las vacantes ofertadas anualmente.<\/p>\n<p style=\"text-align: justify;\">El proceso de evaluaci\u00f3n de los candidatos al grado de Maestr\u00eda se realiza en dos etapas eliminatorias y clasificatorias: 1) prueba de conocimientos espec\u00edficos seg\u00fan la l\u00ednea de investigaci\u00f3n pretendida; 2) Argumento Oral sobre el Plan de Trabajo.<\/p>\n<p style=\"text-align: justify;\">Para el nivel de Doctorado, el proceso se desarrolla en tres etapas, dos de car\u00e1cter eliminatorio y clasificatorio y una de car\u00e1cter clasificatorio: 1) Evaluaci\u00f3n del proyecto de investigaci\u00f3n (Eliminatoria y Calificadora); 2) Seminario sobre el proyecto de investigaci\u00f3n y argumentaci\u00f3n oral (Eliminatorio y Calificativo); 3) An\u00e1lisis de los documentos de soporte presentados en el Curriculum Vitae y Transcripci\u00f3n Acad\u00e9mica del candidato (Clasificaci\u00f3n).<\/p>\n<p style=\"text-align: justify;\">Para permanecer en los cursos, se requiere prueba del dominio del idioma ingl\u00e9s del estudiante. Los candidatos extranjeros tambi\u00e9n deber\u00e1n demostrar competencia en portugu\u00e9s. Consulte el aviso para conocer los documentos aceptados para comprobar la competencia.<\/p>\n","protected":false},"excerpt":{"rendered":"<p>El Consejo de Posgrado en Nutrici\u00f3n y Salud de la UFMG abre el proceso de selecci\u00f3n para cursos de Posgrado en Nutrici\u00f3n y Salud, a nivel de Maestr\u00eda y Doctorado, con posibilidad de obtenci\u00f3n de beca durante el curso. Candidatos de Brasil y de otros pa\u00edses podr\u00e1n inscribirse en el proceso de selecci\u00f3n regular siguiendo [&hellip;]<\/p>\n","protected":false},"author":2,"featured_media":0,"parent":0,"menu_order":0,"comment_status":"closed","ping_status":"closed","template":"","meta":{"_acf_changed":false,"footnotes":""},"class_list":["post-692","page","type-page","status-publish","hentry"],"acf":[],"_links":{"self":[{"href":"https:\/\/www.ufmg.br\/ppgns\/wp-json\/wp\/v2\/pages\/692","targetHints":{"allow":["GET"]}}],"collection":[{"href":"https:\/\/www.ufmg.br\/ppgns\/wp-json\/wp\/v2\/pages"}],"about":[{"href":"https:\/\/www.ufmg.br\/ppgns\/wp-json\/wp\/v2\/types\/page"}],"author":[{"embeddable":true,"href":"https:\/\/www.ufmg.br\/ppgns\/wp-json\/wp\/v2\/users\/2"}],"replies":[{"embeddable":true,"href":"https:\/\/www.ufmg.br\/ppgns\/wp-json\/wp\/v2\/comments?post=692"}],"version-history":[{"count":5,"href":"https:\/\/www.ufmg.br\/ppgns\/wp-json\/wp\/v2\/pages\/692\/revisions"}],"predecessor-version":[{"id":795,"href":"https:\/\/www.ufmg.br\/ppgns\/wp-json\/wp\/v2\/pages\/692\/revisions\/795"}],"wp:attachment":[{"href":"https:\/\/www.ufmg.br\/ppgns\/wp-json\/wp\/v2\/media?parent=692"}],"curies":[{"name":"wp","href":"https:\/\/api.w.org\/{rel}","templated":true}]}}