{"id":713,"date":"2025-04-25T17:27:57","date_gmt":"2025-04-25T20:27:57","guid":{"rendered":"https:\/\/sites.enf.ufmg.br\/ppgns\/?page_id=713"},"modified":"2025-10-14T11:20:50","modified_gmt":"2025-10-14T14:20:50","slug":"programa-de-postgrado-en-nutricion-y-salud","status":"publish","type":"page","link":"https:\/\/www.ufmg.br\/ppgns\/es\/programa-de-postgrado-en-nutricion-y-salud\/","title":{"rendered":"Programa de Postgrado en Nutrici\u00f3n y Salud"},"content":{"rendered":"<p style=\"text-align: justify;\"><strong>Bienvenido al Programa de Posgrado en Nutrici\u00f3n y Salud de la UFMG<\/strong><\/p>\n<p style=\"text-align: justify;\">El Programa de Postgrado en Nutrici\u00f3n y Salud (PPGNS) de la Universidad Federal de Minas Gerais (UFMG) ofrece cursos de maestr\u00eda y doctorado con el objetivo de formar profesionales altamente calificados para el trabajo acad\u00e9mico, cient\u00edfico y profesional, promoviendo el avance del conocimiento en las \u00e1reas de alimentaci\u00f3n, nutrici\u00f3n y salud.<\/p>\n<p style=\"text-align: justify;\">Con excelencia reconocida nacional e internacionalmente, el PPGNS integra docencia, investigaci\u00f3n y extensi\u00f3n, contribuyendo a mejorar la calidad de vida de la poblaci\u00f3n. Su cuerpo docente est\u00e1 formado por investigadores experimentados, con s\u00f3lida formaci\u00f3n y colaboraciones con instituciones de Brasil y del exterior.<\/p>\n<p style=\"text-align: justify;\">El programa cuenta con un enfoque interdisciplinario y l\u00edneas de investigaci\u00f3n que abordan temas relevantes y actuales, tales como:<\/p>\n<ul style=\"text-align: justify;\">\n<li>Epidemiolog\u00eda nutricional y pol\u00edticas p\u00fablicas alimentarias;<\/li>\n<li>Seguridad alimentaria y nutricional;<\/li>\n<li>Bioqu\u00edmica, metabolismo y evaluaci\u00f3n nutricional;<\/li>\n<li>Nutrici\u00f3n cl\u00ednica y salud maternoinfantil.<\/li>\n<\/ul>\n<p style=\"text-align: justify;\">Ubicado en Belo Horizonte, una de las principales capitales brasile\u00f1as, el programa ofrece una excelente infraestructura acad\u00e9mica y cient\u00edfica, as\u00ed como un ambiente acogedor y seguro para los estudiantes internacionales. La UFMG ofrece servicios de apoyo a la comunidad extranjera, incluyendo cursos de portugu\u00e9s, orientaci\u00f3n acad\u00e9mica y apoyo administrativo.<\/p>\n<p style=\"text-align: justify;\">El PPPNS tambi\u00e9n fomenta la internacionalizaci\u00f3n a trav\u00e9s de alianzas y convenios con universidades y centros de investigaci\u00f3n de varios pa\u00edses, posibilitando el intercambio de estudiantes y profesores, as\u00ed como pr\u00e1cticas de investigaci\u00f3n en el exterior.<\/p>\n<p style=\"text-align: justify;\">Si buscas una formaci\u00f3n s\u00f3lida, oportunidades de investigaci\u00f3n de vanguardia e inclusi\u00f3n en redes de colaboraci\u00f3n cient\u00edfica, el Programa de Posgrado en Nutrici\u00f3n y Salud de la UFMG es el lugar adecuado para ti.<\/p>\n<p style=\"text-align: justify;\">Ven a formar parte de una universidad de excelencia y contribuye a transformar la nutrici\u00f3n y la salud en Brasil y en el mundo.<\/p>\n\n\n<p><strong>Apoyo<\/strong><\/p>\n\n\n\n<div class=\"wp-block-columns is-layout-flex wp-container-core-columns-is-layout-9d6595d7 wp-block-columns-is-layout-flex\">\n<div class=\"wp-block-column is-layout-flow wp-block-column-is-layout-flow\" style=\"flex-basis:50%\"><div class=\"wp-block-image is-style-rounded\">\n<figure class=\"aligncenter size-full is-resized\"><a href=\"www.enf.ufmg.br\"><img loading=\"lazy\" decoding=\"async\" width=\"339\" height=\"111\" src=\"https:\/\/www.ufmg.br\/ppgns\/wp-content\/uploads\/2025\/10\/logo-enf-v4-1.png\" alt=\"\" class=\"wp-image-1221\" style=\"width:203px;height:auto\" srcset=\"https:\/\/www.ufmg.br\/ppgns\/wp-content\/uploads\/2025\/10\/logo-enf-v4-1.png 339w, https:\/\/www.ufmg.br\/ppgns\/wp-content\/uploads\/2025\/10\/logo-enf-v4-1-300x98.png 300w\" sizes=\"auto, (max-width: 339px) 100vw, 339px\" \/><\/a><\/figure>\n<\/div><\/div>\n\n\n\n<div class=\"wp-block-column is-layout-flow wp-block-column-is-layout-flow\" style=\"flex-basis:50%\"><div class=\"wp-block-image\">\n<figure class=\"aligncenter size-full\"><a href=\"www.ufmg.br\"><img loading=\"lazy\" decoding=\"async\" width=\"150\" height=\"59\" src=\"https:\/\/www.ufmg.br\/ppgns\/wp-content\/uploads\/2025\/10\/logo_ufmg-1.png\" alt=\"\" class=\"wp-image-1222\"\/><\/a><\/figure>\n<\/div><\/div>\n<\/div>\n\n\n\n<p><\/p>\n","protected":false},"excerpt":{"rendered":"<p>Bienvenido al Programa de Posgrado en Nutrici\u00f3n y Salud de la UFMG El Programa de Postgrado en Nutrici\u00f3n y Salud (PPGNS) de la Universidad Federal de Minas Gerais (UFMG) ofrece cursos de maestr\u00eda y doctorado con el objetivo de formar profesionales altamente calificados para el trabajo acad\u00e9mico, cient\u00edfico y profesional, promoviendo el avance del conocimiento [&hellip;]<\/p>\n","protected":false},"author":2,"featured_media":0,"parent":0,"menu_order":0,"comment_status":"closed","ping_status":"closed","template":"","meta":{"_acf_changed":false,"footnotes":""},"class_list":["post-713","page","type-page","status-publish","hentry"],"acf":[],"_links":{"self":[{"href":"https:\/\/www.ufmg.br\/ppgns\/wp-json\/wp\/v2\/pages\/713","targetHints":{"allow":["GET"]}}],"collection":[{"href":"https:\/\/www.ufmg.br\/ppgns\/wp-json\/wp\/v2\/pages"}],"about":[{"href":"https:\/\/www.ufmg.br\/ppgns\/wp-json\/wp\/v2\/types\/page"}],"author":[{"embeddable":true,"href":"https:\/\/www.ufmg.br\/ppgns\/wp-json\/wp\/v2\/users\/2"}],"replies":[{"embeddable":true,"href":"https:\/\/www.ufmg.br\/ppgns\/wp-json\/wp\/v2\/comments?post=713"}],"version-history":[{"count":9,"href":"https:\/\/www.ufmg.br\/ppgns\/wp-json\/wp\/v2\/pages\/713\/revisions"}],"predecessor-version":[{"id":1223,"href":"https:\/\/www.ufmg.br\/ppgns\/wp-json\/wp\/v2\/pages\/713\/revisions\/1223"}],"wp:attachment":[{"href":"https:\/\/www.ufmg.br\/ppgns\/wp-json\/wp\/v2\/media?parent=713"}],"curies":[{"name":"wp","href":"https:\/\/api.w.org\/{rel}","templated":true}]}}