{"id":750,"date":"2025-04-29T11:02:51","date_gmt":"2025-04-29T14:02:51","guid":{"rendered":"https:\/\/sites.enf.ufmg.br\/ppgns\/?page_id=750"},"modified":"2025-05-20T19:43:53","modified_gmt":"2025-05-20T22:43:53","slug":"professors","status":"publish","type":"page","link":"https:\/\/www.ufmg.br\/ppgns\/en\/professors\/","title":{"rendered":"Professors"},"content":{"rendered":"\n<div class=\"wp-block-media-text is-stacked-on-mobile\" style=\"grid-template-columns:19% auto\"><figure class=\"wp-block-media-text__media\"><img loading=\"lazy\" decoding=\"async\" width=\"726\" height=\"1024\" src=\"https:\/\/www.ufmg.br\/ppgns\/wp-content\/uploads\/2025\/05\/Adaliene-726x1024.jpg\" alt=\"\" class=\"wp-image-880 size-full\" srcset=\"https:\/\/www.ufmg.br\/ppgns\/wp-content\/uploads\/2025\/05\/Adaliene-726x1024.jpg 726w, https:\/\/www.ufmg.br\/ppgns\/wp-content\/uploads\/2025\/05\/Adaliene-213x300.jpg 213w, https:\/\/www.ufmg.br\/ppgns\/wp-content\/uploads\/2025\/05\/Adaliene-768x1083.jpg 768w, https:\/\/www.ufmg.br\/ppgns\/wp-content\/uploads\/2025\/05\/Adaliene.jpg 908w\" sizes=\"auto, (max-width: 726px) 100vw, 726px\" \/><\/figure><div class=\"wp-block-media-text__content\">\n<p><a href=\"http:\/\/lattes.cnpq.br\/1002230820162670\">Adaliene Versiani Matos Ferreira<\/a><br>E-mail: adaliene@ufmg.br<br>Research Line: Clinical and Experimental Nutrition<br>Area of \u200b\u200bexpertise: Experience in the area of \u200b\u200bPhysiology, with an emphasis on Nutrition and Metabolism, working mainly on the following topics: intermediate metabolism, adiposity, insulin resistance and inflammation.&nbsp;<\/p>\n<\/div><\/div>\n\n\n\n<p><\/p>\n\n\n\n<div class=\"wp-block-media-text is-stacked-on-mobile\" style=\"grid-template-columns:19% auto\"><figure class=\"wp-block-media-text__media\"><img loading=\"lazy\" decoding=\"async\" width=\"1021\" height=\"853\" src=\"https:\/\/www.ufmg.br\/ppgns\/wp-content\/uploads\/2025\/05\/Aline.gif\" alt=\"\" class=\"wp-image-862 size-full\"\/><\/figure><div class=\"wp-block-media-text__content\">\n<p><a href=\"http:\/\/lattes.cnpq.br\/6800795259915680\">Aline Cristine Souza Lopes<\/a><br>E-mail: alinecristine@ufmg.br<br>Research Line: Nutrition and Public Health<br>Area of \u200b\u200bexpertise: Experience in the area of \u200b\u200bPublic Health, with an emphasis on Nutritional Epidemiology and Health Promotion, working mainly on the following topics: Analysis of the Nutritional Status of Populations, Nutritional Intervention, Obesity and Food Environment.<\/p>\n<\/div><\/div>\n\n\n\n<p><\/p>\n\n\n\n<div class=\"wp-block-media-text is-stacked-on-mobile\" style=\"grid-template-columns:19% auto\"><figure class=\"wp-block-media-text__media\"><img loading=\"lazy\" decoding=\"async\" width=\"640\" height=\"640\" src=\"https:\/\/www.ufmg.br\/ppgns\/wp-content\/uploads\/2025\/05\/Ana.jpg\" alt=\"\" class=\"wp-image-883 size-full\" srcset=\"https:\/\/www.ufmg.br\/ppgns\/wp-content\/uploads\/2025\/05\/Ana.jpg 640w, https:\/\/www.ufmg.br\/ppgns\/wp-content\/uploads\/2025\/05\/Ana-300x300.jpg 300w, https:\/\/www.ufmg.br\/ppgns\/wp-content\/uploads\/2025\/05\/Ana-150x150.jpg 150w\" sizes=\"auto, (max-width: 640px) 100vw, 640px\" \/><\/figure><div class=\"wp-block-media-text__content\">\n<p><a href=\"http:\/\/lattes.cnpq.br\/2268635568464108\" data-type=\"link\" data-id=\"http:\/\/lattes.cnpq.br\/2268635568464108\">Ana Maria Caetano de Faria<\/a><br>E-mail: afaria@ufmg.br<br>Research Line: Clinical and Experimental Nutrition<br>Area of \u200b\u200bexpertise: Experience in the area of \u200b\u200bImmunology, with an emphasis on Immunobiology, working mainly on the following topics: mucosal immunology, nutritional immunobiology, oral tolerance, immunobiology of aging.<\/p>\n<\/div><\/div>\n\n\n\n<p><\/p>\n\n\n\n<div class=\"wp-block-media-text is-stacked-on-mobile\" style=\"grid-template-columns:19% auto\"><figure class=\"wp-block-media-text__media\"><img loading=\"lazy\" decoding=\"async\" width=\"650\" height=\"585\" src=\"https:\/\/www.ufmg.br\/ppgns\/wp-content\/uploads\/2025\/05\/Ann.jpg\" alt=\"\" class=\"wp-image-863 size-full\" srcset=\"https:\/\/www.ufmg.br\/ppgns\/wp-content\/uploads\/2025\/05\/Ann.jpg 650w, https:\/\/www.ufmg.br\/ppgns\/wp-content\/uploads\/2025\/05\/Ann-300x270.jpg 300w\" sizes=\"auto, (max-width: 650px) 100vw, 650px\" \/><\/figure><div class=\"wp-block-media-text__content\">\n<p><a href=\"http:\/\/lattes.cnpq.br\/5704980511028240\">Ann Kristine Jansen<\/a><br>E-mail: akj@ufmg.br<br>Research Line: Clinical and Experimental Nutrition<br>Area of \u200b\u200bexpertise: Experience in the area of \u200b\u200bNutrition, with an emphasis on Clinical Nutrition, working mainly on the following topics: gerontology, body composition, diabetes and food consumption.<\/p>\n<\/div><\/div>\n\n\n\n<p><\/p>\n\n\n\n<div class=\"wp-block-media-text is-stacked-on-mobile\" style=\"grid-template-columns:19% auto\"><figure class=\"wp-block-media-text__media\"><img loading=\"lazy\" decoding=\"async\" width=\"504\" height=\"559\" src=\"https:\/\/www.ufmg.br\/ppgns\/wp-content\/uploads\/2025\/05\/bruna.jpg\" alt=\"\" class=\"wp-image-864 size-full\" srcset=\"https:\/\/www.ufmg.br\/ppgns\/wp-content\/uploads\/2025\/05\/bruna.jpg 504w, https:\/\/www.ufmg.br\/ppgns\/wp-content\/uploads\/2025\/05\/bruna-270x300.jpg 270w\" sizes=\"auto, (max-width: 504px) 100vw, 504px\" \/><\/figure><div class=\"wp-block-media-text__content\">\n<p><a href=\"http:\/\/lattes.cnpq.br\/7220508150862239\">Bruna Vieira de Lima Costa<\/a><br>Email: brunavlc@ufmg.br<br>Research Line: Nutrition and Public Health<br>Area of \u200b\u200bexpertise: Experience mainly in the following topics: food environment, nutritional status, chronic non-communicable diseases and worker health.<\/p>\n<\/div><\/div>\n\n\n\n<p><\/p>\n\n\n\n<div class=\"wp-block-media-text is-stacked-on-mobile\" style=\"grid-template-columns:19% auto\"><figure class=\"wp-block-media-text__media\"><img loading=\"lazy\" decoding=\"async\" width=\"709\" height=\"1024\" src=\"https:\/\/www.ufmg.br\/ppgns\/wp-content\/uploads\/2025\/05\/Camila-709x1024.jpg\" alt=\"\" class=\"wp-image-865 size-full\" srcset=\"https:\/\/www.ufmg.br\/ppgns\/wp-content\/uploads\/2025\/05\/Camila-709x1024.jpg 709w, https:\/\/www.ufmg.br\/ppgns\/wp-content\/uploads\/2025\/05\/Camila-208x300.jpg 208w, https:\/\/www.ufmg.br\/ppgns\/wp-content\/uploads\/2025\/05\/Camila-768x1109.jpg 768w, https:\/\/www.ufmg.br\/ppgns\/wp-content\/uploads\/2025\/05\/Camila-1063x1536.jpg 1063w, https:\/\/www.ufmg.br\/ppgns\/wp-content\/uploads\/2025\/05\/Camila.jpg 1168w\" sizes=\"auto, (max-width: 709px) 100vw, 709px\" \/><\/figure><div class=\"wp-block-media-text__content\">\n<p><a href=\"http:\/\/lattes.cnpq.br\/6484855922335989\">Camila K\u00fcmmel Duarte<\/a><br>E-mail: camilakd@ufmg.br<br>Research Line: Clinical and Experimental Nutrition<br>Area of \u200b\u200bexpertise: Experience in the area of \u200b\u200bclinical nutrition with an emphasis on the study of cardiovascular diseases, Diabetes Mellitus and obesity.<\/p>\n<\/div><\/div>\n\n\n\n<p><\/p>\n\n\n\n<div class=\"wp-block-media-text is-stacked-on-mobile\" style=\"grid-template-columns:19% auto\"><figure class=\"wp-block-media-text__media\"><img loading=\"lazy\" decoding=\"async\" width=\"229\" height=\"248\" src=\"https:\/\/www.ufmg.br\/ppgns\/wp-content\/uploads\/2025\/05\/Gilberto.jpg\" alt=\"\" class=\"wp-image-866 size-full\"\/><\/figure><div class=\"wp-block-media-text__content\">\n<p><a href=\"http:\/\/lattes.cnpq.br\/0154050337153412\">Gilberto Simeone Henriques<\/a><br>E-mail: gilsimeone@ufmg.br<br>Research Line: Clinical and Experimental Nutrition<br>Area of \u200b\u200bexpertise: Experience in the area of \u200b\u200bHuman Nutrition and Dietetics, with an emphasis on Experimental Nutrition, with research lines being the bioaccessibility and bioavailability of minerals such as zinc, copper, magnesium and selenium, metalloenzymes in biological systems and markers for micronutrients.<\/p>\n<\/div><\/div>\n\n\n\n<p><\/p>\n\n\n\n<div class=\"wp-block-media-text is-stacked-on-mobile\" style=\"grid-template-columns:19% auto\"><figure class=\"wp-block-media-text__media\"><img loading=\"lazy\" decoding=\"async\" width=\"734\" height=\"1024\" src=\"https:\/\/www.ufmg.br\/ppgns\/wp-content\/uploads\/2025\/05\/Jacqueline-734x1024.jpg\" alt=\"\" class=\"wp-image-867 size-full\" srcset=\"https:\/\/www.ufmg.br\/ppgns\/wp-content\/uploads\/2025\/05\/Jacqueline-734x1024.jpg 734w, https:\/\/www.ufmg.br\/ppgns\/wp-content\/uploads\/2025\/05\/Jacqueline-215x300.jpg 215w, https:\/\/www.ufmg.br\/ppgns\/wp-content\/uploads\/2025\/05\/Jacqueline.jpg 750w\" sizes=\"auto, (max-width: 734px) 100vw, 734px\" \/><\/figure><div class=\"wp-block-media-text__content\">\n<p><a href=\"http:\/\/lattes.cnpq.br\/2226590630777569\">Jacqueline Isaura Alvarez Leite<\/a><br>E-mail: alvarez@ufmg.br<br>Research Line: Clinical and Experimental Nutrition<br>Area of \u200b\u200bexpertise: Experience in the area of \u200b\u200bNutrology, with an emphasis on Nutritional Biochemistry, working mainly on the following topics: dyslipidemia, atherosclerosis, obesity, metabolic syndrome, antioxidants and lipids, and cancer.<\/p>\n<\/div><\/div>\n\n\n\n<p><\/p>\n\n\n\n<div class=\"wp-block-media-text is-stacked-on-mobile\" style=\"grid-template-columns:19% auto\"><figure class=\"wp-block-media-text__media\"><img loading=\"lazy\" decoding=\"async\" width=\"327\" height=\"486\" src=\"https:\/\/www.ufmg.br\/ppgns\/wp-content\/uploads\/2025\/05\/Juliana.jpg\" alt=\"\" class=\"wp-image-868 size-full\" srcset=\"https:\/\/www.ufmg.br\/ppgns\/wp-content\/uploads\/2025\/05\/Juliana.jpg 327w, https:\/\/www.ufmg.br\/ppgns\/wp-content\/uploads\/2025\/05\/Juliana-202x300.jpg 202w\" sizes=\"auto, (max-width: 327px) 100vw, 327px\" \/><\/figure><div class=\"wp-block-media-text__content\">\n<p><a href=\"http:\/\/lattes.cnpq.br\/0587986055333840\">Juliana Costa Liboredo<\/a><br>E-mail: juliboredo@ufmg.br<br>Research Line: Nutrition and Public Health<br>Area of \u200b\u200bexpertise: Experience in the area of \u200b\u200bCollective Food, mainly with meal quality and consumer behavior in food services.<\/p>\n<\/div><\/div>\n\n\n\n<p><\/p>\n\n\n\n<div class=\"wp-block-media-text is-stacked-on-mobile\" style=\"grid-template-columns:19% auto\"><figure class=\"wp-block-media-text__media\"><img loading=\"lazy\" decoding=\"async\" width=\"960\" height=\"960\" src=\"https:\/\/www.ufmg.br\/ppgns\/wp-content\/uploads\/2025\/05\/Larissa.jpg\" alt=\"\" class=\"wp-image-869 size-full\" srcset=\"https:\/\/www.ufmg.br\/ppgns\/wp-content\/uploads\/2025\/05\/Larissa.jpg 960w, https:\/\/www.ufmg.br\/ppgns\/wp-content\/uploads\/2025\/05\/Larissa-300x300.jpg 300w, https:\/\/www.ufmg.br\/ppgns\/wp-content\/uploads\/2025\/05\/Larissa-150x150.jpg 150w, https:\/\/www.ufmg.br\/ppgns\/wp-content\/uploads\/2025\/05\/Larissa-768x768.jpg 768w\" sizes=\"auto, (max-width: 960px) 100vw, 960px\" \/><\/figure><div class=\"wp-block-media-text__content\">\n<p><a href=\"http:\/\/lattes.cnpq.br\/9480592766110055\">Larissa Loures Mendes<\/a><br>E-mail: larissaloures@ufmg.br<br>Research Line: Nutrition and Public Health<br>Area of \u200b\u200bexpertise: Experience in the area of \u200b\u200bNutrition in Public Health, working mainly on the following topics: nutrition, chronic non-communicable diseases, nutritional epidemiology and analysis of the food environment.<\/p>\n<\/div><\/div>\n\n\n\n<p><\/p>\n\n\n\n<div class=\"wp-block-media-text is-stacked-on-mobile\" style=\"grid-template-columns:19% auto\"><figure class=\"wp-block-media-text__media\"><img loading=\"lazy\" decoding=\"async\" width=\"768\" height=\"1024\" src=\"https:\/\/www.ufmg.br\/ppgns\/wp-content\/uploads\/2025\/05\/Luana-768x1024.jpg\" alt=\"\" class=\"wp-image-870 size-full\" srcset=\"https:\/\/www.ufmg.br\/ppgns\/wp-content\/uploads\/2025\/05\/Luana-768x1024.jpg 768w, https:\/\/www.ufmg.br\/ppgns\/wp-content\/uploads\/2025\/05\/Luana-225x300.jpg 225w, https:\/\/www.ufmg.br\/ppgns\/wp-content\/uploads\/2025\/05\/Luana-1152x1536.jpg 1152w, https:\/\/www.ufmg.br\/ppgns\/wp-content\/uploads\/2025\/05\/Luana.jpg 1512w\" sizes=\"auto, (max-width: 768px) 100vw, 768px\" \/><\/figure><div class=\"wp-block-media-text__content\">\n<p><a href=\"http:\/\/lattes.cnpq.br\/0458708740546057\">Luana Caroline dos Santos<\/a><br>E-mail: luanacs@ufmg.br<br>Research Line: Nutrition and Public Health<br>Area of \u200b\u200bexpertise: Experience in the areas of maternal, child and adolescent health, consumption and eating behavior.<\/p>\n<\/div><\/div>\n\n\n\n<p><\/p>\n\n\n\n<div class=\"wp-block-media-text is-stacked-on-mobile\" style=\"grid-template-columns:19% auto\"><figure class=\"wp-block-media-text__media\"><img loading=\"lazy\" decoding=\"async\" width=\"739\" height=\"1024\" src=\"https:\/\/www.ufmg.br\/ppgns\/wp-content\/uploads\/2025\/05\/Luciana-739x1024.jpg\" alt=\"\" class=\"wp-image-871 size-full\" srcset=\"https:\/\/www.ufmg.br\/ppgns\/wp-content\/uploads\/2025\/05\/Luciana-739x1024.jpg 739w, https:\/\/www.ufmg.br\/ppgns\/wp-content\/uploads\/2025\/05\/Luciana-216x300.jpg 216w, https:\/\/www.ufmg.br\/ppgns\/wp-content\/uploads\/2025\/05\/Luciana-768x1065.jpg 768w, https:\/\/www.ufmg.br\/ppgns\/wp-content\/uploads\/2025\/05\/Luciana-1108x1536.jpg 1108w, https:\/\/www.ufmg.br\/ppgns\/wp-content\/uploads\/2025\/05\/Luciana-1477x2048.jpg 1477w, https:\/\/www.ufmg.br\/ppgns\/wp-content\/uploads\/2025\/05\/Luciana-scaled.jpg 1847w\" sizes=\"auto, (max-width: 739px) 100vw, 739px\" \/><\/figure><div class=\"wp-block-media-text__content\">\n<p><a href=\"http:\/\/lattes.cnpq.br\/5505552571759184\">Luciana Bastos Rodrigues<\/a><br>E-mail: lucianabr@ufmg.br<br>Research Line: Clinical and Experimental Nutrition<br>Area of \u200b\u200bexpertise: Experience in the area of \u200b\u200bGenetics, Biochemistry and Molecular Biology with an emphasis on Human and Medical Genetics.<\/p>\n<\/div><\/div>\n\n\n\n<p><\/p>\n\n\n\n<div class=\"wp-block-media-text is-stacked-on-mobile\" style=\"grid-template-columns:19% auto\"><figure class=\"wp-block-media-text__media\"><img loading=\"lazy\" decoding=\"async\" width=\"640\" height=\"640\" src=\"https:\/\/www.ufmg.br\/ppgns\/wp-content\/uploads\/2025\/05\/Lucilene.jpg\" alt=\"\" class=\"wp-image-872 size-full\" srcset=\"https:\/\/www.ufmg.br\/ppgns\/wp-content\/uploads\/2025\/05\/Lucilene.jpg 640w, https:\/\/www.ufmg.br\/ppgns\/wp-content\/uploads\/2025\/05\/Lucilene-300x300.jpg 300w, https:\/\/www.ufmg.br\/ppgns\/wp-content\/uploads\/2025\/05\/Lucilene-150x150.jpg 150w\" sizes=\"auto, (max-width: 640px) 100vw, 640px\" \/><\/figure><div class=\"wp-block-media-text__content\">\n<p><a href=\"http:\/\/lattes.cnpq.br\/9036835514373252\">Lucilene Rezende Anast\u00e1cio<\/a><br>E-mail: lucilenerezende@ufmg.br<br>Research Line: Clinical and Experimental Nutrition<br>Area of \u200b\u200bexpertise: Experience in areas related to nutrition, especially nutritional assessment and interventions for patients with liver disease\/cirrhosis\/pre- and post-liver transplant; investigation of functional and health property claims of foods\/food supplements and food labeling.<\/p>\n<\/div><\/div>\n\n\n\n<p><\/p>\n\n\n\n<div class=\"wp-block-media-text is-stacked-on-mobile\" style=\"grid-template-columns:19% auto\"><figure class=\"wp-block-media-text__media\"><img loading=\"lazy\" decoding=\"async\" width=\"768\" height=\"1024\" src=\"https:\/\/www.ufmg.br\/ppgns\/wp-content\/uploads\/2025\/05\/servletrecuperafoto-1-768x1024.jpg\" alt=\"\" class=\"wp-image-857 size-full\" srcset=\"https:\/\/www.ufmg.br\/ppgns\/wp-content\/uploads\/2025\/05\/servletrecuperafoto-1-768x1024.jpg 768w, https:\/\/www.ufmg.br\/ppgns\/wp-content\/uploads\/2025\/05\/servletrecuperafoto-1-225x300.jpg 225w, https:\/\/www.ufmg.br\/ppgns\/wp-content\/uploads\/2025\/05\/servletrecuperafoto-1.jpg 960w\" sizes=\"auto, (max-width: 768px) 100vw, 768px\" \/><\/figure><div class=\"wp-block-media-text__content\">\n<p><a href=\"http:\/\/lattes.cnpq.br\/8894598416587453\">Mariana Carvalho de Menezes<br><\/a>E-mail: marysnut@ufmg.br<br>Research Line: Nutrition and Public Health<br>\u00c1rea de atua\u00e7\u00e3o: Experience in the area of \u200b\u200bPublic Health and Nutritional Epidemiology, working mainly on the following topics: Urban Health, Food Environment, Food Consumption and Health Intervention.<\/p>\n<\/div><\/div>\n\n\n\n<p><\/p>\n\n\n\n<div class=\"wp-block-media-text is-stacked-on-mobile\" style=\"grid-template-columns:19% auto\"><figure class=\"wp-block-media-text__media\"><img loading=\"lazy\" decoding=\"async\" width=\"766\" height=\"1024\" src=\"https:\/\/www.ufmg.br\/ppgns\/wp-content\/uploads\/2025\/05\/Marina-766x1024.jpg\" alt=\"\" class=\"wp-image-884 size-full\" srcset=\"https:\/\/www.ufmg.br\/ppgns\/wp-content\/uploads\/2025\/05\/Marina-766x1024.jpg 766w, https:\/\/www.ufmg.br\/ppgns\/wp-content\/uploads\/2025\/05\/Marina-225x300.jpg 225w, https:\/\/www.ufmg.br\/ppgns\/wp-content\/uploads\/2025\/05\/Marina-768x1026.jpg 768w, https:\/\/www.ufmg.br\/ppgns\/wp-content\/uploads\/2025\/05\/Marina.jpg 958w\" sizes=\"auto, (max-width: 766px) 100vw, 766px\" \/><\/figure><div class=\"wp-block-media-text__content\">\n<p><a href=\"http:\/\/lattes.cnpq.br\/6720795678442120\">Marina Chaves de Oliveira<\/a><br>E-mail: mco2007@ufmg.br<br>Research Line: Clinical and Experimental Nutrition<br>Area of \u200b\u200bexpertise: Experience in the areas of nutrition, inflammation and metabolism, with the main themes being: metabolic and inflammatory changes present in obesity, metabolic syndrome, different types of arthritis and bone remodeling.<\/p>\n<\/div><\/div>\n\n\n\n<p><\/p>\n\n\n\n<div class=\"wp-block-media-text is-stacked-on-mobile\" style=\"grid-template-columns:19% auto\"><figure class=\"wp-block-media-text__media\"><img loading=\"lazy\" decoding=\"async\" width=\"800\" height=\"1024\" src=\"https:\/\/www.ufmg.br\/ppgns\/wp-content\/uploads\/2025\/05\/Milene-800x1024.jpg\" alt=\"\" class=\"wp-image-873 size-full\" srcset=\"https:\/\/www.ufmg.br\/ppgns\/wp-content\/uploads\/2025\/05\/Milene-800x1024.jpg 800w, https:\/\/www.ufmg.br\/ppgns\/wp-content\/uploads\/2025\/05\/Milene-234x300.jpg 234w, https:\/\/www.ufmg.br\/ppgns\/wp-content\/uploads\/2025\/05\/Milene-768x983.jpg 768w, https:\/\/www.ufmg.br\/ppgns\/wp-content\/uploads\/2025\/05\/Milene.jpg 1000w\" sizes=\"auto, (max-width: 800px) 100vw, 800px\" \/><\/figure><div class=\"wp-block-media-text__content\">\n<p><a href=\"http:\/\/lattes.cnpq.br\/6143949280366757\">Milene Cristine Pessoa<\/a><br>E-mail: milenec@ufmg.br<br>Research Line: Nutrition and Public Health<br>Area of \u200b\u200bexpertise: Experience in the area of \u200b\u200bNutritional Epidemiology and Nutrition, Epidemiology of Non-Communicable Chronic Diseases, Food and Nutritional Insecurity, Food Environment and Population Nutritional Analysis.<\/p>\n<\/div><\/div>\n\n\n\n<p><\/p>\n\n\n\n<div class=\"wp-block-media-text is-stacked-on-mobile\" style=\"grid-template-columns:19% auto\"><figure class=\"wp-block-media-text__media\"><img loading=\"lazy\" decoding=\"async\" width=\"1024\" height=\"683\" src=\"https:\/\/www.ufmg.br\/ppgns\/wp-content\/uploads\/2025\/05\/Nathalia-1024x683.jpg\" alt=\"\" class=\"wp-image-874 size-full\" srcset=\"https:\/\/www.ufmg.br\/ppgns\/wp-content\/uploads\/2025\/05\/Nathalia-1024x683.jpg 1024w, https:\/\/www.ufmg.br\/ppgns\/wp-content\/uploads\/2025\/05\/Nathalia-300x200.jpg 300w, https:\/\/www.ufmg.br\/ppgns\/wp-content\/uploads\/2025\/05\/Nathalia-768x512.jpg 768w, https:\/\/www.ufmg.br\/ppgns\/wp-content\/uploads\/2025\/05\/Nathalia.jpg 1080w\" sizes=\"auto, (max-width: 1024px) 100vw, 1024px\" \/><\/figure><div class=\"wp-block-media-text__content\">\n<p><a href=\"http:\/\/lattes.cnpq.br\/5194515390442376\">Nathalia Sernizon Guimar\u00e3es<\/a><br>E-mail: nasernizon@ufmg.br<br>Research Line: Nutrition and Public Health<br>Area of \u200b\u200bexpertise: Experience in the area of \u200b\u200bNutrition and Collective Food.<\/p>\n<\/div><\/div>\n\n\n\n<p><\/p>\n\n\n\n<div class=\"wp-block-media-text is-stacked-on-mobile\" style=\"grid-template-columns:19% auto\"><figure class=\"wp-block-media-text__media\"><img loading=\"lazy\" decoding=\"async\" width=\"139\" height=\"193\" src=\"https:\/\/www.ufmg.br\/ppgns\/wp-content\/uploads\/2025\/05\/Paula.jpg\" alt=\"\" class=\"wp-image-875 size-full\"\/><\/figure><div class=\"wp-block-media-text__content\">\n<p><a href=\"http:\/\/lattes.cnpq.br\/4577697631876149\">Paula Martins Horta<\/a><br>E-mail: pozinhamh@ufmg.br<br>Research Line: Nutrition and Public Health<br>Area of \u200b\u200bexpertise: Experience in the area of \u200b\u200bdigital food environment, food advertising, public policies on food and nutrition, and assessment of food consumption.<\/p>\n<\/div><\/div>\n\n\n\n<p><\/p>\n\n\n\n<div class=\"wp-block-media-text is-stacked-on-mobile\" style=\"grid-template-columns:19% auto\"><figure class=\"wp-block-media-text__media\"><img loading=\"lazy\" decoding=\"async\" width=\"227\" height=\"296\" src=\"https:\/\/www.ufmg.br\/ppgns\/wp-content\/uploads\/2025\/05\/Rafael.jpg\" alt=\"\" class=\"wp-image-876 size-full\"\/><\/figure><div class=\"wp-block-media-text__content\">\n<p><a href=\"http:\/\/lattes.cnpq.br\/7590790556493001\">Rafael Moreira Claro<\/a><br>E-mail: rclaro@ufmg.br<br>Research Line: Nutrition and Public Health<br>Area of \u200b\u200bexpertise: Experience in the areas of Nutrition in Public Health and Surveillance and Monitoring of Health Risk and Protection Factors, working mainly on the following topics: food consumption and determinants of diet, health surveys, monitoring of risk and protection factors for NCDs.<\/p>\n<\/div><\/div>\n\n\n\n<p><\/p>\n\n\n\n<div class=\"wp-block-media-text is-stacked-on-mobile\" style=\"grid-template-columns:19% auto\"><figure class=\"wp-block-media-text__media\"><img loading=\"lazy\" decoding=\"async\" width=\"197\" height=\"197\" src=\"https:\/\/www.ufmg.br\/ppgns\/wp-content\/uploads\/2025\/05\/Simone.jpg\" alt=\"\" class=\"wp-image-877 size-full\" srcset=\"https:\/\/www.ufmg.br\/ppgns\/wp-content\/uploads\/2025\/05\/Simone.jpg 197w, https:\/\/www.ufmg.br\/ppgns\/wp-content\/uploads\/2025\/05\/Simone-150x150.jpg 150w\" sizes=\"auto, (max-width: 197px) 100vw, 197px\" \/><\/figure><div class=\"wp-block-media-text__content\">\n<p><a href=\"http:\/\/lattes.cnpq.br\/5553688290821141\">Simone de Vasconcelos Generoso<\/a><br>E-mail: simonevg@ufmg.br<br>Research Line: Clinical and Experimental Nutrition<br>Area of \u200b\u200bexpertise: Experience in the area of \u200b\u200bClinical Nutrition, working mainly on the following topics: prebiotics, probiotics and symbiotics; intestinal permeability, mucositis and cancer.<\/p>\n<\/div><\/div>\n\n\n\n<p><\/p>\n\n\n\n<div class=\"wp-block-media-text is-stacked-on-mobile\" style=\"grid-template-columns:19% auto\"><figure class=\"wp-block-media-text__media\"><img loading=\"lazy\" decoding=\"async\" width=\"867\" height=\"1024\" src=\"https:\/\/www.ufmg.br\/ppgns\/wp-content\/uploads\/2025\/05\/Tatiani-867x1024.jpg\" alt=\"\" class=\"wp-image-878 size-full\" srcset=\"https:\/\/www.ufmg.br\/ppgns\/wp-content\/uploads\/2025\/05\/Tatiani-867x1024.jpg 867w, https:\/\/www.ufmg.br\/ppgns\/wp-content\/uploads\/2025\/05\/Tatiani-254x300.jpg 254w, https:\/\/www.ufmg.br\/ppgns\/wp-content\/uploads\/2025\/05\/Tatiani-768x908.jpg 768w, https:\/\/www.ufmg.br\/ppgns\/wp-content\/uploads\/2025\/05\/Tatiani-1300x1536.jpg 1300w, https:\/\/www.ufmg.br\/ppgns\/wp-content\/uploads\/2025\/05\/Tatiani.jpg 1612w\" sizes=\"auto, (max-width: 867px) 100vw, 867px\" \/><\/figure><div class=\"wp-block-media-text__content\">\n<p><a href=\"http:\/\/lattes.cnpq.br\/6072645598689719\">Tatiani Uceli Maioli<\/a><br>E-mail: tatianimaioli@ufmg.br<br>Research Line: Clinical and Experimental Nutrition<br>Area of \u200b\u200bexpertise: Experience in Immunology, working mainly on the following topics: immunology of leishmaniasis, functions of the spleen in the immune system, immunoregulation mechanisms, immunology of mucosae and breast milk.<\/p>\n<\/div><\/div>\n\n\n\n<p><\/p>\n\n\n\n<div class=\"wp-block-media-text is-stacked-on-mobile\" style=\"grid-template-columns:19% auto\"><figure class=\"wp-block-media-text__media\"><img loading=\"lazy\" decoding=\"async\" width=\"1024\" height=\"768\" src=\"https:\/\/www.ufmg.br\/ppgns\/wp-content\/uploads\/2025\/05\/Teresa-1024x768.jpg\" alt=\"\" class=\"wp-image-879 size-full\" srcset=\"https:\/\/www.ufmg.br\/ppgns\/wp-content\/uploads\/2025\/05\/Teresa-1024x768.jpg 1024w, https:\/\/www.ufmg.br\/ppgns\/wp-content\/uploads\/2025\/05\/Teresa-300x225.jpg 300w, https:\/\/www.ufmg.br\/ppgns\/wp-content\/uploads\/2025\/05\/Teresa-768x576.jpg 768w, https:\/\/www.ufmg.br\/ppgns\/wp-content\/uploads\/2025\/05\/Teresa-1536x1151.jpg 1536w, https:\/\/www.ufmg.br\/ppgns\/wp-content\/uploads\/2025\/05\/Teresa-2048x1535.jpg 2048w\" sizes=\"auto, (max-width: 1024px) 100vw, 1024px\" \/><\/figure><div class=\"wp-block-media-text__content\">\n<p><a href=\"http:\/\/lattes.cnpq.br\/1073355400463645\">Teresa Gontijo de Castro<\/a><br>E-mail: t.castro@auckland.ac.nz<br>Research Line: Nutrition and Public Health<br>Area of \u200b\u200bexpertise: Experience in Nutrition and Public Health, with emphasis on: Nutritional Epidemiology, Childhood Health and Nutrition, Nutritional and Food Monitoring of Populations and Monitoring of Food Environments.<\/p>\n<\/div><\/div>\n\n\n\n<p><\/p>\n","protected":false},"excerpt":{"rendered":"<p>Adaliene Versiani Matos FerreiraE-mail: adaliene@ufmg.brResearch Line: Clinical and Experimental NutritionArea of \u200b\u200bexpertise: Experience in the area of \u200b\u200bPhysiology, with an emphasis on Nutrition and Metabolism, working mainly on the following topics: intermediate metabolism, adiposity, insulin resistance and inflammation.&nbsp; Aline Cristine Souza LopesE-mail: alinecristine@ufmg.brResearch Line: Nutrition and Public HealthArea of \u200b\u200bexpertise: Experience in the area of [&hellip;]<\/p>\n","protected":false},"author":2,"featured_media":0,"parent":0,"menu_order":0,"comment_status":"closed","ping_status":"closed","template":"","meta":{"_acf_changed":false,"footnotes":""},"class_list":["post-750","page","type-page","status-publish","hentry"],"acf":[],"_links":{"self":[{"href":"https:\/\/www.ufmg.br\/ppgns\/wp-json\/wp\/v2\/pages\/750","targetHints":{"allow":["GET"]}}],"collection":[{"href":"https:\/\/www.ufmg.br\/ppgns\/wp-json\/wp\/v2\/pages"}],"about":[{"href":"https:\/\/www.ufmg.br\/ppgns\/wp-json\/wp\/v2\/types\/page"}],"author":[{"embeddable":true,"href":"https:\/\/www.ufmg.br\/ppgns\/wp-json\/wp\/v2\/users\/2"}],"replies":[{"embeddable":true,"href":"https:\/\/www.ufmg.br\/ppgns\/wp-json\/wp\/v2\/comments?post=750"}],"version-history":[{"count":5,"href":"https:\/\/www.ufmg.br\/ppgns\/wp-json\/wp\/v2\/pages\/750\/revisions"}],"predecessor-version":[{"id":910,"href":"https:\/\/www.ufmg.br\/ppgns\/wp-json\/wp\/v2\/pages\/750\/revisions\/910"}],"wp:attachment":[{"href":"https:\/\/www.ufmg.br\/ppgns\/wp-json\/wp\/v2\/media?parent=750"}],"curies":[{"name":"wp","href":"https:\/\/api.w.org\/{rel}","templated":true}]}}