{"id":781,"date":"2025-04-29T11:48:02","date_gmt":"2025-04-29T14:48:02","guid":{"rendered":"https:\/\/sites.enf.ufmg.br\/ppgns\/?page_id=781"},"modified":"2025-04-29T12:01:15","modified_gmt":"2025-04-29T15:01:15","slug":"enlaces-auxiliares","status":"publish","type":"page","link":"https:\/\/www.ufmg.br\/ppgns\/es\/enlaces-auxiliares\/","title":{"rendered":"Enlaces auxiliares"},"content":{"rendered":"\n<p>La Gu\u00eda para Estudiantes Extranjeros proporciona informaci\u00f3n esencial sobre la UFMG y ofrece una visi\u00f3n general de la vida en Belo Horizonte.<\/p>\n\n\n\n<div class=\"wp-block-file\"><a id=\"wp-block-file--media-7c6ba6b9-0819-40b1-83be-fcca30e94d22\" href=\"https:\/\/sites.enf.ufmg.br\/ppgns\/wp-content\/uploads\/2025\/04\/student_guide_en-compactado.pdf\" target=\"_blank\" rel=\"noreferrer noopener\">Gu\u00eda para estudiantes internacionales &#8211; Ingl\u00e9s<\/a><\/div>\n\n\n\n<div class=\"wp-block-file\"><a id=\"wp-block-file--media-03e5547c-fa41-4aa3-9afb-fa0606966342\" href=\"https:\/\/sites.enf.ufmg.br\/ppgns\/wp-content\/uploads\/2025\/04\/Guia-do-Estudante-compactado-1.pdf\" target=\"_blank\" rel=\"noreferrer noopener\">Gu\u00eda para estudiantes internacionales &#8211; Portugu\u00e9s<\/a><\/div>\n\n\n\n<p><\/p>\n","protected":false},"excerpt":{"rendered":"<p>La Gu\u00eda para Estudiantes Extranjeros proporciona informaci\u00f3n esencial sobre la UFMG y ofrece una visi\u00f3n general de la vida en Belo Horizonte.<\/p>\n","protected":false},"author":2,"featured_media":0,"parent":0,"menu_order":0,"comment_status":"closed","ping_status":"closed","template":"","meta":{"_acf_changed":false,"footnotes":""},"class_list":["post-781","page","type-page","status-publish","hentry"],"acf":[],"_links":{"self":[{"href":"https:\/\/www.ufmg.br\/ppgns\/wp-json\/wp\/v2\/pages\/781","targetHints":{"allow":["GET"]}}],"collection":[{"href":"https:\/\/www.ufmg.br\/ppgns\/wp-json\/wp\/v2\/pages"}],"about":[{"href":"https:\/\/www.ufmg.br\/ppgns\/wp-json\/wp\/v2\/types\/page"}],"author":[{"embeddable":true,"href":"https:\/\/www.ufmg.br\/ppgns\/wp-json\/wp\/v2\/users\/2"}],"replies":[{"embeddable":true,"href":"https:\/\/www.ufmg.br\/ppgns\/wp-json\/wp\/v2\/comments?post=781"}],"version-history":[{"count":3,"href":"https:\/\/www.ufmg.br\/ppgns\/wp-json\/wp\/v2\/pages\/781\/revisions"}],"predecessor-version":[{"id":793,"href":"https:\/\/www.ufmg.br\/ppgns\/wp-json\/wp\/v2\/pages\/781\/revisions\/793"}],"wp:attachment":[{"href":"https:\/\/www.ufmg.br\/ppgns\/wp-json\/wp\/v2\/media?parent=781"}],"curies":[{"name":"wp","href":"https:\/\/api.w.org\/{rel}","templated":true}]}}