{"id":83,"date":"2024-08-02T09:37:52","date_gmt":"2024-08-02T12:37:52","guid":{"rendered":"https:\/\/sites.enf.ufmg.br\/ppgns\/?page_id=83"},"modified":"2025-04-04T11:30:30","modified_gmt":"2025-04-04T14:30:30","slug":"proposta","status":"publish","type":"page","link":"https:\/\/www.ufmg.br\/ppgns\/proposta\/","title":{"rendered":"Programa"},"content":{"rendered":"<p style=\"text-align: justify; font-size:15px\">A Universidade Federal de Minas Gerais (UFMG) tem por finalidades a gera\u00e7\u00e3o, o desenvolvimento, o compartilhamento e a aplica\u00e7\u00e3o de conhecimentos por meio do ensino, pesquisa e extens\u00e3o, compreendidos de forma indissociada e integrados na educa\u00e7\u00e3o e na forma\u00e7\u00e3o profissional dos cidad\u00e3os, bem como na difus\u00e3o da cultura e na cria\u00e7\u00e3o filos\u00f3fica, art\u00edstica e tecnol\u00f3gica. A UFMG assume, portanto, a miss\u00e3o de gerar e difundir conhecimentos cient\u00edficos, tecnol\u00f3gicos e culturais, destacando-se como Institui\u00e7\u00e3o de refer\u00eancia regional e nacional na forma\u00e7\u00e3o de indiv\u00edduos cr\u00edticos e \u00e9ticos, dotados de s\u00f3lida base cient\u00edfica e human\u00edstica, e comprometidos com interven\u00e7\u00f5es transformadoras na sociedade e com o desenvolvimento sustent\u00e1vel. Esta perspectiva propiciou a cria\u00e7\u00e3o do Mestrado Acad\u00eamico em Nutri\u00e7\u00e3o e Sa\u00fade, em 2014, consonante com seu interesse por problemas emergentes de import\u00e2ncia para a sociedade e por favorecer o avan\u00e7o da produ\u00e7\u00e3o do conhecimento cient\u00edfico de forma interdisciplinar.\u00a0<\/p>\n\n\n<p><\/p>\n","protected":false},"excerpt":{"rendered":"<p>A Universidade Federal de Minas Gerais (UFMG) tem por finalidades a gera\u00e7\u00e3o, o desenvolvimento, o compartilhamento e a aplica\u00e7\u00e3o de conhecimentos por meio do ensino, pesquisa e extens\u00e3o, compreendidos de forma indissociada e integrados na educa\u00e7\u00e3o e na forma\u00e7\u00e3o profissional dos cidad\u00e3os, bem como na difus\u00e3o da cultura e na cria\u00e7\u00e3o filos\u00f3fica, art\u00edstica e tecnol\u00f3gica. [&hellip;]<\/p>\n","protected":false},"author":1,"featured_media":0,"parent":0,"menu_order":0,"comment_status":"closed","ping_status":"closed","template":"page-templates\/page-programming.php","meta":{"_acf_changed":false,"footnotes":""},"class_list":["post-83","page","type-page","status-publish","hentry"],"acf":[],"_links":{"self":[{"href":"https:\/\/www.ufmg.br\/ppgns\/wp-json\/wp\/v2\/pages\/83","targetHints":{"allow":["GET"]}}],"collection":[{"href":"https:\/\/www.ufmg.br\/ppgns\/wp-json\/wp\/v2\/pages"}],"about":[{"href":"https:\/\/www.ufmg.br\/ppgns\/wp-json\/wp\/v2\/types\/page"}],"author":[{"embeddable":true,"href":"https:\/\/www.ufmg.br\/ppgns\/wp-json\/wp\/v2\/users\/1"}],"replies":[{"embeddable":true,"href":"https:\/\/www.ufmg.br\/ppgns\/wp-json\/wp\/v2\/comments?post=83"}],"version-history":[{"count":19,"href":"https:\/\/www.ufmg.br\/ppgns\/wp-json\/wp\/v2\/pages\/83\/revisions"}],"predecessor-version":[{"id":249,"href":"https:\/\/www.ufmg.br\/ppgns\/wp-json\/wp\/v2\/pages\/83\/revisions\/249"}],"wp:attachment":[{"href":"https:\/\/www.ufmg.br\/ppgns\/wp-json\/wp\/v2\/media?parent=83"}],"curies":[{"name":"wp","href":"https:\/\/api.w.org\/{rel}","templated":true}]}}