{"id":946,"date":"2025-06-03T09:31:42","date_gmt":"2025-06-03T12:31:42","guid":{"rendered":"https:\/\/www.ufmg.br\/ppgns\/?page_id=946"},"modified":"2025-06-03T10:07:15","modified_gmt":"2025-06-03T13:07:15","slug":"internacionalizacao","status":"publish","type":"page","link":"https:\/\/www.ufmg.br\/ppgns\/internacionalizacao\/","title":{"rendered":"Internacionaliza\u00e7\u00e3o"},"content":{"rendered":"<p style=\"text-align: justify;\">A internacionaliza\u00e7\u00e3o \u00e9 um pilar estrat\u00e9gico e importante para o fortalecimento e a excel\u00eancia acad\u00eamica de um programa de p\u00f3s-gradua\u00e7\u00e3o e da universidade. Por meio da coopera\u00e7\u00e3o internacional, os alunos e docentes t\u00eam acesso a uma rede global de conhecimento, ampliando as oportunidades de pesquisa, ensino e inova\u00e7\u00e3o.<\/p>\n<p style=\"text-align: justify;\"><span data-contrast=\"auto\">O PPGNS demonstra uma expressiva atua\u00e7\u00e3o no cen\u00e1rio cient\u00edfico internacional, refletida na robusta rede de parcerias estabelecidas com institui\u00e7\u00f5es de renome ao redor do mundo. Essa colabora\u00e7\u00e3o se traduz em uma significativa produ\u00e7\u00e3o cient\u00edfica conjunta, fortalecendo o interc\u00e2mbio de conhecimento e ampliando o impacto das pesquisas desenvolvidas. <\/span><\/p>\n<p style=\"text-align: justify;\"><span data-contrast=\"auto\">Os docentes do nosso Programa mantem colabora\u00e7\u00e3o com pesquisador internacional de institui\u00e7\u00f5es como:<\/span> <span data-contrast=\"auto\">Nutrition department at Piti\u00e9 Salp\u00eatri\u00e8re hospital and Sorbonne Universit\u00e9, Paris, France; Institut National de la Sant\u00e9 et de la Recherche M\u00e9dicale (INSERM), Paris, France; Piti\u00e9-Salp\u00eatri\u00e8re Hospital, Sorbonne Universit\u00e9, Paris, France; Sciensano, B\u00e9lgica; Harvard Medical School, Boston, USA; Instituto de Medicina Molecular, Universidade de Lisboa, Lisboa, Portugal; Radboud University Medical Center, Holanda; Instituto Nacional de Salud P\u00fablica, M\u00e9xico; Drexel University, USA; University of Toronto, Toronto, Canada; Cardiovascular Rehabilitation and Prevention Program, Toronto Rehabilitation Institute, University Health Network, Toronto, Canada; Trieste University Hospital, It\u00e1lia; University of Alberta, Canad\u00e1; Uppsala University and Uppsala University Hospital, Su\u00e9cia; Toronto Rehab Research Institute &#8211; University Health Network, Toronto, Canad\u00e1; Institute for Applied Computing, National Research Council, Roma, It\u00e1lia; Centro de Investiga\u00e7\u00e3o em Antropologia e Sa\u00fade (CIAS), Universidade de Coimbra, Portugal; Food for Justice; Universidade de Valpara\u00edso \u2013 Chile; Heidelberg Universit\u00e4t: Heidelberg, DE, Alemanha; Arnold School of Public Health, University of South Carolina, Columbia, South Carolina; Department of Nutrition, Connecting Health Innovations LLC, Columbia, South Carolina; University of Auckland, Nova Zelandia; entre outras.<\/span><span data-ccp-props=\"{&quot;201341983&quot;:0,&quot;335551550&quot;:6,&quot;335551620&quot;:6,&quot;335559740&quot;:240}\">\u00a0<\/span><\/p>\n<p style=\"text-align: justify;\"><span data-contrast=\"auto\">A lista atualizada de colaboradores estrangeiros que mant\u00e9m colabora\u00e7\u00f5es com docentes do PPGNS:<\/span><span data-ccp-props=\"{&quot;201341983&quot;:0,&quot;335551550&quot;:6,&quot;335551620&quot;:6,&quot;335559740&quot;:240}\">\u00a0<\/span><\/p>\n<ul style=\"text-align: justify;\">\n<li data-leveltext=\"\u2022\" data-font=\"Times New Roman\" data-listid=\"33\" data-list-defn-props=\"{&quot;335551671&quot;:0,&quot;335552541&quot;:1,&quot;335559685&quot;:720,&quot;335559991&quot;:360,&quot;469769242&quot;:[8226],&quot;469777803&quot;:&quot;left&quot;,&quot;469777804&quot;:&quot;\u2022&quot;,&quot;469777815&quot;:&quot;hybridMultilevel&quot;}\" aria-setsize=\"-1\" data-aria-posinset=\"0\" data-aria-level=\"1\"><span data-contrast=\"auto\">Maria Cristina Proen\u00e7a Padez, Universidade de Coimbra, Portugal<\/span><span data-ccp-props=\"{&quot;201341983&quot;:0,&quot;335551550&quot;:6,&quot;335551620&quot;:6,&quot;335559739&quot;:0,&quot;335559740&quot;:240}\">\u00a0<\/span><\/li>\n<\/ul>\n<ul style=\"text-align: justify;\">\n<li data-leveltext=\"\u2022\" data-font=\"Times New Roman\" data-listid=\"33\" data-list-defn-props=\"{&quot;335551671&quot;:0,&quot;335552541&quot;:1,&quot;335559685&quot;:720,&quot;335559991&quot;:360,&quot;469769242&quot;:[8226],&quot;469777803&quot;:&quot;left&quot;,&quot;469777804&quot;:&quot;\u2022&quot;,&quot;469777815&quot;:&quot;hybridMultilevel&quot;}\" aria-setsize=\"-1\" data-aria-posinset=\"1\" data-aria-level=\"1\"><span data-contrast=\"auto\">Renata Motta, Universit\u00e4t Berlin, Alemanha<\/span><span data-ccp-props=\"{&quot;201341983&quot;:0,&quot;335551550&quot;:6,&quot;335551620&quot;:6,&quot;335559739&quot;:0,&quot;335559740&quot;:240}\">\u00a0<\/span><\/li>\n<\/ul>\n<ul style=\"text-align: justify;\">\n<li data-leveltext=\"\u2022\" data-font=\"Times New Roman\" data-listid=\"33\" data-list-defn-props=\"{&quot;335551671&quot;:0,&quot;335552541&quot;:1,&quot;335559685&quot;:720,&quot;335559991&quot;:360,&quot;469769242&quot;:[8226],&quot;469777803&quot;:&quot;left&quot;,&quot;469777804&quot;:&quot;\u2022&quot;,&quot;469777815&quot;:&quot;hybridMultilevel&quot;}\" aria-setsize=\"-1\" data-aria-posinset=\"2\" data-aria-level=\"1\"><span data-contrast=\"auto\">Angela Martin\u00e9z; Marcela Vizcarra, Universidade de Valpara\u00edso, Chile<\/span><span data-ccp-props=\"{&quot;201341983&quot;:0,&quot;335551550&quot;:6,&quot;335551620&quot;:6,&quot;335559739&quot;:0,&quot;335559740&quot;:240}\">\u00a0<\/span><\/li>\n<\/ul>\n<ul style=\"text-align: justify;\">\n<li data-leveltext=\"\u2022\" data-font=\"Times New Roman\" data-listid=\"33\" data-list-defn-props=\"{&quot;335551671&quot;:0,&quot;335552541&quot;:1,&quot;335559685&quot;:720,&quot;335559991&quot;:360,&quot;469769242&quot;:[8226],&quot;469777803&quot;:&quot;left&quot;,&quot;469777804&quot;:&quot;\u2022&quot;,&quot;469777815&quot;:&quot;hybridMultilevel&quot;}\" aria-setsize=\"-1\" data-aria-posinset=\"3\" data-aria-level=\"1\"><span data-contrast=\"auto\">Nitin Shivappa, University of South Carolina, South Carolina<\/span><span data-ccp-props=\"{&quot;201341983&quot;:0,&quot;335551550&quot;:6,&quot;335551620&quot;:6,&quot;335559739&quot;:0,&quot;335559740&quot;:240}\">\u00a0<\/span><\/li>\n<\/ul>\n<ul style=\"text-align: justify;\">\n<li data-leveltext=\"\u2022\" data-font=\"Times New Roman\" data-listid=\"33\" data-list-defn-props=\"{&quot;335551671&quot;:0,&quot;335552541&quot;:1,&quot;335559685&quot;:720,&quot;335559991&quot;:360,&quot;469769242&quot;:[8226],&quot;469777803&quot;:&quot;left&quot;,&quot;469777804&quot;:&quot;\u2022&quot;,&quot;469777815&quot;:&quot;hybridMultilevel&quot;}\" aria-setsize=\"-1\" data-aria-posinset=\"4\" data-aria-level=\"1\"><span data-contrast=\"auto\">James R. H\u00e9bert, Connecting Health Innovations LLC, South Carolina<\/span><span data-ccp-props=\"{&quot;201341983&quot;:0,&quot;335551550&quot;:6,&quot;335551620&quot;:6,&quot;335559739&quot;:0,&quot;335559740&quot;:240}\">\u00a0<\/span><\/li>\n<\/ul>\n<ul style=\"text-align: justify;\">\n<li data-leveltext=\"\u2022\" data-font=\"Times New Roman\" data-listid=\"33\" data-list-defn-props=\"{&quot;335551671&quot;:0,&quot;335552541&quot;:1,&quot;335559685&quot;:720,&quot;335559991&quot;:360,&quot;469769242&quot;:[8226],&quot;469777803&quot;:&quot;left&quot;,&quot;469777804&quot;:&quot;\u2022&quot;,&quot;469777815&quot;:&quot;hybridMultilevel&quot;}\" aria-setsize=\"-1\" data-aria-posinset=\"5\" data-aria-level=\"1\"><span data-contrast=\"auto\">Carolina Ferrer, Instituto Nacional de Sa\u00fade P\u00fablica, M\u00e9xico<\/span><span data-ccp-props=\"{&quot;201341983&quot;:0,&quot;335551550&quot;:6,&quot;335551620&quot;:6,&quot;335559739&quot;:0,&quot;335559740&quot;:240}\">\u00a0<\/span><\/li>\n<\/ul>\n<ul style=\"text-align: justify;\">\n<li data-leveltext=\"\u2022\" data-font=\"Times New Roman\" data-listid=\"33\" data-list-defn-props=\"{&quot;335551671&quot;:0,&quot;335552541&quot;:1,&quot;335559685&quot;:720,&quot;335559991&quot;:360,&quot;469769242&quot;:[8226],&quot;469777803&quot;:&quot;left&quot;,&quot;469777804&quot;:&quot;\u2022&quot;,&quot;469777815&quot;:&quot;hybridMultilevel&quot;}\" aria-setsize=\"-1\" data-aria-posinset=\"6\" data-aria-level=\"1\"><span data-contrast=\"auto\">Kari Moore, Drexel University, USA\u00a0<\/span><span data-ccp-props=\"{&quot;201341983&quot;:0,&quot;335551550&quot;:6,&quot;335551620&quot;:6,&quot;335559739&quot;:0,&quot;335559740&quot;:240}\">\u00a0<\/span><\/li>\n<\/ul>\n<ul style=\"text-align: justify;\">\n<li data-leveltext=\"\u2022\" data-font=\"Times New Roman\" data-listid=\"33\" data-list-defn-props=\"{&quot;335551671&quot;:0,&quot;335552541&quot;:1,&quot;335559685&quot;:720,&quot;335559991&quot;:360,&quot;469769242&quot;:[8226],&quot;469777803&quot;:&quot;left&quot;,&quot;469777804&quot;:&quot;\u2022&quot;,&quot;469777815&quot;:&quot;hybridMultilevel&quot;}\" aria-setsize=\"-1\" data-aria-posinset=\"7\" data-aria-level=\"1\"><span data-contrast=\"auto\">Ana V. Diez Roux, Drexel University, USA\u00a0<\/span><span data-ccp-props=\"{&quot;201341983&quot;:0,&quot;335551550&quot;:6,&quot;335551620&quot;:6,&quot;335559739&quot;:0,&quot;335559740&quot;:240}\">\u00a0<\/span><\/li>\n<\/ul>\n<ul style=\"text-align: justify;\">\n<li data-leveltext=\"\u2022\" data-font=\"Times New Roman\" data-listid=\"33\" data-list-defn-props=\"{&quot;335551671&quot;:0,&quot;335552541&quot;:1,&quot;335559685&quot;:720,&quot;335559991&quot;:360,&quot;469769242&quot;:[8226],&quot;469777803&quot;:&quot;left&quot;,&quot;469777804&quot;:&quot;\u2022&quot;,&quot;469777815&quot;:&quot;hybridMultilevel&quot;}\" aria-setsize=\"-1\" data-aria-posinset=\"8\" data-aria-level=\"1\"><span data-contrast=\"auto\">Stefanie Vandevijvere, Sciensano, B\u00e9lgica<\/span><span data-ccp-props=\"{&quot;201341983&quot;:0,&quot;335551550&quot;:6,&quot;335551620&quot;:6,&quot;335559739&quot;:0,&quot;335559740&quot;:240}\">\u00a0<\/span><\/li>\n<\/ul>\n<ul style=\"text-align: justify;\">\n<li data-leveltext=\"\u2022\" data-font=\"Times New Roman\" data-listid=\"33\" data-list-defn-props=\"{&quot;335551671&quot;:0,&quot;335552541&quot;:1,&quot;335559685&quot;:720,&quot;335559991&quot;:360,&quot;469769242&quot;:[8226],&quot;469777803&quot;:&quot;left&quot;,&quot;469777804&quot;:&quot;\u2022&quot;,&quot;469777815&quot;:&quot;hybridMultilevel&quot;}\" aria-setsize=\"-1\" data-aria-posinset=\"9\" data-aria-level=\"1\"><span data-contrast=\"auto\">Filippo Castiglione, National Research Council, It\u00e1lia<\/span><span data-ccp-props=\"{&quot;201341983&quot;:0,&quot;335551550&quot;:6,&quot;335551620&quot;:6,&quot;335559739&quot;:0,&quot;335559740&quot;:240}\">\u00a0<\/span><\/li>\n<\/ul>\n<ul style=\"text-align: justify;\">\n<li data-leveltext=\"\u2022\" data-font=\"Times New Roman\" data-listid=\"33\" data-list-defn-props=\"{&quot;335551671&quot;:0,&quot;335552541&quot;:1,&quot;335559685&quot;:720,&quot;335559991&quot;:360,&quot;469769242&quot;:[8226],&quot;469777803&quot;:&quot;left&quot;,&quot;469777804&quot;:&quot;\u2022&quot;,&quot;469777815&quot;:&quot;hybridMultilevel&quot;}\" aria-setsize=\"-1\" data-aria-posinset=\"10\" data-aria-level=\"1\"><span data-contrast=\"auto\">Howard Weiner, Thais Moreira, Harvard Medical School, Boston, USA<\/span><span data-ccp-props=\"{&quot;201341983&quot;:0,&quot;335551550&quot;:6,&quot;335551620&quot;:6,&quot;335559739&quot;:0,&quot;335559740&quot;:240}\">\u00a0<\/span><\/li>\n<\/ul>\n<ul style=\"text-align: justify;\">\n<li data-leveltext=\"\u2022\" data-font=\"Times New Roman\" data-listid=\"33\" data-list-defn-props=\"{&quot;335551671&quot;:0,&quot;335552541&quot;:1,&quot;335559685&quot;:720,&quot;335559991&quot;:360,&quot;469769242&quot;:[8226],&quot;469777803&quot;:&quot;left&quot;,&quot;469777804&quot;:&quot;\u2022&quot;,&quot;469777815&quot;:&quot;hybridMultilevel&quot;}\" aria-setsize=\"-1\" data-aria-posinset=\"11\" data-aria-level=\"1\"><span data-contrast=\"auto\">Luis Gra\u00e7a, Universidade de Lisboa, Portugal<\/span><span data-ccp-props=\"{&quot;201341983&quot;:0,&quot;335551550&quot;:6,&quot;335551620&quot;:6,&quot;335559739&quot;:0,&quot;335559740&quot;:240}\">\u00a0<\/span><\/li>\n<\/ul>\n<ul style=\"text-align: justify;\">\n<li data-leveltext=\"\u2022\" data-font=\"Times New Roman\" data-listid=\"33\" data-list-defn-props=\"{&quot;335551671&quot;:0,&quot;335552541&quot;:1,&quot;335559685&quot;:720,&quot;335559991&quot;:360,&quot;469769242&quot;:[8226],&quot;469777803&quot;:&quot;left&quot;,&quot;469777804&quot;:&quot;\u2022&quot;,&quot;469777815&quot;:&quot;hybridMultilevel&quot;}\" aria-setsize=\"-1\" data-aria-posinset=\"12\" data-aria-level=\"1\"><span data-contrast=\"auto\">Boyd Swinburn, University of Auckland, Nova Zel\u00e2ndia<\/span><span data-ccp-props=\"{&quot;201341983&quot;:0,&quot;335551550&quot;:6,&quot;335551620&quot;:6,&quot;335559739&quot;:0,&quot;335559740&quot;:240}\">\u00a0<\/span><\/li>\n<\/ul>\n<ul style=\"text-align: justify;\">\n<li data-leveltext=\"\u2022\" data-font=\"Times New Roman\" data-listid=\"33\" data-list-defn-props=\"{&quot;335551671&quot;:0,&quot;335552541&quot;:1,&quot;335559685&quot;:720,&quot;335559991&quot;:360,&quot;469769242&quot;:[8226],&quot;469777803&quot;:&quot;left&quot;,&quot;469777804&quot;:&quot;\u2022&quot;,&quot;469777815&quot;:&quot;hybridMultilevel&quot;}\" aria-setsize=\"-1\" data-aria-posinset=\"13\" data-aria-level=\"1\"><span data-contrast=\"auto\">Sally Mackay, University of Auckland, Nova Zel\u00e2ndia<\/span><span data-ccp-props=\"{&quot;201341983&quot;:0,&quot;335551550&quot;:6,&quot;335551620&quot;:6,&quot;335559739&quot;:0,&quot;335559740&quot;:240}\">\u00a0<\/span><\/li>\n<\/ul>\n<ul style=\"text-align: justify;\">\n<li data-leveltext=\"\u2022\" data-font=\"Times New Roman\" data-listid=\"33\" data-list-defn-props=\"{&quot;335551671&quot;:0,&quot;335552541&quot;:1,&quot;335559685&quot;:720,&quot;335559991&quot;:360,&quot;469769242&quot;:[8226],&quot;469777803&quot;:&quot;left&quot;,&quot;469777804&quot;:&quot;\u2022&quot;,&quot;469777815&quot;:&quot;hybridMultilevel&quot;}\" aria-setsize=\"-1\" data-aria-posinset=\"14\" data-aria-level=\"1\"><span data-contrast=\"auto\">Renata Campos Motta, Heidelberg Universit\u00e4t, Heidelberg, Alemanha<\/span><span data-ccp-props=\"{&quot;201341983&quot;:0,&quot;335551550&quot;:6,&quot;335551620&quot;:6,&quot;335559739&quot;:0,&quot;335559740&quot;:240}\">\u00a0<\/span><\/li>\n<\/ul>\n<ul style=\"text-align: justify;\">\n<li data-leveltext=\"\u2022\" data-font=\"Times New Roman\" data-listid=\"33\" data-list-defn-props=\"{&quot;335551671&quot;:0,&quot;335552541&quot;:1,&quot;335559685&quot;:720,&quot;335559991&quot;:360,&quot;469769242&quot;:[8226],&quot;469777803&quot;:&quot;left&quot;,&quot;469777804&quot;:&quot;\u2022&quot;,&quot;469777815&quot;:&quot;hybridMultilevel&quot;}\" aria-setsize=\"-1\" data-aria-posinset=\"15\" data-aria-level=\"1\"><span data-contrast=\"auto\">Carla Prado, Rocco Barazonni, Tommy Cederholm<\/span><span data-ccp-props=\"{&quot;201341983&quot;:0,&quot;335551550&quot;:6,&quot;335551620&quot;:6,&quot;335559739&quot;:0,&quot;335559740&quot;:240}\">\u00a0<\/span><\/li>\n<\/ul>\n<ul style=\"text-align: justify;\">\n<li data-leveltext=\"\u2022\" data-font=\"Times New Roman\" data-listid=\"33\" data-list-defn-props=\"{&quot;335551671&quot;:0,&quot;335552541&quot;:1,&quot;335559685&quot;:720,&quot;335559991&quot;:360,&quot;469769242&quot;:[8226],&quot;469777803&quot;:&quot;left&quot;,&quot;469777804&quot;:&quot;\u2022&quot;,&quot;469777815&quot;:&quot;hybridMultilevel&quot;}\" aria-setsize=\"-1\" data-aria-posinset=\"16\" data-aria-level=\"1\"><span data-contrast=\"auto\">Fons van de Loo, Radboud University Medical Center, Holanda<\/span><span data-ccp-props=\"{&quot;201341983&quot;:0,&quot;335551550&quot;:6,&quot;335551620&quot;:6,&quot;335559739&quot;:0,&quot;335559740&quot;:240}\">\u00a0<\/span><\/li>\n<\/ul>\n<ul style=\"text-align: justify;\">\n<li data-leveltext=\"\u2022\" data-font=\"Times New Roman\" data-listid=\"33\" data-list-defn-props=\"{&quot;335551671&quot;:0,&quot;335552541&quot;:1,&quot;335559685&quot;:720,&quot;335559991&quot;:360,&quot;469769242&quot;:[8226],&quot;469777803&quot;:&quot;left&quot;,&quot;469777804&quot;:&quot;\u2022&quot;,&quot;469777815&quot;:&quot;hybridMultilevel&quot;}\" aria-setsize=\"-1\" data-aria-posinset=\"17\" data-aria-level=\"1\"><span data-contrast=\"auto\">Karine Cl\u00e9ment, Sorbonne Universit\u00e9, Fran\u00e7a<\/span><span data-ccp-props=\"{&quot;201341983&quot;:0,&quot;335551550&quot;:6,&quot;335551620&quot;:6,&quot;335559739&quot;:0,&quot;335559740&quot;:240}\">\u00a0<\/span><\/li>\n<\/ul>\n<ul style=\"text-align: justify;\">\n<li data-leveltext=\"\u2022\" data-font=\"Times New Roman\" data-listid=\"33\" data-list-defn-props=\"{&quot;335551671&quot;:0,&quot;335552541&quot;:1,&quot;335559685&quot;:720,&quot;335559991&quot;:360,&quot;469769242&quot;:[8226],&quot;469777803&quot;:&quot;left&quot;,&quot;469777804&quot;:&quot;\u2022&quot;,&quot;469777815&quot;:&quot;hybridMultilevel&quot;}\" aria-setsize=\"-1\" data-aria-posinset=\"18\" data-aria-level=\"1\"><span data-contrast=\"auto\">Genevi\u00e8ve Marcelin, Sorbonne Universit\u00e9, Fran\u00e7a<\/span><span data-ccp-props=\"{&quot;201341983&quot;:0,&quot;335551550&quot;:6,&quot;335551620&quot;:6,&quot;335559739&quot;:0,&quot;335559740&quot;:240}\">\u00a0<\/span><\/li>\n<\/ul>\n<ul style=\"text-align: justify;\">\n<li data-leveltext=\"\u2022\" data-font=\"Times New Roman\" data-listid=\"33\" data-list-defn-props=\"{&quot;335551671&quot;:0,&quot;335552541&quot;:1,&quot;335559685&quot;:720,&quot;335559991&quot;:360,&quot;469769242&quot;:[8226],&quot;469777803&quot;:&quot;left&quot;,&quot;469777804&quot;:&quot;\u2022&quot;,&quot;469777815&quot;:&quot;hybridMultilevel&quot;}\" aria-setsize=\"-1\" data-aria-posinset=\"19\" data-aria-level=\"1\"><span data-contrast=\"auto\">Emmanuel L. Gautier, Sorbonne Universit\u00e9, Fran\u00e7a<\/span><span data-ccp-props=\"{&quot;201341983&quot;:0,&quot;335551550&quot;:6,&quot;335551620&quot;:6,&quot;335559739&quot;:0,&quot;335559740&quot;:240}\">\u00a0<\/span><\/li>\n<\/ul>\n<ul style=\"text-align: justify;\">\n<li data-leveltext=\"\u2022\" data-font=\"Times New Roman\" data-listid=\"33\" data-list-defn-props=\"{&quot;335551671&quot;:0,&quot;335552541&quot;:1,&quot;335559685&quot;:720,&quot;335559991&quot;:360,&quot;469769242&quot;:[8226],&quot;469777803&quot;:&quot;left&quot;,&quot;469777804&quot;:&quot;\u2022&quot;,&quot;469777815&quot;:&quot;hybridMultilevel&quot;}\" aria-setsize=\"-1\" data-aria-posinset=\"20\" data-aria-level=\"1\"><span data-contrast=\"auto\">Gabriela Ghisi, University of Toronto, Canad\u00e1<\/span><span data-ccp-props=\"{&quot;201341983&quot;:0,&quot;335551550&quot;:6,&quot;335551620&quot;:6,&quot;335559739&quot;:0,&quot;335559740&quot;:240}\">\u00a0<\/span><\/li>\n<\/ul>\n<ul>\n<li style=\"text-align: justify;\" data-leveltext=\"\u2022\" data-font=\"Times New Roman\" data-listid=\"33\" data-list-defn-props=\"{&quot;335551671&quot;:0,&quot;335552541&quot;:1,&quot;335559685&quot;:720,&quot;335559991&quot;:360,&quot;469769242&quot;:[8226],&quot;469777803&quot;:&quot;left&quot;,&quot;469777804&quot;:&quot;\u2022&quot;,&quot;469777815&quot;:&quot;hybridMultilevel&quot;}\" aria-setsize=\"-1\" data-aria-posinset=\"21\" data-aria-level=\"1\"><span data-contrast=\"auto\">Paul Oh, University Health Network, Canad\u00e1<\/span><span data-ccp-props=\"{&quot;201341983&quot;:0,&quot;335551550&quot;:6,&quot;335551620&quot;:6,&quot;335559739&quot;:0,&quot;335559740&quot;:240}\">\u00a0<\/span><\/li>\n<\/ul>\n<p style=\"text-align: justify;\"><br \/>Com a forte atua\u00e7\u00e3o do corpo docente do PPGNS em colabora\u00e7\u00f5es internacionais e o in\u00edcio do doutorado em 2023, projeta-se um fluxo consistente de discentes para realizar parte do doutorado no exterior na modalidade sandu\u00edche ainda em 2025.<\/p>\n\n\n<p><strong>Discentes do PPGNS em Doutorado Sandu\u00edche :<\/strong><\/p>\n\n\n\n<p>Em Breve.<\/p>\n\n\n\n<p><strong>Alunos do PPGNS de outras nacionalidades :<\/strong><\/p>\n\n\n\n<p><strong>Elias Bekele Wakwoya<\/strong> <strong> \u2013 Estudante de doutorado PPGNS<br><\/strong>Programa GCUB de Mobilidade Internacional<br>In\u00edcio do doutorado: mar\u00e7o\/25<br>Professora orientadora: Mariana Carvalho de Menezes<br>Pa\u00eds: Eti\u00f3pia<\/p>\n\n\n<p style=\"text-align: justify;\"><span class=\"TextRun SCXW15625547 BCX0\" lang=\"PT-BR\" xml:lang=\"PT-BR\" data-contrast=\"auto\"><span class=\"NormalTextRun SCXW15625547 BCX0\">Apesar dos desafios inerentes \u00e0 internacionaliza\u00e7\u00e3o, como a limita\u00e7\u00e3o de recursos financeiros e a dificuldade de mobilidade acad\u00eamica devido \u00e0 curta dura\u00e7\u00e3o <\/span><span class=\"NormalTextRun SCXW15625547 BCX0\">d<\/span><span class=\"NormalTextRun SCXW15625547 BCX0\">o curso de mestrado e in\u00edcio do <\/span><span class=\"NormalTextRun SCXW15625547 BCX0\">c<\/span><span class=\"NormalTextRun SCXW15625547 BCX0\">urso<\/span><span class=\"NormalTextRun SCXW15625547 BCX0\"> de doutorado, o Programa tem se destacado por seu compromisso com a excel\u00eancia e pela busca constante de novas oportunidades de colabora\u00e7\u00e3o global. A significativa rede de parcerias internacionais, a produ\u00e7\u00e3o cient\u00edfica de impacto e a inser\u00e7\u00e3o dos docentes em peri\u00f3dicos e eventos internacionais evidenciam a solidez das a\u00e7\u00f5es desenvolvidas. O crescimento cont\u00ednuo das colabora\u00e7\u00f5es, aliado \u00e0 capta\u00e7\u00e3o de financiamento internacional e \u00e0 implementa\u00e7\u00e3o de iniciativas estrat\u00e9gicas, reafirma o compromisso do PPGNS com a internacionaliza\u00e7\u00e3o, <\/span><span class=\"NormalTextRun SCXW15625547 BCX0\">de modo a <\/span><span class=\"NormalTextRun SCXW15625547 BCX0\">consolida<\/span><span class=\"NormalTextRun SCXW15625547 BCX0\">r e ampliar<\/span><span class=\"NormalTextRun SCXW15625547 BCX0\"> sua posi\u00e7\u00e3o como um polo de refer\u00eancia na \u00e1rea de Nutri\u00e7\u00e3o e Sa\u00fade em um cen\u00e1rio global.<\/span><\/span><span class=\"EOP SCXW15625547 BCX0\" data-ccp-props=\"{&quot;201341983&quot;:0,&quot;335551550&quot;:6,&quot;335551620&quot;:6,&quot;335559740&quot;:240}\">\u00a0<\/span><\/p>\n\n\n<p><\/p>\n","protected":false},"excerpt":{"rendered":"<p>A internacionaliza\u00e7\u00e3o \u00e9 um pilar estrat\u00e9gico e importante para o fortalecimento e a excel\u00eancia acad\u00eamica de um programa de p\u00f3s-gradua\u00e7\u00e3o e da universidade. Por meio da coopera\u00e7\u00e3o internacional, os alunos e docentes t\u00eam acesso a uma rede global de conhecimento, ampliando as oportunidades de pesquisa, ensino e inova\u00e7\u00e3o. O PPGNS demonstra uma expressiva atua\u00e7\u00e3o no [&hellip;]<\/p>\n","protected":false},"author":2,"featured_media":0,"parent":0,"menu_order":0,"comment_status":"closed","ping_status":"closed","template":"","meta":{"_acf_changed":false,"footnotes":""},"class_list":["post-946","page","type-page","status-publish","hentry"],"acf":[],"_links":{"self":[{"href":"https:\/\/www.ufmg.br\/ppgns\/wp-json\/wp\/v2\/pages\/946","targetHints":{"allow":["GET"]}}],"collection":[{"href":"https:\/\/www.ufmg.br\/ppgns\/wp-json\/wp\/v2\/pages"}],"about":[{"href":"https:\/\/www.ufmg.br\/ppgns\/wp-json\/wp\/v2\/types\/page"}],"author":[{"embeddable":true,"href":"https:\/\/www.ufmg.br\/ppgns\/wp-json\/wp\/v2\/users\/2"}],"replies":[{"embeddable":true,"href":"https:\/\/www.ufmg.br\/ppgns\/wp-json\/wp\/v2\/comments?post=946"}],"version-history":[{"count":6,"href":"https:\/\/www.ufmg.br\/ppgns\/wp-json\/wp\/v2\/pages\/946\/revisions"}],"predecessor-version":[{"id":955,"href":"https:\/\/www.ufmg.br\/ppgns\/wp-json\/wp\/v2\/pages\/946\/revisions\/955"}],"wp:attachment":[{"href":"https:\/\/www.ufmg.br\/ppgns\/wp-json\/wp\/v2\/media?parent=946"}],"curies":[{"name":"wp","href":"https:\/\/api.w.org\/{rel}","templated":true}]}}