{"id":987,"date":"2025-06-06T13:41:12","date_gmt":"2025-06-06T16:41:12","guid":{"rendered":"https:\/\/www.ufmg.br\/ppgns\/?page_id=987"},"modified":"2025-06-06T16:56:26","modified_gmt":"2025-06-06T19:56:26","slug":"publicacoes","status":"publish","type":"page","link":"https:\/\/www.ufmg.br\/ppgns\/publicacoes\/","title":{"rendered":"Publica\u00e7\u00f5es"},"content":{"rendered":"<p style=\"text-align: justify;\" data-sourcepos=\"7:1-7:422\">Nesta se\u00e7\u00e3o, o Programa de P\u00f3s-Gradua\u00e7\u00e3o em Nutri\u00e7\u00e3o e Sa\u00fade da Universidade Federal de Minas Gerais (UFMG) tem o prazer de apresentar a produ\u00e7\u00e3o cient\u00edfica que reflete o dinamismo e a excel\u00eancia de nossa comunidade acad\u00eamica. Nossas publica\u00e7\u00f5es s\u00e3o o resultado do esfor\u00e7o conjunto e da colabora\u00e7\u00e3o frut\u00edfera entre docentes, discentes, egressos e pesquisadores parceiros, tanto no \u00e2mbito nacional quanto internacional.<\/p>\n<p style=\"text-align: justify;\" data-sourcepos=\"9:1-9:477\">Acreditamos que a divulga\u00e7\u00e3o do conhecimento gerado em nosso programa \u00e9 um pilar fundamental para o avan\u00e7o da ci\u00eancia na \u00e1rea de Nutri\u00e7\u00e3o e Sa\u00fade e para o fortalecimento do di\u00e1logo com a sociedade. Cada publica\u00e7\u00e3o representa n\u00e3o apenas o aprofundamento em tem\u00e1ticas relevantes para a sa\u00fade p\u00fablica e a pr\u00e1tica cl\u00ednica, mas tamb\u00e9m a constru\u00e7\u00e3o de uma rede s\u00f3lida de pesquisa que transcende as fronteiras de nossa universidade.<\/p>\n<p style=\"text-align: justify;\" data-sourcepos=\"11:1-11:503\">As publica\u00e7\u00f5es aqui reunidas demonstram o compromisso do nosso corpo docente com a forma\u00e7\u00e3o de pesquisadores de alto n\u00edvel, capazes de contribuir significativamente para a solu\u00e7\u00e3o de desafios nutricionais contempor\u00e2neos. Para os nossos alunos, a participa\u00e7\u00e3o em publica\u00e7\u00f5es \u00e9 uma etapa crucial de sua forma\u00e7\u00e3o, proporcionando-lhes a oportunidade de desenvolver habilidades de pesquisa, escrita cient\u00edfica e pensamento cr\u00edtico, al\u00e9m de ampliar sua visibilidade e inser\u00e7\u00e3o na comunidade cient\u00edfica global.<\/p>\n<p style=\"text-align: justify;\" data-sourcepos=\"13:1-13:465\">A participa\u00e7\u00e3o de nossos egressos nas publica\u00e7\u00f5es evidencia o impacto duradouro do programa e a cont\u00ednua contribui\u00e7\u00e3o de nossos ex-alunos para o campo do conhecimento, aplicando a ci\u00eancia da nutri\u00e7\u00e3o em diversas frentes de atua\u00e7\u00e3o. Da mesma forma, as colabora\u00e7\u00f5es com pesquisadores de outras institui\u00e7\u00f5es, nacionais e internacionais, enriquecem nossa produ\u00e7\u00e3o, promovem a troca de experi\u00eancias e perspectivas, e ampliam o alcance e a relev\u00e2ncia de nossas pesquisas.<\/p>\n\n\n<div class=\"wp-block-group is-nowrap is-layout-flex wp-container-core-group-is-layout-ad2f72ca wp-block-group-is-layout-flex\">\n<p class=\"has-medium-font-size\"><a href=\"https:\/\/www.ufmg.br\/ppgns\/publicacoes-em-2017\/\" data-type=\"page\" data-id=\"1017\">2017<\/a><\/p>\n\n\n\n<p class=\"has-medium-font-size\"><a href=\"https:\/\/www.ufmg.br\/ppgns\/publicacoes-em-2018\/\" data-type=\"page\" data-id=\"1015\">2018<\/a><\/p>\n\n\n\n<p class=\"has-medium-font-size\"><a href=\"https:\/\/www.ufmg.br\/ppgns\/publicacoes-em-2019\/\" data-type=\"page\" data-id=\"1011\">2019<\/a><\/p>\n\n\n\n<p class=\"has-medium-font-size\"><a href=\"https:\/\/www.ufmg.br\/ppgns\/publicacoes-em-2020\/\" data-type=\"page\" data-id=\"1005\">2020<\/a><\/p>\n\n\n\n<p class=\"has-medium-font-size\"><a href=\"https:\/\/www.ufmg.br\/ppgns\/publicacoes-em-2021\/\" data-type=\"page\" data-id=\"1001\">2021<\/a><\/p>\n\n\n\n<p class=\"has-medium-font-size\"><a href=\"https:\/\/www.ufmg.br\/ppgns\/publicacoes-em-2022\/\" data-type=\"page\" data-id=\"1000\">2022<\/a><\/p>\n\n\n\n<p class=\"has-medium-font-size\"><a href=\"https:\/\/www.ufmg.br\/ppgns\/publicacoes-em-2023\/\" data-type=\"page\" data-id=\"993\">2023<\/a><\/p>\n\n\n\n<p class=\"has-medium-font-size\"><a href=\"https:\/\/www.ufmg.br\/ppgns\/publicacoes-em-2024\/\" data-type=\"page\" data-id=\"989\">2024<\/a> <\/p>\n\n\n\n<p class=\"has-medium-font-size\"><a href=\"https:\/\/www.ufmg.br\/ppgns\/publicacoes-em-2025\/\" data-type=\"page\" data-id=\"1026\">2025<\/a><\/p>\n<\/div>\n\n\n\n<p><\/p>\n","protected":false},"excerpt":{"rendered":"<p>Nesta se\u00e7\u00e3o, o Programa de P\u00f3s-Gradua\u00e7\u00e3o em Nutri\u00e7\u00e3o e Sa\u00fade da Universidade Federal de Minas Gerais (UFMG) tem o prazer de apresentar a produ\u00e7\u00e3o cient\u00edfica que reflete o dinamismo e a excel\u00eancia de nossa comunidade acad\u00eamica. Nossas publica\u00e7\u00f5es s\u00e3o o resultado do esfor\u00e7o conjunto e da colabora\u00e7\u00e3o frut\u00edfera entre docentes, discentes, egressos e pesquisadores parceiros, [&hellip;]<\/p>\n","protected":false},"author":2,"featured_media":0,"parent":0,"menu_order":0,"comment_status":"closed","ping_status":"closed","template":"","meta":{"_acf_changed":false,"footnotes":""},"class_list":["post-987","page","type-page","status-publish","hentry"],"acf":[],"_links":{"self":[{"href":"https:\/\/www.ufmg.br\/ppgns\/wp-json\/wp\/v2\/pages\/987","targetHints":{"allow":["GET"]}}],"collection":[{"href":"https:\/\/www.ufmg.br\/ppgns\/wp-json\/wp\/v2\/pages"}],"about":[{"href":"https:\/\/www.ufmg.br\/ppgns\/wp-json\/wp\/v2\/types\/page"}],"author":[{"embeddable":true,"href":"https:\/\/www.ufmg.br\/ppgns\/wp-json\/wp\/v2\/users\/2"}],"replies":[{"embeddable":true,"href":"https:\/\/www.ufmg.br\/ppgns\/wp-json\/wp\/v2\/comments?post=987"}],"version-history":[{"count":8,"href":"https:\/\/www.ufmg.br\/ppgns\/wp-json\/wp\/v2\/pages\/987\/revisions"}],"predecessor-version":[{"id":1028,"href":"https:\/\/www.ufmg.br\/ppgns\/wp-json\/wp\/v2\/pages\/987\/revisions\/1028"}],"wp:attachment":[{"href":"https:\/\/www.ufmg.br\/ppgns\/wp-json\/wp\/v2\/media?parent=987"}],"curies":[{"name":"wp","href":"https:\/\/api.w.org\/{rel}","templated":true}]}}