{"id":1008,"date":"2024-08-23T10:48:13","date_gmt":"2024-08-23T13:48:13","guid":{"rendered":"https:\/\/www.ufmg.br\/pra\/?page_id=1008"},"modified":"2024-09-16T14:09:24","modified_gmt":"2024-09-16T17:09:24","slug":"sistema-de-faixas","status":"publish","type":"page","link":"https:\/\/www.ufmg.br\/pra\/sistema-de-faixas\/","title":{"rendered":"Agendamento e Coloca\u00e7\u00e3o de Faixas"},"content":{"rendered":"<p>O <a href=\"https:\/\/www.ufmg.br\/pra\/dga-departamento-de-gestao-ambiental\/departamento-de-logistica-de-suprimentos-e-de-servicos-operacionais-dlo\/\" target=\"_blank\" rel=\"noopener\">Departamento de Log\u00edstica de Suprimentos e de Servi\u00e7os Operacionais (DLO)<\/a> atua na coloca\u00e7\u00e3o de faixas nos campi da UFMG. Para isso, desenvolveu o <a href=\"https:\/\/www.ufmg.br\/dlo\/sys_faixas\/login.php\" target=\"_blank\" rel=\"noopener\">Sistema de Agendamento e Coloca\u00e7\u00e3o de Faixas<\/a>, que permite que o requerimento para aloca\u00e7\u00e3o de faixas seja feito de forma online, assim, tanto a solicita\u00e7\u00e3o como a aprova\u00e7\u00e3o s\u00e3o processadas por esse programa.<\/p>\n<p><a href=\"https:\/\/www.ufmg.br\/pra\/wp-content\/uploads\/2024\/08\/instructions_compressed.pdf\" target=\"_blank\" rel=\"noopener\">Clique aqui<\/a> para conferir as instru\u00e7\u00f5es do <a href=\"https:\/\/www.ufmg.br\/dlo\/sys_faixas\/login.php\" target=\"_blank\" rel=\"noopener\">Sistema Agendamento e Coloca\u00e7\u00e3o de Faixas<\/a>.<\/p>\n","protected":false},"excerpt":{"rendered":"<p>O Departamento de Log\u00edstica de Suprimentos e de Servi\u00e7os Operacionais [&hellip;]<\/p>\n","protected":false},"author":3,"featured_media":0,"parent":0,"menu_order":0,"comment_status":"closed","ping_status":"closed","template":"","meta":{"_acf_changed":false,"footnotes":""},"tags":[],"class_list":["post-1008","page","type-page","status-publish","hentry"],"acf":[],"_links":{"self":[{"href":"https:\/\/www.ufmg.br\/pra\/wp-json\/wp\/v2\/pages\/1008","targetHints":{"allow":["GET"]}}],"collection":[{"href":"https:\/\/www.ufmg.br\/pra\/wp-json\/wp\/v2\/pages"}],"about":[{"href":"https:\/\/www.ufmg.br\/pra\/wp-json\/wp\/v2\/types\/page"}],"author":[{"embeddable":true,"href":"https:\/\/www.ufmg.br\/pra\/wp-json\/wp\/v2\/users\/3"}],"replies":[{"embeddable":true,"href":"https:\/\/www.ufmg.br\/pra\/wp-json\/wp\/v2\/comments?post=1008"}],"version-history":[{"count":13,"href":"https:\/\/www.ufmg.br\/pra\/wp-json\/wp\/v2\/pages\/1008\/revisions"}],"predecessor-version":[{"id":1229,"href":"https:\/\/www.ufmg.br\/pra\/wp-json\/wp\/v2\/pages\/1008\/revisions\/1229"}],"wp:attachment":[{"href":"https:\/\/www.ufmg.br\/pra\/wp-json\/wp\/v2\/media?parent=1008"}],"wp:term":[{"taxonomy":"post_tag","embeddable":true,"href":"https:\/\/www.ufmg.br\/pra\/wp-json\/wp\/v2\/tags?post=1008"}],"curies":[{"name":"wp","href":"https:\/\/api.w.org\/{rel}","templated":true}]}}